{"id":12764,"date":"2026-01-14T13:17:08","date_gmt":"2026-01-14T13:17:08","guid":{"rendered":"https:\/\/hoodtrendspredict.com\/win-predictions-for-today\/"},"modified":"2026-04-22T18:56:03","modified_gmt":"2026-04-22T17:56:03","slug":"sure-win-predictions-for-today","status":"publish","type":"page","link":"https:\/\/hoodtrendspredict.com\/es\/sure-win-predictions-for-today\/","title":{"rendered":"Pron\u00f3sticos de victoria para hoy"},"content":{"rendered":"<p>Acceder a todo <strong>Predicciones de victoria para hoy<\/strong> completamente gratis en <strong>HoodtrendsPredict.com<\/strong>. Nuestra plataforma democratiza las predicciones de calidad: todos obtienen lo mismo. <strong>Consejos de expertos para ganar<\/strong> Sin muros de pago ni niveles premium. Las predicciones se actualizan en tiempo real a medida que cambian las condiciones del partido, lo que garantiza que siempre dispongas de informaci\u00f3n precisa y actualizada.<\/p>\n<h2>Partidos imprescindibles de hoy<\/h2>\n<table class=\"table table-striped\">\n<thead>\n<tr>\n<th scope=\"col\" style=\"width:10%\">Tiempo<\/th>\n<th scope=\"col\" style=\"width:10%\" class=\"\">Liga<\/th>\n<th scope=\"col\" style=\"width:50%\" class=\"\">F\u00f3sforo<\/th>\n<th scope=\"col\" style=\"width:20%\" class=\"\">Consejo<\/th>\n<th scope=\"col\" style=\"width:10%\">\n                                                                                            Impares\n                                                                                    <\/th>\n<\/tr>\n<\/thead>\n<tbody>\n<tr class=\"text-center\" data-jsone=\"\">\n<td onclick=\"if (!window.__cfRLUnblockHandlers) return false; window.location.href='https:\/\/focuspredict.com\/58448-f\/shanghai-shenhua-vs-qingdao-jonoon'\" data-cf-modified-11d47df6bc03285b9902c7f1-=\"\">\n                                                13:00<\/p>\n<\/td>\n<td class=\"\" onclick=\"if (!window.__cfRLUnblockHandlers) return false; window.location.href='https:\/\/focuspredict.com\/58448-f\/shanghai-shenhua-vs-qingdao-jonoon'\" data-cf-modified-11d47df6bc03285b9902c7f1-=\"\">\n                                                <span style=\"color: #0085f9 !important;\">Superliga de China<\/span><\/td>\n<td class=\"\" onclick=\"if (!window.__cfRLUnblockHandlers) return false; window.location.href='https:\/\/focuspredict.com\/58448-f\/shanghai-shenhua-vs-qingdao-jonoon'\" data-cf-modified-11d47df6bc03285b9902c7f1-=\"\">\n                                                Shangh\u00e1i Shenhua \u00a0 <strong>vs<\/strong><br \/>\n                                                \u00a0Qingdao Jonoon<\/td>\n<td class=\"\" onclick=\"if (!window.__cfRLUnblockHandlers) return false; window.location.href='https:\/\/focuspredict.com\/58448-f\/shanghai-shenhua-vs-qingdao-jonoon'\" data-cf-modified-11d47df6bc03285b9902c7f1-=\"\">\n                                                <strong>Inicio (1)<\/strong>\n                                            <\/td>\n<td class=\"score\" onclick=\"if (!window.__cfRLUnblockHandlers) return false; window.location.href='https:\/\/focuspredict.com\/58448-f\/shanghai-shenhua-vs-qingdao-jonoon'\" data-cf-modified-11d47df6bc03285b9902c7f1-=\"\">\n<p>                                                <span><br \/>\n                                                                                                                                                                        <span class=\"blue-tips\"> 1.30 <\/span><br \/>\n                                                                                                                                                            <\/span>\n                                            <\/td>\n<\/tr>\n<tr class=\"text-center\" data-jsone=\"\">\n<td onclick=\"if (!window.__cfRLUnblockHandlers) return false; window.location.href='https:\/\/focuspredict.com\/58447-f\/tammeka-vs-fc-levadia-tallinn'\" data-cf-modified-11d47df6bc03285b9902c7f1-=\"\">\n                                                17:00<\/p>\n<\/td>\n<td class=\"\" onclick=\"if (!window.__cfRLUnblockHandlers) return false; window.location.href='https:\/\/focuspredict.com\/58447-f\/tammeka-vs-fc-levadia-tallinn'\" data-cf-modified-11d47df6bc03285b9902c7f1-=\"\">\n                                                <span style=\"color: #0085f9 !important;\">Estonia Meistriliiga<\/span><\/td>\n<td class=\"\" onclick=\"if (!window.__cfRLUnblockHandlers) return false; window.location.href='https:\/\/focuspredict.com\/58447-f\/tammeka-vs-fc-levadia-tallinn'\" data-cf-modified-11d47df6bc03285b9902c7f1-=\"\">\n                                                Tammeka \u00a0 <strong>vs<\/strong><br \/>\n                                                \u00a0FC Levadia Tallin<\/td>\n<td class=\"\" onclick=\"if (!window.__cfRLUnblockHandlers) return false; window.location.href='https:\/\/focuspredict.com\/58447-f\/tammeka-vs-fc-levadia-tallinn'\" data-cf-modified-11d47df6bc03285b9902c7f1-=\"\">\n                                                <strong>Fuera (2)<\/strong>\n                                            <\/td>\n<td class=\"score\" onclick=\"if (!window.__cfRLUnblockHandlers) return false; window.location.href='https:\/\/focuspredict.com\/58447-f\/tammeka-vs-fc-levadia-tallinn'\" data-cf-modified-11d47df6bc03285b9902c7f1-=\"\">\n<p>                                                <span><br \/>\n                                                                                                                                                                        <span class=\"blue-tips\"> 1.27 <\/span><br \/>\n                                                                                                                                                            <\/span>\n                                            <\/td>\n<\/tr>\n<tr class=\"text-center\" data-jsone=\"\">\n<td onclick=\"if (!window.__cfRLUnblockHandlers) return false; window.location.href='https:\/\/focuspredict.com\/58444-f\/istra-1961-vs-dinamo-zagreb'\" data-cf-modified-11d47df6bc03285b9902c7f1-=\"\">\n                                                19:15<\/p>\n<\/td>\n<td class=\"\" onclick=\"if (!window.__cfRLUnblockHandlers) return false; window.location.href='https:\/\/focuspredict.com\/58444-f\/istra-1961-vs-dinamo-zagreb'\" data-cf-modified-11d47df6bc03285b9902c7f1-=\"\">\n                                                <span style=\"color: #0085f9 !important;\">Croacia HNL<\/span><\/td>\n<td class=\"\" onclick=\"if (!window.__cfRLUnblockHandlers) return false; window.location.href='https:\/\/focuspredict.com\/58444-f\/istra-1961-vs-dinamo-zagreb'\" data-cf-modified-11d47df6bc03285b9902c7f1-=\"\">\n                                                Istra 1961 \u00a0 <strong>vs<\/strong><br \/>\n                                                \u00a0Dinamo Zagreb<\/td>\n<td class=\"\" onclick=\"if (!window.__cfRLUnblockHandlers) return false; window.location.href='https:\/\/focuspredict.com\/58444-f\/istra-1961-vs-dinamo-zagreb'\" data-cf-modified-11d47df6bc03285b9902c7f1-=\"\">\n                                                <strong>Fuera (2)<\/strong>\n                                            <\/td>\n<td class=\"score\" onclick=\"if (!window.__cfRLUnblockHandlers) return false; window.location.href='https:\/\/focuspredict.com\/58444-f\/istra-1961-vs-dinamo-zagreb'\" data-cf-modified-11d47df6bc03285b9902c7f1-=\"\">\n<p>                                                <span><br \/>\n                                                                                                                                                                        <span class=\"blue-tips\"> 1.25 <\/span><br \/>\n                                                                                                                                                            <\/span>\n                                            <\/td>\n<\/tr>\n<tr class=\"text-center\" data-jsone=\"\">\n<td onclick=\"if (!window.__cfRLUnblockHandlers) return false; window.location.href='https:\/\/focuspredict.com\/58436-f\/club-brugge-kv-vs-kv-mechelen'\" data-cf-modified-11d47df6bc03285b9902c7f1-=\"\">\n                                                19:30<\/p>\n<\/td>\n<td class=\"\" onclick=\"if (!window.__cfRLUnblockHandlers) return false; window.location.href='https:\/\/focuspredict.com\/58436-f\/club-brugge-kv-vs-kv-mechelen'\" data-cf-modified-11d47df6bc03285b9902c7f1-=\"\">\n                                                <span style=\"color: #0085f9 !important;\">Liga Jupiler Pro de B\u00e9lgica<\/span><\/td>\n<td class=\"\" onclick=\"if (!window.__cfRLUnblockHandlers) return false; window.location.href='https:\/\/focuspredict.com\/58436-f\/club-brugge-kv-vs-kv-mechelen'\" data-cf-modified-11d47df6bc03285b9902c7f1-=\"\">\n                                                Club Brujas KV \u00a0 <strong>vs<\/strong><br \/>\n                                                \u00a0KV Mechelen<\/td>\n<td class=\"\" onclick=\"if (!window.__cfRLUnblockHandlers) return false; window.location.href='https:\/\/focuspredict.com\/58436-f\/club-brugge-kv-vs-kv-mechelen'\" data-cf-modified-11d47df6bc03285b9902c7f1-=\"\">\n                                                <strong>Inicio (1)<\/strong>\n                                            <\/td>\n<td class=\"score\" onclick=\"if (!window.__cfRLUnblockHandlers) return false; window.location.href='https:\/\/focuspredict.com\/58436-f\/club-brugge-kv-vs-kv-mechelen'\" data-cf-modified-11d47df6bc03285b9902c7f1-=\"\">\n<p>                                                <span><br \/>\n                                                                                                                                                                        <span class=\"blue-tips\"> 1.22 <\/span><br \/>\n                                                                                                                                                            <\/span>\n                                            <\/td>\n<\/tr>\n<tr class=\"text-center\" data-jsone=\"\">\n<td onclick=\"if (!window.__cfRLUnblockHandlers) return false; window.location.href='https:\/\/focuspredict.com\/58443-f\/cardiff-vs-port-vale'\" data-cf-modified-11d47df6bc03285b9902c7f1-=\"\">\n                                                19:45<\/p>\n<\/td>\n<td class=\"\" onclick=\"if (!window.__cfRLUnblockHandlers) return false; window.location.href='https:\/\/focuspredict.com\/58443-f\/cardiff-vs-port-vale'\" data-cf-modified-11d47df6bc03285b9902c7f1-=\"\">\n                                                <span style=\"color: #0085f9 !important;\">Liga Uno de Inglaterra<\/span><\/td>\n<td class=\"\" onclick=\"if (!window.__cfRLUnblockHandlers) return false; window.location.href='https:\/\/focuspredict.com\/58443-f\/cardiff-vs-port-vale'\" data-cf-modified-11d47df6bc03285b9902c7f1-=\"\">\n                                                Cardiff \u00a0 <strong>vs<\/strong><br \/>\n                                                \u00a0Port Vale<\/td>\n<td class=\"\" onclick=\"if (!window.__cfRLUnblockHandlers) return false; window.location.href='https:\/\/focuspredict.com\/58443-f\/cardiff-vs-port-vale'\" data-cf-modified-11d47df6bc03285b9902c7f1-=\"\">\n                                                <strong>Inicio (1)<\/strong>\n                                            <\/td>\n<td class=\"score\" onclick=\"if (!window.__cfRLUnblockHandlers) return false; window.location.href='https:\/\/focuspredict.com\/58443-f\/cardiff-vs-port-vale'\" data-cf-modified-11d47df6bc03285b9902c7f1-=\"\">\n<p>                                                <span><br \/>\n                                                                                                                                                                        <span class=\"blue-tips\"> 1.28 <\/span><br \/>\n                                                                                                                                                            <\/span>\n                                            <\/td>\n<\/tr>\n<tr class=\"text-center\" data-jsone=\"\">\n<td onclick=\"if (!window.__cfRLUnblockHandlers) return false; window.location.href='https:\/\/focuspredict.com\/58390-f\/barcelona-vs-celta-vigo'\" data-cf-modified-11d47df6bc03285b9902c7f1-=\"\">\n                                                20:30<\/p>\n<\/td>\n<td class=\"\" onclick=\"if (!window.__cfRLUnblockHandlers) return false; window.location.href='https:\/\/focuspredict.com\/58390-f\/barcelona-vs-celta-vigo'\" data-cf-modified-11d47df6bc03285b9902c7f1-=\"\">\n                                                <span style=\"color: #0085f9 !important;\">Espa\u00f1a La Liga<\/span><\/td>\n<td class=\"\" onclick=\"if (!window.__cfRLUnblockHandlers) return false; window.location.href='https:\/\/focuspredict.com\/58390-f\/barcelona-vs-celta-vigo'\" data-cf-modified-11d47df6bc03285b9902c7f1-=\"\">\n                                                Barcelona \u00a0 <strong>vs<\/strong><br \/>\n                                                \u00a0Celta Vigo<\/td>\n<td class=\"\" onclick=\"if (!window.__cfRLUnblockHandlers) return false; window.location.href='https:\/\/focuspredict.com\/58390-f\/barcelona-vs-celta-vigo'\" data-cf-modified-11d47df6bc03285b9902c7f1-=\"\">\n                                                <strong>Inicio (1)<\/strong>\n                                            <\/td>\n<td class=\"score\" onclick=\"if (!window.__cfRLUnblockHandlers) return false; window.location.href='https:\/\/focuspredict.com\/58390-f\/barcelona-vs-celta-vigo'\" data-cf-modified-11d47df6bc03285b9902c7f1-=\"\">\n<p>                                                <span><br \/>\n                                                                                                                                                                        <span class=\"blue-tips\"> 1.22 <\/span><br \/>\n                                                                                                                                                            <\/span>\n                                            <\/td>\n<\/tr>\n<\/tbody>\n<\/table>\n<h2>Juegos para hoy<\/h2>\n<p>Una predicci\u00f3n de victoria identifica partidos donde un equipo tiene una ventaja dominante que hace que su victoria sea altamente probable. <strong>Predicci\u00f3n de tendencias de barrio<\/strong>, No nos limitamos a elegir favoritos; analizamos los datos subyacentes para confirmar cu\u00e1ndo los favoritos tienen realmente probabilidades de ganar. Esto incluye examinar el estado de forma reciente, la fortaleza del equipo, los niveles de motivaci\u00f3n y los resultados de los enfrentamientos directos.<\/p>\n<p>Nuestro <strong>Consejos para ganar hoy<\/strong> escenarios objetivo donde la ventaja estad\u00edstica es innegable: equipos de \u00e9lite que se enfrentan a equipos de la parte baja de la tabla, equipos con largas rachas invictas que se enfrentan a oponentes con dificultades, o equipos locales con r\u00e9cords de fortaleza que reciben a visitantes d\u00e9biles. Cuando los datos respaldan abrumadoramente un resultado, se convierte en un <strong>selecci\u00f3n de victorias<\/strong>.<\/p>\n<h2>Predicciones de victorias gratuitas<\/h2>\n<p>Acceder a todo <strong>Predicciones de victoria para hoy<\/strong> completamente gratis en <strong>HoodtrendsPredict.com<\/strong>. Nuestra plataforma democratiza las predicciones de calidad: todos obtienen lo mismo. <strong>Consejos de expertos para ganar<\/strong> Sin muros de pago ni niveles premium. Las predicciones se actualizan en tiempo real a medida que cambian las condiciones del partido, lo que garantiza que siempre dispongas de informaci\u00f3n precisa y actualizada.<\/p>\n<div class=\"faq-section\">\n<h2>Preguntas frecuentes<\/h2>\n<h3>\u00bfQu\u00e9 es una predicci\u00f3n de victoria?<\/h3>\n<p>A <strong>predicci\u00f3n de victoria<\/strong> Se trata de un resultado de partido en el que nuestro an\u00e1lisis estad\u00edstico indica una probabilidad excepcionalmente alta de que gane un equipo. Estas predicciones presentan claros favoritos con datos s\u00f3lidos que los respaldan en m\u00faltiples indicadores.<\/p>\n<h3>\u00bfQu\u00e9 tan precisas son las predicciones de victoria?<\/h3>\n<p>Nuestro <strong>consejos para ganar<\/strong> Est\u00e1n dise\u00f1ados para maximizar la precisi\u00f3n seleccionando \u00fanicamente coincidencias con un respaldo estad\u00edstico abrumador. Si bien no se garantiza ninguna predicci\u00f3n, nuestra rigurosa metodolog\u00eda ofrece tasas de \u00e9xito consistentes.<\/p>\n<h3>\u00bfQu\u00e9 probabilidades ofrecen las predicciones de victoria?<\/h3>\n<p><strong>Predicciones de victoria<\/strong> Las cuotas suelen estar entre 1,15 y 1,50. Las cuotas m\u00e1s bajas reflejan una mayor probabilidad de \u00e9xito. Muchos usuarios combinan varias victorias en apuestas combinadas para obtener cuotas m\u00e1s atractivas.<\/p>\n<h3>\u00bfPueden los favoritos perder incluso en partidos ganados?<\/h3>\n<p>S\u00ed, en el f\u00fatbol ocurren sorpresas; por eso este deporte es emocionante. Sin embargo, <strong>predicciones de victoria<\/strong> Identificar partidos donde las sorpresas sean estad\u00edsticamente menos probables bas\u00e1ndose en un an\u00e1lisis de datos exhaustivo.<\/p>\n<h3>\u00bfCu\u00e1ntas predicciones de victoria proporciona diariamente?<\/h3>\n<p>Ofrecemos de 3 a 6 <strong>predicciones de victoria<\/strong> Actualizamos diariamente, seg\u00fan la disponibilidad de partidos. Priorizamos la calidad sobre la cantidad: solo publicamos victorias cuando existen oportunidades reales con alta probabilidad de \u00e9xito.<\/p>\n<\/div>\n<p><strong>Predicci\u00f3n de tendencias de barrio<\/strong> - Experto <strong>Predicciones de victoria para hoy<\/strong>. Confianza respaldada por datos.<\/p>","protected":false},"excerpt":{"rendered":"<p>Access all win predictions for today completely free on HoodtrendsPredict.com. Our platform democratizes quality predictions \u2013 everyone gets the same expert win tips without paywalls [&hellip;]<\/p>\n","protected":false},"author":1,"featured_media":0,"parent":0,"menu_order":0,"comment_status":"closed","ping_status":"closed","template":"","meta":{"_monsterinsights_skip_tracking":false,"_monsterinsights_sitenote_active":false,"_monsterinsights_sitenote_note":"","_monsterinsights_sitenote_category":0,"site-sidebar-layout":"default","site-content-layout":"","ast-site-content-layout":"default","site-content-style":"default","site-sidebar-style":"default","ast-global-header-display":"","ast-banner-title-visibility":"","ast-main-header-display":"","ast-hfb-above-header-display":"","ast-hfb-below-header-display":"","ast-hfb-mobile-header-display":"","site-post-title":"","ast-breadcrumbs-content":"","ast-featured-img":"","footer-sml-layout":"","ast-disable-related-posts":"","theme-transparent-header-meta":"","adv-header-id-meta":"","stick-header-meta":"","header-above-stick-meta":"","header-main-stick-meta":"","header-below-stick-meta":"","astra-migrate-meta-layouts":"set","ast-page-background-enabled":"default","ast-page-background-meta":{"desktop":{"background-color":"","background-image":"","background-repeat":"repeat","background-position":"center center","background-size":"auto","background-attachment":"scroll","background-type":"","background-media":"","overlay-type":"","overlay-color":"","overlay-opacity":"","overlay-gradient":""},"tablet":{"background-color":"","background-image":"","background-repeat":"repeat","background-position":"center center","background-size":"auto","background-attachment":"scroll","background-type":"","background-media":"","overlay-type":"","overlay-color":"","overlay-opacity":"","overlay-gradient":""},"mobile":{"background-color":"","background-image":"","background-repeat":"repeat","background-position":"center center","background-size":"auto","background-attachment":"scroll","background-type":"","background-media":"","overlay-type":"","overlay-color":"","overlay-opacity":"","overlay-gradient":""}},"ast-content-background-meta":{"desktop":{"background-color":"var(--ast-global-color-5)","background-image":"","background-repeat":"repeat","background-position":"center center","background-size":"auto","background-attachment":"scroll","background-type":"","background-media":"","overlay-type":"","overlay-color":"","overlay-opacity":"","overlay-gradient":""},"tablet":{"background-color":"var(--ast-global-color-5)","background-image":"","background-repeat":"repeat","background-position":"center center","background-size":"auto","background-attachment":"scroll","background-type":"","background-media":"","overlay-type":"","overlay-color":"","overlay-opacity":"","overlay-gradient":""},"mobile":{"background-color":"var(--ast-global-color-5)","background-image":"","background-repeat":"repeat","background-position":"center center","background-size":"auto","background-attachment":"scroll","background-type":"","background-media":"","overlay-type":"","overlay-color":"","overlay-opacity":"","overlay-gradient":""}},"footnotes":""},"class_list":["post-12764","page","type-page","status-publish","hentry"],"jetpack_sharing_enabled":true,"_links":{"self":[{"href":"https:\/\/hoodtrendspredict.com\/es\/wp-json\/wp\/v2\/pages\/12764","targetHints":{"allow":["GET"]}}],"collection":[{"href":"https:\/\/hoodtrendspredict.com\/es\/wp-json\/wp\/v2\/pages"}],"about":[{"href":"https:\/\/hoodtrendspredict.com\/es\/wp-json\/wp\/v2\/types\/page"}],"author":[{"embeddable":true,"href":"https:\/\/hoodtrendspredict.com\/es\/wp-json\/wp\/v2\/users\/1"}],"replies":[{"embeddable":true,"href":"https:\/\/hoodtrendspredict.com\/es\/wp-json\/wp\/v2\/comments?post=12764"}],"version-history":[{"count":45,"href":"https:\/\/hoodtrendspredict.com\/es\/wp-json\/wp\/v2\/pages\/12764\/revisions"}],"predecessor-version":[{"id":23802,"href":"https:\/\/hoodtrendspredict.com\/es\/wp-json\/wp\/v2\/pages\/12764\/revisions\/23802"}],"wp:attachment":[{"href":"https:\/\/hoodtrendspredict.com\/es\/wp-json\/wp\/v2\/media?parent=12764"}],"curies":[{"name":"wp","href":"https:\/\/api.w.org\/{rel}","templated":true}]}}