{"id":12768,"date":"2026-01-14T13:19:03","date_gmt":"2026-01-14T13:19:03","guid":{"rendered":"https:\/\/hoodtrendspredict.com\/today-2-odds\/"},"modified":"2026-04-22T18:58:03","modified_gmt":"2026-04-22T17:58:03","slug":"sure-2-odds","status":"publish","type":"page","link":"https:\/\/hoodtrendspredict.com\/es\/sure-2-odds\/","title":{"rendered":"Hoy 2 cuotas"},"content":{"rendered":"<p><strong>Predicci\u00f3n de tendencias de barrio<\/strong> entrega <strong>Probabilidades de hoy: 2<\/strong> \u2013 una selecci\u00f3n diaria doble de nuestras predicciones m\u00e1s seguras, dise\u00f1ada para apostadores que buscan resultados fiables y de alta probabilidad. <strong>2 probabilidades<\/strong> Combina dos partidos analizados minuciosamente en una apuesta combinada potente con un potencial de ganancias excepcional.<\/p>\n<h2>Dos apuestas para hoy<\/h2>\n<h3 class=\"pt-3 store_header\"> Resultados de las predicciones de ayer<\/h3>\n<table class=\"table table-striped\">\n<thead>\n<tr>\n<th scope=\"col\" style=\"width:10%\">Fecha<\/th>\n<th scope=\"col\" style=\"width:10%\" class=\"\">Liga<\/th>\n<th scope=\"col\" style=\"width:60%\" class=\"\">F\u00f3sforo<\/th>\n<th scope=\"col\" style=\"width:10%\" class=\"\">Consejo<\/th>\n<th scope=\"col\" style=\"\" class=\"testimonial-score\">Puntaje<\/th>\n<\/tr>\n<\/thead>\n<tbody>\n<tr class=\"text-center\" onclick=\"if (!window.__cfRLUnblockHandlers) return false; window.location.href=' https:\/\/focuspredict.com\/58424-dc\/dunamis-vs-el-nacional'\" data-cf-modified-7c0ad1124af3d89e4007a6b5-=\"\">\n<td>21\/04<\/td>\n<td class=\"\"><span style=\"color: #0085f9 !important;\">Copa Ecuador<\/span><\/td>\n<td class=\"\">Dunamis \u00a0 <strong>vs<\/strong><br \/>\n                                    \u00a0El Nacional<\/td>\n<td class=\"\"><strong><br \/>\n                                                                                    X2<br \/>\n                                                                            <\/strong>\n                                <\/td>\n<td class=\"score rc won\">\n<p>                                    <span>1 \u2013 5<\/p>\n<p>                                    <\/span>\n                                <\/td>\n<\/tr>\n<tr class=\"text-center\" onclick=\"if (!window.__cfRLUnblockHandlers) return false; window.location.href=' https:\/\/focuspredict.com\/58404-15\/girona-vs-real-betis'\" data-cf-modified-7c0ad1124af3d89e4007a6b5-=\"\">\n<td>21\/04<\/td>\n<td class=\"\"><span style=\"color: #0085f9 !important;\">Espa\u00f1a La Liga<\/span><\/td>\n<td class=\"\">Girona \u00a0 <strong>vs<\/strong><br \/>\n                                    \u00a0Real Betis<\/td>\n<td class=\"\"><strong><br \/>\n                                                                                    M\u00e1s de 1.5<br \/>\n                                                                            <\/strong>\n                                <\/td>\n<td class=\"score rc won\">\n<p>                                    <span>2 \u2013 3<\/p>\n<p>                                    <\/span>\n                                <\/td>\n<\/tr>\n<tr class=\"text-center\" onclick=\"if (!window.__cfRLUnblockHandlers) return false; window.location.href=' https:\/\/focuspredict.com\/58367-f\/real-madrid-vs-alaves'\" data-cf-modified-7c0ad1124af3d89e4007a6b5-=\"\">\n<td>21\/04<\/td>\n<td class=\"\"><span style=\"color: #0085f9 !important;\">Espa\u00f1a La Liga<\/span><\/td>\n<td class=\"\">Real Madrid \u00a0 <strong>vs<\/strong><br \/>\n                                    \u00a0Alav\u00e9s<\/td>\n<td class=\"\"><strong><br \/>\n                                                                                    1<br \/>\n                                                                            <\/strong>\n                                <\/td>\n<td class=\"score rc won\">\n<p>                                    <span>2 \u2013 1<\/p>\n<p>                                    <\/span>\n                                <\/td>\n<\/tr>\n<tr class=\"text-center\" onclick=\"if (!window.__cfRLUnblockHandlers) return false; window.location.href=' https:\/\/focuspredict.com\/58401-f\/brighton-vs-chelsea'\" data-cf-modified-7c0ad1124af3d89e4007a6b5-=\"\">\n<td>21\/04<\/td>\n<td class=\"\"><span style=\"color: #0085f9 !important;\">Premier League de Inglaterra<\/span><\/td>\n<td class=\"\">Brighton \u00a0 <strong>vs<\/strong><br \/>\n                                    \u00a0Chelsea<\/td>\n<td class=\"\"><strong><br \/>\n                                                                                    M\u00e1s de 1.5<br \/>\n                                                                            <\/strong>\n                                <\/td>\n<td class=\"score rc won\">\n<p>                                    <span>3 \u2013 0<\/p>\n<p>                                    <\/span>\n                                <\/td>\n<\/tr>\n<tr class=\"text-center\" onclick=\"if (!window.__cfRLUnblockHandlers) return false; window.location.href=' https:\/\/focuspredict.com\/58416-f\/inter-vs-como'\" data-cf-modified-7c0ad1124af3d89e4007a6b5-=\"\">\n<td>21\/04<\/td>\n<td class=\"\"><span style=\"color: #0085f9 !important;\">Copa Italia<\/span><\/td>\n<td class=\"\">Enterrar \u00a0 <strong>vs<\/strong><br \/>\n                                    \u00a0Como<\/td>\n<td class=\"\"><strong><br \/>\n                                                                                    M\u00e1s de 1.5<br \/>\n                                                                            <\/strong>\n                                <\/td>\n<td class=\"score rc won\">\n<p>                                    <span>3 \u2013 2<\/p>\n<p>                                    <\/span>\n                                <\/td>\n<\/tr>\n<tr class=\"text-center\" onclick=\"if (!window.__cfRLUnblockHandlers) return false; window.location.href=' https:\/\/focuspredict.com\/58419-dc\/genk-vs-charleroi'\" data-cf-modified-7c0ad1124af3d89e4007a6b5-=\"\">\n<td>21\/04<\/td>\n<td class=\"\"><span style=\"color: #0085f9 !important;\">Liga Jupiler Pro de B\u00e9lgica<\/span><\/td>\n<td class=\"\">Genk \u00a0 <strong>vs<\/strong><br \/>\n                                    \u00a0Charleroi<\/td>\n<td class=\"\"><strong><br \/>\n                                                                                    1X<br \/>\n                                                                            <\/strong>\n                                <\/td>\n<td class=\"score rc won\">\n<p>                                    <span>1 \u2013 1<\/p>\n<p>                                    <\/span>\n                                <\/td>\n<\/tr>\n<tr class=\"text-center\" onclick=\"if (!window.__cfRLUnblockHandlers) return false; window.location.href=' https:\/\/focuspredict.com\/58420-15\/oh-leuven-vs-kvc-westerlo'\" data-cf-modified-7c0ad1124af3d89e4007a6b5-=\"\">\n<td>21\/04<\/td>\n<td class=\"\"><span style=\"color: #0085f9 !important;\">Liga Jupiler Pro de B\u00e9lgica<\/span><\/td>\n<td class=\"\">OH Lovaina \u00a0 <strong>vs<\/strong><br \/>\n                                    \u00a0KVC Westerlo<\/td>\n<td class=\"\"><strong><br \/>\n                                                                                    M\u00e1s de 1.5<br \/>\n                                                                            <\/strong>\n                                <\/td>\n<td class=\"score rc won\">\n<p>                                    <span>0 \u2013 2<\/p>\n<p>                                    <\/span>\n                                <\/td>\n<\/tr>\n<tr class=\"text-center\" onclick=\"if (!window.__cfRLUnblockHandlers) return false; window.location.href=' https:\/\/focuspredict.com\/58402-dc\/athletic-club-vs-osasuna'\" data-cf-modified-7c0ad1124af3d89e4007a6b5-=\"\">\n<td>21\/04<\/td>\n<td class=\"\"><span style=\"color: #0085f9 !important;\">Espa\u00f1a La Liga<\/span><\/td>\n<td class=\"\">Club de atletismo \u00a0 <strong>vs<\/strong><br \/>\n                                    \u00a0Osasuna<\/td>\n<td class=\"\"><strong><br \/>\n                                                                                    1X<br \/>\n                                                                            <\/strong>\n                                <\/td>\n<td class=\"score rc won\">\n<p>                                    <span>1 \u2013 0<\/p>\n<p>                                    <\/span>\n                                <\/td>\n<\/tr>\n<tr class=\"text-center\" onclick=\"if (!window.__cfRLUnblockHandlers) return false; window.location.href=' https:\/\/focuspredict.com\/58403-d\/mallorca-vs-valencia'\" data-cf-modified-7c0ad1124af3d89e4007a6b5-=\"\">\n<td>21\/04<\/td>\n<td class=\"\"><span style=\"color: #0085f9 !important;\">Espa\u00f1a La Liga<\/span><\/td>\n<td class=\"\">Mallorca \u00a0 <strong>vs<\/strong><br \/>\n                                    \u00a0Valencia<\/td>\n<td class=\"\"><strong><br \/>\n                                                                                    X<br \/>\n                                                                            <\/strong>\n                                <\/td>\n<td class=\"score rc won\">\n<p>                                    <span>1 \u2013 1<\/p>\n<p>                                    <\/span>\n                                <\/td>\n<\/tr>\n<tr class=\"text-center\" onclick=\"if (!window.__cfRLUnblockHandlers) return false; window.location.href=' https:\/\/focuspredict.com\/58422-dc\/cska-moscow-vs-fc-rostov'\" data-cf-modified-7c0ad1124af3d89e4007a6b5-=\"\">\n<td>21\/04<\/td>\n<td class=\"\"><span style=\"color: #0085f9 !important;\">Liga Premier de Rusia<\/span><\/td>\n<td class=\"\">CSKA Mosc\u00fa \u00a0 <strong>vs<\/strong><br \/>\n                                    \u00a0FC Rostov<\/td>\n<td class=\"\"><strong><br \/>\n                                                                                    1X<br \/>\n                                                                            <\/strong>\n                                <\/td>\n<td class=\"score rc won\">\n<p>                                    <span>1 \u2013 1<\/p>\n<p>                                    <\/span>\n                                <\/td>\n<\/tr>\n<tr class=\"text-center\" onclick=\"if (!window.__cfRLUnblockHandlers) return false; window.location.href=' https:\/\/focuspredict.com\/58405-dc\/ben-aknoun-vs-mc-alger'\" data-cf-modified-7c0ad1124af3d89e4007a6b5-=\"\">\n<td>21\/04<\/td>\n<td class=\"\"><span style=\"color: #0085f9 !important;\">Liga 1 de Argelia<\/span><\/td>\n<td class=\"\">Ben Aknoun \u00a0 <strong>vs<\/strong><br \/>\n                                    \u00a0MC Alger<\/td>\n<td class=\"\"><strong><br \/>\n                                                                                    X2<br \/>\n                                                                            <\/strong>\n                                <\/td>\n<td class=\"score rc won\">\n<p>                                    <span>2 \u2013 3<\/p>\n<p>                                    <\/span>\n                                <\/td>\n<\/tr>\n<tr class=\"text-center\" onclick=\"if (!window.__cfRLUnblockHandlers) return false; window.location.href=' https:\/\/focuspredict.com\/58408-d\/mo-constantine-vs-us-chaouia'\" data-cf-modified-7c0ad1124af3d89e4007a6b5-=\"\">\n<td>21\/04<\/td>\n<td class=\"\"><span style=\"color: #0085f9 !important;\">Liga 2 de Argelia<\/span><\/td>\n<td class=\"\">MO Constantino \u00a0 <strong>vs<\/strong><br \/>\n                                    \u00a0Chaouia de EE. UU.<\/td>\n<td class=\"\"><strong><br \/>\n                                                                                    X<br \/>\n                                                                            <\/strong>\n                                <\/td>\n<td class=\"score rc won\">\n<p>                                    <span>0 \u2013 0<\/p>\n<p>                                    <\/span>\n                                <\/td>\n<\/tr>\n<tr class=\"text-center\" onclick=\"if (!window.__cfRLUnblockHandlers) return false; window.location.href=' https:\/\/focuspredict.com\/58414-f\/dacia-buiucani-vs-sheriff-tiraspol'\" data-cf-modified-7c0ad1124af3d89e4007a6b5-=\"\">\n<td>21\/04<\/td>\n<td class=\"\"><span style=\"color: #0085f9 !important;\">Copa de Moldavia<\/span><\/td>\n<td class=\"\">Dacia-Buiucani \u00a0 <strong>vs<\/strong><br \/>\n                                    \u00a0Sheriff Tiraspol<\/td>\n<td class=\"\"><strong><br \/>\n                                                                                    2<br \/>\n                                                                            <\/strong>\n                                <\/td>\n<td class=\"score rc won\">\n<p>                                    <span>1 \u2013 2<\/p>\n<p>                                    <\/span>\n                                <\/td>\n<\/tr>\n<\/tbody>\n<\/table>\n<h2>\u00bfQu\u00e9 son 2 probabilidades?<\/h2>\n<p><strong>2 probabilidades<\/strong> representan nuestras dos predicciones de mayor confianza para los partidos de f\u00fatbol de hoy. Estas no son selecciones aleatorias: cada elecci\u00f3n se somete a un an\u00e1lisis estad\u00edstico exhaustivo para garantizar la m\u00e1xima fiabilidad. Al combinar dos predicciones individuales s\u00f3lidas, nuestra <strong>acumulador de probabilidades<\/strong> Ofrece rentabilidades atractivas manteniendo una probabilidad de ganar realista.<\/p>\n<p>En <strong>Predicci\u00f3n de tendencias de barrio<\/strong>, Entendemos que las apuestas combinadas requieren precisi\u00f3n. Por eso, <strong>2 cuotas para hoy<\/strong> Nos centramos en resultados con un respaldo estad\u00edstico abrumador: equipos locales dominantes, favoritos en plena forma o partidos con claras diferencias t\u00e1cticas. Priorizamos la probabilidad sobre las cuotas para ofrecer pron\u00f3sticos ganadores de forma consistente.<\/p>\n<h2>Probabilidades de hoy: 2 apuestas combinadas seleccionadas por expertos.<\/h2>\n<p>Nuestro <strong>2 probabilidades<\/strong> Se seleccionan mediante una metodolog\u00eda rigurosa que analiza el estado de forma del equipo, los resultados de los enfrentamientos directos, el rendimiento en casa y fuera, el impacto de las lesiones y los factores motivacionales. Examinamos cientos de partidos disponibles diariamente y extraemos los dos resultados donde nuestro nivel de confianza es mayor. Este enfoque espec\u00edfico ha hecho posible <strong>Predicci\u00f3n de tendencias de barrio<\/strong> Un nombre de confianza entre los apostadores serios.<\/p>\n<p>Los mercados cubiertos en nuestro <strong>consejos sobre probabilidades<\/strong> Var\u00edan seg\u00fan d\u00f3nde haya mayor certeza. Las selecciones comunes incluyen victorias absolutas de los equipos dominantes en casa, m\u00e1s de 1,5 goles en partidos con muchos goles o que ambos equipos marquen en encuentros ofensivos. La flexibilidad en la selecci\u00f3n del mercado garantiza que siempre presentemos la <strong>m\u00e1s fiable 2 probabilidades<\/strong> disponible.<\/p>\n<h2>Probabilidades 2 gratis \u2013 Dobles ganadores diarios<\/h2>\n<p>Acceso <strong>Probabilidades de hoy: 2<\/strong> completamente gratis en <strong>HoodtrendsPredict.com<\/strong>. Nuestra plataforma ofrece predicciones de calidad profesional sin muros de pago ni suscripciones. Cada doble se publica con una explicaci\u00f3n detallada, lo que le ayuda a comprender por qu\u00e9 se realiz\u00f3 cada selecci\u00f3n. Conf\u00ede en nosotros. <strong>Predicci\u00f3n de tendencias de barrio<\/strong> para tu <strong>probabilidades diarias<\/strong> necesidades.<\/p>\n<div class=\"faq-section\">\n<h2>Preguntas frecuentes<\/h2>\n<h3>\u00bfQu\u00e9 significa \u201c2 probabilidades\u201d?<\/h3>\n<p><strong>2 probabilidades<\/strong> Se refiere a una apuesta doble cuidadosamente seleccionada que incluye nuestras dos predicciones m\u00e1s fiables del d\u00eda. Estas selecciones indican una alta probabilidad estad\u00edstica, aunque ninguna predicci\u00f3n est\u00e1 garantizada.<\/p>\n<h3>\u00bfC\u00f3mo se seleccionan las 2 probabilidades?<\/h3>\n<p>Nuestro <strong>selecciones de probabilidades<\/strong> Se generan mediante un an\u00e1lisis exhaustivo de las estad\u00edsticas del equipo, las tablas de rendimiento, los datos hist\u00f3ricos y las condiciones actuales. Seleccionamos los dos resultados con la mayor probabilidad de \u00e9xito calculada.<\/p>\n<h3>\u00bfQu\u00e9 tipo de probabilidades suelen ofrecer las apuestas de 2?<\/h3>\n<p><strong>2 probabilidades<\/strong> Normalmente se combinan selecciones con cuotas individuales de entre 1,20 y 1,60, lo que da como resultado cuotas acumuladas que oscilan entre aproximadamente 1,50 y 2,50. El enfoque est\u00e1 en la fiabilidad m\u00e1s que en las cuotas altas.<\/p>\n<h3>\u00bfApostar con una probabilidad de 2 garantiza ganar?<\/h3>\n<p>Ninguna apuesta est\u00e1 garantizada. Sin embargo, nuestra <strong>2 probabilidades<\/strong> Estas predicciones representan nuestro mayor grado de confianza, basado en an\u00e1lisis estad\u00edsticos. Nuestra metodolog\u00eda est\u00e1 dise\u00f1ada para maximizar la probabilidad de ganar a lo largo del tiempo.<\/p>\n<h3>\u00bfPuedo usar cuotas de 2 en apuestas combinadas m\u00e1s grandes?<\/h3>\n<p>S\u00ed, muchos usuarios incorporan nuestro <strong>impares<\/strong> en apuestas combinadas m\u00e1s grandes. Sin embargo, recomendamos precauci\u00f3n: cada selecci\u00f3n adicional reduce la probabilidad general. Nuestro formato de dos selecciones equilibra cuotas atractivas con un potencial de ganancia realista.<\/p>\n<\/div>\n<p><strong>Predicci\u00f3n de tendencias de barrio<\/strong> \u2013 Fuente confiable para <strong>Probabilidades de hoy: 2<\/strong>. Selecciones consistentes. Resultados fiables.<\/p>","protected":false},"excerpt":{"rendered":"<p>HoodtrendsPredict delivers today&#8217;s 2 odds \u2013 a daily double selection of our most confident predictions designed for punters seeking reliable, high-probability outcomes. Our 2 odds [&hellip;]<\/p>\n","protected":false},"author":1,"featured_media":0,"parent":0,"menu_order":0,"comment_status":"closed","ping_status":"closed","template":"","meta":{"_monsterinsights_skip_tracking":false,"_monsterinsights_sitenote_active":false,"_monsterinsights_sitenote_note":"","_monsterinsights_sitenote_category":0,"site-sidebar-layout":"default","site-content-layout":"","ast-site-content-layout":"default","site-content-style":"default","site-sidebar-style":"default","ast-global-header-display":"","ast-banner-title-visibility":"","ast-main-header-display":"","ast-hfb-above-header-display":"","ast-hfb-below-header-display":"","ast-hfb-mobile-header-display":"","site-post-title":"","ast-breadcrumbs-content":"","ast-featured-img":"","footer-sml-layout":"","ast-disable-related-posts":"","theme-transparent-header-meta":"","adv-header-id-meta":"","stick-header-meta":"","header-above-stick-meta":"","header-main-stick-meta":"","header-below-stick-meta":"","astra-migrate-meta-layouts":"set","ast-page-background-enabled":"default","ast-page-background-meta":{"desktop":{"background-color":"","background-image":"","background-repeat":"repeat","background-position":"center center","background-size":"auto","background-attachment":"scroll","background-type":"","background-media":"","overlay-type":"","overlay-color":"","overlay-opacity":"","overlay-gradient":""},"tablet":{"background-color":"","background-image":"","background-repeat":"repeat","background-position":"center center","background-size":"auto","background-attachment":"scroll","background-type":"","background-media":"","overlay-type":"","overlay-color":"","overlay-opacity":"","overlay-gradient":""},"mobile":{"background-color":"","background-image":"","background-repeat":"repeat","background-position":"center center","background-size":"auto","background-attachment":"scroll","background-type":"","background-media":"","overlay-type":"","overlay-color":"","overlay-opacity":"","overlay-gradient":""}},"ast-content-background-meta":{"desktop":{"background-color":"var(--ast-global-color-5)","background-image":"","background-repeat":"repeat","background-position":"center center","background-size":"auto","background-attachment":"scroll","background-type":"","background-media":"","overlay-type":"","overlay-color":"","overlay-opacity":"","overlay-gradient":""},"tablet":{"background-color":"var(--ast-global-color-5)","background-image":"","background-repeat":"repeat","background-position":"center center","background-size":"auto","background-attachment":"scroll","background-type":"","background-media":"","overlay-type":"","overlay-color":"","overlay-opacity":"","overlay-gradient":""},"mobile":{"background-color":"var(--ast-global-color-5)","background-image":"","background-repeat":"repeat","background-position":"center center","background-size":"auto","background-attachment":"scroll","background-type":"","background-media":"","overlay-type":"","overlay-color":"","overlay-opacity":"","overlay-gradient":""}},"footnotes":""},"class_list":["post-12768","page","type-page","status-publish","hentry"],"jetpack_sharing_enabled":true,"_links":{"self":[{"href":"https:\/\/hoodtrendspredict.com\/es\/wp-json\/wp\/v2\/pages\/12768","targetHints":{"allow":["GET"]}}],"collection":[{"href":"https:\/\/hoodtrendspredict.com\/es\/wp-json\/wp\/v2\/pages"}],"about":[{"href":"https:\/\/hoodtrendspredict.com\/es\/wp-json\/wp\/v2\/types\/page"}],"author":[{"embeddable":true,"href":"https:\/\/hoodtrendspredict.com\/es\/wp-json\/wp\/v2\/users\/1"}],"replies":[{"embeddable":true,"href":"https:\/\/hoodtrendspredict.com\/es\/wp-json\/wp\/v2\/comments?post=12768"}],"version-history":[{"count":59,"href":"https:\/\/hoodtrendspredict.com\/es\/wp-json\/wp\/v2\/pages\/12768\/revisions"}],"predecessor-version":[{"id":23804,"href":"https:\/\/hoodtrendspredict.com\/es\/wp-json\/wp\/v2\/pages\/12768\/revisions\/23804"}],"wp:attachment":[{"href":"https:\/\/hoodtrendspredict.com\/es\/wp-json\/wp\/v2\/media?parent=12768"}],"curies":[{"name":"wp","href":"https:\/\/api.w.org\/{rel}","templated":true}]}}