{"id":12770,"date":"2026-01-14T13:20:05","date_gmt":"2026-01-14T13:20:05","guid":{"rendered":"https:\/\/hoodtrendspredict.com\/3-draws-for-today\/"},"modified":"2026-04-22T18:59:03","modified_gmt":"2026-04-22T17:59:03","slug":"3-draws-for-today","status":"publish","type":"page","link":"https:\/\/hoodtrendspredict.com\/es\/3-draws-for-today\/","title":{"rendered":"3 sorteos para hoy"},"content":{"rendered":"<p><strong>Predicci\u00f3n de tendencias de barrio<\/strong> presenta nuestra exclusiva <strong>3 sorteos para hoy<\/strong> \u2013 una selecci\u00f3n curada de partidos con la mayor probabilidad de terminar en empate. <strong>hacer predicciones<\/strong> Se basan en an\u00e1lisis estad\u00edsticos avanzados que identifican partidos en los que ambos equipos est\u00e1n igualados, son s\u00f3lidos en defensa o hist\u00f3ricamente tienden a compartir puntos.<\/p>\n<h2>Pron\u00f3sticos del sorteo de hoy<\/h2>\n<table class=\"table table-striped\">\n<thead>\n<tr>\n<th scope=\"col\" style=\"width:10%\">Tiempo<\/th>\n<th scope=\"col\" style=\"width:10%\" class=\"\">Liga<\/th>\n<th scope=\"col\" style=\"width:50%\" class=\"\">F\u00f3sforo<\/th>\n<th scope=\"col\" style=\"width:20%\" class=\"\">Consejo<\/th>\n<th scope=\"col\" style=\"width:10%\">\n                                                                                            Impares\n                                                                                    <\/th>\n<\/tr>\n<\/thead>\n<tbody>\n<tr class=\"text-center\" data-jsone=\"\" onclick=\"if (!window.__cfRLUnblockHandlers) return false; window.location.href='https:\/\/focuspredict.com\/58431-d\/olympique-akbou-vs-js-kabylie'\" data-cf-modified-f2e5888f55e49299f5bdeb7b-=\"\">\n<td>16:00<\/p>\n<\/td>\n<td class=\"\"><span style=\"color: #0085f9 !important;\">Liga 1 de Argelia<\/span><\/td>\n<td class=\"\">Olympique Akbou \u00a0 <strong>vs<\/strong><br \/>\n                                                \u00a0JS Kabylie<\/td>\n<td class=\"\"><strong>Dibujar (X)<\/strong><\/td>\n<td class=\"score\">\n<p>                                                <span><br \/>\n                                                                                                                                                                        <span class=\"blue-tips\"> 2.70 <\/span><br \/>\n                                                                                                                                                            <\/span>\n                                            <\/td>\n<\/tr>\n<tr class=\"text-center\" data-jsone=\"\" onclick=\"if (!window.__cfRLUnblockHandlers) return false; window.location.href='https:\/\/focuspredict.com\/58430-d\/af-elbasani-vs-egnatia-rrogozhine'\" data-cf-modified-f2e5888f55e49299f5bdeb7b-=\"\">\n<td>18:00<\/p>\n<\/td>\n<td class=\"\"><span style=\"color: #0085f9 !important;\">Copa de Albania<\/span><\/td>\n<td class=\"\">AF Elbasani \u00a0 <strong>vs<\/strong><br \/>\n                                                \u00a0Egnatia Rrogozhin\u00eb<\/td>\n<td class=\"\"><strong>Dibujar (X)<\/strong><\/td>\n<td class=\"score\">\n<p>                                                <span><br \/>\n                                                                                                                                                                        <span class=\"blue-tips\"> 2.90 <\/span><br \/>\n                                                                                                                                                            <\/span>\n                                            <\/td>\n<\/tr>\n<tr class=\"text-center\" data-jsone=\"\" onclick=\"if (!window.__cfRLUnblockHandlers) return false; window.location.href='https:\/\/focuspredict.com\/58429-d\/real-sociedad-vs-getafe'\" data-cf-modified-f2e5888f55e49299f5bdeb7b-=\"\">\n<td>19:00<\/p>\n<\/td>\n<td class=\"\"><span style=\"color: #0085f9 !important;\">Espa\u00f1a La Liga<\/span><\/td>\n<td class=\"\">Real Sociedad \u00a0 <strong>vs<\/strong><br \/>\n                                                \u00a0Getafe<\/td>\n<td class=\"\"><strong>Dibujar (X)<\/strong><\/td>\n<td class=\"score\">\n<p>                                                <span><br \/>\n                                                                                                                                                                        <span class=\"blue-tips\"> 3.00 <\/span><br \/>\n                                                                                                                                                            <\/span>\n                                            <\/td>\n<\/tr>\n<tr class=\"text-center\" data-jsone=\"\" onclick=\"if (!window.__cfRLUnblockHandlers) return false; window.location.href='https:\/\/focuspredict.com\/58432-d\/atl-rafaela-2-vs-sarmiento-res'\" data-cf-modified-f2e5888f55e49299f5bdeb7b-=\"\">\n<td>19:00<\/p>\n<\/td>\n<td class=\"\"><span style=\"color: #0085f9 !important;\">Liga de Reservas de Argentina<\/span><\/td>\n<td class=\"\">Atl. Rafaela 2 \u00a0 <strong>vs<\/strong><br \/>\n                                                \u00a0Res. Sarmiento.<\/td>\n<td class=\"\"><strong>Dibujar (X)<\/strong><\/td>\n<td class=\"score\">\n<p>                                                <span><br \/>\n                                                                                                                                                                        <span class=\"blue-tips\"> 3.09 <\/span><br \/>\n                                                                                                                                                            <\/span>\n                                            <\/td>\n<\/tr>\n<\/tbody>\n<\/table>\n<h3 class=\"pt-3 store_header\"> Resultados de las predicciones de ayer<\/h3>\n<table class=\"table table-striped\">\n<thead>\n<tr>\n<th scope=\"col\" style=\"width:10%\">Fecha<\/th>\n<th scope=\"col\" style=\"width:10%\" class=\"\">Liga<\/th>\n<th scope=\"col\" style=\"width:60%\" class=\"\">F\u00f3sforo<\/th>\n<th scope=\"col\" style=\"width:10%\" class=\"\">Consejo<\/th>\n<th scope=\"col\" style=\"\" class=\"testimonial-score\">Puntaje<\/th>\n<\/tr>\n<\/thead>\n<tbody>\n<tr class=\"text-center\" onclick=\"if (!window.__cfRLUnblockHandlers) return false; window.location.href=' https:\/\/focuspredict.com\/58424-dc\/dunamis-vs-el-nacional'\" data-cf-modified-f2e5888f55e49299f5bdeb7b-=\"\">\n<td>21\/04<\/td>\n<td class=\"\"><span style=\"color: #0085f9 !important;\">Copa Ecuador<\/span><\/td>\n<td class=\"\">Dunamis \u00a0 <strong>vs<\/strong><br \/>\n                                    \u00a0El Nacional<\/td>\n<td class=\"\"><strong><br \/>\n                                                                                    X2<br \/>\n                                                                            <\/strong>\n                                <\/td>\n<td class=\"score rc won\">\n<p>                                    <span>1 \u2013 5<\/p>\n<p>                                    <\/span>\n                                <\/td>\n<\/tr>\n<tr class=\"text-center\" onclick=\"if (!window.__cfRLUnblockHandlers) return false; window.location.href=' https:\/\/focuspredict.com\/58404-15\/girona-vs-real-betis'\" data-cf-modified-f2e5888f55e49299f5bdeb7b-=\"\">\n<td>21\/04<\/td>\n<td class=\"\"><span style=\"color: #0085f9 !important;\">Espa\u00f1a La Liga<\/span><\/td>\n<td class=\"\">Girona \u00a0 <strong>vs<\/strong><br \/>\n                                    \u00a0Real Betis<\/td>\n<td class=\"\"><strong><br \/>\n                                                                                    M\u00e1s de 1.5<br \/>\n                                                                            <\/strong>\n                                <\/td>\n<td class=\"score rc won\">\n<p>                                    <span>2 \u2013 3<\/p>\n<p>                                    <\/span>\n                                <\/td>\n<\/tr>\n<tr class=\"text-center\" onclick=\"if (!window.__cfRLUnblockHandlers) return false; window.location.href=' https:\/\/focuspredict.com\/58367-f\/real-madrid-vs-alaves'\" data-cf-modified-f2e5888f55e49299f5bdeb7b-=\"\">\n<td>21\/04<\/td>\n<td class=\"\"><span style=\"color: #0085f9 !important;\">Espa\u00f1a La Liga<\/span><\/td>\n<td class=\"\">Real Madrid \u00a0 <strong>vs<\/strong><br \/>\n                                    \u00a0Alav\u00e9s<\/td>\n<td class=\"\"><strong><br \/>\n                                                                                    1<br \/>\n                                                                            <\/strong>\n                                <\/td>\n<td class=\"score rc won\">\n<p>                                    <span>2 \u2013 1<\/p>\n<p>                                    <\/span>\n                                <\/td>\n<\/tr>\n<tr class=\"text-center\" onclick=\"if (!window.__cfRLUnblockHandlers) return false; window.location.href=' https:\/\/focuspredict.com\/58401-f\/brighton-vs-chelsea'\" data-cf-modified-f2e5888f55e49299f5bdeb7b-=\"\">\n<td>21\/04<\/td>\n<td class=\"\"><span style=\"color: #0085f9 !important;\">Premier League de Inglaterra<\/span><\/td>\n<td class=\"\">Brighton \u00a0 <strong>vs<\/strong><br \/>\n                                    \u00a0Chelsea<\/td>\n<td class=\"\"><strong><br \/>\n                                                                                    M\u00e1s de 1.5<br \/>\n                                                                            <\/strong>\n                                <\/td>\n<td class=\"score rc won\">\n<p>                                    <span>3 \u2013 0<\/p>\n<p>                                    <\/span>\n                                <\/td>\n<\/tr>\n<tr class=\"text-center\" onclick=\"if (!window.__cfRLUnblockHandlers) return false; window.location.href=' https:\/\/focuspredict.com\/58416-f\/inter-vs-como'\" data-cf-modified-f2e5888f55e49299f5bdeb7b-=\"\">\n<td>21\/04<\/td>\n<td class=\"\"><span style=\"color: #0085f9 !important;\">Copa Italia<\/span><\/td>\n<td class=\"\">Enterrar \u00a0 <strong>vs<\/strong><br \/>\n                                    \u00a0Como<\/td>\n<td class=\"\"><strong><br \/>\n                                                                                    M\u00e1s de 1.5<br \/>\n                                                                            <\/strong>\n                                <\/td>\n<td class=\"score rc won\">\n<p>                                    <span>3 \u2013 2<\/p>\n<p>                                    <\/span>\n                                <\/td>\n<\/tr>\n<tr class=\"text-center\" onclick=\"if (!window.__cfRLUnblockHandlers) return false; window.location.href=' https:\/\/focuspredict.com\/58419-dc\/genk-vs-charleroi'\" data-cf-modified-f2e5888f55e49299f5bdeb7b-=\"\">\n<td>21\/04<\/td>\n<td class=\"\"><span style=\"color: #0085f9 !important;\">Liga Jupiler Pro de B\u00e9lgica<\/span><\/td>\n<td class=\"\">Genk \u00a0 <strong>vs<\/strong><br \/>\n                                    \u00a0Charleroi<\/td>\n<td class=\"\"><strong><br \/>\n                                                                                    1X<br \/>\n                                                                            <\/strong>\n                                <\/td>\n<td class=\"score rc won\">\n<p>                                    <span>1 \u2013 1<\/p>\n<p>                                    <\/span>\n                                <\/td>\n<\/tr>\n<tr class=\"text-center\" onclick=\"if (!window.__cfRLUnblockHandlers) return false; window.location.href=' https:\/\/focuspredict.com\/58420-15\/oh-leuven-vs-kvc-westerlo'\" data-cf-modified-f2e5888f55e49299f5bdeb7b-=\"\">\n<td>21\/04<\/td>\n<td class=\"\"><span style=\"color: #0085f9 !important;\">Liga Jupiler Pro de B\u00e9lgica<\/span><\/td>\n<td class=\"\">OH Lovaina \u00a0 <strong>vs<\/strong><br \/>\n                                    \u00a0KVC Westerlo<\/td>\n<td class=\"\"><strong><br \/>\n                                                                                    M\u00e1s de 1.5<br \/>\n                                                                            <\/strong>\n                                <\/td>\n<td class=\"score rc won\">\n<p>                                    <span>0 \u2013 2<\/p>\n<p>                                    <\/span>\n                                <\/td>\n<\/tr>\n<tr class=\"text-center\" onclick=\"if (!window.__cfRLUnblockHandlers) return false; window.location.href=' https:\/\/focuspredict.com\/58402-dc\/athletic-club-vs-osasuna'\" data-cf-modified-f2e5888f55e49299f5bdeb7b-=\"\">\n<td>21\/04<\/td>\n<td class=\"\"><span style=\"color: #0085f9 !important;\">Espa\u00f1a La Liga<\/span><\/td>\n<td class=\"\">Club de atletismo \u00a0 <strong>vs<\/strong><br \/>\n                                    \u00a0Osasuna<\/td>\n<td class=\"\"><strong><br \/>\n                                                                                    1X<br \/>\n                                                                            <\/strong>\n                                <\/td>\n<td class=\"score rc won\">\n<p>                                    <span>1 \u2013 0<\/p>\n<p>                                    <\/span>\n                                <\/td>\n<\/tr>\n<tr class=\"text-center\" onclick=\"if (!window.__cfRLUnblockHandlers) return false; window.location.href=' https:\/\/focuspredict.com\/58403-d\/mallorca-vs-valencia'\" data-cf-modified-f2e5888f55e49299f5bdeb7b-=\"\">\n<td>21\/04<\/td>\n<td class=\"\"><span style=\"color: #0085f9 !important;\">Espa\u00f1a La Liga<\/span><\/td>\n<td class=\"\">Mallorca \u00a0 <strong>vs<\/strong><br \/>\n                                    \u00a0Valencia<\/td>\n<td class=\"\"><strong><br \/>\n                                                                                    X<br \/>\n                                                                            <\/strong>\n                                <\/td>\n<td class=\"score rc won\">\n<p>                                    <span>1 \u2013 1<\/p>\n<p>                                    <\/span>\n                                <\/td>\n<\/tr>\n<tr class=\"text-center\" onclick=\"if (!window.__cfRLUnblockHandlers) return false; window.location.href=' https:\/\/focuspredict.com\/58422-dc\/cska-moscow-vs-fc-rostov'\" data-cf-modified-f2e5888f55e49299f5bdeb7b-=\"\">\n<td>21\/04<\/td>\n<td class=\"\"><span style=\"color: #0085f9 !important;\">Liga Premier de Rusia<\/span><\/td>\n<td class=\"\">CSKA Mosc\u00fa \u00a0 <strong>vs<\/strong><br \/>\n                                    \u00a0FC Rostov<\/td>\n<td class=\"\"><strong><br \/>\n                                                                                    1X<br \/>\n                                                                            <\/strong>\n                                <\/td>\n<td class=\"score rc won\">\n<p>                                    <span>1 \u2013 1<\/p>\n<p>                                    <\/span>\n                                <\/td>\n<\/tr>\n<tr class=\"text-center\" onclick=\"if (!window.__cfRLUnblockHandlers) return false; window.location.href=' https:\/\/focuspredict.com\/58405-dc\/ben-aknoun-vs-mc-alger'\" data-cf-modified-f2e5888f55e49299f5bdeb7b-=\"\">\n<td>21\/04<\/td>\n<td class=\"\"><span style=\"color: #0085f9 !important;\">Liga 1 de Argelia<\/span><\/td>\n<td class=\"\">Ben Aknoun \u00a0 <strong>vs<\/strong><br \/>\n                                    \u00a0MC Alger<\/td>\n<td class=\"\"><strong><br \/>\n                                                                                    X2<br \/>\n                                                                            <\/strong>\n                                <\/td>\n<td class=\"score rc won\">\n<p>                                    <span>2 \u2013 3<\/p>\n<p>                                    <\/span>\n                                <\/td>\n<\/tr>\n<tr class=\"text-center\" onclick=\"if (!window.__cfRLUnblockHandlers) return false; window.location.href=' https:\/\/focuspredict.com\/58408-d\/mo-constantine-vs-us-chaouia'\" data-cf-modified-f2e5888f55e49299f5bdeb7b-=\"\">\n<td>21\/04<\/td>\n<td class=\"\"><span style=\"color: #0085f9 !important;\">Liga 2 de Argelia<\/span><\/td>\n<td class=\"\">MO Constantino \u00a0 <strong>vs<\/strong><br \/>\n                                    \u00a0Chaouia de EE. UU.<\/td>\n<td class=\"\"><strong><br \/>\n                                                                                    X<br \/>\n                                                                            <\/strong>\n                                <\/td>\n<td class=\"score rc won\">\n<p>                                    <span>0 \u2013 0<\/p>\n<p>                                    <\/span>\n                                <\/td>\n<\/tr>\n<tr class=\"text-center\" onclick=\"if (!window.__cfRLUnblockHandlers) return false; window.location.href=' https:\/\/focuspredict.com\/58414-f\/dacia-buiucani-vs-sheriff-tiraspol'\" data-cf-modified-f2e5888f55e49299f5bdeb7b-=\"\">\n<td>21\/04<\/td>\n<td class=\"\"><span style=\"color: #0085f9 !important;\">Copa de Moldavia<\/span><\/td>\n<td class=\"\">Dacia-Buiucani \u00a0 <strong>vs<\/strong><br \/>\n                                    \u00a0Sheriff Tiraspol<\/td>\n<td class=\"\"><strong><br \/>\n                                                                                    2<br \/>\n                                                                            <\/strong>\n                                <\/td>\n<td class=\"score rc won\">\n<p>                                    <span>1 \u2013 2<\/p>\n<p>                                    <\/span>\n                                <\/td>\n<\/tr>\n<\/tbody>\n<\/table>\n<h2>\u00bfPor qu\u00e9 apostar a los empates? El mercado de valor oculto<\/h2>\n<p><strong>Apuestas al empate<\/strong> es uno de los mercados m\u00e1s ignorados en el f\u00fatbol, sin embargo, ofrece constantemente un valor excepcional. Las casas de apuestas a menudo subestiman los empates porque los apostadores ocasionales prefieren apostar por los ganadores. En <strong>Predicci\u00f3n de tendencias de barrio<\/strong>, aprovechamos esta ineficiencia identificando coincidencias donde una <strong>El empate es el resultado m\u00e1s probable.<\/strong> basado en un an\u00e1lisis de datos exhaustivo.<\/p>\n<p>Nuestro sistema examina factores que indican la probabilidad de empate: clasificaciones de fuerza de equipo similares, tendencias de baja puntuaci\u00f3n, buenos registros defensivos, empates hist\u00f3ricos en enfrentamientos directos y factores situacionales como partidos de final de temporada o derbis. Cuando varios indicadores coinciden, marcamos el encuentro como uno de nuestros <strong>3 sorteos para hoy<\/strong>.<\/p>\n<h2>Pron\u00f3sticos del sorteo de hoy \u2013 Verificados estad\u00edsticamente<\/h2>\n<p>Cada <strong>predicci\u00f3n del sorteo<\/strong> presentado en <strong>HoodtrendsPredict.com<\/strong> ha superado rigurosas pruebas estad\u00edsticas. No nos limitamos a buscar equipos igualados, sino que analizamos patrones de puntuaci\u00f3n, promedios de tiros a puerta, datos de goles esperados (xG) y tendencias de forma para calcular probabilidades de empate precisas. Solo los partidos que superan nuestro umbral de confianza entran en la clasificaci\u00f3n. <strong>dibujos<\/strong> lista.<\/p>\n<p>Nuestro <strong>3 empates<\/strong> cubrir partidos de ligas conocidas por su equilibrio competitivo, incluyendo la <strong>Serie A<\/strong>, <strong>Ligue 1<\/strong>, <strong>Bundesliga<\/strong>, y eliminatorias internacionales. Tambi\u00e9n identificamos sorteos ventajosos en competiciones de copa y fases eliminatorias donde los equipos juegan con cautela. <strong>Predicci\u00f3n de tendencias de barrio<\/strong> ofrece la mayor fiabilidad <strong>consejos para dibujar<\/strong> Disponible en l\u00ednea.<\/p>\n<h2>Pron\u00f3sticos de sorteos gratuitos: altas probabilidades, alta precisi\u00f3n.<\/h2>\n<p>Acceda a nuestro <strong>3 sorteos para hoy<\/strong> completamente gratis en <strong>HoodtrendsPredict.com<\/strong>. Las probabilidades de empate suelen oscilar entre 3,00 y 4,00, lo que significa que incluso apuestas modestas pueden generar ganancias significativas. Nuestra plataforma ofrece estas <strong>predicciones de sorteos de alto valor<\/strong> Sin suscripciones ni cargos ocultos: solo consejos pr\u00e1cticos basados en datos y actualizados diariamente.<\/p>\n<div class=\"faq-section\">\n<h2>Preguntas frecuentes<\/h2>\n<h3>\u00bfPor qu\u00e9 son valiosas las predicciones de empate?<\/h3>\n<p><strong>Hacer predicciones<\/strong> Ofrecen valor porque las casas de apuestas suelen subestimar este resultado. Con cuotas que generalmente oscilan entre 3.00 y 4.00, predecir con precisi\u00f3n los empates genera mayores ganancias que apostar por los favoritos, lo que lo convierte en un nicho de mercado rentable.<\/p>\n<h3>\u00bfQu\u00e9 factores indican que es probable que haya un empate?<\/h3>\n<p>Indicadores clave para <strong>hacer predicciones<\/strong> Entre los factores que influyen se incluyen: equipos muy igualados en la liga, buenos registros defensivos, baja tendencia a marcar goles (menos de 2,5 goles de media), empates hist\u00f3ricos en enfrentamientos directos y factores situacionales como partidos intrascendentes al final de la temporada.<\/p>\n<h3>\u00bfC\u00f3mo seleccionas tus 3 sorteos?<\/h3>\n<p>Nuestro <strong>sorteo selecciones<\/strong> Se realiza un an\u00e1lisis multifactorial que incluye comparaci\u00f3n de rendimiento, estad\u00edsticas de goles, datos de goles esperados (xG), m\u00e9tricas defensivas y patrones hist\u00f3ricos. Solo se incluyen los partidos que cumplen con nuestros estrictos criterios de probabilidad.<\/p>\n<h3>\u00bfQu\u00e9 ligas tienen m\u00e1s empates?<\/h3>\n<p>Ligas con equilibrio competitivo como <strong>Serie A<\/strong>, <strong>Ligue 1<\/strong>, y <strong>La Liga<\/strong> Suelen producir m\u00e1s empates. Nuestro an\u00e1lisis identifica partidos espec\u00edficos dentro de cualquier liga donde los empates son estad\u00edsticamente probables.<\/p>\n<h3>\u00bfPuedo acumular predicciones de empate?<\/h3>\n<p>S\u00ed, muchos apostadores crean <strong>sacar acumuladores<\/strong> Utilizando nuestros consejos, recomendamos limitar el tama\u00f1o de la apuesta combinada para mantener una probabilidad razonable. Nuestros tres sorteos diarios se seleccionan para maximizar las tasas de \u00e9xito individuales y combinadas.<\/p>\n<\/div>\n<p><strong>Predicci\u00f3n de tendencias de barrio<\/strong> \u2013 Su fuente de <strong>3 sorteos para hoy<\/strong>. Encuentra el valor que otros pasan por alto.<\/p>","protected":false},"excerpt":{"rendered":"<p>HoodtrendsPredict presents our exclusive 3 draws for today \u2013 a curated selection of matches with the highest probability of ending in a stalemate. Our draw [&hellip;]<\/p>\n","protected":false},"author":1,"featured_media":0,"parent":0,"menu_order":0,"comment_status":"closed","ping_status":"closed","template":"","meta":{"_monsterinsights_skip_tracking":false,"_monsterinsights_sitenote_active":false,"_monsterinsights_sitenote_note":"","_monsterinsights_sitenote_category":0,"site-sidebar-layout":"default","site-content-layout":"","ast-site-content-layout":"default","site-content-style":"default","site-sidebar-style":"default","ast-global-header-display":"","ast-banner-title-visibility":"","ast-main-header-display":"","ast-hfb-above-header-display":"","ast-hfb-below-header-display":"","ast-hfb-mobile-header-display":"","site-post-title":"","ast-breadcrumbs-content":"","ast-featured-img":"","footer-sml-layout":"","ast-disable-related-posts":"","theme-transparent-header-meta":"","adv-header-id-meta":"","stick-header-meta":"","header-above-stick-meta":"","header-main-stick-meta":"","header-below-stick-meta":"","astra-migrate-meta-layouts":"set","ast-page-background-enabled":"default","ast-page-background-meta":{"desktop":{"background-color":"","background-image":"","background-repeat":"repeat","background-position":"center center","background-size":"auto","background-attachment":"scroll","background-type":"","background-media":"","overlay-type":"","overlay-color":"","overlay-opacity":"","overlay-gradient":""},"tablet":{"background-color":"","background-image":"","background-repeat":"repeat","background-position":"center center","background-size":"auto","background-attachment":"scroll","background-type":"","background-media":"","overlay-type":"","overlay-color":"","overlay-opacity":"","overlay-gradient":""},"mobile":{"background-color":"","background-image":"","background-repeat":"repeat","background-position":"center center","background-size":"auto","background-attachment":"scroll","background-type":"","background-media":"","overlay-type":"","overlay-color":"","overlay-opacity":"","overlay-gradient":""}},"ast-content-background-meta":{"desktop":{"background-color":"var(--ast-global-color-5)","background-image":"","background-repeat":"repeat","background-position":"center center","background-size":"auto","background-attachment":"scroll","background-type":"","background-media":"","overlay-type":"","overlay-color":"","overlay-opacity":"","overlay-gradient":""},"tablet":{"background-color":"var(--ast-global-color-5)","background-image":"","background-repeat":"repeat","background-position":"center center","background-size":"auto","background-attachment":"scroll","background-type":"","background-media":"","overlay-type":"","overlay-color":"","overlay-opacity":"","overlay-gradient":""},"mobile":{"background-color":"var(--ast-global-color-5)","background-image":"","background-repeat":"repeat","background-position":"center center","background-size":"auto","background-attachment":"scroll","background-type":"","background-media":"","overlay-type":"","overlay-color":"","overlay-opacity":"","overlay-gradient":""}},"footnotes":""},"class_list":["post-12770","page","type-page","status-publish","hentry"],"jetpack_sharing_enabled":true,"_links":{"self":[{"href":"https:\/\/hoodtrendspredict.com\/es\/wp-json\/wp\/v2\/pages\/12770","targetHints":{"allow":["GET"]}}],"collection":[{"href":"https:\/\/hoodtrendspredict.com\/es\/wp-json\/wp\/v2\/pages"}],"about":[{"href":"https:\/\/hoodtrendspredict.com\/es\/wp-json\/wp\/v2\/types\/page"}],"author":[{"embeddable":true,"href":"https:\/\/hoodtrendspredict.com\/es\/wp-json\/wp\/v2\/users\/1"}],"replies":[{"embeddable":true,"href":"https:\/\/hoodtrendspredict.com\/es\/wp-json\/wp\/v2\/comments?post=12770"}],"version-history":[{"count":58,"href":"https:\/\/hoodtrendspredict.com\/es\/wp-json\/wp\/v2\/pages\/12770\/revisions"}],"predecessor-version":[{"id":23805,"href":"https:\/\/hoodtrendspredict.com\/es\/wp-json\/wp\/v2\/pages\/12770\/revisions\/23805"}],"wp:attachment":[{"href":"https:\/\/hoodtrendspredict.com\/es\/wp-json\/wp\/v2\/media?parent=12770"}],"curies":[{"name":"wp","href":"https:\/\/api.w.org\/{rel}","templated":true}]}}