{"id":12778,"date":"2026-01-14T13:24:04","date_gmt":"2026-01-14T13:24:04","guid":{"rendered":"https:\/\/hoodtrendspredict.com\/single-bet-predictions-for-today\/"},"modified":"2026-04-22T19:02:03","modified_gmt":"2026-04-22T18:02:03","slug":"single-bet-predictions-for-today","status":"publish","type":"page","link":"https:\/\/hoodtrendspredict.com\/es\/single-bet-predictions-for-today\/","title":{"rendered":"Pron\u00f3sticos de apuestas simples para hoy"},"content":{"rendered":"<p><strong>Predicci\u00f3n de tendencias de barrio<\/strong> te ofrece lo m\u00e1s confiable <strong>Pron\u00f3sticos de apuestas individuales para hoy<\/strong> \u2013 Consejos de apuestas sencillos dise\u00f1ados para apostadores que buscan selecciones precisas y con alta confianza. Nuestros <strong>Consejos para apuestas simples<\/strong> Combinamos la precisi\u00f3n estad\u00edstica con la visi\u00f3n de expertos para identificar partidos individuales cuyos resultados pueden pronosticarse con exactitud.<\/p>\n<h2>Pron\u00f3sticos de apuestas simples para hoy<\/h2>\n<div class=\"px-0 col-lg-12 px-lg-3\">\n<div class=\"league-bar\">\n                                                                                                        <img decoding=\"async\" src=\"https:\/\/media.api-sports.io\/flags\/ee.svg\" class=\"\" style=\"height: 15px; width: 15px; background: white;\" alt=\"\"><br \/>\n                                                                                                    <span>Estonia:<\/span><\/p>\n<p>Meistriliiga<\/p>\n<\/p><\/div>\n<p>                                                    <a data-link=\"https:\/\/www.victorspredict.com\/view-game\/58535?type=super-single\"><\/p>\n<style>\n    .betting-card {\n        border-radius: 0.25rem;\n        margin-bottom: 0.5rem;\n        background-color: #fff;\n        border: 1px solid rgba(0,0,0,0.1);\n        overflow: hidden;\n    }<\/p>\n<p>    .betting-card:hover {\n        border: 1px solid rgba(0,0,0,0.2);\n        box-shadow: 0 0 8px rgba(0,0,0,0.1);\n    }<\/p>\n<p>    .time-col {\n        color: #666;\n        font-weight: 500;\n        font-size: 12px;\n    }<\/p>\n<p>    .team-name {\n        font-weight: 500;\n        color: #000;\n        font-size: 13px;\n        white-space: nowrap;\n        overflow: hidden;\n        \/*text-overflow: ellipsis;*\/\n        margin-bottom: 3px;\n        padding-right: 8px;\n        text-align: left;\n    }<\/p>\n<p>    .team-section {\n        padding-left: 0;\n    }<\/p>\n<p>    .status-icon {\n        width: 20px;\n        height: 20px;\n        display: inline-flex;\n        align-items: center;\n        justify-content: center;\n        border-radius: 4px;\n        font-weight: 600;\n        \/*margin-right: 2px;*\/\n        font-size: 11px;\n    }<\/p>\n<p>    .status-d {\n        background-color: #e3aa00;\n        color: #fff;\n    }<\/p>\n<p>    .status-l {\n        background-color: #c50000;\n        color: #fff;\n    }<\/p>\n<p>    .status-w {\n        background-color: #007700;\n        color: #fff;\n    }<\/p>\n<p>    .status-unknown {\n        background-color: #969696;\n        color: #fff;\n    }<\/p>\n<p>    .vs-text {\n        font-weight: bold;\n        font-size: 15px;\n        line-height: 0.8;\n        color: #000!important;\n    }<\/p>\n<p>    .info-section {\n        background-color: #E6EBEA70;\n    }<\/p>\n<p>    .info-header {\n        font-size: 12px;\n        color: #666;\n        font-weight: 500;\n        text-transform: uppercase;\n    }<\/p>\n<p>    .odds {\n        font-weight: bold;\n        color: #000;\n        font-size: 13px;\n    }<\/p>\n<p>    .tip {\n        border: 1px solid #e3aa00;\n        color: #1E1E1E;\n        padding: 5px 15px;\n        border-radius: 20px;\n        font-weight: bold;\n        font-size: 12px;\n        \/*margin: 0 auto;*\/\n    }<\/p>\n<p>    .probability {\n        font-weight: bold;\n        color: #000;\n        font-size: 12px;\n    }<\/p>\n<p>    .bookmaker {\n        background: white;\n        border-radius: 20px;\n        padding: 7px 15px;\n        display: flex;\n        justify-content: center;\n        align-items: center;\n    }<\/p>\n<p>    .teams-row {\n        padding: 10px;\n    }<\/p>\n<p>    \/* On medium screen down *\/\n    @media (max-width: 1024px) {\n        .team-name-section {\n            padding-left: 0px !important;\n            padding-right: 0px !important;\n        }\n    }<\/p>\n<p>    \/* On medium screen down *\/\n    @media (max-width: 991px) {\n        .team-name-section {\n            padding-left: 0px !important;\n            padding-right: 0px !important;\n        }<\/p>\n<p>        .status-icon {\n            width: 18px;\n            height: 18px;\n            display: inline-flex;\n            align-items: center;\n            justify-content: center;\n            border-radius: 5px;\n            font-weight: 600;\n            \/*margin-right: 2px;*\/\n            font-size: 11px;\n        }<\/p>\n<p>        .info-header {\n            font-size: 10px;\n            color: #666;\n            font-weight: 500;\n            text-transform: uppercase;\n        }<\/p>\n<p>        .tip {\n            padding: 5px 8px;\n            border-radius: 20px;\n            font-weight: bold;\n            font-size: 12px;\n            \/*margin: 0 auto;*\/\n        }<\/p>\n<p>        .bookmaker {\n            background: white;\n            border-radius: 20px;\n            padding: 5px;\n        }\n        .bookmaker img {\n            min-height: 9px;\n        }\n        .vs-text {\n            font-weight: 600;\n            font-size: 13px;\n            line-height: 0.8;\n            white-space: nowrap;\n        }\n    }<\/p>\n<p>    \/* On small screen down *\/\n    @media (max-width: 428px) {\n        .result-col {\n            padding-left: 0px !important;\n        }\n    }\n    @media (max-width: 400px) {\n        .result-col {\n            padding-left: 10px !important;\n        }\n    }<\/p>\n<p>    \/* On small screen down *\/\n    @media (max-width: 320px) {\n        .status-icon {\n            width: 16px;\n            height: 16px;\n            display: inline-flex;\n            align-items: center;\n            justify-content: center;\n            border-radius: 5px;\n            font-weight: 600;\n            \/*margin-right: 2px;*\/\n            font-size: 10px;\n        }\n        .team-name {\n            font-weight: 600;\n            font-size: 12px;\n            margin-bottom: 2px!important;\n        }\n        .tip {\n            background-color: #FDBE11;\n            color: #1E1E1E;\n            padding: 4px 8px;\n            border-radius: 20px;\n            font-weight: bold;\n            font-size: 11px;\n            \/*margin: 0 auto;*\/\n        }\n    }<\/p>\n<\/style>\n<style>\n        .prediction.text-center span {\n            padding: 9px 14px;\n        }\n    <\/style>\n<div class=\"betting-card\">\n<div class=\"\">\n<div class=\"row no-gutters\">\n<div class=\"col-lg-5\">\n<div class=\"teams-row mt-lg-2\">\n<div class=\"row\">\n<div class=\"col-2 time-col d-flex align-items-center\">\n                                                            17:00\n                                                    <\/div>\n<div class=\"col-4 team-name-section bg-successx\">\n<div class=\"team-name\">\n                                <span class=\"d-none d-lg-block\"> Laagri <\/span><br \/>\n                                <span class=\"d-block d-lg-none\"> Laagri <\/span>\n                            <\/div>\n<div class=\"\">\n                                                                                                            <span class=\"status-icon status-w\">W<\/span><br \/>\n                                                                                                                                                <span class=\"status-icon status-w\">W<\/span><br \/>\n                                                                                                                                                <span class=\"status-icon status-l\">L<\/span><br \/>\n                                                                                                                                                <span class=\"status-icon status-l\">L<\/span><br \/>\n                                                                                                                                                <span class=\"status-icon status-w\">W<\/span>\n                                                                                                <\/div>\n<\/p><\/div>\n<div class=\"col-2 d-flex result-col align-items-center bg-dangerx\">\n<div class=\"vs-text\">\n                                \u2013<\/p>\n<p>                                                                \u2013<\/p><\/div>\n<\/p><\/div>\n<div class=\"col-4 team-name-section bg-successx\">\n<div class=\"team-name\">\n                                <span class=\"d-none d-lg-block\"> Pagado <\/span><br \/>\n                                <span class=\"d-block d-lg-none\"> Pagado <\/span>\n                            <\/div>\n<div>\n                                                                                                            <span class=\"status-icon status-w\">W<\/span><br \/>\n                                                                                                                                                <span class=\"status-icon status-w\">W<\/span><br \/>\n                                                                                                                                                <span class=\"status-icon status-w\">W<\/span><br \/>\n                                                                                                                                                <span class=\"status-icon status-w\">W<\/span><br \/>\n                                                                                                                                                <span class=\"status-icon status-d\">D<\/span>\n                                                                                                <\/div>\n<\/p><\/div>\n<\/p><\/div>\n<\/p><\/div>\n<\/p><\/div>\n<div class=\"col-lg-7 info-section\">\n<div class=\"col-12\">\n<div class=\"row text-center py-2\" style=\"background-color: #D9E1E0\">\n<div class=\"col-2\">\n<div class=\"info-header\">IMPARES<\/div>\n<\/p><\/div>\n<div class=\"col-4\">\n<div class=\"info-header\">CONSEJOS<\/div>\n<\/p><\/div>\n<div class=\"col-3\">\n<div class=\"info-header\">PROB. %<\/div>\n<\/p><\/div>\n<div class=\"col-3\">\n<div class=\"info-header\">CORREDOR DE APUESTAS<\/div>\n<\/p><\/div>\n<\/p><\/div>\n<div class=\"row text-center py-2\">\n<div class=\"col-2\">\n<div class=\"odds\">\n                                                                                                            1.55\n                                                                                                <\/div>\n<\/p><\/div>\n<div class=\"col-4\">\n<div>\n                                <span class=\"tip\">Fuera (2)<\/span>\n                            <\/div>\n<\/p><\/div>\n<div class=\"col-3\">\n<div class=\"probability\">64.52%<\/div>\n<\/p><\/div>\n<div class=\"col-3\">\n<div class=\"bookmaker\">\n<p>                                                                    <img decoding=\"async\" src=\"https:\/\/victorspredict.com\/admin\/images\/maker\/makergF4zkPLFbiU3wU3AmB5R2tC9Fe9sa7sSPTD9tLZlAk5ju66iyRzeur7ArT6d40412.png\" onclick=\"if (!window.__cfRLUnblockHandlers) return false; window.open('https:\/\/cutt.ly\/parivictors', '_blank')\" class=\"img-fluid\" style=\"\" alt=\"Corredor de apuestas\" data-cf-modified-dd035339200a1c7a2a705a04-=\"\">\n                                                            <\/div>\n<\/p><\/div>\n<\/p><\/div>\n<\/p><\/div>\n<\/p><\/div>\n<\/p><\/div>\n<\/p><\/div>\n<\/div>\n<p>                                                    <\/a><\/p><\/div>\n<h2>\u00bfQu\u00e9 son las predicciones de apuestas simples?<\/h2>\n<p><strong>Predicciones de apuestas individuales<\/strong> implica seleccionar un partido cuidadosamente analizado y apostar por un \u00fanico resultado. Este enfoque de apuestas ofrece simplicidad y una gesti\u00f3n de riesgos enfocada. <strong>Predicci\u00f3n de tendencias de barrio<\/strong>, Nos especializamos en identificar coincidencias con patrones estad\u00edsticos claros que hacen <strong>apuestas simples<\/strong> Una elecci\u00f3n inteligente.<\/p>\n<p>Nuestros analistas examinan el estado de forma del equipo, los resultados de los enfrentamientos directos, los factores de motivaci\u00f3n y los enfrentamientos t\u00e1cticos para ofrecer <strong>predicciones precisas de apuestas individuales<\/strong>. Ya se trate de un favorito local dominante o de un equipo con una buena relaci\u00f3n calidad-precio pero con un excelente rendimiento reciente, nuestro sistema identifica las oportunidades individuales m\u00e1s prometedoras.<\/p>\n<h2>Los mejores pron\u00f3sticos para apuestas individuales de hoy: precisi\u00f3n basada en datos.<\/h2>\n<p>Cada <strong>predicci\u00f3n de apuesta \u00fanica<\/strong> en <strong>HoodtrendsPredict.com<\/strong> est\u00e1 respaldado por un an\u00e1lisis de datos exhaustivo. No adivinamos, calculamos. Nuestros modelos impulsados por IA procesan miles de puntos de datos, incluyendo <strong>probabilidades de resultado del partido<\/strong>, tendencias de impulso del equipo, diferencias de rendimiento en casa\/fuera y forma reciente para generar predicciones con la mayor probabilidad de \u00e9xito.<\/p>\n<p>Popular <strong>mercados de apuestas \u00fanicas<\/strong> Analizamos apuestas que incluyen Ganador del Partido, Doble Oportunidad, M\u00e1s\/Menos Goles y Ambos Equipos Marcan. Nuestra plataforma destaca qu\u00e9 selecciones ofrecen el mejor valor seg\u00fan las cuotas actuales y la probabilidad estad\u00edstica. Este enfoque ha hecho posible <strong>Predicci\u00f3n de tendencias de barrio<\/strong> la fuente de referencia para los serios <strong>apostadores de apuestas simples<\/strong>.<\/p>\n<h2>Pron\u00f3sticos gratuitos para apuestas simples \u2013 Actualizados diariamente<\/h2>\n<p>Acceder a todo <strong>Pron\u00f3sticos de apuestas individuales para hoy<\/strong> completamente gratis en <strong>HoodtrendsPredict.com<\/strong>. Nuestras predicciones cubren las ligas principales, incluyendo la <strong>Premier League<\/strong>, <strong>La Liga<\/strong>, <strong>Serie A<\/strong>, <strong>Bundesliga<\/strong>, y <strong>Liga de Campeones de la UEFA<\/strong>. Cada pron\u00f3stico se actualiza en tiempo real a medida que cambian las condiciones del partido, lo que garantiza que siempre disponga de la informaci\u00f3n m\u00e1s reciente.<\/p>\n<div class=\"faq-section\">\n<h2>Preguntas frecuentes<\/h2>\n<h3>\u00bfQu\u00e9 significa &quot;apuesta simple&quot; en las apuestas de f\u00fatbol?<\/h3>\n<p><strong>Apuesta simple<\/strong> Significa apostar a un \u00fanico resultado del partido. A diferencia de las apuestas combinadas, tu apuesta no depende de m\u00faltiples resultados. Por ejemplo, apostar a que gane el Manchester United es una apuesta simple.<\/p>\n<h3>\u00bfPor qu\u00e9 las apuestas simples son m\u00e1s seguras que las combinadas?<\/h3>\n<p><strong>Predicciones de apuestas individuales<\/strong> Conllevan un menor riesgo porque solo requieren un resultado correcto en lugar de varios. Si bien las probabilidades suelen ser m\u00e1s bajas que en las apuestas combinadas, la probabilidad de ganar es significativamente mayor, lo que las hace ideales para un crecimiento constante del capital.<\/p>\n<h3>\u00bfC\u00f3mo se generan predicciones para apuestas individuales?<\/h3>\n<p>Nuestro <strong>Consejos para apuestas simples<\/strong> Se generan mediante algoritmos avanzados que analizan datos de rendimiento del equipo, resultados hist\u00f3ricos, estado de forma actual y tendencias estad\u00edsticas. Cada predicci\u00f3n se somete a pruebas rigurosas antes de su publicaci\u00f3n para garantizar un potencial de \u00e9xito \u00f3ptimo.<\/p>\n<h3>\u00bfQu\u00e9 ligas abarcan tus predicciones de apuestas individuales?<\/h3>\n<p>Nosotros proporcionamos <strong>predicciones de apuestas individuales<\/strong> Para todas las principales ligas de f\u00fatbol del mundo, incluidas la Premier League, La Liga, la Serie A, la Bundesliga, la Ligue 1, la Eredivisie y los principales torneos internacionales.<\/p>\n<h3>\u00bfSon las predicciones de apuestas simples adecuadas para principiantes?<\/h3>\n<p>Absolutamente. <strong>Apuestas simples<\/strong> Es la forma m\u00e1s sencilla de apostar en deportes, lo que la hace perfecta para principiantes. Nuestra plataforma desglosa el an\u00e1lisis con claridad, ayudando a los nuevos apostadores a comprender por qu\u00e9 cada selecci\u00f3n tiene valor y a desarrollar los fundamentos de las apuestas.<\/p>\n<\/div>\n<p><strong>Predicci\u00f3n de tendencias de barrio<\/strong> \u2013 Su fuente experta para <strong>Pron\u00f3sticos de apuestas individuales para hoy<\/strong>. An\u00e1lisis m\u00e1s inteligente. Mejores resultados.<\/p>","protected":false},"excerpt":{"rendered":"<p>HoodtrendsPredict brings you the most reliable single bet predictions for today \u2013 straightforward betting tips designed for punters who want focused, high-confidence selections. Our single [&hellip;]<\/p>\n","protected":false},"author":1,"featured_media":0,"parent":0,"menu_order":0,"comment_status":"closed","ping_status":"closed","template":"","meta":{"_monsterinsights_skip_tracking":false,"_monsterinsights_sitenote_active":false,"_monsterinsights_sitenote_note":"","_monsterinsights_sitenote_category":0,"site-sidebar-layout":"default","site-content-layout":"","ast-site-content-layout":"default","site-content-style":"default","site-sidebar-style":"default","ast-global-header-display":"","ast-banner-title-visibility":"","ast-main-header-display":"","ast-hfb-above-header-display":"","ast-hfb-below-header-display":"","ast-hfb-mobile-header-display":"","site-post-title":"","ast-breadcrumbs-content":"","ast-featured-img":"","footer-sml-layout":"","ast-disable-related-posts":"","theme-transparent-header-meta":"","adv-header-id-meta":"","stick-header-meta":"","header-above-stick-meta":"","header-main-stick-meta":"","header-below-stick-meta":"","astra-migrate-meta-layouts":"set","ast-page-background-enabled":"default","ast-page-background-meta":{"desktop":{"background-color":"","background-image":"","background-repeat":"repeat","background-position":"center center","background-size":"auto","background-attachment":"scroll","background-type":"","background-media":"","overlay-type":"","overlay-color":"","overlay-opacity":"","overlay-gradient":""},"tablet":{"background-color":"","background-image":"","background-repeat":"repeat","background-position":"center center","background-size":"auto","background-attachment":"scroll","background-type":"","background-media":"","overlay-type":"","overlay-color":"","overlay-opacity":"","overlay-gradient":""},"mobile":{"background-color":"","background-image":"","background-repeat":"repeat","background-position":"center center","background-size":"auto","background-attachment":"scroll","background-type":"","background-media":"","overlay-type":"","overlay-color":"","overlay-opacity":"","overlay-gradient":""}},"ast-content-background-meta":{"desktop":{"background-color":"var(--ast-global-color-5)","background-image":"","background-repeat":"repeat","background-position":"center center","background-size":"auto","background-attachment":"scroll","background-type":"","background-media":"","overlay-type":"","overlay-color":"","overlay-opacity":"","overlay-gradient":""},"tablet":{"background-color":"var(--ast-global-color-5)","background-image":"","background-repeat":"repeat","background-position":"center center","background-size":"auto","background-attachment":"scroll","background-type":"","background-media":"","overlay-type":"","overlay-color":"","overlay-opacity":"","overlay-gradient":""},"mobile":{"background-color":"var(--ast-global-color-5)","background-image":"","background-repeat":"repeat","background-position":"center center","background-size":"auto","background-attachment":"scroll","background-type":"","background-media":"","overlay-type":"","overlay-color":"","overlay-opacity":"","overlay-gradient":""}},"footnotes":""},"class_list":["post-12778","page","type-page","status-publish","hentry"],"jetpack_sharing_enabled":true,"_links":{"self":[{"href":"https:\/\/hoodtrendspredict.com\/es\/wp-json\/wp\/v2\/pages\/12778","targetHints":{"allow":["GET"]}}],"collection":[{"href":"https:\/\/hoodtrendspredict.com\/es\/wp-json\/wp\/v2\/pages"}],"about":[{"href":"https:\/\/hoodtrendspredict.com\/es\/wp-json\/wp\/v2\/types\/page"}],"author":[{"embeddable":true,"href":"https:\/\/hoodtrendspredict.com\/es\/wp-json\/wp\/v2\/users\/1"}],"replies":[{"embeddable":true,"href":"https:\/\/hoodtrendspredict.com\/es\/wp-json\/wp\/v2\/comments?post=12778"}],"version-history":[{"count":39,"href":"https:\/\/hoodtrendspredict.com\/es\/wp-json\/wp\/v2\/pages\/12778\/revisions"}],"predecessor-version":[{"id":23808,"href":"https:\/\/hoodtrendspredict.com\/es\/wp-json\/wp\/v2\/pages\/12778\/revisions\/23808"}],"wp:attachment":[{"href":"https:\/\/hoodtrendspredict.com\/es\/wp-json\/wp\/v2\/media?parent=12778"}],"curies":[{"name":"wp","href":"https:\/\/api.w.org\/{rel}","templated":true}]}}