{"id":12782,"date":"2026-01-14T13:26:05","date_gmt":"2026-01-14T13:26:05","guid":{"rendered":"https:\/\/hoodtrendspredict.com\/best-value-predictions-for-today\/"},"modified":"2026-01-18T23:57:32","modified_gmt":"2026-01-18T23:57:32","slug":"best-value-predictions-for-today","status":"publish","type":"page","link":"https:\/\/hoodtrendspredict.com\/es\/best-value-predictions-for-today\/","title":{"rendered":"Predicciones de mejor relaci\u00f3n calidad-precio para hoy"},"content":{"rendered":"<p><strong>Predicci\u00f3n de tendencias de barrio<\/strong> te ofrece lo m\u00e1s confiable <strong>Predicciones de mejor relaci\u00f3n calidad-precio para hoy<\/strong> \u2013 Consejos de apuestas cuidadosamente seleccionados, dise\u00f1ados para apostadores que priorizan la calidad sobre la cantidad. Nuestros <strong>consejos valiosos<\/strong> Combinamos la precisi\u00f3n estad\u00edstica con la visi\u00f3n de expertos para identificar partidos donde las cuotas de las casas de apuestas no reflejan la probabilidad real.<\/p>\n<h2>Las mejores opciones en relaci\u00f3n calidad-precio para hoy.<\/h2>\n<div class=\"Card_card__pMaLR undefined\">\n<div class=\"OfferCard_container__n3v_1\">\n<div class=\"OfferCard_body__SXPCi OfferCard_body--default__JKXfp\">\n<div class=\"OfferCard_logoAndTitleWrapper__LmqKL\"><picture class=\"Image_picture__fByGQ\" data-testid=\"priority-false\"><\/picture>\n<h3 class=\"OfferCard_header__GZIbx\">SUPER 6 \u2013 200.000 Y UN AUDI A5 PARA GANAR \u2013 EL L\u00cdDER MENSUAL GANAR\u00c1 UN COCHE SI NO LO GANA EN ENERO<\/h3>\n<\/div>\n<div class=\"OfferCard_ctaAndScoreContainer__wsY_T\"><span class=\"OfferCard_ctaText__bvpJm\" style=\"color:rgba(255,255,255)\">OBT\u00c9N LA OFERTA<\/span><svg xmlns=\"http:\/\/www.w3.org\/2000\/svg\" width=\"17\" height=\"16\" viewbox=\"0 0 17 16\" fill=\"none\"><title>Icono de enlace externo<\/title><path d=\"M1.83334 14.6667V1.33333H8.82314V3.13605H3.63606V12.8639H13.364V7.67687H15.1667V14.6667H1.83334ZM6.88436 10.8741L5.62586 9.61564L12.1055 3.13605H10.1837V1.33333H15.1667V6.31632H13.364V4.39455L6.88436 10.8741Z\" fill=\"rgba(255,255,255)\"><\/path><\/svg><\/div>\n<\/div>\n<div class=\"OfferCard_footer__QfgH1\">\n<p class=\"OfferCard_termsAndConditions__LFkFY OfferCard_termsAndConditions--textColour__AAhyA\">Fecha l\u00edmite: 17 de enero a las 15:00. Participa gratis. Se aplican t\u00e9rminos y condiciones. Mayores de 18 a\u00f1os.<\/p>\n<\/div>\n<\/div>\n<\/div>\n<h2>\u00bfQu\u00e9 son las predicciones de mejor relaci\u00f3n calidad-precio?<\/h2>\n<p><strong>Predicciones de mejor relaci\u00f3n calidad-precio<\/strong> implica identificar oportunidades de apuestas donde las cuotas ofrecidas son m\u00e1s altas que la probabilidad real de que ocurra el resultado. Este concepto es fundamental para las apuestas rentables a largo plazo. <strong>Predicci\u00f3n de tendencias de barrio<\/strong>, Nos especializamos en identificar coincidencias con patrones estad\u00edsticos claros que revelan <strong>probabilidades mal valoradas<\/strong> y valor genuino.<\/p>\n<p>Nuestros analistas examinan la probabilidad esperada frente a las probabilidades del mercado, los datos hist\u00f3ricos de rendimiento, los factores situacionales y las ineficiencias del mercado para ofrecer <strong>predicciones de valor precisas<\/strong>. Ya se trate de un favorito infravalorado o de un aspirante cuidadosamente seleccionado con una excelente probabilidad de victoria, nuestro sistema identifica las oportunidades de apuestas con mayor potencial.<\/p>\n<h2>Los mejores consejos de hoy en cuanto a relaci\u00f3n calidad-precio: precisi\u00f3n basada en datos.<\/h2>\n<p>Cada <strong>predicci\u00f3n de valor<\/strong> en <strong>HoodtrendsPredict.com<\/strong> est\u00e1 respaldado por un an\u00e1lisis de datos exhaustivo. No adivinamos, calculamos. Nuestros modelos impulsados por IA procesan miles de puntos de datos, incluyendo <strong>c\u00e1lculos de valor esperado<\/strong>, evaluaciones de probabilidad reales, an\u00e1lisis del rendimiento en casa y fuera, y estado de forma reciente para generar predicciones con el mayor valor esperado positivo.<\/p>\n<p>Popular <strong>oportunidades de apuestas de valor<\/strong> Analizamos favoritos con cuotas bajas, escenarios de empate ignorados, mercados de goles mal calculados y ventajas situacionales. Nuestra plataforma destaca qu\u00e9 selecciones ofrecen el mejor valor en funci\u00f3n de la diferencia entre las cuotas reales y las cuotas de la casa de apuestas. Este enfoque ha hecho posible <strong>Predicci\u00f3n de tendencias de barrio<\/strong> la fuente de referencia para los serios <strong>apostadores de valor<\/strong>.<\/p>\n<h2>Predicciones gratuitas con la mejor relaci\u00f3n calidad-precio \u2013 Actualizadas diariamente<\/h2>\n<p>Acceder a todo <strong>Predicciones de mejor relaci\u00f3n calidad-precio para hoy<\/strong> completamente gratis en <strong>HoodtrendsPredict.com<\/strong>. Nuestras predicciones cubren las ligas principales, incluyendo la <strong>Premier League<\/strong>, <strong>La Liga<\/strong>, <strong>Serie A<\/strong>, <strong>Bundesliga<\/strong>, y <strong>Liga de Campeones de la UEFA<\/strong>. Cada pron\u00f3stico se actualiza en tiempo real a medida que cambian las condiciones del partido, lo que garantiza que siempre disponga de la informaci\u00f3n m\u00e1s reciente.<\/p>\n<div class=\"faq-section\">\n<h2>Preguntas frecuentes<\/h2>\n<h3>\u00bfQu\u00e9 significa apostar por valor en el f\u00fatbol?<\/h3>\n<p><strong>apuestas de valor<\/strong> Se trata de una apuesta de valor cuando la probabilidad de un resultado es mayor que la que sugieren las cuotas de la casa de apuestas. Por ejemplo, si un equipo tiene una probabilidad de 60% de ganar, pero las cuotas indican solo 50%, se trata de una apuesta de valor.<\/p>\n<h3>\u00bfPor qu\u00e9 centrarse en el valor en lugar de solo en los favoritos?<\/h3>\n<p><strong>Predicciones de valor<\/strong> Apostar con regularidad cuando las probabilidades est\u00e1n a tu favor genera rentabilidad a largo plazo. Por el contrario, apostar a favoritos sin valor conlleva p\u00e9rdidas graduales, incluso si se ganan apuestas individuales.<\/p>\n<h3>\u00bfC\u00f3mo se generan las predicciones de mejor relaci\u00f3n calidad-precio?<\/h3>\n<p>Nuestro <strong>consejos valiosos<\/strong> Se generan mediante algoritmos avanzados que calculan la probabilidad real de victoria, la comparan con las cuotas de las casas de apuestas, analizan el estado de forma actual e identifican tendencias estad\u00edsticas. Cada predicci\u00f3n se somete a rigurosas pruebas de valor esperado antes de su publicaci\u00f3n.<\/p>\n<h3>\u00bfQu\u00e9 ligas cubren tus predicciones con mejor relaci\u00f3n calidad-precio?<\/h3>\n<p>Nosotros proporcionamos <strong>predicciones de valor<\/strong> Para todas las principales ligas de f\u00fatbol del mundo, incluidas la Premier League, La Liga, la Serie A, la Bundesliga, la Ligue 1, la Eredivisie y los principales torneos internacionales.<\/p>\n<h3>\u00bfSon las predicciones de valor adecuadas para principiantes?<\/h3>\n<p>Mientras <strong>apuestas de valor<\/strong> Si bien requiere comprender conceptos de probabilidad, nuestra plataforma desglosa el an\u00e1lisis de forma clara. Los principiantes pueden aprender los fundamentos del valor esperado, mientras que los apostadores experimentados pueden aprovechar nuestros datos para desarrollar estrategias de apuestas sofisticadas.<\/p>\n<\/div>\n<p><strong>Predicci\u00f3n de tendencias de barrio<\/strong> \u2013 Su fuente experta para <strong>Predicciones de mejor relaci\u00f3n calidad-precio para hoy<\/strong>. An\u00e1lisis m\u00e1s inteligente. Mejores resultados.<\/p>","protected":false},"excerpt":{"rendered":"<p>HoodtrendsPredict brings you the most reliable best value predictions for today \u2013 carefully selected betting tips designed for punters who prioritize quality over quantity. Our [&hellip;]<\/p>\n","protected":false},"author":1,"featured_media":0,"parent":0,"menu_order":0,"comment_status":"closed","ping_status":"closed","template":"","meta":{"_monsterinsights_skip_tracking":false,"_monsterinsights_sitenote_active":false,"_monsterinsights_sitenote_note":"","_monsterinsights_sitenote_category":0,"site-sidebar-layout":"default","site-content-layout":"","ast-site-content-layout":"default","site-content-style":"default","site-sidebar-style":"default","ast-global-header-display":"","ast-banner-title-visibility":"","ast-main-header-display":"","ast-hfb-above-header-display":"","ast-hfb-below-header-display":"","ast-hfb-mobile-header-display":"","site-post-title":"","ast-breadcrumbs-content":"","ast-featured-img":"","footer-sml-layout":"","ast-disable-related-posts":"","theme-transparent-header-meta":"","adv-header-id-meta":"","stick-header-meta":"","header-above-stick-meta":"","header-main-stick-meta":"","header-below-stick-meta":"","astra-migrate-meta-layouts":"set","ast-page-background-enabled":"default","ast-page-background-meta":{"desktop":{"background-color":"","background-image":"","background-repeat":"repeat","background-position":"center center","background-size":"auto","background-attachment":"scroll","background-type":"","background-media":"","overlay-type":"","overlay-color":"","overlay-opacity":"","overlay-gradient":""},"tablet":{"background-color":"","background-image":"","background-repeat":"repeat","background-position":"center center","background-size":"auto","background-attachment":"scroll","background-type":"","background-media":"","overlay-type":"","overlay-color":"","overlay-opacity":"","overlay-gradient":""},"mobile":{"background-color":"","background-image":"","background-repeat":"repeat","background-position":"center center","background-size":"auto","background-attachment":"scroll","background-type":"","background-media":"","overlay-type":"","overlay-color":"","overlay-opacity":"","overlay-gradient":""}},"ast-content-background-meta":{"desktop":{"background-color":"var(--ast-global-color-5)","background-image":"","background-repeat":"repeat","background-position":"center center","background-size":"auto","background-attachment":"scroll","background-type":"","background-media":"","overlay-type":"","overlay-color":"","overlay-opacity":"","overlay-gradient":""},"tablet":{"background-color":"var(--ast-global-color-5)","background-image":"","background-repeat":"repeat","background-position":"center center","background-size":"auto","background-attachment":"scroll","background-type":"","background-media":"","overlay-type":"","overlay-color":"","overlay-opacity":"","overlay-gradient":""},"mobile":{"background-color":"var(--ast-global-color-5)","background-image":"","background-repeat":"repeat","background-position":"center center","background-size":"auto","background-attachment":"scroll","background-type":"","background-media":"","overlay-type":"","overlay-color":"","overlay-opacity":"","overlay-gradient":""}},"footnotes":""},"class_list":["post-12782","page","type-page","status-publish","hentry"],"jetpack_sharing_enabled":true,"_links":{"self":[{"href":"https:\/\/hoodtrendspredict.com\/es\/wp-json\/wp\/v2\/pages\/12782","targetHints":{"allow":["GET"]}}],"collection":[{"href":"https:\/\/hoodtrendspredict.com\/es\/wp-json\/wp\/v2\/pages"}],"about":[{"href":"https:\/\/hoodtrendspredict.com\/es\/wp-json\/wp\/v2\/types\/page"}],"author":[{"embeddable":true,"href":"https:\/\/hoodtrendspredict.com\/es\/wp-json\/wp\/v2\/users\/1"}],"replies":[{"embeddable":true,"href":"https:\/\/hoodtrendspredict.com\/es\/wp-json\/wp\/v2\/comments?post=12782"}],"version-history":[{"count":0,"href":"https:\/\/hoodtrendspredict.com\/es\/wp-json\/wp\/v2\/pages\/12782\/revisions"}],"wp:attachment":[{"href":"https:\/\/hoodtrendspredict.com\/es\/wp-json\/wp\/v2\/media?parent=12782"}],"curies":[{"name":"wp","href":"https:\/\/api.w.org\/{rel}","templated":true}]}}