{"id":12784,"date":"2026-01-14T13:27:04","date_gmt":"2026-01-14T13:27:04","guid":{"rendered":"https:\/\/hoodtrendspredict.com\/basketball-predictions-for-today\/"},"modified":"2026-04-22T19:06:02","modified_gmt":"2026-04-22T18:06:02","slug":"basketball-predictions-for-today","status":"publish","type":"page","link":"https:\/\/hoodtrendspredict.com\/es\/basketball-predictions-for-today\/","title":{"rendered":"Pron\u00f3sticos de baloncesto para hoy"},"content":{"rendered":"<p><strong>Predicci\u00f3n de tendencias de barrio<\/strong> es tu destino definitivo para <strong>Pron\u00f3sticos de baloncesto para hoy<\/strong>. Ya sea que sigas la NBA, la Euroliga o torneos internacionales, nuestra plataforma te ofrece <strong>Consejos precisos de baloncesto<\/strong> Respaldados por an\u00e1lisis avanzados y la opini\u00f3n de expertos. Cada d\u00eda de partido, analizamos el rendimiento de los equipos, las estad\u00edsticas de los jugadores y los historiales de enfrentamientos directos para ofrecerte predicciones fiables.<\/p>\n<h2>Pron\u00f3sticos de baloncesto para hoy<\/h2>\n<div class=\"row masonry-container\">\n<div class=\"col-xs-12 col-sm-6 col-md-4 col-lg-3 masonry-sizer\"><\/div>\n<div class=\"col-md-6 masonry-item\"><a href=\"https:\/\/www.basketballbets365.com\/predictions\/1346161\/minas-vs-cruzeiro\" title=\"Pron\u00f3stico Minas - Cruzeiro\" rel=\"nofollow noopener\" target=\"_blank\"><\/p>\n<div class=\"detailbx not-correct\">\n<h4>Brasil: NBB<\/h4>\n<div class=\"d-li\">\n<ul>\n<li><span class=\"flag-icon flag-icon-br\"><\/span>\n<p>Minas <span>99<\/span><\/p>\n<\/li>\n<li><span class=\"flag-icon flag-icon-br\"><\/span>\n<p>Cruzeiro <span>94<\/span><\/p>\n<\/li>\n<\/ul>\n<\/div>\n<div class=\"timebx\">\n<p><i><\/i> Finalizado<\/p>\n<p><a href=\"https:\/\/www.basketballbets365.com\/predictions\/1346161\/minas-vs-cruzeiro\" data-toggle=\"tooltip\" data-placement=\"bottom\" class=\"btn\" title=\"handicap\" rel=\"nofollow noopener\" target=\"_blank\">1 -13.5<\/a><\/div>\n<\/div>\n<p><\/a><\/div>\n<div class=\"col-md-6 masonry-item\"><a href=\"https:\/\/www.basketballbets365.com\/predictions\/1345874\/boston-celtics-vs-philadelphia-76ers\" title=\"Pron\u00f3stico Boston Celtics - Philadelphia 76ers\" rel=\"nofollow noopener\" target=\"_blank\"><\/p>\n<div class=\"detailbx correct\">\n<h4>Estados Unidos: NBA<\/h4>\n<div class=\"d-li\">\n<ul>\n<li><span class=\"flag-icon flag-icon-us\"><\/span>\n<p>Boston Celtics <span>97<\/span><\/p>\n<\/li>\n<li><span class=\"flag-icon flag-icon-us\"><\/span>\n<p>Philadelphia 76ers <span>111<\/span><\/p>\n<\/li>\n<\/ul>\n<\/div>\n<div class=\"timebx\">\n<p><i><\/i> Finalizado<\/p>\n<p><a href=\"https:\/\/www.basketballbets365.com\/predictions\/1345874\/boston-celtics-vs-philadelphia-76ers\" data-toggle=\"tooltip\" data-placement=\"bottom\" class=\"btn btn-green\" title=\"puntos por debajo-por encima\" rel=\"nofollow noopener\" target=\"_blank\">por debajo de 217.5<\/a><\/div>\n<\/div>\n<p><\/a><\/div>\n<div class=\"col-md-6 masonry-item\"><a href=\"https:\/\/www.basketballbets365.com\/predictions\/1346034\/paulistano-vs-bauru\" title=\"Predicci\u00f3n Paulistano - Bauru\" rel=\"nofollow noopener\" target=\"_blank\"><\/p>\n<div class=\"detailbx not-correct\">\n<h4>Brasil: NBB<\/h4>\n<div class=\"d-li\">\n<ul>\n<li><span class=\"flag-icon flag-icon-br\"><\/span>\n<p>Paulistano <span>80<\/span><\/p>\n<\/li>\n<li><span class=\"flag-icon flag-icon-br\"><\/span>\n<p>Bauru <span>77<\/span><\/p>\n<\/li>\n<\/ul>\n<\/div>\n<div class=\"timebx\">\n<p><i><\/i> Finalizado<\/p>\n<p><a href=\"https:\/\/www.basketballbets365.com\/predictions\/1346034\/paulistano-vs-bauru\" data-toggle=\"tooltip\" data-placement=\"bottom\" class=\"btn\" title=\"handicap\" rel=\"nofollow noopener\" target=\"_blank\">1 -5.5<\/a><\/div>\n<\/div>\n<p><\/a><\/div>\n<div class=\"col-md-6 masonry-item\"><a href=\"https:\/\/www.basketballbets365.com\/predictions\/1345225\/san-antonio-spurs-vs-portland-trailblazers\" title=\"Pron\u00f3stico San Antonio Spurs - Portland Trailblazers\" rel=\"nofollow noopener\" target=\"_blank\"><\/p>\n<div class=\"detailbx not-correct\">\n<h4>Estados Unidos: NBA<\/h4>\n<div class=\"d-li\">\n<ul>\n<li><span class=\"flag-icon flag-icon-us\"><\/span>\n<p>Spurs de San Antonio <span>103<\/span><\/p>\n<\/li>\n<li><span class=\"flag-icon flag-icon-us\"><\/span>\n<p>Pioneros de Portland <span>106<\/span><\/p>\n<\/li>\n<\/ul>\n<\/div>\n<div class=\"timebx\">\n<p><i><\/i> Finalizado<\/p>\n<p><a href=\"https:\/\/www.basketballbets365.com\/predictions\/1345225\/san-antonio-spurs-vs-portland-trailblazers\" data-toggle=\"tooltip\" data-placement=\"bottom\" class=\"btn\" title=\"handicap\" rel=\"nofollow noopener\" target=\"_blank\">1 -11.5<\/a><\/div>\n<\/div>\n<p><\/a><\/div>\n<div class=\"col-md-6 masonry-item\"><a href=\"https:\/\/www.basketballbets365.com\/predictions\/1345924\/boca-juniors-vs-obras-sanitarias\" title=\"Pron\u00f3stico Boca Juniors - Obras Sanitarias\" rel=\"nofollow noopener\" target=\"_blank\"><\/p>\n<div class=\"detailbx correct\">\n<h4>Argentina: LNB<\/h4>\n<div class=\"d-li\">\n<ul>\n<li><span class=\"flag-icon flag-icon-ar\"><\/span>\n<p>Boca Juniors <span>87<\/span><\/p>\n<\/li>\n<li><span class=\"flag-icon flag-icon-ar\"><\/span>\n<p>Obras Sanitarias <span>75<\/span><\/p>\n<\/li>\n<\/ul>\n<\/div>\n<div class=\"timebx\">\n<p><i><\/i> Finalizado<\/p>\n<p><a href=\"https:\/\/www.basketballbets365.com\/predictions\/1345924\/boca-juniors-vs-obras-sanitarias\" data-toggle=\"tooltip\" data-placement=\"bottom\" class=\"btn btn-green\" title=\"puntos por debajo-por encima\" rel=\"nofollow noopener\" target=\"_blank\">m\u00e1s de 159,5<\/a><\/div>\n<\/div>\n<p><\/a><\/div>\n<div class=\"col-md-6 masonry-item\"><a href=\"https:\/\/www.basketballbets365.com\/predictions\/1345506\/los-angeles-lakers-vs-houston-rockets\" title=\"Pron\u00f3stico Los Angeles Lakers - Houston Rockets\" rel=\"nofollow noopener\" target=\"_blank\"><\/p>\n<div class=\"detailbx not-correct\">\n<h4>Estados Unidos: NBA<\/h4>\n<div class=\"d-li\">\n<ul>\n<li><span class=\"flag-icon flag-icon-us\"><\/span>\n<p>Los Angeles Lakers <span>101<\/span><\/p>\n<\/li>\n<li><span class=\"flag-icon flag-icon-us\"><\/span>\n<p>Houston Rockets <span>94<\/span><\/p>\n<\/li>\n<\/ul>\n<\/div>\n<div class=\"timebx\">\n<p><i><\/i> Finalizado<\/p>\n<p><a href=\"https:\/\/www.basketballbets365.com\/predictions\/1345506\/los-angeles-lakers-vs-houston-rockets\" data-toggle=\"tooltip\" data-placement=\"bottom\" class=\"btn\" title=\"puntos por debajo-por encima\" rel=\"nofollow noopener\" target=\"_blank\">m\u00e1s de 206,5<\/a><\/div>\n<\/div>\n<p><\/a><\/div>\n<div class=\"col-md-6 masonry-item\"><a href=\"https:\/\/www.basketballbets365.com\/predictions\/1345710\/peristeri-vs-aris-thessalonika\" title=\"Pron\u00f3stico Peristeri - Aris Tesal\u00f3nica\" rel=\"nofollow noopener\" target=\"_blank\"><\/p>\n<div class=\"detailbx not-correct\">\n<h4>Grecia: Liga de Baloncesto<\/h4>\n<div class=\"d-li\">\n<ul>\n<li><span class=\"flag-icon flag-icon-gr\"><\/span>\n<p>Peristeri <span>78<\/span><\/p>\n<\/li>\n<li><span class=\"flag-icon flag-icon-gr\"><\/span>\n<p>Aris de Sal\u00f3nica <span>75<\/span><\/p>\n<\/li>\n<\/ul>\n<\/div>\n<div class=\"timebx\">\n<p><i><\/i> Finalizado<\/p>\n<p><a href=\"https:\/\/www.basketballbets365.com\/predictions\/1345710\/peristeri-vs-aris-thessalonika\" data-toggle=\"tooltip\" data-placement=\"bottom\" class=\"btn\" title=\"bidireccional\" rel=\"nofollow noopener\" target=\"_blank\">2<\/a><\/div>\n<\/div>\n<p><\/a><\/div>\n<div class=\"col-md-6 masonry-item\"><a href=\"https:\/\/www.basketballbets365.com\/predictions\/1346301\/bc-lietuvos-rytas-vs-bc-jonava\" title=\"Pron\u00f3stico BC Lietuvos Rytas - BC Jonava\" rel=\"nofollow noopener\" target=\"_blank\"><\/p>\n<div class=\"detailbx correct\">\n<h4>Lituania: LKL<\/h4>\n<div class=\"d-li\">\n<ul>\n<li><span class=\"flag-icon flag-icon-lt\"><\/span>\n<p>BC Lietuvos Rytas <span>98<\/span><\/p>\n<\/li>\n<li><span class=\"flag-icon flag-icon-lt\"><\/span>\n<p>BC Jonava <span>81<\/span><\/p>\n<\/li>\n<\/ul>\n<\/div>\n<div class=\"timebx\">\n<p><i><\/i> Finalizado<\/p>\n<p><a href=\"https:\/\/www.basketballbets365.com\/predictions\/1346301\/bc-lietuvos-rytas-vs-bc-jonava\" data-toggle=\"tooltip\" data-placement=\"bottom\" class=\"btn btn-green\" title=\"puntos por debajo-por encima\" rel=\"nofollow noopener\" target=\"_blank\">m\u00e1s de 178,5<\/a><\/div>\n<\/div>\n<p><\/a><\/div>\n<div class=\"col-md-6 masonry-item\"><a href=\"https:\/\/www.basketballbets365.com\/predictions\/1346302\/zalgiris-kaunas-vs-gargzdai\" title=\"Pron\u00f3stico Zalgiris Kaunas - Gargzdai\" rel=\"nofollow noopener\" target=\"_blank\"><\/p>\n<div class=\"detailbx waiting\">\n<h4>Lituania: LKL<\/h4>\n<div class=\"d-li\">\n<ul>\n<li><span class=\"flag-icon flag-icon-lt\"><\/span>\n<p>Zalgiris Kaunas <span>\u2013<\/span><\/p>\n<\/li>\n<li><span class=\"flag-icon flag-icon-lt\"><\/span>\n<p>Gargzdai <span>\u2013<\/span><\/p>\n<\/li>\n<\/ul>\n<\/div>\n<div class=\"timebx\">\n<p><i><\/i> 19:50<\/p>\n<p><a href=\"https:\/\/www.basketballbets365.com\/predictions\/1346302\/zalgiris-kaunas-vs-gargzdai\" data-toggle=\"tooltip\" data-placement=\"bottom\" class=\"btn btn-dark\" title=\"puntos por debajo-por encima\" rel=\"nofollow noopener\" target=\"_blank\">menos de 165,5<\/a><\/div>\n<\/div>\n<p><\/a><\/div>\n<div class=\"col-md-6 masonry-item\"><a href=\"https:\/\/www.basketballbets365.com\/predictions\/1346130\/nh-ostrava-vs-olomouc\" title=\"Pron\u00f3stico NH Ostrava - Olomouc\" rel=\"nofollow noopener\" target=\"_blank\"><\/p>\n<div class=\"detailbx waiting\">\n<h4>Rep\u00fablica Checa: NBL<\/h4>\n<div class=\"d-li\">\n<ul>\n<li><span class=\"flag-icon flag-icon-cz\"><\/span>\n<p>NH Ostrava <span>\u2013<\/span><\/p>\n<\/li>\n<li><span class=\"flag-icon flag-icon-cz\"><\/span>\n<p>Olomouc <span>\u2013<\/span><\/p>\n<\/li>\n<\/ul>\n<\/div>\n<div class=\"timebx\">\n<p><i><\/i> 20:00<\/p>\n<p><a href=\"https:\/\/www.basketballbets365.com\/predictions\/1346130\/nh-ostrava-vs-olomouc\" data-toggle=\"tooltip\" data-placement=\"bottom\" class=\"btn btn-dark\" title=\"puntos por debajo-por encima\" rel=\"nofollow noopener\" target=\"_blank\">menos de 169,5<\/a><\/div>\n<\/div>\n<p><\/a><\/div>\n<div class=\"col-md-6 masonry-item\"><a href=\"https:\/\/www.basketballbets365.com\/predictions\/1346151\/unics-kazan-vs-nizhny-novgorod\" title=\"Pron\u00f3stico Unics Kazan - Nizhny Novgorod\" rel=\"nofollow noopener\" target=\"_blank\"><\/p>\n<div class=\"detailbx waiting\">\n<h4>Internacional: VTB<\/h4>\n<div class=\"d-li\">\n<ul>\n<li><span class=\"flag-icon flag-icon-wd\"><\/span>\n<p>Unics Kaz\u00e1n <span>\u2013<\/span><\/p>\n<\/li>\n<li><span class=\"flag-icon flag-icon-wd\"><\/span>\n<p>Nizhny Novgorod <span>\u2013<\/span><\/p>\n<\/li>\n<\/ul>\n<\/div>\n<div class=\"timebx\">\n<p><i><\/i> 20:00<\/p>\n<p><a href=\"https:\/\/www.basketballbets365.com\/predictions\/1346151\/unics-kazan-vs-nizhny-novgorod\" data-toggle=\"tooltip\" data-placement=\"bottom\" class=\"btn btn-dark\" title=\"puntos por debajo-por encima\" rel=\"nofollow noopener\" target=\"_blank\">m\u00e1s de 167,5<\/a><\/div>\n<\/div>\n<p><\/a><\/div>\n<div class=\"col-md-6 masonry-item\"><a href=\"https:\/\/www.basketballbets365.com\/predictions\/1345518\/paok-vs-bilbao-basket\" title=\"Pron\u00f3stico PAOK - Bilbao Basket\" rel=\"nofollow noopener\" target=\"_blank\"><\/p>\n<div class=\"detailbx waiting\">\n<h4>Internacional: Copa de Europa<\/h4>\n<div class=\"d-li\">\n<ul>\n<li><span class=\"flag-icon flag-icon-wd\"><\/span>\n<p>PAOK <span>\u2013<\/span><\/p>\n<\/li>\n<li><span class=\"flag-icon flag-icon-wd\"><\/span>\n<p>Bilbao Basket <span>\u2013<\/span><\/p>\n<\/li>\n<\/ul>\n<\/div>\n<div class=\"timebx\">\n<p><i><\/i> 20:15<\/p>\n<p><a href=\"https:\/\/www.basketballbets365.com\/predictions\/1345518\/paok-vs-bilbao-basket\" data-toggle=\"tooltip\" data-placement=\"bottom\" class=\"btn btn-dark\" title=\"handicap\" rel=\"nofollow noopener\" target=\"_blank\">2 4.5<\/a><\/div>\n<\/div>\n<p><\/a><\/div>\n<div class=\"col-md-6 masonry-item\"><a href=\"https:\/\/www.basketballbets365.com\/predictions\/1345748\/zenit-saint-petersburg-vs-cska-moscow\" title=\"Pron\u00f3stico Zenit de San Petersburgo - CSKA Mosc\u00fa\" rel=\"nofollow noopener\" target=\"_blank\"><\/p>\n<div class=\"detailbx waiting\">\n<h4>Internacional: VTB<\/h4>\n<div class=\"d-li\">\n<ul>\n<li><span class=\"flag-icon flag-icon-wd\"><\/span>\n<p>Zenit de San Petersburgo <span>\u2013<\/span><\/p>\n<\/li>\n<li><span class=\"flag-icon flag-icon-wd\"><\/span>\n<p>CSKA Mosc\u00fa <span>\u2013<\/span><\/p>\n<\/li>\n<\/ul>\n<\/div>\n<div class=\"timebx\">\n<p><i><\/i> 20:30<\/p>\n<p><a href=\"https:\/\/www.basketballbets365.com\/predictions\/1345748\/zenit-saint-petersburg-vs-cska-moscow\" data-toggle=\"tooltip\" data-placement=\"bottom\" class=\"btn btn-dark\" title=\"bidireccional\" rel=\"nofollow noopener\" target=\"_blank\">2<\/a><\/div>\n<\/div>\n<p><\/a><\/div>\n<div class=\"col-md-6 masonry-item\"><a href=\"https:\/\/www.basketballbets365.com\/predictions\/1346293\/ratiopharm-ulm-vs-alba-berlin\" title=\"Predicci\u00f3n Ratiopharm Ulm - Alba Berl\u00edn\" rel=\"nofollow noopener\" target=\"_blank\"><\/p>\n<div class=\"detailbx waiting\">\n<h4>Alemania: BBL<\/h4>\n<div class=\"d-li\">\n<ul>\n<li><span class=\"flag-icon flag-icon-de\"><\/span>\n<p>Ratiopharm Ulm <span>\u2013<\/span><\/p>\n<\/li>\n<li><span class=\"flag-icon flag-icon-de\"><\/span>\n<p>Alba Berl\u00edn <span>\u2013<\/span><\/p>\n<\/li>\n<\/ul>\n<\/div>\n<div class=\"timebx\">\n<p><i><\/i> 20:30<\/p>\n<p><a href=\"https:\/\/www.basketballbets365.com\/predictions\/1346293\/ratiopharm-ulm-vs-alba-berlin\" data-toggle=\"tooltip\" data-placement=\"bottom\" class=\"btn btn-dark\" title=\"bidireccional\" rel=\"nofollow noopener\" target=\"_blank\">1<\/a><\/div>\n<\/div>\n<p><\/a><\/div>\n<div class=\"col-md-6 masonry-item\"><a href=\"https:\/\/www.basketballbets365.com\/predictions\/1346155\/allianz-swans-gmunden-vs-oberwart-gunners\" title=\"Pron\u00f3stico Allianz Swans Gmunden - Oberwart Gunners\" rel=\"nofollow noopener\" target=\"_blank\"><\/p>\n<div class=\"detailbx waiting\">\n<h4>Austria: Liga del Almirante<\/h4>\n<div class=\"d-li\">\n<ul>\n<li><span class=\"flag-icon flag-icon-at\"><\/span>\n<p>Allianz Swans Gmunden <span>\u2013<\/span><\/p>\n<\/li>\n<li><span class=\"flag-icon flag-icon-at\"><\/span>\n<p>Artilleros Oberwart <span>\u2013<\/span><\/p>\n<\/li>\n<\/ul>\n<\/div>\n<div class=\"timebx\">\n<p><i><\/i> 21:00<\/p>\n<p><a href=\"https:\/\/www.basketballbets365.com\/predictions\/1346155\/allianz-swans-gmunden-vs-oberwart-gunners\" data-toggle=\"tooltip\" data-placement=\"bottom\" class=\"btn btn-dark\" title=\"puntos por debajo-por encima\" rel=\"nofollow noopener\" target=\"_blank\">menos de 165,5<\/a><\/div>\n<\/div>\n<p><\/a><\/div>\n<div class=\"col-md-6 masonry-item\"><a href=\"https:\/\/www.basketballbets365.com\/predictions\/1346157\/arkadia-traiskirchen-lions-vs-kapfenberg-bulls\" title=\"Pron\u00f3stico Arkadia Traiskirchen Lions - Kapfenberg Bulls\" rel=\"nofollow noopener\" target=\"_blank\"><\/p>\n<div class=\"detailbx waiting\">\n<h4>Austria: Liga del Almirante<\/h4>\n<div class=\"d-li\">\n<ul>\n<li><span class=\"flag-icon flag-icon-at\"><\/span>\n<p>Arkadia Traiskirchen L\u2026 <span>\u2013<\/span><\/p>\n<\/li>\n<li><span class=\"flag-icon flag-icon-at\"><\/span>\n<p>Toros de Kapfenberg <span>\u2013<\/span><\/p>\n<\/li>\n<\/ul>\n<\/div>\n<div class=\"timebx\">\n<p><i><\/i> 21:00<\/p>\n<p><a href=\"https:\/\/www.basketballbets365.com\/predictions\/1346157\/arkadia-traiskirchen-lions-vs-kapfenberg-bulls\" data-toggle=\"tooltip\" data-placement=\"bottom\" class=\"btn btn-dark\" title=\"bidireccional\" rel=\"nofollow noopener\" target=\"_blank\">2<\/a><\/div>\n<\/div>\n<p><\/a><\/div>\n<div class=\"col-md-6 masonry-item\"><a href=\"https:\/\/www.basketballbets365.com\/predictions\/1344777\/besiktas-vs-bourg\" title=\"Pron\u00f3stico Besiktas - Bourg\" rel=\"nofollow noopener\" target=\"_blank\"><\/p>\n<div class=\"detailbx waiting\">\n<h4>Internacional: Copa de Europa<\/h4>\n<div class=\"d-li\">\n<ul>\n<li><span class=\"flag-icon flag-icon-wd\"><\/span>\n<p>Besiktas <span>\u2013<\/span><\/p>\n<\/li>\n<li><span class=\"flag-icon flag-icon-wd\"><\/span>\n<p>Bourg <span>\u2013<\/span><\/p>\n<\/li>\n<\/ul>\n<\/div>\n<div class=\"timebx\">\n<p><i><\/i> 21:00<\/p>\n<p><a href=\"https:\/\/www.basketballbets365.com\/predictions\/1344777\/besiktas-vs-bourg\" data-toggle=\"tooltip\" data-placement=\"bottom\" class=\"btn btn-dark\" title=\"puntos por debajo-por encima\" rel=\"nofollow noopener\" target=\"_blank\">menos de 167,5<\/a><\/div>\n<\/div>\n<p><\/a><\/div>\n<div class=\"col-md-6 masonry-item\"><a href=\"https:\/\/www.basketballbets365.com\/predictions\/1346292\/hamburg-towers-vs-rostock\" title=\"Predicci\u00f3n Torres de Hamburgo - Rostock\" rel=\"nofollow noopener\" target=\"_blank\"><\/p>\n<div class=\"detailbx waiting\">\n<h4>Alemania: BBL<\/h4>\n<div class=\"d-li\">\n<ul>\n<li><span class=\"flag-icon flag-icon-de\"><\/span>\n<p>Torres de Hamburgo <span>\u2013<\/span><\/p>\n<\/li>\n<li><span class=\"flag-icon flag-icon-de\"><\/span>\n<p>Rostock <span>\u2013<\/span><\/p>\n<\/li>\n<\/ul>\n<\/div>\n<div class=\"timebx\">\n<p><i><\/i> 22:00<\/p>\n<p><a href=\"https:\/\/www.basketballbets365.com\/predictions\/1346292\/hamburg-towers-vs-rostock\" data-toggle=\"tooltip\" data-placement=\"bottom\" class=\"btn btn-dark\" title=\"puntos por debajo-por encima\" rel=\"nofollow noopener\" target=\"_blank\">m\u00e1s de 171,5<\/a><\/div>\n<\/div>\n<p><\/a><\/div>\n<\/div>\n<h2>Pron\u00f3sticos de baloncesto de hoy: pron\u00f3sticos de expertos en los que puedes confiar.<\/h2>\n<p>En <strong>Predicci\u00f3n de tendencias de barrio<\/strong>, no nos basamos en conjeturas. Nuestra <strong>Pron\u00f3sticos de baloncesto para hoy<\/strong> se generan a trav\u00e9s de una poderosa combinaci\u00f3n de <strong>algoritmos impulsados por IA<\/strong> y an\u00e1lisis de expertos. Hacemos un seguimiento de todo, desde los porcentajes de tiro y las calificaciones defensivas hasta los informes de lesiones y los calendarios de viajes. Este enfoque integral garantiza que cada pron\u00f3stico que publicamos haya sido minuciosamente verificado para asegurar su precisi\u00f3n.<\/p>\n<p>Nuestra cobertura abarca las principales ligas de baloncesto del mundo, incluyendo la <strong>NBA<\/strong>, <strong>NCAA<\/strong>, <strong>Euroliga<\/strong>, <strong>Liga ACB<\/strong>, y <strong>Liga Nacional de B\u00e9isbol Australiana (NBL)<\/strong>. No importa qu\u00e9 liga sigas, <strong>Predicci\u00f3n de tendencias de barrio<\/strong> Te proporciona predicciones actualizadas diariamente con informaci\u00f3n en tiempo real para darte la ventaja ganadora.<\/p>\n<h2>\u00bfPor qu\u00e9 elegir HoodtrendsPredict para obtener consejos sobre baloncesto?<\/h2>\n<p>Miles de aficionados y analistas del baloncesto eligen <strong>Predicci\u00f3n de tendencias de barrio<\/strong> Porque ofrecemos resultados. Nuestra plataforma se distingue por <strong>precisi\u00f3n basada en datos<\/strong>, Cubre h\u00e1ndicaps, totales (m\u00e1s\/menos), apuestas directas y apuestas especiales de jugadores. Actualizamos nuestras predicciones en tiempo real a medida que se dispone de nueva informaci\u00f3n, incluyendo cambios de \u00faltima hora en las alineaciones y actualizaciones sobre lesiones.<\/p>\n<p>Ya sea que est\u00e9s investigando <strong>los partidos de la NBA de esta noche<\/strong> o planificando con anticipaci\u00f3n los partidos del fin de semana, nuestro sistema proporciona <strong>predicciones de baloncesto con alta confianza<\/strong> que te ayudan a tomar decisiones informadas. Desde los enfrentamientos de la temporada regular hasta los duelos de los playoffs, <strong>Predicci\u00f3n de tendencias de barrio<\/strong> Te ofrece los consejos de baloncesto m\u00e1s fiables en l\u00ednea.<\/p>\n<h2>Pron\u00f3sticos diarios de baloncesto gratuitos \u2013 Sin cargos ocultos<\/h2>\n<p>Todo <strong>predicciones de baloncesto<\/strong> en <strong>HoodtrendsPredict.com<\/strong> son completamente gratuitos. No hay suscripciones, ni muros de pago, ni cargos ocultos. Creemos que todos merecen acceso a an\u00e1lisis deportivos de calidad, por eso nuestro <strong>Consejos de expertos en baloncesto<\/strong> Est\u00e1n disponibles para todos los usuarios sin restricciones. Simplemente visita nuestra p\u00e1gina de predicciones de baloncesto a diario para ver los pron\u00f3sticos m\u00e1s recientes para los partidos de hoy.<\/p>\n<div class=\"faq-section\">\n<h2>Preguntas frecuentes<\/h2>\n<h3>\u00bfQu\u00e9 ligas de baloncesto cubres?<\/h3>\n<p>Nosotros proporcionamos <strong>predicciones de baloncesto<\/strong> Cubrimos las principales ligas del mundo, incluyendo la NBA, la NCAA, la Euroliga, la Liga ACB, la BSL turca, la VTB United League y la NBL australiana. Nuestra cobertura tambi\u00e9n incluye torneos internacionales y partidos amistosos.<\/p>\n<h3>\u00bfQu\u00e9 tan precisas son tus predicciones de baloncesto?<\/h3>\n<p>Nuestro <strong>consejos de baloncesto<\/strong> Se basan en modelos estad\u00edsticos avanzados que analizan el rendimiento del equipo, las m\u00e9tricas de los jugadores, los datos hist\u00f3ricos y el estado de forma actual. Si bien ning\u00fan sistema de predicci\u00f3n es perfecto, nuestro enfoque basado en datos ofrece resultados consistentemente <strong>resultados de alta probabilidad<\/strong> en los que conf\u00edan los usuarios.<\/p>\n<h3>\u00bfCu\u00e1ndo se actualizan las predicciones de baloncesto de hoy?<\/h3>\n<p>Actualizaciones de nuestro sistema <strong>Pron\u00f3sticos de baloncesto para hoy<\/strong> En tiempo real. Tan pronto como haya nuevas estad\u00edsticas, informes de lesiones o confirmaciones de alineaciones disponibles, nuestros modelos se actualizan autom\u00e1ticamente para brindar los consejos m\u00e1s actuales y precisos.<\/p>\n<h3>\u00bfTus predicciones de baloncesto son gratuitas?<\/h3>\n<p>S\u00ed, todos <strong>predicciones de baloncesto<\/strong> En HoodtrendsPredict.com, todo es 100% gratis. Puedes acceder a todos los consejos, an\u00e1lisis e informaci\u00f3n sin necesidad de suscripci\u00f3n ni pago.<\/p>\n<h3>\u00bfOfrecen predicciones de la NBA?<\/h3>\n<p>Absolutamente. El <strong>NBA<\/strong> Es uno de nuestros principales objetivos. Ofrecemos predicciones diarias para cada partido de la NBA, incluyendo h\u00e1ndicaps, totales de puntos (m\u00e1s\/menos) y pron\u00f3sticos de apuestas a ganador durante la temporada regular y los playoffs.<\/p>\n<\/div>\n<p><strong>Predicci\u00f3n de tendencias de barrio<\/strong> \u2013 Su fuente confiable para <strong>Pron\u00f3sticos de baloncesto para hoy<\/strong>. Predice con mayor inteligencia. Gana m\u00e1s.<\/p>","protected":false},"excerpt":{"rendered":"<p>HoodtrendsPredict is your ultimate destination for basketball predictions for today. Whether you&#8217;re following the NBA, EuroLeague, or international tournaments, our platform delivers accurate basketball tips [&hellip;]<\/p>\n","protected":false},"author":1,"featured_media":0,"parent":0,"menu_order":0,"comment_status":"closed","ping_status":"closed","template":"","meta":{"_monsterinsights_skip_tracking":false,"_monsterinsights_sitenote_active":false,"_monsterinsights_sitenote_note":"","_monsterinsights_sitenote_category":0,"site-sidebar-layout":"default","site-content-layout":"","ast-site-content-layout":"default","site-content-style":"default","site-sidebar-style":"default","ast-global-header-display":"","ast-banner-title-visibility":"","ast-main-header-display":"","ast-hfb-above-header-display":"","ast-hfb-below-header-display":"","ast-hfb-mobile-header-display":"","site-post-title":"","ast-breadcrumbs-content":"","ast-featured-img":"","footer-sml-layout":"","ast-disable-related-posts":"","theme-transparent-header-meta":"","adv-header-id-meta":"","stick-header-meta":"","header-above-stick-meta":"","header-main-stick-meta":"","header-below-stick-meta":"","astra-migrate-meta-layouts":"set","ast-page-background-enabled":"default","ast-page-background-meta":{"desktop":{"background-color":"","background-image":"","background-repeat":"repeat","background-position":"center center","background-size":"auto","background-attachment":"scroll","background-type":"","background-media":"","overlay-type":"","overlay-color":"","overlay-opacity":"","overlay-gradient":""},"tablet":{"background-color":"","background-image":"","background-repeat":"repeat","background-position":"center center","background-size":"auto","background-attachment":"scroll","background-type":"","background-media":"","overlay-type":"","overlay-color":"","overlay-opacity":"","overlay-gradient":""},"mobile":{"background-color":"","background-image":"","background-repeat":"repeat","background-position":"center center","background-size":"auto","background-attachment":"scroll","background-type":"","background-media":"","overlay-type":"","overlay-color":"","overlay-opacity":"","overlay-gradient":""}},"ast-content-background-meta":{"desktop":{"background-color":"var(--ast-global-color-5)","background-image":"","background-repeat":"repeat","background-position":"center center","background-size":"auto","background-attachment":"scroll","background-type":"","background-media":"","overlay-type":"","overlay-color":"","overlay-opacity":"","overlay-gradient":""},"tablet":{"background-color":"var(--ast-global-color-5)","background-image":"","background-repeat":"repeat","background-position":"center center","background-size":"auto","background-attachment":"scroll","background-type":"","background-media":"","overlay-type":"","overlay-color":"","overlay-opacity":"","overlay-gradient":""},"mobile":{"background-color":"var(--ast-global-color-5)","background-image":"","background-repeat":"repeat","background-position":"center center","background-size":"auto","background-attachment":"scroll","background-type":"","background-media":"","overlay-type":"","overlay-color":"","overlay-opacity":"","overlay-gradient":""}},"footnotes":""},"class_list":["post-12784","page","type-page","status-publish","hentry"],"jetpack_sharing_enabled":true,"_links":{"self":[{"href":"https:\/\/hoodtrendspredict.com\/es\/wp-json\/wp\/v2\/pages\/12784","targetHints":{"allow":["GET"]}}],"collection":[{"href":"https:\/\/hoodtrendspredict.com\/es\/wp-json\/wp\/v2\/pages"}],"about":[{"href":"https:\/\/hoodtrendspredict.com\/es\/wp-json\/wp\/v2\/types\/page"}],"author":[{"embeddable":true,"href":"https:\/\/hoodtrendspredict.com\/es\/wp-json\/wp\/v2\/users\/1"}],"replies":[{"embeddable":true,"href":"https:\/\/hoodtrendspredict.com\/es\/wp-json\/wp\/v2\/comments?post=12784"}],"version-history":[{"count":32,"href":"https:\/\/hoodtrendspredict.com\/es\/wp-json\/wp\/v2\/pages\/12784\/revisions"}],"predecessor-version":[{"id":23811,"href":"https:\/\/hoodtrendspredict.com\/es\/wp-json\/wp\/v2\/pages\/12784\/revisions\/23811"}],"wp:attachment":[{"href":"https:\/\/hoodtrendspredict.com\/es\/wp-json\/wp\/v2\/media?parent=12784"}],"curies":[{"name":"wp","href":"https:\/\/api.w.org\/{rel}","templated":true}]}}