{"id":13755,"date":"2026-01-22T16:28:03","date_gmt":"2026-01-22T16:28:03","guid":{"rendered":"https:\/\/hoodtrendspredict.com\/?page_id=13755"},"modified":"2026-01-22T16:28:49","modified_gmt":"2026-01-22T16:28:49","slug":"disclaimer","status":"publish","type":"page","link":"https:\/\/hoodtrendspredict.com\/es\/disclaimer\/","title":{"rendered":"Descargo de responsabilidad"},"content":{"rendered":"<p><strong>Descargo de responsabilidad para Hoodtrends Predict<\/strong><\/p>\n\n\n\n<ol class=\"wp-block-list\">\n<li><strong>Finalidad informativa:<\/strong> El contenido y las predicciones que se ofrecen en Hoodtrends Predict tienen fines meramente informativos y de entretenimiento. No constituyen asesoramiento profesional.<\/li>\n\n\n\n<li><strong>Sin garant\u00edas:<\/strong> Si bien nos esforzamos por brindar predicciones precisas y perspicaces, no garantizamos los resultados ni la exactitud de ninguna predicci\u00f3n.<\/li>\n\n\n\n<li><strong>Esto no constituye asesoramiento financiero:<\/strong> Las predicciones y el contenido de Hoodtrends Predict no deben interpretarse como asesoramiento financiero, de inversi\u00f3n o de apuestas. Siempre realice su propia investigaci\u00f3n y consulte con profesionales cuando sea necesario.<\/li>\n\n\n\n<li><strong>Participaci\u00f3n responsable:<\/strong> Fomentamos la participaci\u00f3n responsable. Por favor, aseg\u00farese de que cualquier acci\u00f3n que emprenda bas\u00e1ndose en nuestro contenido se realice con pleno conocimiento y responsabilidad.<\/li>\n\n\n\n<li><strong>Aviso de afiliaci\u00f3n:<\/strong> Algunos enlaces en Hoodtrends Predict pueden ser enlaces de afiliados, lo que significa que podr\u00edamos ganar una comisi\u00f3n si haces clic en ellos y realizas una compra. Esto no supone ning\u00fan coste adicional para ti y ayuda a mantener el sitio.<\/li>\n\n\n\n<li><strong>Restricci\u00f3n de edad:<\/strong> Hoodtrends Predict est\u00e1 dirigido a usuarios mayores de 18 a\u00f1os o que hayan alcanzado la edad legal para apostar en sus respectivos pa\u00edses. Si eres menor de 18 a\u00f1os o no has alcanzado la edad legal para apostar en tu pa\u00eds, por favor, abandona el sitio web.<\/li>\n\n\n\n<li><strong>Enlaces de terceros:<\/strong> Hoodtrends Predict puede incluir enlaces a sitios web externos. No controlamos ni nos hacemos responsables del contenido de estos sitios externos.<\/li>\n\n\n\n<li><strong>Cont\u00e1ctanos:<\/strong> Si tiene alguna pregunta o necesita m\u00e1s ayuda, no dude en ponerse en contacto con nosotros en <strong>hoodtrendspredict@gmail.com<\/strong>.<\/li>\n<\/ol>\n\n\n\n<p>Al utilizar Hoodtrends Predict, usted acepta estos t\u00e9rminos y reconoce que comprende los riesgos que conlleva.<\/p>","protected":false},"excerpt":{"rendered":"<p>Aviso legal de Hoodtrends Predict Al utilizar Hoodtrends Predict, usted acepta estos t\u00e9rminos y reconoce que comprende los riesgos que conlleva.<\/p>","protected":false},"author":1,"featured_media":0,"parent":0,"menu_order":0,"comment_status":"closed","ping_status":"closed","template":"","meta":{"_monsterinsights_skip_tracking":false,"_monsterinsights_sitenote_active":false,"_monsterinsights_sitenote_note":"","_monsterinsights_sitenote_category":0,"site-sidebar-layout":"default","site-content-layout":"","ast-site-content-layout":"default","site-content-style":"default","site-sidebar-style":"default","ast-global-header-display":"","ast-banner-title-visibility":"","ast-main-header-display":"","ast-hfb-above-header-display":"","ast-hfb-below-header-display":"","ast-hfb-mobile-header-display":"","site-post-title":"","ast-breadcrumbs-content":"","ast-featured-img":"","footer-sml-layout":"","ast-disable-related-posts":"","theme-transparent-header-meta":"","adv-header-id-meta":"","stick-header-meta":"","header-above-stick-meta":"","header-main-stick-meta":"","header-below-stick-meta":"","astra-migrate-meta-layouts":"set","ast-page-background-enabled":"default","ast-page-background-meta":{"desktop":{"background-color":"","background-image":"","background-repeat":"repeat","background-position":"center center","background-size":"auto","background-attachment":"scroll","background-type":"","background-media":"","overlay-type":"","overlay-color":"","overlay-opacity":"","overlay-gradient":""},"tablet":{"background-color":"","background-image":"","background-repeat":"repeat","background-position":"center center","background-size":"auto","background-attachment":"scroll","background-type":"","background-media":"","overlay-type":"","overlay-color":"","overlay-opacity":"","overlay-gradient":""},"mobile":{"background-color":"","background-image":"","background-repeat":"repeat","background-position":"center center","background-size":"auto","background-attachment":"scroll","background-type":"","background-media":"","overlay-type":"","overlay-color":"","overlay-opacity":"","overlay-gradient":""}},"ast-content-background-meta":{"desktop":{"background-color":"var(--ast-global-color-5)","background-image":"","background-repeat":"repeat","background-position":"center center","background-size":"auto","background-attachment":"scroll","background-type":"","background-media":"","overlay-type":"","overlay-color":"","overlay-opacity":"","overlay-gradient":""},"tablet":{"background-color":"var(--ast-global-color-5)","background-image":"","background-repeat":"repeat","background-position":"center center","background-size":"auto","background-attachment":"scroll","background-type":"","background-media":"","overlay-type":"","overlay-color":"","overlay-opacity":"","overlay-gradient":""},"mobile":{"background-color":"var(--ast-global-color-5)","background-image":"","background-repeat":"repeat","background-position":"center center","background-size":"auto","background-attachment":"scroll","background-type":"","background-media":"","overlay-type":"","overlay-color":"","overlay-opacity":"","overlay-gradient":""}},"footnotes":""},"class_list":["post-13755","page","type-page","status-publish","hentry"],"jetpack_sharing_enabled":true,"_links":{"self":[{"href":"https:\/\/hoodtrendspredict.com\/es\/wp-json\/wp\/v2\/pages\/13755","targetHints":{"allow":["GET"]}}],"collection":[{"href":"https:\/\/hoodtrendspredict.com\/es\/wp-json\/wp\/v2\/pages"}],"about":[{"href":"https:\/\/hoodtrendspredict.com\/es\/wp-json\/wp\/v2\/types\/page"}],"author":[{"embeddable":true,"href":"https:\/\/hoodtrendspredict.com\/es\/wp-json\/wp\/v2\/users\/1"}],"replies":[{"embeddable":true,"href":"https:\/\/hoodtrendspredict.com\/es\/wp-json\/wp\/v2\/comments?post=13755"}],"version-history":[{"count":0,"href":"https:\/\/hoodtrendspredict.com\/es\/wp-json\/wp\/v2\/pages\/13755\/revisions"}],"wp:attachment":[{"href":"https:\/\/hoodtrendspredict.com\/es\/wp-json\/wp\/v2\/media?parent=13755"}],"curies":[{"name":"wp","href":"https:\/\/api.w.org\/{rel}","templated":true}]}}