{"id":792,"date":"2024-01-25T09:45:48","date_gmt":"2024-01-25T09:45:48","guid":{"rendered":"https:\/\/hoodtrendspredict.com\/?page_id=792"},"modified":"2024-02-12T09:16:53","modified_gmt":"2024-02-12T09:16:53","slug":"about-us","status":"publish","type":"page","link":"https:\/\/hoodtrendspredict.com\/es\/about-us\/","title":{"rendered":"Sobre nosotros"},"content":{"rendered":"<p><img loading=\"lazy\" decoding=\"async\" class=\"aligncenter size-medium wp-image-44\" src=\"https:\/\/hoodtrendspredict.com\/wp-content\/uploads\/2023\/07\/B253FE64-C9F9-4A54-BFC1-E65B5E022656-300x300.png\" alt=\"Hoodtrends predice\" width=\"300\" height=\"300\" \/><\/p>\n<p>Nombre de la empresa: Hoodtrends Predict<\/p>\n<h2>Acerca de la empresa:<\/h2>\n<p>Hoodtrends Predict es una plataforma especializada en predicciones de partidos de f\u00fatbol y baloncesto. Analizando las estad\u00edsticas actuales de los equipos, los resultados anteriores y los informes de lesiones, nuestro sitio web ofrece valiosos consejos y an\u00e1lisis de las principales ligas del mundo. Es importante destacar que estas predicciones tienen \u00fanicamente fines informativos.<\/p>\n<h2>Misi\u00f3n:<\/h2>\n<p>Nuestra misi\u00f3n es ayudar a los aficionados al deporte a tomar decisiones informadas, proporcionando predicciones precisas basadas en las fortalezas y debilidades actuales de los equipos participantes. Buscamos mejorar la experiencia deportiva de nuestros usuarios ofreciendo consejos fiables y perspicaces.<\/p>\n<h2>Visi\u00f3n:<\/h2>\n<p>Nuestra visi\u00f3n es convertirnos en la plataforma de referencia para predicciones deportivas, reconocida por nuestra precisi\u00f3n y fiabilidad. Nos esforzamos por mejorar continuamente nuestros algoritmos y t\u00e9cnicas de an\u00e1lisis para garantizar la m\u00e1xima calidad en nuestras predicciones. Nuestro objetivo es brindar a nuestros usuarios el conocimiento necesario para tomar decisiones bien fundamentadas.<\/p>\n<h2>Valores fundamentales:<\/h2>\n<p>Precisi\u00f3n: Damos prioridad a la precisi\u00f3n en nuestras predicciones, garantizando que nuestros usuarios reciban informaci\u00f3n fiable.<\/p>\n<p>Integridad: Nos comprometemos a mantener el m\u00e1s alto nivel de integridad en todos los aspectos de nuestras operaciones.<\/p>\n<p>Transparencia: Creemos en la transparencia respecto a nuestros m\u00e9todos de predicci\u00f3n y en proporcionar explicaciones claras para nuestros consejos.<\/p>\n<p>Mejora continua: Buscamos constantemente mejorar nuestros algoritmos y t\u00e9cnicas de an\u00e1lisis para aumentar la precisi\u00f3n de nuestras predicciones.<\/p>\n<p>Enfoque centrado en el usuario: Priorizamos las necesidades y la satisfacci\u00f3n de nuestros usuarios, esforz\u00e1ndonos por brindarles la mejor experiencia posible.<\/p>\n<h2>Equipo:<\/h2>\n<p>Nuestro equipo est\u00e1 formado por analistas deportivos y cient\u00edficos de datos con amplia experiencia, apasionados por el deporte y con un profundo conocimiento del mismo. Gracias a su experiencia, podemos ofrecer predicciones precisas e informaci\u00f3n valiosa a nuestros usuarios.<\/p>","protected":false},"excerpt":{"rendered":"<p>Company Name: Hoodtrends Predict About Company: Hoodtrends Predict is a platform that specializes in predicting football and basketball matches. By analyzing current team statistics, past [&hellip;]<\/p>\n","protected":false},"author":1,"featured_media":0,"parent":0,"menu_order":0,"comment_status":"closed","ping_status":"closed","template":"","meta":{"_monsterinsights_skip_tracking":false,"_monsterinsights_sitenote_active":false,"_monsterinsights_sitenote_note":"","_monsterinsights_sitenote_category":0,"site-sidebar-layout":"default","site-content-layout":"","ast-site-content-layout":"default","site-content-style":"default","site-sidebar-style":"default","ast-global-header-display":"","ast-banner-title-visibility":"","ast-main-header-display":"","ast-hfb-above-header-display":"","ast-hfb-below-header-display":"","ast-hfb-mobile-header-display":"","site-post-title":"","ast-breadcrumbs-content":"","ast-featured-img":"","footer-sml-layout":"","ast-disable-related-posts":"","theme-transparent-header-meta":"","adv-header-id-meta":"","stick-header-meta":"","header-above-stick-meta":"","header-main-stick-meta":"","header-below-stick-meta":"","astra-migrate-meta-layouts":"default","ast-page-background-enabled":"default","ast-page-background-meta":{"desktop":{"background-color":"","background-image":"","background-repeat":"repeat","background-position":"center center","background-size":"auto","background-attachment":"scroll","background-type":"","background-media":"","overlay-type":"","overlay-color":"","overlay-opacity":"","overlay-gradient":""},"tablet":{"background-color":"","background-image":"","background-repeat":"repeat","background-position":"center center","background-size":"auto","background-attachment":"scroll","background-type":"","background-media":"","overlay-type":"","overlay-color":"","overlay-opacity":"","overlay-gradient":""},"mobile":{"background-color":"","background-image":"","background-repeat":"repeat","background-position":"center center","background-size":"auto","background-attachment":"scroll","background-type":"","background-media":"","overlay-type":"","overlay-color":"","overlay-opacity":"","overlay-gradient":""}},"ast-content-background-meta":{"desktop":{"background-color":"var(--ast-global-color-5)","background-image":"","background-repeat":"repeat","background-position":"center center","background-size":"auto","background-attachment":"scroll","background-type":"","background-media":"","overlay-type":"","overlay-color":"","overlay-opacity":"","overlay-gradient":""},"tablet":{"background-color":"var(--ast-global-color-5)","background-image":"","background-repeat":"repeat","background-position":"center center","background-size":"auto","background-attachment":"scroll","background-type":"","background-media":"","overlay-type":"","overlay-color":"","overlay-opacity":"","overlay-gradient":""},"mobile":{"background-color":"var(--ast-global-color-5)","background-image":"","background-repeat":"repeat","background-position":"center center","background-size":"auto","background-attachment":"scroll","background-type":"","background-media":"","overlay-type":"","overlay-color":"","overlay-opacity":"","overlay-gradient":""}},"footnotes":""},"class_list":["post-792","page","type-page","status-publish","hentry"],"jetpack_sharing_enabled":true,"_links":{"self":[{"href":"https:\/\/hoodtrendspredict.com\/es\/wp-json\/wp\/v2\/pages\/792","targetHints":{"allow":["GET"]}}],"collection":[{"href":"https:\/\/hoodtrendspredict.com\/es\/wp-json\/wp\/v2\/pages"}],"about":[{"href":"https:\/\/hoodtrendspredict.com\/es\/wp-json\/wp\/v2\/types\/page"}],"author":[{"embeddable":true,"href":"https:\/\/hoodtrendspredict.com\/es\/wp-json\/wp\/v2\/users\/1"}],"replies":[{"embeddable":true,"href":"https:\/\/hoodtrendspredict.com\/es\/wp-json\/wp\/v2\/comments?post=792"}],"version-history":[{"count":0,"href":"https:\/\/hoodtrendspredict.com\/es\/wp-json\/wp\/v2\/pages\/792\/revisions"}],"wp:attachment":[{"href":"https:\/\/hoodtrendspredict.com\/es\/wp-json\/wp\/v2\/media?parent=792"}],"curies":[{"name":"wp","href":"https:\/\/api.w.org\/{rel}","templated":true}]}}