{"id":797,"date":"2024-01-25T10:05:25","date_gmt":"2024-01-25T10:05:25","guid":{"rendered":"https:\/\/hoodtrendspredict.com\/?page_id=797"},"modified":"2024-02-12T09:20:23","modified_gmt":"2024-02-12T09:20:23","slug":"privacy-policy","status":"publish","type":"page","link":"https:\/\/hoodtrendspredict.com\/es\/privacy-policy\/","title":{"rendered":"pol\u00edtica de privacidad"},"content":{"rendered":"<h1>pol\u00edtica de privacidad<\/h1>\n<p>\u00daltima actualizaci\u00f3n: 12 de febrero de 2024<\/p>\n<p>Esta Pol\u00edtica de Privacidad describe nuestras pol\u00edticas y procedimientos sobre la recopilaci\u00f3n, el uso y la divulgaci\u00f3n de su informaci\u00f3n cuando usted utiliza el Servicio, y le informa sobre sus derechos de privacidad y c\u00f3mo la ley lo protege.<\/p>\n<p>Utilizamos sus datos personales para proporcionar y mejorar el Servicio. Al utilizar el Servicio, usted acepta la recopilaci\u00f3n y el uso de informaci\u00f3n de acuerdo con esta Pol\u00edtica de Privacidad.<\/p>\n<h2>Interpretaci\u00f3n y definiciones<\/h2>\n<h3>Interpretaci\u00f3n<\/h3>\n<p>Las palabras cuya letra inicial est\u00e1 en may\u00fascula tienen significados definidos bajo las siguientes condiciones. Las siguientes definiciones tendr\u00e1n el mismo significado, independientemente de si aparecen en singular o en plural.<\/p>\n<h3>Definiciones<\/h3>\n<p>A los efectos de esta Pol\u00edtica de Privacidad:<\/p>\n<ul>\n<li><strong>Cuenta<\/strong> significa una cuenta \u00fanica creada para que usted acceda a nuestro Servicio o a partes de nuestro Servicio.<\/li>\n<li><strong>Filial<\/strong> significa una entidad que controla, es controlada por o est\u00e1 bajo control com\u00fan con una parte, donde \u201ccontrol\u201d significa la propiedad de 50% o m\u00e1s de las acciones, participaci\u00f3n en el capital u otros valores con derecho a voto para la elecci\u00f3n de directores u otra autoridad administrativa.<\/li>\n<li><strong>Compa\u00f1\u00eda<\/strong> (denominada indistintamente como \u201cla Compa\u00f1\u00eda\u201d, \u201cNosotros\u201d, \u201cNos\u201d o \u201cNuestro\u201d en este Acuerdo) se refiere a Hoodtrends.<\/li>\n<li><strong>Galletas<\/strong> Son peque\u00f1os archivos que un sitio web coloca en su ordenador, dispositivo m\u00f3vil o cualquier otro dispositivo, y que contienen, entre otras cosas, los detalles de su historial de navegaci\u00f3n en dicho sitio web.<\/li>\n<li><strong>Pa\u00eds<\/strong> Se refiere a: Nigeria<\/li>\n<li><strong>Dispositivo<\/strong> significa cualquier dispositivo que pueda acceder al Servicio, como una computadora, un tel\u00e9fono celular o una tableta digital.<\/li>\n<li><strong>Datos personales<\/strong> es cualquier informaci\u00f3n que se relacione con un individuo identificado o identificable.<\/li>\n<li><strong>Servicio<\/strong> Se refiere al sitio web.<\/li>\n<li><strong>Proveedor de servicios<\/strong> Se refiere a cualquier persona f\u00edsica o jur\u00eddica que procese los datos en nombre de la Compa\u00f1\u00eda. Incluye a empresas o personas f\u00edsicas externas contratadas por la Compa\u00f1\u00eda para facilitar el Servicio, prestarlo en nombre de la Compa\u00f1\u00eda, realizar servicios relacionados con el Servicio o ayudar a la Compa\u00f1\u00eda a analizar su uso.<\/li>\n<li><strong>Datos de uso<\/strong> Se refiere a los datos recopilados autom\u00e1ticamente, ya sea generados por el uso del Servicio o por la propia infraestructura del Servicio (por ejemplo, la duraci\u00f3n de la visita a una p\u00e1gina).<\/li>\n<li><strong>Sitio web<\/strong> se refiere a Hoodtrends, accesible desde <a href=\"https:\/\/hoodtrendspredict.com\/es\/\" target=\"_blank\" rel=\"external nofollow noopener\">https:\/\/hoodtrendspredict.com<\/a><\/li>\n<li><strong>T\u00fa<\/strong> significa la persona que accede o utiliza el Servicio, o la empresa u otra entidad legal en nombre de la cual dicha persona accede o utiliza el Servicio, seg\u00fan corresponda.<\/li>\n<\/ul>\n<h2>Recopilaci\u00f3n y uso de sus datos personales<\/h2>\n<h3>Tipos de datos recopilados<\/h3>\n<h4>Datos personales<\/h4>\n<p>Al utilizar nuestro servicio, es posible que le solicitemos que nos proporcione cierta informaci\u00f3n personal que pueda utilizarse para contactarlo o identificarlo. Esta informaci\u00f3n personal puede incluir, entre otros:<\/p>\n<ul>\n<li>Direcci\u00f3n de correo electr\u00f3nico<\/li>\n<li>Nombre y apellido<\/li>\n<li>Datos de uso<\/li>\n<\/ul>\n<h4>Datos de uso<\/h4>\n<p>Los datos de uso se recopilan autom\u00e1ticamente al utilizar el Servicio.<\/p>\n<p>Los datos de uso pueden incluir informaci\u00f3n como la direcci\u00f3n de protocolo de Internet de su dispositivo (por ejemplo, direcci\u00f3n IP), el tipo de navegador, la versi\u00f3n del navegador, las p\u00e1ginas de nuestro Servicio que visita, la hora y la fecha de su visita, el tiempo que pasa en esas p\u00e1ginas, identificadores \u00fanicos del dispositivo y otros datos de diagn\u00f3stico.<\/p>\n<p>Cuando acceda al Servicio a trav\u00e9s de un dispositivo m\u00f3vil, podremos recopilar autom\u00e1ticamente cierta informaci\u00f3n, que incluye, entre otros, el tipo de dispositivo m\u00f3vil que utiliza, el identificador \u00fanico de su dispositivo m\u00f3vil, la direcci\u00f3n IP de su dispositivo m\u00f3vil, su sistema operativo m\u00f3vil, el tipo de navegador de Internet m\u00f3vil que utiliza, identificadores \u00fanicos del dispositivo y otros datos de diagn\u00f3stico.<\/p>\n<p>Tambi\u00e9n podemos recopilar informaci\u00f3n que su navegador env\u00eda cada vez que visita nuestro Servicio o cuando accede al Servicio a trav\u00e9s de un dispositivo m\u00f3vil.<\/p>\n<h4>Tecnolog\u00edas de seguimiento y cookies<\/h4>\n<p>Utilizamos cookies y tecnolog\u00edas de seguimiento similares para monitorizar la actividad en nuestro servicio y almacenar cierta informaci\u00f3n. Las tecnolog\u00edas de seguimiento que utilizamos son balizas web, etiquetas y scripts para recopilar y rastrear informaci\u00f3n, as\u00ed como para mejorar y analizar nuestro servicio. Las tecnolog\u00edas que utilizamos pueden incluir:<\/p>\n<ul>\n<li><strong>Cookies o cookies del navegador.<\/strong> Una cookie es un peque\u00f1o archivo que se almacena en tu dispositivo. Puedes configurar tu navegador para que rechace todas las cookies o para que te avise cuando se env\u00ede una. Sin embargo, si no aceptas las cookies, es posible que no puedas usar algunas partes de nuestro servicio. A menos que hayas configurado tu navegador para que rechace las cookies, nuestro servicio podr\u00eda utilizarlas.<\/li>\n<li><strong>Balizas web.<\/strong> Ciertas secciones de nuestro Servicio y nuestros correos electr\u00f3nicos pueden contener peque\u00f1os archivos electr\u00f3nicos conocidos como balizas web (tambi\u00e9n denominadas gifs transparentes, etiquetas de p\u00edxeles y gifs de un solo p\u00edxel) que permiten a la Compa\u00f1\u00eda, por ejemplo, contabilizar los usuarios que han visitado esas p\u00e1ginas o abierto un correo electr\u00f3nico y obtener otras estad\u00edsticas relacionadas con el sitio web (por ejemplo, registrar la popularidad de una secci\u00f3n determinada y verificar la integridad del sistema y del servidor).<\/li>\n<\/ul>\n<p>Las cookies pueden ser \u201cpersistentes\u201d o \u201cde sesi\u00f3n\u201d. Las cookies persistentes permanecen en su ordenador personal o dispositivo m\u00f3vil cuando se desconecta, mientras que las cookies de sesi\u00f3n se eliminan en cuanto cierra su navegador web. Obtenga m\u00e1s informaci\u00f3n sobre las cookies en el <a href=\"https:\/\/www.freeprivacypolicy.com\/blog\/sample-privacy-policy-template\/#Use_Of_Cookies_And_Tracking\" target=\"_blank\" rel=\"noopener nofollow\">Pol\u00edtica de privacidad gratuita<\/a> art\u00edculo.<\/p>\n<p>Utilizamos cookies de sesi\u00f3n y persistentes para los fines que se detallan a continuaci\u00f3n:<\/p>\n<ul>\n<li><strong>Cookies necesarias\/esenciales<\/strong>\n<p>Tipo: Cookies de sesi\u00f3n<\/p>\n<p>Administrado por: Nosotros<\/p>\n<p>Finalidad: Estas cookies son esenciales para proporcionarle los servicios disponibles a trav\u00e9s del sitio web y para que pueda utilizar algunas de sus funciones. Ayudan a autenticar a los usuarios y a prevenir el uso fraudulento de las cuentas. Sin estas cookies, no se pueden proporcionar los servicios que ha solicitado, y solo las utilizamos para ofrecerle dichos servicios.<\/li>\n<li><strong>Pol\u00edtica de cookies \/ Aviso de aceptaci\u00f3n de cookies<\/strong>\n<p>Tipo: Cookies persistentes<\/p>\n<p>Administrado por: Nosotros<\/p>\n<p>Finalidad: Estas cookies identifican si los usuarios han aceptado el uso de cookies en el sitio web.<\/li>\n<li><strong>Cookies de funcionalidad<\/strong>\n<p>Tipo: Cookies persistentes<\/p>\n<p>Administrado por: Nosotros<\/p>\n<p>Finalidad: Estas cookies nos permiten recordar las opciones que seleccionas al usar el sitio web, como tus datos de inicio de sesi\u00f3n o tu idioma preferido. El objetivo de estas cookies es ofrecerte una experiencia m\u00e1s personalizada y evitar que tengas que volver a introducir tus preferencias cada vez que uses el sitio web.<\/li>\n<\/ul>\n<p>Para obtener m\u00e1s informaci\u00f3n sobre las cookies que utilizamos y sus opciones al respecto, visite nuestra Pol\u00edtica de cookies o la secci\u00f3n de cookies de nuestra Pol\u00edtica de privacidad.<\/p>\n<h3>Uso de sus datos personales<\/h3>\n<p>La Compa\u00f1\u00eda podr\u00e1 utilizar los Datos Personales para los siguientes fines:<\/p>\n<ul>\n<li><strong>Para proporcionar y mantener nuestro Servicio<\/strong>, incluyendo el seguimiento del uso de nuestro Servicio.<\/li>\n<li><strong>Para gestionar su cuenta:<\/strong> Para gestionar tu registro como usuario del Servicio. Los datos personales que proporciones te permitir\u00e1n acceder a diferentes funcionalidades del Servicio disponibles para ti como usuario registrado.<\/li>\n<li><strong>Para la ejecuci\u00f3n de un contrato:<\/strong> el desarrollo, cumplimiento y ejecuci\u00f3n del contrato de compra de los productos, art\u00edculos o servicios que usted haya comprado o de cualquier otro contrato con nosotros a trav\u00e9s del Servicio.<\/li>\n<li><strong>Para contactarte:<\/strong> Para ponernos en contacto con usted por correo electr\u00f3nico, llamadas telef\u00f3nicas, SMS u otras formas equivalentes de comunicaci\u00f3n electr\u00f3nica, como las notificaciones push de una aplicaci\u00f3n m\u00f3vil, en relaci\u00f3n con actualizaciones o comunicaciones informativas relacionadas con las funcionalidades, productos o servicios contratados, incluidas las actualizaciones de seguridad, cuando sea necesario o razonable para su implementaci\u00f3n.<\/li>\n<li><strong>Para brindarle<\/strong> con noticias, ofertas especiales e informaci\u00f3n general sobre otros bienes, servicios y eventos que ofrecemos que son similares a los que ya ha comprado o sobre los que ha solicitado informaci\u00f3n, a menos que haya optado por no recibir dicha informaci\u00f3n.<\/li>\n<li><strong>Para gestionar sus solicitudes:<\/strong> Para atender y gestionar sus solicitudes.<\/li>\n<li><strong>Para transferencias comerciales:<\/strong> Podemos utilizar su informaci\u00f3n para evaluar o llevar a cabo una fusi\u00f3n, desinversi\u00f3n, reestructuraci\u00f3n, reorganizaci\u00f3n, disoluci\u00f3n u otra venta o transferencia de la totalidad o parte de nuestros activos, ya sea como empresa en funcionamiento o como parte de un procedimiento de quiebra, liquidaci\u00f3n o similar, en el que los datos personales que poseemos sobre los usuarios de nuestro servicio se encuentren entre los activos transferidos.<\/li>\n<li><strong>Para otros fines<\/strong>Podemos utilizar su informaci\u00f3n para otros fines, como el an\u00e1lisis de datos, la identificaci\u00f3n de tendencias de uso, la determinaci\u00f3n de la eficacia de nuestras campa\u00f1as promocionales y para evaluar y mejorar nuestro Servicio, productos, servicios, marketing y su experiencia.<\/li>\n<\/ul>\n<p>Podemos compartir su informaci\u00f3n personal en las siguientes situaciones:<\/p>\n<ul>\n<li><strong>Con los proveedores de servicios:<\/strong> Podemos compartir su informaci\u00f3n personal con proveedores de servicios para monitorear y analizar el uso de nuestro servicio y para ponernos en contacto con usted.<\/li>\n<li><strong>Para transferencias comerciales:<\/strong> Podemos compartir o transferir su informaci\u00f3n personal en relaci\u00f3n con, o durante las negociaciones de, cualquier fusi\u00f3n, venta de activos de la Compa\u00f1\u00eda, financiaci\u00f3n o adquisici\u00f3n de la totalidad o una parte de nuestro negocio por otra empresa.<\/li>\n<li><strong>Con afiliados:<\/strong> Podemos compartir su informaci\u00f3n con nuestras empresas afiliadas, en cuyo caso les exigiremos que respeten esta Pol\u00edtica de Privacidad. Nuestras empresas afiliadas incluyen nuestra empresa matriz y cualquier otra subsidiaria, socio de empresa conjunta u otras compa\u00f1\u00edas que controlemos o que est\u00e9n bajo control com\u00fan con nosotros.<\/li>\n<li><strong>Con socios comerciales:<\/strong> Podemos compartir su informaci\u00f3n con nuestros socios comerciales para ofrecerle determinados productos, servicios o promociones.<\/li>\n<li><strong>Con otros usuarios:<\/strong> Cuando usted comparte informaci\u00f3n personal o interact\u00faa de cualquier otra forma en las \u00e1reas p\u00fablicas con otros usuarios, dicha informaci\u00f3n puede ser vista por todos los usuarios y puede ser distribuida p\u00fablicamente fuera de la plataforma.<\/li>\n<li><strong>Con su consentimiento<\/strong>Podemos divulgar su informaci\u00f3n personal para cualquier otro prop\u00f3sito con su consentimiento.<\/li>\n<\/ul>\n<h3>Retenci\u00f3n de sus datos personales<\/h3>\n<p>La Compa\u00f1\u00eda conservar\u00e1 sus Datos Personales \u00fanicamente durante el tiempo necesario para los fines establecidos en esta Pol\u00edtica de Privacidad. Conservaremos y utilizaremos sus Datos Personales en la medida necesaria para cumplir con nuestras obligaciones legales (por ejemplo, si estamos obligados a conservar sus datos para cumplir con las leyes aplicables), resolver disputas y hacer cumplir nuestros acuerdos y pol\u00edticas legales.<\/p>\n<p>La Compa\u00f1\u00eda tambi\u00e9n conservar\u00e1 los Datos de Uso para fines de an\u00e1lisis interno. Por lo general, los Datos de Uso se conservan durante un per\u00edodo m\u00e1s corto, excepto cuando se utilizan para reforzar la seguridad o mejorar la funcionalidad de Nuestro Servicio, o cuando estamos legalmente obligados a conservarlos durante per\u00edodos m\u00e1s prolongados.<\/p>\n<h3>Transferencia de sus datos personales<\/h3>\n<p>Su informaci\u00f3n, incluidos sus datos personales, se procesa en las oficinas de la empresa y en cualquier otro lugar donde se encuentren las partes involucradas en el procesamiento. Esto significa que dicha informaci\u00f3n puede transferirse y almacenarse en ordenadores ubicados fuera de su estado, provincia, pa\u00eds u otra jurisdicci\u00f3n gubernamental, donde las leyes de protecci\u00f3n de datos pueden diferir de las de su jurisdicci\u00f3n.<\/p>\n<p>Su consentimiento a esta Pol\u00edtica de Privacidad, seguido del env\u00edo de dicha informaci\u00f3n, representa su aceptaci\u00f3n de dicha transferencia.<\/p>\n<p>La Compa\u00f1\u00eda adoptar\u00e1 todas las medidas razonablemente necesarias para garantizar que sus datos se traten de forma segura y de conformidad con esta Pol\u00edtica de Privacidad, y no se transferir\u00e1 ning\u00fan dato personal a ninguna organizaci\u00f3n ni pa\u00eds a menos que existan controles adecuados, incluida la seguridad de sus datos y otra informaci\u00f3n personal.<\/p>\n<h3>Eliminar sus datos personales<\/h3>\n<p>Usted tiene derecho a eliminar o a solicitar que le ayudemos a eliminar los Datos Personales que hemos recopilado sobre usted.<\/p>\n<p>Nuestro Servicio puede ofrecerle la posibilidad de eliminar cierta informaci\u00f3n sobre usted desde dentro del propio Servicio.<\/p>\n<p>Puedes actualizar, modificar o eliminar tu informaci\u00f3n en cualquier momento iniciando sesi\u00f3n en tu cuenta, si tienes una, y accediendo a la secci\u00f3n de configuraci\u00f3n de la cuenta, donde podr\u00e1s gestionar tu informaci\u00f3n personal. Tambi\u00e9n puedes contactarnos para solicitar acceso, corregir o eliminar cualquier informaci\u00f3n personal que nos hayas proporcionado.<\/p>\n<p>Tenga en cuenta, sin embargo, que es posible que debamos conservar cierta informaci\u00f3n cuando tengamos una obligaci\u00f3n legal o una base jur\u00eddica para hacerlo.<\/p>\n<h3>Divulgaci\u00f3n de sus datos personales<\/h3>\n<h4>Transacciones comerciales<\/h4>\n<p>Si la empresa participa en una fusi\u00f3n, adquisici\u00f3n o venta de activos, sus datos personales podr\u00e1n ser transferidos. Le notificaremos antes de que sus datos personales sean transferidos y queden sujetos a una pol\u00edtica de privacidad diferente.<\/p>\n<h4>fuerzas del orden<\/h4>\n<p>En determinadas circunstancias, la Compa\u00f1\u00eda podr\u00eda verse obligada a revelar sus Datos Personales si as\u00ed lo exige la ley o en respuesta a solicitudes v\u00e1lidas de autoridades p\u00fablicas (por ejemplo, un tribunal o una agencia gubernamental).<\/p>\n<h4>Otros requisitos legales<\/h4>\n<p>La Compa\u00f1\u00eda podr\u00e1 divulgar sus Datos Personales si cree de buena fe que dicha acci\u00f3n es necesaria para:<\/p>\n<ul>\n<li>Cumplir con una obligaci\u00f3n legal<\/li>\n<li>Proteger y defender los derechos o la propiedad de la Compa\u00f1\u00eda.<\/li>\n<li>Prevenir o investigar posibles irregularidades en relaci\u00f3n con el Servicio<\/li>\n<li>Proteger la seguridad personal de los Usuarios del Servicio o del p\u00fablico.<\/li>\n<li>Protegerse contra la responsabilidad legal<\/li>\n<\/ul>\n<h3>Seguridad de sus datos personales<\/h3>\n<p>La seguridad de sus datos personales es importante para nosotros, pero recuerde que ning\u00fan m\u00e9todo de transmisi\u00f3n por internet ni de almacenamiento electr\u00f3nico es 100% seguro. Si bien nos esforzamos por utilizar medios comercialmente aceptables para proteger sus datos personales, no podemos garantizar su seguridad absoluta.<\/p>\n<h2>Privacidad de los ni\u00f1os<\/h2>\n<p>Nuestro servicio no est\u00e1 dirigido a menores de 13 a\u00f1os. No recopilamos informaci\u00f3n personal identificable de menores de 13 a\u00f1os de forma intencionada. Si usted es padre, madre o tutor legal y sabe que su hijo\/a nos ha proporcionado datos personales, p\u00f3ngase en contacto con nosotros. Si detectamos que hemos recopilado datos personales de un menor de 13 a\u00f1os sin el consentimiento de sus padres, eliminaremos dicha informaci\u00f3n de nuestros servidores.<\/p>\n<p>Si necesitamos basarnos en el consentimiento como base legal para procesar su informaci\u00f3n y su pa\u00eds requiere el consentimiento de un padre o tutor, es posible que requieramos el consentimiento de sus padres o tutores antes de recopilar y utilizar esa informaci\u00f3n.<\/p>\n<h2>Enlaces a otros sitios web<\/h2>\n<p>Nuestro servicio puede contener enlaces a otros sitios web que no son operados por nosotros. Si hace clic en un enlace de terceros, ser\u00e1 redirigido al sitio web de dicho tercero. Le recomendamos encarecidamente que revise la pol\u00edtica de privacidad de cada sitio que visite.<\/p>\n<p>No tenemos control ni asumimos responsabilidad alguna por el contenido, las pol\u00edticas de privacidad o las pr\u00e1cticas de sitios o servicios de terceros.<\/p>\n<h2>Cambios en esta Pol\u00edtica de Privacidad<\/h2>\n<p>Es posible que actualicemos nuestra Pol\u00edtica de Privacidad peri\u00f3dicamente. Le notificaremos cualquier cambio publicando la nueva Pol\u00edtica de Privacidad en esta p\u00e1gina.<\/p>\n<p>Le informaremos por correo electr\u00f3nico y\/o mediante un aviso destacado en nuestro Servicio, antes de que el cambio entre en vigor, y actualizaremos la fecha de &quot;\u00daltima actualizaci\u00f3n&quot; en la parte superior de esta Pol\u00edtica de Privacidad.<\/p>\n<p>Se recomienda revisar esta Pol\u00edtica de Privacidad peri\u00f3dicamente para estar al tanto de cualquier cambio. Los cambios a esta Pol\u00edtica de Privacidad entran en vigor en el momento de su publicaci\u00f3n en esta p\u00e1gina.<\/p>\n<h2>Cont\u00e1ctanos<\/h2>\n<p>Si tiene alguna pregunta sobre esta Pol\u00edtica de Privacidad, puede ponerse en contacto con nosotros:<\/p>\n<ul>\n<li>Por correo electr\u00f3nico: hoodtrendspredict@gmail.com<\/li>\n<li>Al visitar esta p\u00e1gina de nuestro sitio web: <a href=\"https:\/\/hoodtrendspredict.com\/es\/contact-us\/\" target=\"_blank\" rel=\"external nofollow noopener\">https:\/\/hoodtrendspredict.com\/contact-us<\/a><\/li>\n<\/ul>","protected":false},"excerpt":{"rendered":"<p>Privacy Policy Last updated: February 12, 2024 This Privacy Policy describes Our policies and procedures on the collection, use and disclosure of Your information when [&hellip;]<\/p>\n","protected":false},"author":1,"featured_media":0,"parent":0,"menu_order":0,"comment_status":"closed","ping_status":"closed","template":"","meta":{"_monsterinsights_skip_tracking":false,"_monsterinsights_sitenote_active":false,"_monsterinsights_sitenote_note":"","_monsterinsights_sitenote_category":0,"site-sidebar-layout":"default","site-content-layout":"","ast-site-content-layout":"default","site-content-style":"default","site-sidebar-style":"default","ast-global-header-display":"","ast-banner-title-visibility":"","ast-main-header-display":"","ast-hfb-above-header-display":"","ast-hfb-below-header-display":"","ast-hfb-mobile-header-display":"","site-post-title":"","ast-breadcrumbs-content":"","ast-featured-img":"","footer-sml-layout":"","ast-disable-related-posts":"","theme-transparent-header-meta":"","adv-header-id-meta":"","stick-header-meta":"","header-above-stick-meta":"","header-main-stick-meta":"","header-below-stick-meta":"","astra-migrate-meta-layouts":"default","ast-page-background-enabled":"default","ast-page-background-meta":{"desktop":{"background-color":"","background-image":"","background-repeat":"repeat","background-position":"center center","background-size":"auto","background-attachment":"scroll","background-type":"","background-media":"","overlay-type":"","overlay-color":"","overlay-opacity":"","overlay-gradient":""},"tablet":{"background-color":"","background-image":"","background-repeat":"repeat","background-position":"center center","background-size":"auto","background-attachment":"scroll","background-type":"","background-media":"","overlay-type":"","overlay-color":"","overlay-opacity":"","overlay-gradient":""},"mobile":{"background-color":"","background-image":"","background-repeat":"repeat","background-position":"center center","background-size":"auto","background-attachment":"scroll","background-type":"","background-media":"","overlay-type":"","overlay-color":"","overlay-opacity":"","overlay-gradient":""}},"ast-content-background-meta":{"desktop":{"background-color":"var(--ast-global-color-5)","background-image":"","background-repeat":"repeat","background-position":"center center","background-size":"auto","background-attachment":"scroll","background-type":"","background-media":"","overlay-type":"","overlay-color":"","overlay-opacity":"","overlay-gradient":""},"tablet":{"background-color":"var(--ast-global-color-5)","background-image":"","background-repeat":"repeat","background-position":"center center","background-size":"auto","background-attachment":"scroll","background-type":"","background-media":"","overlay-type":"","overlay-color":"","overlay-opacity":"","overlay-gradient":""},"mobile":{"background-color":"var(--ast-global-color-5)","background-image":"","background-repeat":"repeat","background-position":"center center","background-size":"auto","background-attachment":"scroll","background-type":"","background-media":"","overlay-type":"","overlay-color":"","overlay-opacity":"","overlay-gradient":""}},"footnotes":""},"class_list":["post-797","page","type-page","status-publish","hentry"],"jetpack_sharing_enabled":true,"_links":{"self":[{"href":"https:\/\/hoodtrendspredict.com\/es\/wp-json\/wp\/v2\/pages\/797","targetHints":{"allow":["GET"]}}],"collection":[{"href":"https:\/\/hoodtrendspredict.com\/es\/wp-json\/wp\/v2\/pages"}],"about":[{"href":"https:\/\/hoodtrendspredict.com\/es\/wp-json\/wp\/v2\/types\/page"}],"author":[{"embeddable":true,"href":"https:\/\/hoodtrendspredict.com\/es\/wp-json\/wp\/v2\/users\/1"}],"replies":[{"embeddable":true,"href":"https:\/\/hoodtrendspredict.com\/es\/wp-json\/wp\/v2\/comments?post=797"}],"version-history":[{"count":0,"href":"https:\/\/hoodtrendspredict.com\/es\/wp-json\/wp\/v2\/pages\/797\/revisions"}],"wp:attachment":[{"href":"https:\/\/hoodtrendspredict.com\/es\/wp-json\/wp\/v2\/media?parent=797"}],"curies":[{"name":"wp","href":"https:\/\/api.w.org\/{rel}","templated":true}]}}