{"id":872,"date":"2024-02-12T08:39:23","date_gmt":"2024-02-12T08:39:23","guid":{"rendered":"https:\/\/hoodtrendspredict.com\/?page_id=872"},"modified":"2024-02-12T09:21:19","modified_gmt":"2024-02-12T09:21:19","slug":"terms-and-conditions","status":"publish","type":"page","link":"https:\/\/hoodtrendspredict.com\/es\/terms-and-conditions\/","title":{"rendered":"T\u00e9rminos y condiciones"},"content":{"rendered":"<h2><strong>T\u00e9rminos y condiciones<\/strong><\/h2>\n<p>\u00a1Bienvenidos a Hoodtrends Predict!<\/p>\n<p>Estos t\u00e9rminos y condiciones describen las reglas y regulaciones para el uso del sitio web de Hoodtrends Predict, ubicado en https:\/\/hoodtrendspredict.com.<\/p>\n<p>Al acceder a este sitio web, usted acepta estos t\u00e9rminos y condiciones. Si no est\u00e1 de acuerdo con todos los t\u00e9rminos y condiciones aqu\u00ed establecidos, no contin\u00fae utilizando Hoodtrends Predict.<\/p>\n<p>La siguiente terminolog\u00eda se aplica a estos T\u00e9rminos y Condiciones, Declaraci\u00f3n de Privacidad y Aviso Legal, y a todos los Acuerdos: &quot;Cliente&quot;, &quot;Usted&quot; y &quot;Su&quot; se refieren a usted, la persona que inicia sesi\u00f3n en este sitio web y cumple con los t\u00e9rminos y condiciones de la Compa\u00f1\u00eda. &quot;La Compa\u00f1\u00eda&quot;, &quot;Nosotros&quot;, &quot;Nuestro&quot; y &quot;Nos&quot; se refieren a nuestra Compa\u00f1\u00eda. &quot;Parte&quot;, &quot;Partes&quot; o &quot;Nosotros&quot; se refieren tanto al Cliente como a nosotros. Todos los t\u00e9rminos se refieren a la oferta, aceptaci\u00f3n y contraprestaci\u00f3n del pago necesario para llevar a cabo el proceso de nuestra asistencia al Cliente de la manera m\u00e1s apropiada para el prop\u00f3sito expreso de satisfacer las necesidades del Cliente con respecto a la prestaci\u00f3n de los servicios declarados por la Compa\u00f1\u00eda, de conformidad con y sujeto a la ley vigente de ng. Cualquier uso de la terminolog\u00eda anterior u otras palabras en singular, plural, may\u00fasculas y\/o \u00e9l\/ella o ellos, se consideran intercambiables y, por lo tanto, se refieren a lo mismo.<\/p>\n<h3><strong>Galletas<\/strong><\/h3>\n<p>Utilizamos cookies. Al acceder a Hoodtrends Predict, usted acepta el uso de cookies de acuerdo con la Pol\u00edtica de Privacidad de Hoodtrends Predict.<\/p>\n<p>La mayor\u00eda de los sitios web interactivos utilizan cookies para recuperar los datos del usuario en cada visita. Nuestro sitio web utiliza cookies para habilitar ciertas funciones y facilitar la navegaci\u00f3n a los visitantes. Algunos de nuestros socios afiliados o publicitarios tambi\u00e9n pueden utilizar cookies.<\/p>\n<h3><strong>Licencia<\/strong><\/h3>\n<p>Salvo que se indique lo contrario, Hoodtrends Predict y\/o sus licenciantes son titulares de los derechos de propiedad intelectual de todo el material presente en Hoodtrends Predict. Todos los derechos de propiedad intelectual est\u00e1n reservados. Usted puede acceder a este material desde Hoodtrends Predict para su uso personal, sujeto a las restricciones establecidas en estos t\u00e9rminos y condiciones.<\/p>\n<p>No debes:<\/p>\n<ul>\n<li>Republicar material de Hoodtrends Predict<\/li>\n<li>Vende, alquila o sublicencia material de Hoodtrends Predict.<\/li>\n<li>Reproducir, duplicar o copiar material de Hoodtrends Predict<\/li>\n<li>Redistribuir contenido de Hoodtrends Predict<\/li>\n<\/ul>\n<p>Algunas secciones de este sitio web ofrecen a los usuarios la oportunidad de publicar e intercambiar opiniones e informaci\u00f3n. Hoodtrends Predict no filtra, edita, publica ni revisa los comentarios antes de su publicaci\u00f3n. Los comentarios no reflejan las opiniones de Hoodtrends Predict, sus agentes ni sus afiliados. Los comentarios reflejan las opiniones de quien los publica. En la medida permitida por la ley, Hoodtrends Predict no ser\u00e1 responsable de los comentarios ni de los da\u00f1os o gastos ocasionados por el uso, la publicaci\u00f3n o la aparici\u00f3n de los comentarios en este sitio web.<\/p>\n<p>Hoodtrends Predict se reserva el derecho de supervisar todos los comentarios y de eliminar cualquier comentario que pueda considerarse inapropiado, ofensivo o que suponga una infracci\u00f3n de estos T\u00e9rminos y Condiciones.<\/p>\n<p>Usted garantiza y declara que:<\/p>\n<ul>\n<li>Usted tiene derecho a publicar comentarios en nuestro sitio web y cuenta con todas las licencias y consentimientos necesarios para hacerlo;<\/li>\n<li>Los comentarios no infringen ning\u00fan derecho de propiedad intelectual, incluidos, entre otros, los derechos de autor, las patentes o las marcas registradas de terceros;<\/li>\n<li>Los comentarios no contienen material difamatorio, calumnioso, ofensivo, indecente o ilegal que constituya una invasi\u00f3n de la privacidad.<\/li>\n<li>Los comentarios no se utilizar\u00e1n para solicitar o promocionar negocios o clientes, ni para presentar actividades comerciales o actividades ilegales.<\/li>\n<\/ul>\n<p>Por la presente, usted otorga a Hoodtrends Predict una licencia no exclusiva para usar, reproducir, editar y autorizar a otros a usar, reproducir y editar cualquiera de sus Comentarios en cualquier forma, formato o medio.<\/p>\n<h3><strong>Enlaces a nuestro contenido<\/strong><\/h3>\n<p>Las siguientes organizaciones pueden enlazar a nuestro sitio web sin aprobaci\u00f3n previa por escrito:<\/p>\n<ul>\n<li>agencias gubernamentales;<\/li>\n<li>Motores de b\u00fasqueda;<\/li>\n<li>Organizaciones de noticias;<\/li>\n<li>Los distribuidores de directorios en l\u00ednea pueden enlazar a nuestro sitio web de la misma manera que enlazan a los sitios web de otras empresas listadas; y<\/li>\n<li>Empresas acreditadas en todo el sistema, con excepci\u00f3n de organizaciones sin fines de lucro, centros comerciales ben\u00e9ficos y grupos de recaudaci\u00f3n de fondos ben\u00e9ficos, que no pueden crear hiperv\u00ednculos a nuestro sitio web.<\/li>\n<\/ul>\n<p>Estas organizaciones pueden enlazar a nuestra p\u00e1gina de inicio, a publicaciones o a otra informaci\u00f3n del sitio web siempre que el enlace: (a) no sea enga\u00f1oso de ninguna manera; (b) no implique falsamente patrocinio, respaldo o aprobaci\u00f3n de la parte que enlaza y sus productos y\/o servicios; y (c) se ajuste al contexto del sitio de la parte que enlaza.<\/p>\n<p>Podemos considerar y aprobar otras solicitudes de enlaces de los siguientes tipos de organizaciones:<\/p>\n<ul>\n<li>fuentes de informaci\u00f3n para consumidores y\/o empresas de conocimiento com\u00fan;<\/li>\n<li>sitios comunitarios .com;<\/li>\n<li>asociaciones u otros grupos que representan a organizaciones ben\u00e9ficas;<\/li>\n<li>distribuidores de directorios en l\u00ednea;<\/li>\n<li>portales de internet;<\/li>\n<li>firmas de contabilidad, derecho y consultor\u00eda; y<\/li>\n<li>instituciones educativas y asociaciones comerciales.<\/li>\n<\/ul>\n<p>Aprobaremos las solicitudes de enlaces de estas organizaciones si consideramos que: (a) el enlace no nos perjudicar\u00eda ni a nosotros mismos ni a nuestras empresas acreditadas; (b) la organizaci\u00f3n no tiene antecedentes negativos con nosotros; (c) el beneficio que obtenemos de la visibilidad del hiperv\u00ednculo compensa la ausencia de Hoodtrends Predict; y (d) el enlace se encuentra en el contexto de informaci\u00f3n general sobre recursos.<\/p>\n<p>Estas organizaciones pueden enlazar a nuestra p\u00e1gina de inicio siempre que el enlace: (a) no sea enga\u00f1oso de ninguna manera; (b) no implique falsamente patrocinio, respaldo o aprobaci\u00f3n de la parte que enlaza y sus productos o servicios; y (c) se ajuste al contexto del sitio de la parte que enlaza.<\/p>\n<p>Si su organizaci\u00f3n figura entre las mencionadas en el p\u00e1rrafo 2 y desea enlazar con nuestro sitio web, debe informarnos enviando un correo electr\u00f3nico a Hoodtrends Predict. Incluya su nombre, el nombre de su organizaci\u00f3n, informaci\u00f3n de contacto, la URL de su sitio web, una lista de las URL desde las que desea enlazar con nuestro sitio web y una lista de las URL de nuestro sitio a las que desea enlazar. Le responderemos en un plazo de 2 a 3 semanas.<\/p>\n<p>Las organizaciones autorizadas pueden crear hiperv\u00ednculos a nuestro sitio web de la siguiente manera:<\/p>\n<ul>\n<li>Mediante el uso de nuestro nombre corporativo; o<\/li>\n<li>Mediante el uso del localizador uniforme de recursos al que se enlaza; o<\/li>\n<li>Mediante el uso de cualquier otra descripci\u00f3n de nuestro sitio web que tenga sentido dentro del contexto y formato del contenido del sitio de la parte que enlaza.<\/li>\n<\/ul>\n<p>No se permitir\u00e1 el uso del logotipo u otras im\u00e1genes de Hoodtrends Predict para crear enlaces sin un acuerdo de licencia de marca registrada.<\/p>\n<h3><strong>iFrames<\/strong><\/h3>\n<p>Sin aprobaci\u00f3n previa y autorizaci\u00f3n por escrito, no podr\u00e1 crear marcos alrededor de nuestras p\u00e1ginas web que alteren de ninguna manera la presentaci\u00f3n visual o la apariencia de nuestro sitio web.<\/p>\n<h3><strong>Responsabilidad del contenido<\/strong><\/h3>\n<p>No nos hacemos responsables del contenido que aparezca en su sitio web. Usted se compromete a protegernos y defendernos ante cualquier reclamaci\u00f3n relacionada con su sitio web. No se permite incluir enlaces en ning\u00fan sitio web que puedan considerarse difamatorios, obscenos o delictivos, o que infrinjan, violen o promuevan la infracci\u00f3n o violaci\u00f3n de los derechos de terceros.<\/p>\n<h3><strong>Reserva de derechos<\/strong><\/h3>\n<p>Nos reservamos el derecho de solicitarle que elimine todos los enlaces o cualquier enlace espec\u00edfico a nuestro sitio web. Usted acepta eliminar inmediatamente todos los enlaces a nuestro sitio web cuando se lo solicitemos. Tambi\u00e9n nos reservamos el derecho de modificar estos t\u00e9rminos y condiciones y su pol\u00edtica de enlaces en cualquier momento. Al enlazar continuamente a nuestro sitio web, usted acepta estar sujeto a estos t\u00e9rminos y condiciones de enlace.<\/p>\n<h3><strong>Eliminaci\u00f3n de enlaces de nuestro sitio web<\/strong><\/h3>\n<p>Si encuentra alg\u00fan enlace en nuestro sitio web que le resulte ofensivo por cualquier motivo, puede contactarnos e informarnos en cualquier momento. Consideraremos las solicitudes para eliminar enlaces, pero no estamos obligados a hacerlo ni a responderle directamente.<\/p>\n<p>No garantizamos que la informaci\u00f3n de este sitio web sea correcta, ni aseguramos su integridad o exactitud; tampoco prometemos garantizar que el sitio web permanezca disponible ni que el material del sitio web se mantenga actualizado.<\/p>\n<h3><strong>Descargo de responsabilidad<\/strong><\/h3>\n<p>En la m\u00e1xima medida permitida por la ley aplicable, excluimos todas las declaraciones, garant\u00edas y condiciones relacionadas con nuestro sitio web y el uso del mismo. Nada de lo dispuesto en esta cl\u00e1usula de exenci\u00f3n de responsabilidad:<\/p>\n<ul>\n<li>limitar o excluir nuestra responsabilidad o la suya por muerte o lesiones personales;<\/li>\n<li>limitar o excluir nuestra responsabilidad o la suya por fraude o declaraci\u00f3n falsa fraudulenta;<\/li>\n<li>limitar cualquiera de nuestras responsabilidades o las suyas de cualquier manera que no est\u00e9 permitida por la ley aplicable; o<\/li>\n<li>excluir cualquiera de nuestras responsabilidades o las suyas que no puedan excluirse seg\u00fan la ley aplicable.<\/li>\n<\/ul>\n<p>Las limitaciones y prohibiciones de responsabilidad establecidas en esta Secci\u00f3n y en otras partes de esta exenci\u00f3n de responsabilidad: (a) est\u00e1n sujetas al p\u00e1rrafo anterior; y (b) rigen todas las responsabilidades que surjan bajo la exenci\u00f3n de responsabilidad, incluidas las responsabilidades que surjan en virtud de un contrato, en un acto il\u00edcito y por incumplimiento de un deber legal.<\/p>\n<p>Siempre y cuando el sitio web, as\u00ed como la informaci\u00f3n y los servicios que ofrece, se proporcionen de forma gratuita, no seremos responsables de ninguna p\u00e9rdida o da\u00f1o de ning\u00fan tipo.<\/p>","protected":false},"excerpt":{"rendered":"<p>Terms and Conditions Welcome to Hoodtrends Predict! These terms and conditions outline the rules and regulations for the use of Hoodtrends Predict&#8217;s Website, located at [&hellip;]<\/p>\n","protected":false},"author":1,"featured_media":0,"parent":0,"menu_order":0,"comment_status":"closed","ping_status":"closed","template":"","meta":{"_monsterinsights_skip_tracking":false,"_monsterinsights_sitenote_active":false,"_monsterinsights_sitenote_note":"","_monsterinsights_sitenote_category":0,"site-sidebar-layout":"default","site-content-layout":"","ast-site-content-layout":"default","site-content-style":"default","site-sidebar-style":"default","ast-global-header-display":"","ast-banner-title-visibility":"","ast-main-header-display":"","ast-hfb-above-header-display":"","ast-hfb-below-header-display":"","ast-hfb-mobile-header-display":"","site-post-title":"","ast-breadcrumbs-content":"","ast-featured-img":"","footer-sml-layout":"","ast-disable-related-posts":"","theme-transparent-header-meta":"","adv-header-id-meta":"","stick-header-meta":"","header-above-stick-meta":"","header-main-stick-meta":"","header-below-stick-meta":"","astra-migrate-meta-layouts":"default","ast-page-background-enabled":"default","ast-page-background-meta":{"desktop":{"background-color":"","background-image":"","background-repeat":"repeat","background-position":"center center","background-size":"auto","background-attachment":"scroll","background-type":"","background-media":"","overlay-type":"","overlay-color":"","overlay-opacity":"","overlay-gradient":""},"tablet":{"background-color":"","background-image":"","background-repeat":"repeat","background-position":"center center","background-size":"auto","background-attachment":"scroll","background-type":"","background-media":"","overlay-type":"","overlay-color":"","overlay-opacity":"","overlay-gradient":""},"mobile":{"background-color":"","background-image":"","background-repeat":"repeat","background-position":"center center","background-size":"auto","background-attachment":"scroll","background-type":"","background-media":"","overlay-type":"","overlay-color":"","overlay-opacity":"","overlay-gradient":""}},"ast-content-background-meta":{"desktop":{"background-color":"var(--ast-global-color-5)","background-image":"","background-repeat":"repeat","background-position":"center center","background-size":"auto","background-attachment":"scroll","background-type":"","background-media":"","overlay-type":"","overlay-color":"","overlay-opacity":"","overlay-gradient":""},"tablet":{"background-color":"var(--ast-global-color-5)","background-image":"","background-repeat":"repeat","background-position":"center center","background-size":"auto","background-attachment":"scroll","background-type":"","background-media":"","overlay-type":"","overlay-color":"","overlay-opacity":"","overlay-gradient":""},"mobile":{"background-color":"var(--ast-global-color-5)","background-image":"","background-repeat":"repeat","background-position":"center center","background-size":"auto","background-attachment":"scroll","background-type":"","background-media":"","overlay-type":"","overlay-color":"","overlay-opacity":"","overlay-gradient":""}},"footnotes":""},"class_list":["post-872","page","type-page","status-publish","hentry"],"jetpack_sharing_enabled":true,"_links":{"self":[{"href":"https:\/\/hoodtrendspredict.com\/es\/wp-json\/wp\/v2\/pages\/872","targetHints":{"allow":["GET"]}}],"collection":[{"href":"https:\/\/hoodtrendspredict.com\/es\/wp-json\/wp\/v2\/pages"}],"about":[{"href":"https:\/\/hoodtrendspredict.com\/es\/wp-json\/wp\/v2\/types\/page"}],"author":[{"embeddable":true,"href":"https:\/\/hoodtrendspredict.com\/es\/wp-json\/wp\/v2\/users\/1"}],"replies":[{"embeddable":true,"href":"https:\/\/hoodtrendspredict.com\/es\/wp-json\/wp\/v2\/comments?post=872"}],"version-history":[{"count":0,"href":"https:\/\/hoodtrendspredict.com\/es\/wp-json\/wp\/v2\/pages\/872\/revisions"}],"wp:attachment":[{"href":"https:\/\/hoodtrendspredict.com\/es\/wp-json\/wp\/v2\/media?parent=872"}],"curies":[{"name":"wp","href":"https:\/\/api.w.org\/{rel}","templated":true}]}}