{"id":12762,"date":"2026-01-14T13:16:04","date_gmt":"2026-01-14T13:16:04","guid":{"rendered":"https:\/\/hoodtrendspredict.com\/over-3-5-predictions-for-today\/"},"modified":"2026-04-24T07:07:03","modified_gmt":"2026-04-24T06:07:03","slug":"over-3-5-predictions-for-today","status":"publish","type":"page","link":"https:\/\/hoodtrendspredict.com\/fr\/over-3-5-predictions-for-today\/","title":{"rendered":"Plus de 3,5 pr\u00e9dictions pour aujourd&#039;hui"},"content":{"rendered":"<p><strong>Tendances du quartier<\/strong> vous offre les donn\u00e9es les plus pr\u00e9cises <strong>Plus de 3,5 pr\u00e9dictions pour aujourd&#039;hui<\/strong> \u2013 cibler les matchs \u00e0 score \u00e9lev\u00e9 o\u00f9 l&#039;on s&#039;attend \u00e0 quatre buts ou plus. <strong>Conseils pour plus de 3,5 buts<\/strong> Identifier les rencontres mettant en sc\u00e8ne des \u00e9quipes offensives, des d\u00e9fenses faibles et des tendances historiques qui laissent pr\u00e9sager des matchs riches en buts.<\/p>\n<h2>Plus de 3,5 pronostics pour aujourd&#039;hui<\/h2>\n<table class=\"table table-striped\">\n<thead>\n<tr>\n<th scope=\"col\" style=\"width:10%\">Temps<\/th>\n<th scope=\"col\" style=\"width:10%\" class=\"\">Ligue<\/th>\n<th scope=\"col\" style=\"width:50%\" class=\"\">Correspondre<\/th>\n<th scope=\"col\" style=\"width:20%\" class=\"\">Conseil<\/th>\n<th scope=\"col\" style=\"width:10%\">\n                                                                                            Chances\n                                                                                    <\/th>\n<\/tr>\n<\/thead>\n<tbody>\n<tr class=\"text-center\" data-jsone=\"\" onclick=\"if (!window.__cfRLUnblockHandlers) return false; window.location.href='https:\/\/focuspredict.com\/58485-35\/sunderland-vs-nottingham-forest'\" data-cf-modified-230f339bbb75965cf49dd157-=\"\">\n<td>20:00<\/p>\n<\/td>\n<td class=\"\"><span style=\"color: #0085f9 !important;\">Premier League anglaise<\/span><\/td>\n<td class=\"\">Sunderland \u00a0 <strong>contre<\/strong><br \/>\n                                                \u00a0For\u00eat de Nottingham<\/td>\n<td class=\"\"><strong>Moins de 3,5<\/strong><\/td>\n<td class=\"score\">\n<p>                                                <span><br \/>\n                                                                                                                                                                        <span class=\"blue-tips\"> 1.25 <\/span><br \/>\n                                                                                                                                                            <\/span>\n                                            <\/td>\n<\/tr>\n<tr class=\"text-center\" data-jsone=\"\" onclick=\"if (!window.__cfRLUnblockHandlers) return false; window.location.href='https:\/\/focuspredict.com\/58490-35\/cs-constantine-vs-cr-belouizdad'\" data-cf-modified-230f339bbb75965cf49dd157-=\"\">\n<td>21:00<\/p>\n<\/td>\n<td class=\"\"><span style=\"color: #0085f9 !important;\">Algeria   Coupe Nationale<\/span><\/td>\n<td class=\"\">CS Constantine \u00a0 <strong>contre<\/strong><br \/>\n                                                \u00a0CR Belouizdad<\/td>\n<td class=\"\"><strong>Moins de 3,5<\/strong><\/td>\n<td class=\"score\">\n<p>                                                <span><br \/>\n                                                                                                                                                                        <span class=\"blue-tips\"> 1.38 <\/span><br \/>\n                                                                                                                                                            <\/span>\n                                            <\/td>\n<\/tr>\n<tr class=\"text-center\" data-jsone=\"\" onclick=\"if (!window.__cfRLUnblockHandlers) return false; window.location.href='https:\/\/focuspredict.com\/58492-35\/estudiantes-de-rio-cuarto-vs-rosario-central'\" data-cf-modified-230f339bbb75965cf49dd157-=\"\">\n<td>23:15<\/p>\n<\/td>\n<td class=\"\"><span style=\"color: #0085f9 !important;\">Championnat professionnel de la Liga d&#039;Argentine..<\/span><\/td>\n<td class=\"\">Estudiantes de Rio Cuarto \u00a0 <strong>contre<\/strong><br \/>\n                                                \u00a0Rosario Central<\/td>\n<td class=\"\"><strong>Moins de 3,5<\/strong><\/td>\n<td class=\"score\">\n<p>                                                <span><br \/>\n                                                                                                                                                                        <span class=\"blue-tips\"> 1.14 <\/span><br \/>\n                                                                                                                                                            <\/span>\n                                            <\/td>\n<\/tr>\n<\/tbody>\n<\/table>\n<h3 class=\"pt-3 store_header\"> R\u00e9sultats des pr\u00e9dictions d&#039;hier<\/h3>\n<table class=\"table table-striped\">\n<thead>\n<tr>\n<th scope=\"col\" style=\"width:10%\">Date<\/th>\n<th scope=\"col\" style=\"width:10%\" class=\"\">Ligue<\/th>\n<th scope=\"col\" style=\"width:60%\" class=\"\">Correspondre<\/th>\n<th scope=\"col\" style=\"width:10%\" class=\"\">Conseil<\/th>\n<th scope=\"col\" style=\"\" class=\"testimonial-score\">Score<\/th>\n<\/tr>\n<\/thead>\n<tbody>\n<tr class=\"text-center\" onclick=\"if (!window.__cfRLUnblockHandlers) return false; window.location.href=' https:\/\/focuspredict.com\/58457-dc\/oviedo-vs-villarreal'\" data-cf-modified-230f339bbb75965cf49dd157-=\"\">\n<td>23\/04<\/td>\n<td class=\"\"><span style=\"color: #0085f9 !important;\">Espagne La Liga<\/span><\/td>\n<td class=\"\">Oviedo \u00a0 <strong>contre<\/strong><br \/>\n                                    \u00a0Villarreal<\/td>\n<td class=\"\"><strong><br \/>\n                                                                                    X2<br \/>\n                                                                            <\/strong>\n                                <\/td>\n<td class=\"score rc won\">\n<p>                                    <span>1 \u2013 1<\/p>\n<p>                                    <\/span>\n                                <\/td>\n<\/tr>\n<tr class=\"text-center\" onclick=\"if (!window.__cfRLUnblockHandlers) return false; window.location.href=' https:\/\/focuspredict.com\/58473-dc\/vikingur-reykjavik-vs-stjarnan'\" data-cf-modified-230f339bbb75965cf49dd157-=\"\">\n<td>23\/04<\/td>\n<td class=\"\"><span style=\"color: #0085f9 !important;\">Islande \u00darvalsdeild<\/span><\/td>\n<td class=\"\">Vikingur Reykjavik \u00a0 <strong>contre<\/strong><br \/>\n                                    \u00a0Stjarnan<\/td>\n<td class=\"\"><strong><br \/>\n                                                                                    1X<br \/>\n                                                                            <\/strong>\n                                <\/td>\n<td class=\"score rc won\">\n<p>                                    <span>3 \u2013 2<\/p>\n<p>                                    <\/span>\n                                <\/td>\n<\/tr>\n<tr class=\"text-center\" onclick=\"if (!window.__cfRLUnblockHandlers) return false; window.location.href=' https:\/\/focuspredict.com\/58474-25\/fh-hafnarfjordur-vs-valur-reykjavik'\" data-cf-modified-230f339bbb75965cf49dd157-=\"\">\n<td>23\/04<\/td>\n<td class=\"\"><span style=\"color: #0085f9 !important;\">Islande \u00darvalsdeild<\/span><\/td>\n<td class=\"\">FH hafnarfjordur \u00a0 <strong>contre<\/strong><br \/>\n                                    \u00a0Valur Reykjavik<\/td>\n<td class=\"\"><strong><br \/>\n                                                                                    Plus de 2,5<br \/>\n                                                                            <\/strong>\n                                <\/td>\n<td class=\"score rc won\">\n<p>                                    <span>3 \u2013 0<\/p>\n<p>                                    <\/span>\n                                <\/td>\n<\/tr>\n<tr class=\"text-center\" onclick=\"if (!window.__cfRLUnblockHandlers) return false; window.location.href=' https:\/\/focuspredict.com\/58417-f\/psv-eindhoven-vs-pec-zwolle'\" data-cf-modified-230f339bbb75965cf49dd157-=\"\">\n<td>23\/04<\/td>\n<td class=\"\"><span style=\"color: #0085f9 !important;\">Eredivisie des Pays-Bas<\/span><\/td>\n<td class=\"\">PSV Eindhoven \u00a0 <strong>contre<\/strong><br \/>\n                                    \u00a0PEC Zwolle<\/td>\n<td class=\"\"><strong><br \/>\n                                                                                    1<br \/>\n                                                                            <\/strong>\n                                <\/td>\n<td class=\"score rc won\">\n<p>                                    <span>6 \u2013 1<\/p>\n<p>                                    <\/span>\n                                <\/td>\n<\/tr>\n<tr class=\"text-center\" onclick=\"if (!window.__cfRLUnblockHandlers) return false; window.location.href=' https:\/\/focuspredict.com\/58418-25\/san-antonio-bulo-bulo-vs-real-oruro'\" data-cf-modified-230f339bbb75965cf49dd157-=\"\">\n<td>23\/04<\/td>\n<td class=\"\"><span style=\"color: #0085f9 !important;\">Bolivie Premi\u00e8re Division<\/span><\/td>\n<td class=\"\">San Antonio Bulo Bulo \u00a0 <strong>contre<\/strong><br \/>\n                                    \u00a0Real Oruro<\/td>\n<td class=\"\"><strong><br \/>\n                                                                                    Plus de 2,5<br \/>\n                                                                            <\/strong>\n                                <\/td>\n<td class=\"score rc won\">\n<p>                                    <span>2 \u2013 1<\/p>\n<p>                                    <\/span>\n                                <\/td>\n<\/tr>\n<tr class=\"text-center\" onclick=\"if (!window.__cfRLUnblockHandlers) return false; window.location.href=' https:\/\/focuspredict.com\/58467-15\/patro-eisden-vs-beerschot-va'\" data-cf-modified-230f339bbb75965cf49dd157-=\"\">\n<td>23\/04<\/td>\n<td class=\"\"><span style=\"color: #0085f9 !important;\">Ligue Jupiler Pro de Belgique<\/span><\/td>\n<td class=\"\">Patro Eisden \u00a0 <strong>contre<\/strong><br \/>\n                                    \u00a0Beerschot VA<\/td>\n<td class=\"\"><strong><br \/>\n                                                                                    Plus de 1,5<br \/>\n                                                                            <\/strong>\n                                <\/td>\n<td class=\"score rc won\">\n<p>                                    <span>1 \u2013 1<\/p>\n<p>                                    <\/span>\n                                <\/td>\n<\/tr>\n<tr class=\"text-center\" onclick=\"if (!window.__cfRLUnblockHandlers) return false; window.location.href=' https:\/\/focuspredict.com\/58470-dc\/sonderjyske-vs-fc-midtjylland'\" data-cf-modified-230f339bbb75965cf49dd157-=\"\">\n<td>23\/04<\/td>\n<td class=\"\"><span style=\"color: #0085f9 !important;\">Superliga du Danemark<\/span><\/td>\n<td class=\"\">Sonderjyske \u00a0 <strong>contre<\/strong><br \/>\n                                    \u00a0FC Midtjylland<\/td>\n<td class=\"\"><strong><br \/>\n                                                                                    X2<br \/>\n                                                                            <\/strong>\n                                <\/td>\n<td class=\"score rc won\">\n<p>                                    <span>1 \u2013 2<\/p>\n<p>                                    <\/span>\n                                <\/td>\n<\/tr>\n<tr class=\"text-center\" onclick=\"if (!window.__cfRLUnblockHandlers) return false; window.location.href=' https:\/\/focuspredict.com\/58481-f\/casa-pia-vs-sc-braga'\" data-cf-modified-230f339bbb75965cf49dd157-=\"\">\n<td>23\/04<\/td>\n<td class=\"\"><span style=\"color: #0085f9 !important;\">Portugal Primeira Liga<\/span><\/td>\n<td class=\"\">Casa Pia \u00a0 <strong>contre<\/strong><br \/>\n                                    \u00a0SC Braga<\/td>\n<td class=\"\"><strong><br \/>\n                                                                                    12<br \/>\n                                                                            <\/strong>\n                                <\/td>\n<td class=\"score rc won\">\n<p>                                    <span>0\u00a0&#8211;\u00a01<\/p>\n<p>                                    <\/span>\n                                <\/td>\n<\/tr>\n<tr class=\"text-center\" onclick=\"if (!window.__cfRLUnblockHandlers) return false; window.location.href=' https:\/\/focuspredict.com\/58472-dc\/aalborg-vs-b-93'\" data-cf-modified-230f339bbb75965cf49dd157-=\"\">\n<td>23\/04<\/td>\n<td class=\"\"><span style=\"color: #0085f9 !important;\">Danemark 1re division<\/span><\/td>\n<td class=\"\">Aalborg \u00a0 <strong>contre<\/strong><br \/>\n                                    \u00a0B 93<\/td>\n<td class=\"\"><strong><br \/>\n                                                                                    1X<br \/>\n                                                                            <\/strong>\n                                <\/td>\n<td class=\"score rc won\">\n<p>                                    <span>3 \u2013 2<\/p>\n<p>                                    <\/span>\n                                <\/td>\n<\/tr>\n<tr class=\"text-center\" onclick=\"if (!window.__cfRLUnblockHandlers) return false; window.location.href=' https:\/\/focuspredict.com\/58454-dc\/go-ahead-eagles-vs-az-alkmaar'\" data-cf-modified-230f339bbb75965cf49dd157-=\"\">\n<td>23\/04<\/td>\n<td class=\"\"><span style=\"color: #0085f9 !important;\">Eredivisie des Pays-Bas<\/span><\/td>\n<td class=\"\">Allez les Eagles ! \u00a0 <strong>contre<\/strong><br \/>\n                                    \u00a0AZ Alkmaar<\/td>\n<td class=\"\"><strong><br \/>\n                                                                                    X2<br \/>\n                                                                            <\/strong>\n                                <\/td>\n<td class=\"score rc won\">\n<p>                                    <span>0 \u2013 0<\/p>\n<p>                                    <\/span>\n                                <\/td>\n<\/tr>\n<tr class=\"text-center\" onclick=\"if (!window.__cfRLUnblockHandlers) return false; window.location.href=' https:\/\/focuspredict.com\/58479-f\/al-bataeh-vs-al-ain'\" data-cf-modified-230f339bbb75965cf49dd157-=\"\">\n<td>23\/04<\/td>\n<td class=\"\"><span style=\"color: #0085f9 !important;\">Ligue professionnelle des \u00c9mirats arabes unis<\/span><\/td>\n<td class=\"\">Al Bataeh \u00a0 <strong>contre<\/strong><br \/>\n                                    \u00a0Al Ain<\/td>\n<td class=\"\"><strong><br \/>\n                                                                                    2<br \/>\n                                                                            <\/strong>\n                                <\/td>\n<td class=\"score rc won\">\n<p>                                    <span>0 \u2013 2<\/p>\n<p>                                    <\/span>\n                                <\/td>\n<\/tr>\n<tr class=\"text-center\" onclick=\"if (!window.__cfRLUnblockHandlers) return false; window.location.href=' https:\/\/focuspredict.com\/58471-dc\/randers-fc-vs-fc-fredericia'\" data-cf-modified-230f339bbb75965cf49dd157-=\"\">\n<td>23\/04<\/td>\n<td class=\"\"><span style=\"color: #0085f9 !important;\">Superliga du Danemark<\/span><\/td>\n<td class=\"\">Randers FC \u00a0 <strong>contre<\/strong><br \/>\n                                    \u00a0FC Fredericia<\/td>\n<td class=\"\"><strong><br \/>\n                                                                                    1X<br \/>\n                                                                            <\/strong>\n                                <\/td>\n<td class=\"score rc won\">\n<p>                                    <span>2 \u2013 2<\/p>\n<p>                                    <\/span>\n                                <\/td>\n<\/tr>\n<tr class=\"text-center\" onclick=\"if (!window.__cfRLUnblockHandlers) return false; window.location.href=' https:\/\/focuspredict.com\/58464-15\/pyunik-yerevan-vs-fc-urartu'\" data-cf-modified-230f339bbb75965cf49dd157-=\"\">\n<td>23\/04<\/td>\n<td class=\"\"><span style=\"color: #0085f9 !important;\">Premier League arm\u00e9nienne<\/span><\/td>\n<td class=\"\">Pyunik Erevan \u00a0 <strong>contre<\/strong><br \/>\n                                    \u00a0FC Urartu<\/td>\n<td class=\"\"><strong><br \/>\n                                                                                    Plus de 1,5<br \/>\n                                                                            <\/strong>\n                                <\/td>\n<td class=\"score rc won\">\n<p>                                    <span>2 \u2013 1<\/p>\n<p>                                    <\/span>\n                                <\/td>\n<\/tr>\n<\/tbody>\n<\/table>\n<h2>Que sont les pr\u00e9dictions concernant le nombre de buts (plus de 3,5)\u00a0?<\/h2>\n<p><strong>Parier sur plus de 3,5 buts<\/strong> Pour que le pari soit gagnant, il faut qu&#039;un match produise au moins 4 buts. Ce type de pari s\u00e9duit les parieurs recherchant des cotes plus \u00e9lev\u00e9es sur des rencontres offensives et spectaculaires. <strong>Tendances du quartier<\/strong>, Nous analysons les performances offensives, les vuln\u00e9rabilit\u00e9s d\u00e9fensives et les tendances de score afin d&#039;identifier les matchs les plus susceptibles d&#039;atteindre ce seuil.<\/p>\n<p>Notre <strong>plus de 3,5 pr\u00e9dictions<\/strong> Ce ne sont pas des suppositions al\u00e9atoires\u00a0; elles reposent sur une analyse statistique d\u00e9taill\u00e9e. Nous examinons la moyenne de buts par match, les ratios de tirs cadr\u00e9s, les donn\u00e9es de buts attendus (xG) et l\u2019historique des confrontations directes. Lorsque plusieurs indicateurs sugg\u00e8rent un match \u00e0 score \u00e9lev\u00e9, la rencontre est retenue. <strong>plus de 3,5 pourboires<\/strong> liste.<\/p>\n<h2>Pronostics du jour pour plus de 3,5 buts\u00a0: analyse ax\u00e9e sur l\u2019attaque<\/h2>\n<p>Chaque <strong>pr\u00e9diction sup\u00e9rieure \u00e0 3,5<\/strong> sur <strong>HoodtrendsPredict.com<\/strong> Nous ciblons des sc\u00e9narios sp\u00e9cifiques \u00e0 score \u00e9lev\u00e9. Nous recherchons les matchs impliquant des \u00e9quipes qui marquent beaucoup mais d\u00e9fendent mal, les rencontres entre \u00e9quipes offensives dominantes, ou les matchs o\u00f9 les dispositifs tactiques favorisent un jeu ouvert et dynamique. Nos mod\u00e8les d&#039;IA traitent des milliers de points de donn\u00e9es pour calculer avec pr\u00e9cision. <strong>distributions de probabilit\u00e9 des objectifs<\/strong>.<\/p>\n<p>Les ligues r\u00e9put\u00e9es pour leurs matchs \u00e0 scores \u00e9lev\u00e9s figurent en bonne place dans notre classement. <strong>plus de 3,5 pourboires<\/strong>, y compris le <strong>Bundesliga<\/strong>, <strong>\u00c9redivisie<\/strong>, et <strong>Premier League<\/strong>. Nous identifions \u00e9galement la valeur de rencontres sp\u00e9cifiques dans toutes les ligues o\u00f9 les statistiques offensives sugg\u00e8rent quatre buts ou plus. <strong>Tendances du quartier<\/strong> est votre source de confiance pour <strong>Pr\u00e9dictions de matchs \u00e0 score \u00e9lev\u00e9<\/strong>.<\/p>\n<h2>Pronostics gratuits Plus de 3,5 buts \u2013 Cotes premium, sans frais<\/h2>\n<p>Acc\u00e8s complet <strong>Plus de 3,5 pr\u00e9dictions pour aujourd&#039;hui<\/strong> enti\u00e8rement gratuit sur <strong>HoodtrendsPredict.com<\/strong>. Avec des cotes g\u00e9n\u00e9ralement comprises entre 2,00 et 3,00, les gagnants <strong>plus de 3,5 pourboires<\/strong> Notre plateforme offre des rendements attractifs. Elle fournit ces pr\u00e9dictions de grande valeur sans aucun abonnement ni paiement requis\u00a0: une analyse de qualit\u00e9, accessible \u00e0 tous.<\/p>\n<div class=\"faq-section\">\n<h2>Foire aux questions<\/h2>\n<h3>Que signifie plus de 3,5 buts ?<\/h3>\n<p><strong>Plus de 3,5 buts<\/strong> Cela signifie que le match doit compter au moins 4 buts au total pour que le pari soit gagnant. Peu importe l&#039;\u00e9quipe qui marque\u00a0: seul le total des buts compte. Les scores de 4-0, 3-1 et 2-2 sont tous consid\u00e9r\u00e9s comme des paris \u00ab\u00a0plus de 3,5\u00a0\u00bb.<\/p>\n<h3>Pourquoi les chances de gagner sont-elles sup\u00e9rieures \u00e0 3,5 par rapport \u00e0 2,5\u00a0?<\/h3>\n<p><strong>Plus de 3,5 pr\u00e9dictions<\/strong> Les cotes sont plus \u00e9lev\u00e9es car moins de matchs atteignent 4 buts ou plus que 3. Cette probabilit\u00e9 r\u00e9duite permet aux bookmakers d&#039;offrir de meilleurs gains, ce qui est int\u00e9ressant lorsqu&#039;on rep\u00e8re des rencontres \u00e0 fort potentiel offensif.<\/p>\n<h3>Quelles ligues comptent le plus de matchs de plus de 3,5 rencontres\u00a0?<\/h3>\n<p>Le <strong>Bundesliga<\/strong> et <strong>\u00c9redivisie<\/strong> Ils produisent syst\u00e9matiquement les moyennes de buts par match les plus \u00e9lev\u00e9es. Cependant, notre analyse identifie <strong>plus de 3,5 opportunit\u00e9s<\/strong> dans toute ligue o\u00f9 des confrontations sp\u00e9cifiques entre \u00e9quipes laissent pr\u00e9sager un score \u00e9lev\u00e9.<\/p>\n<h3>Comment identifier plus de 3,5 correspondances ?<\/h3>\n<p>Nous analysons les moyennes de buts marqu\u00e9s par les \u00e9quipes, leurs faiblesses d\u00e9fensives, les donn\u00e9es xG, leur forme r\u00e9cente et l&#039;historique des confrontations directes. Les matchs o\u00f9 les statistiques combin\u00e9es sugg\u00e8rent une probabilit\u00e9 de 4 buts ou plus sont inclus dans notre analyse. <strong>plus de 3,5 pr\u00e9dictions<\/strong>.<\/p>\n<h3>Est-il possible de combiner plus de 3,5 paris dans un pari combin\u00e9\u00a0?<\/h3>\n<p>Oui, <strong>plus de 3,5 pourboires<\/strong> Ces s\u00e9lections peuvent \u00eatre combin\u00e9es en paris combin\u00e9s pour augmenter vos chances de gain. Cependant, chaque s\u00e9lection suppl\u00e9mentaire r\u00e9duit la probabilit\u00e9\u00a0; nous recommandons donc de limiter la taille de vos paris combin\u00e9s sur ce march\u00e9 \u00e0 risque plus \u00e9lev\u00e9.<\/p>\n<\/div>\n<p><strong>Tendances du quartier<\/strong> - Prime <strong>Plus de 3,5 pr\u00e9dictions pour aujourd&#039;hui<\/strong>. Des objectifs ambitieux. Des rendements encore plus \u00e9lev\u00e9s.<\/p>","protected":false},"excerpt":{"rendered":"<p>HoodtrendsPredict brings you the most accurate over 3.5 predictions for today \u2013 targeting high-scoring matches where four or more goals are expected. Our over 3.5 [&hellip;]<\/p>\n","protected":false},"author":1,"featured_media":0,"parent":0,"menu_order":0,"comment_status":"closed","ping_status":"closed","template":"","meta":{"_monsterinsights_skip_tracking":false,"_monsterinsights_sitenote_active":false,"_monsterinsights_sitenote_note":"","_monsterinsights_sitenote_category":0,"site-sidebar-layout":"default","site-content-layout":"","ast-site-content-layout":"default","site-content-style":"default","site-sidebar-style":"default","ast-global-header-display":"","ast-banner-title-visibility":"","ast-main-header-display":"","ast-hfb-above-header-display":"","ast-hfb-below-header-display":"","ast-hfb-mobile-header-display":"","site-post-title":"","ast-breadcrumbs-content":"","ast-featured-img":"","footer-sml-layout":"","ast-disable-related-posts":"","theme-transparent-header-meta":"","adv-header-id-meta":"","stick-header-meta":"","header-above-stick-meta":"","header-main-stick-meta":"","header-below-stick-meta":"","astra-migrate-meta-layouts":"set","ast-page-background-enabled":"default","ast-page-background-meta":{"desktop":{"background-color":"","background-image":"","background-repeat":"repeat","background-position":"center center","background-size":"auto","background-attachment":"scroll","background-type":"","background-media":"","overlay-type":"","overlay-color":"","overlay-opacity":"","overlay-gradient":""},"tablet":{"background-color":"","background-image":"","background-repeat":"repeat","background-position":"center center","background-size":"auto","background-attachment":"scroll","background-type":"","background-media":"","overlay-type":"","overlay-color":"","overlay-opacity":"","overlay-gradient":""},"mobile":{"background-color":"","background-image":"","background-repeat":"repeat","background-position":"center center","background-size":"auto","background-attachment":"scroll","background-type":"","background-media":"","overlay-type":"","overlay-color":"","overlay-opacity":"","overlay-gradient":""}},"ast-content-background-meta":{"desktop":{"background-color":"var(--ast-global-color-5)","background-image":"","background-repeat":"repeat","background-position":"center center","background-size":"auto","background-attachment":"scroll","background-type":"","background-media":"","overlay-type":"","overlay-color":"","overlay-opacity":"","overlay-gradient":""},"tablet":{"background-color":"var(--ast-global-color-5)","background-image":"","background-repeat":"repeat","background-position":"center center","background-size":"auto","background-attachment":"scroll","background-type":"","background-media":"","overlay-type":"","overlay-color":"","overlay-opacity":"","overlay-gradient":""},"mobile":{"background-color":"var(--ast-global-color-5)","background-image":"","background-repeat":"repeat","background-position":"center center","background-size":"auto","background-attachment":"scroll","background-type":"","background-media":"","overlay-type":"","overlay-color":"","overlay-opacity":"","overlay-gradient":""}},"footnotes":""},"class_list":["post-12762","page","type-page","status-publish","hentry"],"jetpack_sharing_enabled":true,"_links":{"self":[{"href":"https:\/\/hoodtrendspredict.com\/fr\/wp-json\/wp\/v2\/pages\/12762","targetHints":{"allow":["GET"]}}],"collection":[{"href":"https:\/\/hoodtrendspredict.com\/fr\/wp-json\/wp\/v2\/pages"}],"about":[{"href":"https:\/\/hoodtrendspredict.com\/fr\/wp-json\/wp\/v2\/types\/page"}],"author":[{"embeddable":true,"href":"https:\/\/hoodtrendspredict.com\/fr\/wp-json\/wp\/v2\/users\/1"}],"replies":[{"embeddable":true,"href":"https:\/\/hoodtrendspredict.com\/fr\/wp-json\/wp\/v2\/comments?post=12762"}],"version-history":[{"count":70,"href":"https:\/\/hoodtrendspredict.com\/fr\/wp-json\/wp\/v2\/pages\/12762\/revisions"}],"predecessor-version":[{"id":23965,"href":"https:\/\/hoodtrendspredict.com\/fr\/wp-json\/wp\/v2\/pages\/12762\/revisions\/23965"}],"wp:attachment":[{"href":"https:\/\/hoodtrendspredict.com\/fr\/wp-json\/wp\/v2\/media?parent=12762"}],"curies":[{"name":"wp","href":"https:\/\/api.w.org\/{rel}","templated":true}]}}