{"id":12764,"date":"2026-01-14T13:17:08","date_gmt":"2026-01-14T13:17:08","guid":{"rendered":"https:\/\/hoodtrendspredict.com\/win-predictions-for-today\/"},"modified":"2026-04-22T18:56:03","modified_gmt":"2026-04-22T17:56:03","slug":"sure-win-predictions-for-today","status":"publish","type":"page","link":"https:\/\/hoodtrendspredict.com\/fr\/sure-win-predictions-for-today\/","title":{"rendered":"Pronostics gagnants pour aujourd&#039;hui"},"content":{"rendered":"<p>Acc\u00e8s complet <strong>Pronostics gagnants pour aujourd&#039;hui<\/strong> enti\u00e8rement gratuit sur <strong>HoodtrendsPredict.com<\/strong>. Notre plateforme d\u00e9mocratise les pr\u00e9dictions de qualit\u00e9\u00a0: tout le monde b\u00e9n\u00e9ficie des m\u00eames r\u00e9sultats. <strong>Conseils d&#039;experts pour gagner<\/strong> Sans abonnement payant ni formule premium. Les pr\u00e9dictions sont mises \u00e0 jour en temps r\u00e9el en fonction de l&#039;\u00e9volution du match, vous garantissant ainsi des analyses toujours actuelles et pr\u00e9cises.<\/p>\n<h2>Matchs \u00e0 gagner absolument aujourd&#039;hui<\/h2>\n<table class=\"table table-striped\">\n<thead>\n<tr>\n<th scope=\"col\" style=\"width:10%\">Temps<\/th>\n<th scope=\"col\" style=\"width:10%\" class=\"\">Ligue<\/th>\n<th scope=\"col\" style=\"width:50%\" class=\"\">Correspondre<\/th>\n<th scope=\"col\" style=\"width:20%\" class=\"\">Conseil<\/th>\n<th scope=\"col\" style=\"width:10%\">\n                                                                                            Chances\n                                                                                    <\/th>\n<\/tr>\n<\/thead>\n<tbody>\n<tr class=\"text-center\" data-jsone=\"\">\n<td onclick=\"if (!window.__cfRLUnblockHandlers) return false; window.location.href='https:\/\/focuspredict.com\/58448-f\/shanghai-shenhua-vs-qingdao-jonoon'\" data-cf-modified-11d47df6bc03285b9902c7f1-=\"\">\n                                                13:00<\/p>\n<\/td>\n<td class=\"\" onclick=\"if (!window.__cfRLUnblockHandlers) return false; window.location.href='https:\/\/focuspredict.com\/58448-f\/shanghai-shenhua-vs-qingdao-jonoon'\" data-cf-modified-11d47df6bc03285b9902c7f1-=\"\">\n                                                <span style=\"color: #0085f9 !important;\">Super Ligue chinoise<\/span><\/td>\n<td class=\"\" onclick=\"if (!window.__cfRLUnblockHandlers) return false; window.location.href='https:\/\/focuspredict.com\/58448-f\/shanghai-shenhua-vs-qingdao-jonoon'\" data-cf-modified-11d47df6bc03285b9902c7f1-=\"\">\n                                                Shanghai Shenhua \u00a0 <strong>contre<\/strong><br \/>\n                                                \u00a0Jonoon de Qingdao<\/td>\n<td class=\"\" onclick=\"if (!window.__cfRLUnblockHandlers) return false; window.location.href='https:\/\/focuspredict.com\/58448-f\/shanghai-shenhua-vs-qingdao-jonoon'\" data-cf-modified-11d47df6bc03285b9902c7f1-=\"\">\n                                                <strong>Accueil (1)<\/strong>\n                                            <\/td>\n<td class=\"score\" onclick=\"if (!window.__cfRLUnblockHandlers) return false; window.location.href='https:\/\/focuspredict.com\/58448-f\/shanghai-shenhua-vs-qingdao-jonoon'\" data-cf-modified-11d47df6bc03285b9902c7f1-=\"\">\n<p>                                                <span><br \/>\n                                                                                                                                                                        <span class=\"blue-tips\"> 1.30 <\/span><br \/>\n                                                                                                                                                            <\/span>\n                                            <\/td>\n<\/tr>\n<tr class=\"text-center\" data-jsone=\"\">\n<td onclick=\"if (!window.__cfRLUnblockHandlers) return false; window.location.href='https:\/\/focuspredict.com\/58447-f\/tammeka-vs-fc-levadia-tallinn'\" data-cf-modified-11d47df6bc03285b9902c7f1-=\"\">\n                                                17:00<\/p>\n<\/td>\n<td class=\"\" onclick=\"if (!window.__cfRLUnblockHandlers) return false; window.location.href='https:\/\/focuspredict.com\/58447-f\/tammeka-vs-fc-levadia-tallinn'\" data-cf-modified-11d47df6bc03285b9902c7f1-=\"\">\n                                                <span style=\"color: #0085f9 !important;\">Estonie Meistriliiga<\/span><\/td>\n<td class=\"\" onclick=\"if (!window.__cfRLUnblockHandlers) return false; window.location.href='https:\/\/focuspredict.com\/58447-f\/tammeka-vs-fc-levadia-tallinn'\" data-cf-modified-11d47df6bc03285b9902c7f1-=\"\">\n                                                Tammeka \u00a0 <strong>contre<\/strong><br \/>\n                                                \u00a0FC Levadia Tallinn<\/td>\n<td class=\"\" onclick=\"if (!window.__cfRLUnblockHandlers) return false; window.location.href='https:\/\/focuspredict.com\/58447-f\/tammeka-vs-fc-levadia-tallinn'\" data-cf-modified-11d47df6bc03285b9902c7f1-=\"\">\n                                                <strong>Loin (2)<\/strong>\n                                            <\/td>\n<td class=\"score\" onclick=\"if (!window.__cfRLUnblockHandlers) return false; window.location.href='https:\/\/focuspredict.com\/58447-f\/tammeka-vs-fc-levadia-tallinn'\" data-cf-modified-11d47df6bc03285b9902c7f1-=\"\">\n<p>                                                <span><br \/>\n                                                                                                                                                                        <span class=\"blue-tips\"> 1.27 <\/span><br \/>\n                                                                                                                                                            <\/span>\n                                            <\/td>\n<\/tr>\n<tr class=\"text-center\" data-jsone=\"\">\n<td onclick=\"if (!window.__cfRLUnblockHandlers) return false; window.location.href='https:\/\/focuspredict.com\/58444-f\/istra-1961-vs-dinamo-zagreb'\" data-cf-modified-11d47df6bc03285b9902c7f1-=\"\">\n                                                19:15<\/p>\n<\/td>\n<td class=\"\" onclick=\"if (!window.__cfRLUnblockHandlers) return false; window.location.href='https:\/\/focuspredict.com\/58444-f\/istra-1961-vs-dinamo-zagreb'\" data-cf-modified-11d47df6bc03285b9902c7f1-=\"\">\n                                                <span style=\"color: #0085f9 !important;\">Croatie HNL<\/span><\/td>\n<td class=\"\" onclick=\"if (!window.__cfRLUnblockHandlers) return false; window.location.href='https:\/\/focuspredict.com\/58444-f\/istra-1961-vs-dinamo-zagreb'\" data-cf-modified-11d47df6bc03285b9902c7f1-=\"\">\n                                                Istra 1961 \u00a0 <strong>contre<\/strong><br \/>\n                                                \u00a0Dinamo Zagreb<\/td>\n<td class=\"\" onclick=\"if (!window.__cfRLUnblockHandlers) return false; window.location.href='https:\/\/focuspredict.com\/58444-f\/istra-1961-vs-dinamo-zagreb'\" data-cf-modified-11d47df6bc03285b9902c7f1-=\"\">\n                                                <strong>Loin (2)<\/strong>\n                                            <\/td>\n<td class=\"score\" onclick=\"if (!window.__cfRLUnblockHandlers) return false; window.location.href='https:\/\/focuspredict.com\/58444-f\/istra-1961-vs-dinamo-zagreb'\" data-cf-modified-11d47df6bc03285b9902c7f1-=\"\">\n<p>                                                <span><br \/>\n                                                                                                                                                                        <span class=\"blue-tips\"> 1.25 <\/span><br \/>\n                                                                                                                                                            <\/span>\n                                            <\/td>\n<\/tr>\n<tr class=\"text-center\" data-jsone=\"\">\n<td onclick=\"if (!window.__cfRLUnblockHandlers) return false; window.location.href='https:\/\/focuspredict.com\/58436-f\/club-brugge-kv-vs-kv-mechelen'\" data-cf-modified-11d47df6bc03285b9902c7f1-=\"\">\n                                                19:30<\/p>\n<\/td>\n<td class=\"\" onclick=\"if (!window.__cfRLUnblockHandlers) return false; window.location.href='https:\/\/focuspredict.com\/58436-f\/club-brugge-kv-vs-kv-mechelen'\" data-cf-modified-11d47df6bc03285b9902c7f1-=\"\">\n                                                <span style=\"color: #0085f9 !important;\">Ligue Jupiler Pro de Belgique<\/span><\/td>\n<td class=\"\" onclick=\"if (!window.__cfRLUnblockHandlers) return false; window.location.href='https:\/\/focuspredict.com\/58436-f\/club-brugge-kv-vs-kv-mechelen'\" data-cf-modified-11d47df6bc03285b9902c7f1-=\"\">\n                                                Club Brugge KV \u00a0 <strong>contre<\/strong><br \/>\n                                                \u00a0KV Mechelen<\/td>\n<td class=\"\" onclick=\"if (!window.__cfRLUnblockHandlers) return false; window.location.href='https:\/\/focuspredict.com\/58436-f\/club-brugge-kv-vs-kv-mechelen'\" data-cf-modified-11d47df6bc03285b9902c7f1-=\"\">\n                                                <strong>Accueil (1)<\/strong>\n                                            <\/td>\n<td class=\"score\" onclick=\"if (!window.__cfRLUnblockHandlers) return false; window.location.href='https:\/\/focuspredict.com\/58436-f\/club-brugge-kv-vs-kv-mechelen'\" data-cf-modified-11d47df6bc03285b9902c7f1-=\"\">\n<p>                                                <span><br \/>\n                                                                                                                                                                        <span class=\"blue-tips\"> 1.22 <\/span><br \/>\n                                                                                                                                                            <\/span>\n                                            <\/td>\n<\/tr>\n<tr class=\"text-center\" data-jsone=\"\">\n<td onclick=\"if (!window.__cfRLUnblockHandlers) return false; window.location.href='https:\/\/focuspredict.com\/58443-f\/cardiff-vs-port-vale'\" data-cf-modified-11d47df6bc03285b9902c7f1-=\"\">\n                                                19:45<\/p>\n<\/td>\n<td class=\"\" onclick=\"if (!window.__cfRLUnblockHandlers) return false; window.location.href='https:\/\/focuspredict.com\/58443-f\/cardiff-vs-port-vale'\" data-cf-modified-11d47df6bc03285b9902c7f1-=\"\">\n                                                <span style=\"color: #0085f9 !important;\">Ligue 1 anglaise<\/span><\/td>\n<td class=\"\" onclick=\"if (!window.__cfRLUnblockHandlers) return false; window.location.href='https:\/\/focuspredict.com\/58443-f\/cardiff-vs-port-vale'\" data-cf-modified-11d47df6bc03285b9902c7f1-=\"\">\n                                                Cardiff \u00a0 <strong>contre<\/strong><br \/>\n                                                \u00a0Port Vale<\/td>\n<td class=\"\" onclick=\"if (!window.__cfRLUnblockHandlers) return false; window.location.href='https:\/\/focuspredict.com\/58443-f\/cardiff-vs-port-vale'\" data-cf-modified-11d47df6bc03285b9902c7f1-=\"\">\n                                                <strong>Accueil (1)<\/strong>\n                                            <\/td>\n<td class=\"score\" onclick=\"if (!window.__cfRLUnblockHandlers) return false; window.location.href='https:\/\/focuspredict.com\/58443-f\/cardiff-vs-port-vale'\" data-cf-modified-11d47df6bc03285b9902c7f1-=\"\">\n<p>                                                <span><br \/>\n                                                                                                                                                                        <span class=\"blue-tips\"> 1.28 <\/span><br \/>\n                                                                                                                                                            <\/span>\n                                            <\/td>\n<\/tr>\n<tr class=\"text-center\" data-jsone=\"\">\n<td onclick=\"if (!window.__cfRLUnblockHandlers) return false; window.location.href='https:\/\/focuspredict.com\/58390-f\/barcelona-vs-celta-vigo'\" data-cf-modified-11d47df6bc03285b9902c7f1-=\"\">\n                                                20:30<\/p>\n<\/td>\n<td class=\"\" onclick=\"if (!window.__cfRLUnblockHandlers) return false; window.location.href='https:\/\/focuspredict.com\/58390-f\/barcelona-vs-celta-vigo'\" data-cf-modified-11d47df6bc03285b9902c7f1-=\"\">\n                                                <span style=\"color: #0085f9 !important;\">Espagne La Liga<\/span><\/td>\n<td class=\"\" onclick=\"if (!window.__cfRLUnblockHandlers) return false; window.location.href='https:\/\/focuspredict.com\/58390-f\/barcelona-vs-celta-vigo'\" data-cf-modified-11d47df6bc03285b9902c7f1-=\"\">\n                                                Barcelone \u00a0 <strong>contre<\/strong><br \/>\n                                                \u00a0Celta Vigo<\/td>\n<td class=\"\" onclick=\"if (!window.__cfRLUnblockHandlers) return false; window.location.href='https:\/\/focuspredict.com\/58390-f\/barcelona-vs-celta-vigo'\" data-cf-modified-11d47df6bc03285b9902c7f1-=\"\">\n                                                <strong>Accueil (1)<\/strong>\n                                            <\/td>\n<td class=\"score\" onclick=\"if (!window.__cfRLUnblockHandlers) return false; window.location.href='https:\/\/focuspredict.com\/58390-f\/barcelona-vs-celta-vigo'\" data-cf-modified-11d47df6bc03285b9902c7f1-=\"\">\n<p>                                                <span><br \/>\n                                                                                                                                                                        <span class=\"blue-tips\"> 1.22 <\/span><br \/>\n                                                                                                                                                            <\/span>\n                                            <\/td>\n<\/tr>\n<\/tbody>\n<\/table>\n<h2>Jeux du jour<\/h2>\n<p>Une pr\u00e9diction de victoire identifie les matchs o\u00f9 une \u00e9quipe poss\u00e8de un avantage d\u00e9cisif qui rend sa victoire hautement probable. <strong>Tendances du quartier<\/strong>, Nous ne nous contentons pas de d\u00e9signer des favoris\u00a0; nous analysons les donn\u00e9es sous-jacentes pour confirmer les chances r\u00e9elles de victoire des favoris. Cela inclut l\u2019examen de leur forme r\u00e9cente, de la force de l\u2019\u00e9quipe, de leur motivation et des confrontations directes.<\/p>\n<p>Notre <strong>Conseils gagnants pour aujourd&#039;hui<\/strong> Les sc\u00e9narios cibles o\u00f9 l&#039;avantage statistique est ind\u00e9niable\u00a0: les meilleures \u00e9quipes affrontant les derni\u00e8res, les \u00e9quipes invaincues rencontrant des adversaires en difficult\u00e9, ou les \u00e9quipes \u00e0 domicile, solides comme des forteresses, accueillant des \u00e9quipes en d\u00e9placement m\u00e9diocres. Lorsque les donn\u00e9es soutiennent massivement un r\u00e9sultat, celui-ci devient un <strong>s\u00e9lection gagnante<\/strong>.<\/p>\n<h2>Pr\u00e9dictions de victoires gratuites<\/h2>\n<p>Acc\u00e8s complet <strong>Pronostics gagnants pour aujourd&#039;hui<\/strong> enti\u00e8rement gratuit sur <strong>HoodtrendsPredict.com<\/strong>. Notre plateforme d\u00e9mocratise les pr\u00e9dictions de qualit\u00e9\u00a0: tout le monde b\u00e9n\u00e9ficie des m\u00eames r\u00e9sultats. <strong>Conseils d&#039;experts pour gagner<\/strong> Sans abonnement payant ni formule premium. Les pr\u00e9dictions sont mises \u00e0 jour en temps r\u00e9el en fonction de l&#039;\u00e9volution du match, vous garantissant ainsi des analyses toujours actuelles et pr\u00e9cises.<\/p>\n<div class=\"faq-section\">\n<h2>Foire aux questions<\/h2>\n<h3>Qu&#039;est-ce qu&#039;une pr\u00e9diction de victoire\u00a0?<\/h3>\n<p>A <strong>pr\u00e9diction de victoire<\/strong> Il s&#039;agit d&#039;un r\u00e9sultat de match pour lequel notre analyse statistique indique une probabilit\u00e9 exceptionnellement \u00e9lev\u00e9e de victoire pour une \u00e9quipe. Ces pronostics mettent en avant des favoris incontestables, \u00e9tay\u00e9s par des donn\u00e9es solides issues de multiples indicateurs.<\/p>\n<h3>Les pr\u00e9dictions de victoire sont-elles fiables ?<\/h3>\n<p>Notre <strong>Conseils pour gagner<\/strong> Nos m\u00e9thodes sont con\u00e7ues pour optimiser la pr\u00e9cision en ne s\u00e9lectionnant que les correspondances b\u00e9n\u00e9ficiant d&#039;un soutien statistique incontestable. Bien qu&#039;aucune pr\u00e9diction ne soit garantie, notre m\u00e9thodologie rigoureuse offre des taux de r\u00e9ussite constants.<\/p>\n<h3>Quelles sont les chances de victoire offertes par les pronostics ?<\/h3>\n<p><strong>Pr\u00e9dictions de victoire<\/strong> Les cotes se situent g\u00e9n\u00e9ralement entre 1,15 et 1,50. Plus la cote est basse, plus la probabilit\u00e9 de gain est \u00e9lev\u00e9e. De nombreux parieurs combinent plusieurs gains en paris combin\u00e9s pour obtenir des cotes plus avantageuses.<\/p>\n<h3>Les favoris peuvent-ils encore perdre m\u00eame en remportant des matchs ?<\/h3>\n<p>Oui, les surprises arrivent au football \u2013 c&#039;est ce qui rend ce sport passionnant. Cependant, <strong>pr\u00e9dictions de victoire<\/strong> identifier les matchs o\u00f9 les surprises sont statistiquement les moins probables sur la base d&#039;une analyse de donn\u00e9es exhaustive.<\/p>\n<h3>Combien de pronostics de victoire fournissez-vous par jour\u00a0?<\/h3>\n<p>Nous fournissons 3 \u00e0 6 <strong>pr\u00e9dictions de victoire<\/strong> Chaque jour, en fonction des matchs disponibles. Nous privil\u00e9gions la qualit\u00e9 \u00e0 la quantit\u00e9\u00a0: nous ne publions les victoires que lorsqu\u2019il existe de r\u00e9elles opportunit\u00e9s \u00e0 forte probabilit\u00e9.<\/p>\n<\/div>\n<p><strong>Tendances du quartier<\/strong> - Expert <strong>Pronostics gagnants pour aujourd&#039;hui<\/strong>. Une confiance \u00e9tay\u00e9e par des donn\u00e9es.<\/p>","protected":false},"excerpt":{"rendered":"<p>Access all win predictions for today completely free on HoodtrendsPredict.com. Our platform democratizes quality predictions \u2013 everyone gets the same expert win tips without paywalls [&hellip;]<\/p>\n","protected":false},"author":1,"featured_media":0,"parent":0,"menu_order":0,"comment_status":"closed","ping_status":"closed","template":"","meta":{"_monsterinsights_skip_tracking":false,"_monsterinsights_sitenote_active":false,"_monsterinsights_sitenote_note":"","_monsterinsights_sitenote_category":0,"site-sidebar-layout":"default","site-content-layout":"","ast-site-content-layout":"default","site-content-style":"default","site-sidebar-style":"default","ast-global-header-display":"","ast-banner-title-visibility":"","ast-main-header-display":"","ast-hfb-above-header-display":"","ast-hfb-below-header-display":"","ast-hfb-mobile-header-display":"","site-post-title":"","ast-breadcrumbs-content":"","ast-featured-img":"","footer-sml-layout":"","ast-disable-related-posts":"","theme-transparent-header-meta":"","adv-header-id-meta":"","stick-header-meta":"","header-above-stick-meta":"","header-main-stick-meta":"","header-below-stick-meta":"","astra-migrate-meta-layouts":"set","ast-page-background-enabled":"default","ast-page-background-meta":{"desktop":{"background-color":"","background-image":"","background-repeat":"repeat","background-position":"center center","background-size":"auto","background-attachment":"scroll","background-type":"","background-media":"","overlay-type":"","overlay-color":"","overlay-opacity":"","overlay-gradient":""},"tablet":{"background-color":"","background-image":"","background-repeat":"repeat","background-position":"center center","background-size":"auto","background-attachment":"scroll","background-type":"","background-media":"","overlay-type":"","overlay-color":"","overlay-opacity":"","overlay-gradient":""},"mobile":{"background-color":"","background-image":"","background-repeat":"repeat","background-position":"center center","background-size":"auto","background-attachment":"scroll","background-type":"","background-media":"","overlay-type":"","overlay-color":"","overlay-opacity":"","overlay-gradient":""}},"ast-content-background-meta":{"desktop":{"background-color":"var(--ast-global-color-5)","background-image":"","background-repeat":"repeat","background-position":"center center","background-size":"auto","background-attachment":"scroll","background-type":"","background-media":"","overlay-type":"","overlay-color":"","overlay-opacity":"","overlay-gradient":""},"tablet":{"background-color":"var(--ast-global-color-5)","background-image":"","background-repeat":"repeat","background-position":"center center","background-size":"auto","background-attachment":"scroll","background-type":"","background-media":"","overlay-type":"","overlay-color":"","overlay-opacity":"","overlay-gradient":""},"mobile":{"background-color":"var(--ast-global-color-5)","background-image":"","background-repeat":"repeat","background-position":"center center","background-size":"auto","background-attachment":"scroll","background-type":"","background-media":"","overlay-type":"","overlay-color":"","overlay-opacity":"","overlay-gradient":""}},"footnotes":""},"class_list":["post-12764","page","type-page","status-publish","hentry"],"jetpack_sharing_enabled":true,"_links":{"self":[{"href":"https:\/\/hoodtrendspredict.com\/fr\/wp-json\/wp\/v2\/pages\/12764","targetHints":{"allow":["GET"]}}],"collection":[{"href":"https:\/\/hoodtrendspredict.com\/fr\/wp-json\/wp\/v2\/pages"}],"about":[{"href":"https:\/\/hoodtrendspredict.com\/fr\/wp-json\/wp\/v2\/types\/page"}],"author":[{"embeddable":true,"href":"https:\/\/hoodtrendspredict.com\/fr\/wp-json\/wp\/v2\/users\/1"}],"replies":[{"embeddable":true,"href":"https:\/\/hoodtrendspredict.com\/fr\/wp-json\/wp\/v2\/comments?post=12764"}],"version-history":[{"count":45,"href":"https:\/\/hoodtrendspredict.com\/fr\/wp-json\/wp\/v2\/pages\/12764\/revisions"}],"predecessor-version":[{"id":23802,"href":"https:\/\/hoodtrendspredict.com\/fr\/wp-json\/wp\/v2\/pages\/12764\/revisions\/23802"}],"wp:attachment":[{"href":"https:\/\/hoodtrendspredict.com\/fr\/wp-json\/wp\/v2\/media?parent=12764"}],"curies":[{"name":"wp","href":"https:\/\/api.w.org\/{rel}","templated":true}]}}