{"id":12768,"date":"2026-01-14T13:19:03","date_gmt":"2026-01-14T13:19:03","guid":{"rendered":"https:\/\/hoodtrendspredict.com\/today-2-odds\/"},"modified":"2026-04-22T18:58:03","modified_gmt":"2026-04-22T17:58:03","slug":"sure-2-odds","status":"publish","type":"page","link":"https:\/\/hoodtrendspredict.com\/fr\/sure-2-odds\/","title":{"rendered":"Cotes du jour 2"},"content":{"rendered":"<p><strong>Tendances du quartier<\/strong> livre <strong>Les cotes d&#039;aujourd&#039;hui sont de 2.<\/strong> \u2013 une s\u00e9lection quotidienne de nos pronostics les plus s\u00fbrs, con\u00e7ue pour les parieurs recherchant des r\u00e9sultats fiables et \u00e0 forte probabilit\u00e9. <strong>2 chances<\/strong> Combinez deux matchs soigneusement analys\u00e9s en un pari combin\u00e9 puissant au potentiel de gain exceptionnel.<\/p>\n<h2>Deux cotes pour aujourd&#039;hui<\/h2>\n<h3 class=\"pt-3 store_header\"> R\u00e9sultats des pr\u00e9dictions d&#039;hier<\/h3>\n<table class=\"table table-striped\">\n<thead>\n<tr>\n<th scope=\"col\" style=\"width:10%\">Date<\/th>\n<th scope=\"col\" style=\"width:10%\" class=\"\">Ligue<\/th>\n<th scope=\"col\" style=\"width:60%\" class=\"\">Correspondre<\/th>\n<th scope=\"col\" style=\"width:10%\" class=\"\">Conseil<\/th>\n<th scope=\"col\" style=\"\" class=\"testimonial-score\">Score<\/th>\n<\/tr>\n<\/thead>\n<tbody>\n<tr class=\"text-center\" onclick=\"if (!window.__cfRLUnblockHandlers) return false; window.location.href=' https:\/\/focuspredict.com\/58424-dc\/dunamis-vs-el-nacional'\" data-cf-modified-7c0ad1124af3d89e4007a6b5-=\"\">\n<td>21\/04<\/td>\n<td class=\"\"><span style=\"color: #0085f9 !important;\">\u00c9quateur Copa \u00c9quateur<\/span><\/td>\n<td class=\"\">Dunamis \u00a0 <strong>contre<\/strong><br \/>\n                                    \u00a0El Nacional<\/td>\n<td class=\"\"><strong><br \/>\n                                                                                    X2<br \/>\n                                                                            <\/strong>\n                                <\/td>\n<td class=\"score rc won\">\n<p>                                    <span>1 \u2013 5<\/p>\n<p>                                    <\/span>\n                                <\/td>\n<\/tr>\n<tr class=\"text-center\" onclick=\"if (!window.__cfRLUnblockHandlers) return false; window.location.href=' https:\/\/focuspredict.com\/58404-15\/girona-vs-real-betis'\" data-cf-modified-7c0ad1124af3d89e4007a6b5-=\"\">\n<td>21\/04<\/td>\n<td class=\"\"><span style=\"color: #0085f9 !important;\">Espagne La Liga<\/span><\/td>\n<td class=\"\">G\u00e9rone \u00a0 <strong>contre<\/strong><br \/>\n                                    \u00a0Real Betis<\/td>\n<td class=\"\"><strong><br \/>\n                                                                                    Plus de 1,5<br \/>\n                                                                            <\/strong>\n                                <\/td>\n<td class=\"score rc won\">\n<p>                                    <span>2 \u2013 3<\/p>\n<p>                                    <\/span>\n                                <\/td>\n<\/tr>\n<tr class=\"text-center\" onclick=\"if (!window.__cfRLUnblockHandlers) return false; window.location.href=' https:\/\/focuspredict.com\/58367-f\/real-madrid-vs-alaves'\" data-cf-modified-7c0ad1124af3d89e4007a6b5-=\"\">\n<td>21\/04<\/td>\n<td class=\"\"><span style=\"color: #0085f9 !important;\">Espagne La Liga<\/span><\/td>\n<td class=\"\">Real Madrid \u00a0 <strong>contre<\/strong><br \/>\n                                    \u00a0Alav\u00e9s<\/td>\n<td class=\"\"><strong><br \/>\n                                                                                    1<br \/>\n                                                                            <\/strong>\n                                <\/td>\n<td class=\"score rc won\">\n<p>                                    <span>2 \u2013 1<\/p>\n<p>                                    <\/span>\n                                <\/td>\n<\/tr>\n<tr class=\"text-center\" onclick=\"if (!window.__cfRLUnblockHandlers) return false; window.location.href=' https:\/\/focuspredict.com\/58401-f\/brighton-vs-chelsea'\" data-cf-modified-7c0ad1124af3d89e4007a6b5-=\"\">\n<td>21\/04<\/td>\n<td class=\"\"><span style=\"color: #0085f9 !important;\">Premier League anglaise<\/span><\/td>\n<td class=\"\">Brighton \u00a0 <strong>contre<\/strong><br \/>\n                                    \u00a0Chelsea<\/td>\n<td class=\"\"><strong><br \/>\n                                                                                    Plus de 1,5<br \/>\n                                                                            <\/strong>\n                                <\/td>\n<td class=\"score rc won\">\n<p>                                    <span>3 \u2013 0<\/p>\n<p>                                    <\/span>\n                                <\/td>\n<\/tr>\n<tr class=\"text-center\" onclick=\"if (!window.__cfRLUnblockHandlers) return false; window.location.href=' https:\/\/focuspredict.com\/58416-f\/inter-vs-como'\" data-cf-modified-7c0ad1124af3d89e4007a6b5-=\"\">\n<td>21\/04<\/td>\n<td class=\"\"><span style=\"color: #0085f9 !important;\">Italie Coppa Italia<\/span><\/td>\n<td class=\"\">Entre \u00a0 <strong>contre<\/strong><br \/>\n                                    \u00a0C\u00f4me<\/td>\n<td class=\"\"><strong><br \/>\n                                                                                    Plus de 1,5<br \/>\n                                                                            <\/strong>\n                                <\/td>\n<td class=\"score rc won\">\n<p>                                    <span>3 \u2013 2<\/p>\n<p>                                    <\/span>\n                                <\/td>\n<\/tr>\n<tr class=\"text-center\" onclick=\"if (!window.__cfRLUnblockHandlers) return false; window.location.href=' https:\/\/focuspredict.com\/58419-dc\/genk-vs-charleroi'\" data-cf-modified-7c0ad1124af3d89e4007a6b5-=\"\">\n<td>21\/04<\/td>\n<td class=\"\"><span style=\"color: #0085f9 !important;\">Ligue Jupiler Pro de Belgique<\/span><\/td>\n<td class=\"\">Genk \u00a0 <strong>contre<\/strong><br \/>\n                                    \u00a0Charleroi<\/td>\n<td class=\"\"><strong><br \/>\n                                                                                    1X<br \/>\n                                                                            <\/strong>\n                                <\/td>\n<td class=\"score rc won\">\n<p>                                    <span>1 \u2013 1<\/p>\n<p>                                    <\/span>\n                                <\/td>\n<\/tr>\n<tr class=\"text-center\" onclick=\"if (!window.__cfRLUnblockHandlers) return false; window.location.href=' https:\/\/focuspredict.com\/58420-15\/oh-leuven-vs-kvc-westerlo'\" data-cf-modified-7c0ad1124af3d89e4007a6b5-=\"\">\n<td>21\/04<\/td>\n<td class=\"\"><span style=\"color: #0085f9 !important;\">Ligue Jupiler Pro de Belgique<\/span><\/td>\n<td class=\"\">OH Louvain \u00a0 <strong>contre<\/strong><br \/>\n                                    \u00a0KVC Westerlo<\/td>\n<td class=\"\"><strong><br \/>\n                                                                                    Plus de 1,5<br \/>\n                                                                            <\/strong>\n                                <\/td>\n<td class=\"score rc won\">\n<p>                                    <span>0 \u2013 2<\/p>\n<p>                                    <\/span>\n                                <\/td>\n<\/tr>\n<tr class=\"text-center\" onclick=\"if (!window.__cfRLUnblockHandlers) return false; window.location.href=' https:\/\/focuspredict.com\/58402-dc\/athletic-club-vs-osasuna'\" data-cf-modified-7c0ad1124af3d89e4007a6b5-=\"\">\n<td>21\/04<\/td>\n<td class=\"\"><span style=\"color: #0085f9 !important;\">Espagne La Liga<\/span><\/td>\n<td class=\"\">Club athl\u00e9tique \u00a0 <strong>contre<\/strong><br \/>\n                                    \u00a0Osasuna<\/td>\n<td class=\"\"><strong><br \/>\n                                                                                    1X<br \/>\n                                                                            <\/strong>\n                                <\/td>\n<td class=\"score rc won\">\n<p>                                    <span>1 \u2013 0<\/p>\n<p>                                    <\/span>\n                                <\/td>\n<\/tr>\n<tr class=\"text-center\" onclick=\"if (!window.__cfRLUnblockHandlers) return false; window.location.href=' https:\/\/focuspredict.com\/58403-d\/mallorca-vs-valencia'\" data-cf-modified-7c0ad1124af3d89e4007a6b5-=\"\">\n<td>21\/04<\/td>\n<td class=\"\"><span style=\"color: #0085f9 !important;\">Espagne La Liga<\/span><\/td>\n<td class=\"\">Majorque \u00a0 <strong>contre<\/strong><br \/>\n                                    \u00a0Valence<\/td>\n<td class=\"\"><strong><br \/>\n                                                                                    X<br \/>\n                                                                            <\/strong>\n                                <\/td>\n<td class=\"score rc won\">\n<p>                                    <span>1 \u2013 1<\/p>\n<p>                                    <\/span>\n                                <\/td>\n<\/tr>\n<tr class=\"text-center\" onclick=\"if (!window.__cfRLUnblockHandlers) return false; window.location.href=' https:\/\/focuspredict.com\/58422-dc\/cska-moscow-vs-fc-rostov'\" data-cf-modified-7c0ad1124af3d89e4007a6b5-=\"\">\n<td>21\/04<\/td>\n<td class=\"\"><span style=\"color: #0085f9 !important;\">Premier League russe<\/span><\/td>\n<td class=\"\">CSKA Moscou \u00a0 <strong>contre<\/strong><br \/>\n                                    \u00a0FC Rostov<\/td>\n<td class=\"\"><strong><br \/>\n                                                                                    1X<br \/>\n                                                                            <\/strong>\n                                <\/td>\n<td class=\"score rc won\">\n<p>                                    <span>1 \u2013 1<\/p>\n<p>                                    <\/span>\n                                <\/td>\n<\/tr>\n<tr class=\"text-center\" onclick=\"if (!window.__cfRLUnblockHandlers) return false; window.location.href=' https:\/\/focuspredict.com\/58405-dc\/ben-aknoun-vs-mc-alger'\" data-cf-modified-7c0ad1124af3d89e4007a6b5-=\"\">\n<td>21\/04<\/td>\n<td class=\"\"><span style=\"color: #0085f9 !important;\">Ligue 1 d&#039;Alg\u00e9rie<\/span><\/td>\n<td class=\"\">Ben Aknoun \u00a0 <strong>contre<\/strong><br \/>\n                                    \u00a0MC Alger<\/td>\n<td class=\"\"><strong><br \/>\n                                                                                    X2<br \/>\n                                                                            <\/strong>\n                                <\/td>\n<td class=\"score rc won\">\n<p>                                    <span>2 \u2013 3<\/p>\n<p>                                    <\/span>\n                                <\/td>\n<\/tr>\n<tr class=\"text-center\" onclick=\"if (!window.__cfRLUnblockHandlers) return false; window.location.href=' https:\/\/focuspredict.com\/58408-d\/mo-constantine-vs-us-chaouia'\" data-cf-modified-7c0ad1124af3d89e4007a6b5-=\"\">\n<td>21\/04<\/td>\n<td class=\"\"><span style=\"color: #0085f9 !important;\">Ligue 2 d&#039;Alg\u00e9rie<\/span><\/td>\n<td class=\"\">M. Constantine \u00a0 <strong>contre<\/strong><br \/>\n                                    \u00a0\u00c9tats-Unis Chaouia<\/td>\n<td class=\"\"><strong><br \/>\n                                                                                    X<br \/>\n                                                                            <\/strong>\n                                <\/td>\n<td class=\"score rc won\">\n<p>                                    <span>0 \u2013 0<\/p>\n<p>                                    <\/span>\n                                <\/td>\n<\/tr>\n<tr class=\"text-center\" onclick=\"if (!window.__cfRLUnblockHandlers) return false; window.location.href=' https:\/\/focuspredict.com\/58414-f\/dacia-buiucani-vs-sheriff-tiraspol'\" data-cf-modified-7c0ad1124af3d89e4007a6b5-=\"\">\n<td>21\/04<\/td>\n<td class=\"\"><span style=\"color: #0085f9 !important;\">Coupe de Moldavie<\/span><\/td>\n<td class=\"\">Dacia-Buiucani \u00a0 <strong>contre<\/strong><br \/>\n                                    \u00a0Sh\u00e9rif Tiraspol<\/td>\n<td class=\"\"><strong><br \/>\n                                                                                    2<br \/>\n                                                                            <\/strong>\n                                <\/td>\n<td class=\"score rc won\">\n<p>                                    <span>1 \u2013 2<\/p>\n<p>                                    <\/span>\n                                <\/td>\n<\/tr>\n<\/tbody>\n<\/table>\n<h2>Quelle est la valeur de 2 chances ?<\/h2>\n<p><strong>2 chances<\/strong> Voici nos deux pronostics les plus fiables pour les matchs de football d&#039;aujourd&#039;hui. Il ne s&#039;agit pas de s\u00e9lections al\u00e9atoires\u00a0: chaque pronostic fait l&#039;objet d&#039;une analyse statistique approfondie afin de garantir une fiabilit\u00e9 maximale. En combinant deux pronostics individuels solides, nos <strong>pari combin\u00e9 \u00e0 cotes<\/strong> offre des rendements attrayants tout en maintenant une probabilit\u00e9 de gain r\u00e9aliste.<\/p>\n<p>\u00c0 <strong>Tendances du quartier<\/strong>, Nous comprenons que les paris combin\u00e9s exigent de la pr\u00e9cision. C&#039;est pourquoi notre <strong>2 cotes pour aujourd&#039;hui<\/strong> Nous privil\u00e9gions les r\u00e9sultats statistiquement tr\u00e8s favorables\u00a0: \u00e9quipes \u00e0 domicile dominantes, favoris en grande forme ou matchs pr\u00e9sentant des d\u00e9s\u00e9quilibres tactiques marqu\u00e9s. Nous accordons la priorit\u00e9 \u00e0 la probabilit\u00e9 plut\u00f4t qu&#039;\u00e0 la cote afin de garantir des r\u00e9sultats gagnants r\u00e9guliers.<\/p>\n<h2>Cotes du jour\u00a0: 2 \u2013 Doubles s\u00e9lectionn\u00e9s par des experts<\/h2>\n<p>Notre <strong>2 chances<\/strong> Les r\u00e9sultats sont s\u00e9lectionn\u00e9s selon une m\u00e9thodologie rigoureuse qui analyse la forme des \u00e9quipes, les confrontations directes, les performances \u00e0 domicile et \u00e0 l&#039;ext\u00e9rieur, l&#039;impact des blessures et les facteurs de motivation. Nous examinons quotidiennement des centaines de matchs disponibles et retenons les deux r\u00e9sultats pour lesquels nous avons le plus de confiance. Cette approche cibl\u00e9e a permis de\u2026 <strong>Tendances du quartier<\/strong> Une marque de confiance parmi les parieurs avertis.<\/p>\n<p>Les march\u00e9s couverts par notre <strong>pronostics<\/strong> Les paris varient en fonction du niveau de certitude. Les s\u00e9lections courantes incluent la victoire \u00e0 domicile des \u00e9quipes dominantes, plus de 1,5 but dans les matchs \u00e0 score \u00e9lev\u00e9, ou les deux \u00e9quipes qui marquent dans les rencontres offensives. Cette flexibilit\u00e9 dans la s\u00e9lection des march\u00e9s nous permet de toujours pr\u00e9senter les meilleures options. <strong>cotes les plus fiables<\/strong> disponible.<\/p>\n<h2>Cotes gratuites de 2 \u2013 Doubles gagnants quotidiens<\/h2>\n<p>Acc\u00e9der <strong>Les cotes d&#039;aujourd&#039;hui sont de 2.<\/strong> enti\u00e8rement gratuit sur <strong>HoodtrendsPredict.com<\/strong>. Notre plateforme propose des pronostics de qualit\u00e9 professionnelle, sans abonnement ni frais suppl\u00e9mentaires. Chaque pronostic combin\u00e9 est publi\u00e9 avec une explication d\u00e9taill\u00e9e, vous permettant de comprendre le raisonnement derri\u00e8re chaque s\u00e9lection. Faites-nous confiance. <strong>Tendances du quartier<\/strong> pour votre <strong>cotes quotidiennes<\/strong> besoins.<\/p>\n<div class=\"faq-section\">\n<h2>Foire aux questions<\/h2>\n<h3>Que signifie \u201c 2 chances \u201d ?<\/h3>\n<p><strong>2 chances<\/strong> Il s&#039;agit d&#039;un pari double soigneusement s\u00e9lectionn\u00e9, bas\u00e9 sur nos deux pronostics les plus s\u00fbrs du jour. Ces s\u00e9lections pr\u00e9sentent une forte probabilit\u00e9 statistique, bien qu&#039;aucun pronostic ne soit jamais garanti.<\/p>\n<h3>Comment les 2 cotes sont-elles s\u00e9lectionn\u00e9es ?<\/h3>\n<p>Notre <strong>s\u00e9lections de cotes<\/strong> Ces r\u00e9sultats sont \u00e9tablis gr\u00e2ce \u00e0 une analyse approfondie des statistiques d&#039;\u00e9quipe, des tableaux de forme, des donn\u00e9es historiques et de la situation actuelle. Nous s\u00e9lectionnons les deux issues pr\u00e9sentant la plus forte probabilit\u00e9 de succ\u00e8s.<\/p>\n<h3>Quelles sont les chances qu&#039;offre g\u00e9n\u00e9ralement une cote de 2 ?<\/h3>\n<p><strong>2 chances<\/strong> On combine g\u00e9n\u00e9ralement des s\u00e9lections dont les cotes individuelles se situent entre 1,20 et 1,60, ce qui donne des cotes de combin\u00e9 allant d&#039;environ 1,50 \u00e0 2,50. L&#039;accent est mis sur la fiabilit\u00e9 plut\u00f4t que sur des cotes \u00e9lev\u00e9es.<\/p>\n<h3>Les cotes \u00e0 2 garantissent-elles la victoire\u00a0?<\/h3>\n<p>Aucun pari n&#039;est jamais garanti. Cependant, notre <strong>2 chances<\/strong> Il s&#039;agit de nos pr\u00e9dictions les plus fiables, bas\u00e9es sur une analyse statistique. Notre m\u00e9thodologie vise \u00e0 maximiser les chances de gain sur le long terme.<\/p>\n<h3>Puis-je utiliser 2 cotes dans des paris combin\u00e9s plus importants\u00a0?<\/h3>\n<p>Oui, de nombreux utilisateurs int\u00e8grent notre <strong>chances<\/strong> Vous pouvez les combiner en paris plus importants. Cependant, nous vous recommandons la prudence\u00a0: chaque s\u00e9lection suppl\u00e9mentaire r\u00e9duit la probabilit\u00e9 globale. Notre formule \u00e0 2 s\u00e9lections offre un \u00e9quilibre entre des cotes attractives et un potentiel de gain r\u00e9aliste.<\/p>\n<\/div>\n<p><strong>Tendances du quartier<\/strong> \u2013 Source fiable pour <strong>Les cotes d&#039;aujourd&#039;hui sont de 2.<\/strong>. Des choix constants. Des r\u00e9sultats fiables.<\/p>","protected":false},"excerpt":{"rendered":"<p>HoodtrendsPredict delivers today&#8217;s 2 odds \u2013 a daily double selection of our most confident predictions designed for punters seeking reliable, high-probability outcomes. Our 2 odds [&hellip;]<\/p>\n","protected":false},"author":1,"featured_media":0,"parent":0,"menu_order":0,"comment_status":"closed","ping_status":"closed","template":"","meta":{"_monsterinsights_skip_tracking":false,"_monsterinsights_sitenote_active":false,"_monsterinsights_sitenote_note":"","_monsterinsights_sitenote_category":0,"site-sidebar-layout":"default","site-content-layout":"","ast-site-content-layout":"default","site-content-style":"default","site-sidebar-style":"default","ast-global-header-display":"","ast-banner-title-visibility":"","ast-main-header-display":"","ast-hfb-above-header-display":"","ast-hfb-below-header-display":"","ast-hfb-mobile-header-display":"","site-post-title":"","ast-breadcrumbs-content":"","ast-featured-img":"","footer-sml-layout":"","ast-disable-related-posts":"","theme-transparent-header-meta":"","adv-header-id-meta":"","stick-header-meta":"","header-above-stick-meta":"","header-main-stick-meta":"","header-below-stick-meta":"","astra-migrate-meta-layouts":"set","ast-page-background-enabled":"default","ast-page-background-meta":{"desktop":{"background-color":"","background-image":"","background-repeat":"repeat","background-position":"center center","background-size":"auto","background-attachment":"scroll","background-type":"","background-media":"","overlay-type":"","overlay-color":"","overlay-opacity":"","overlay-gradient":""},"tablet":{"background-color":"","background-image":"","background-repeat":"repeat","background-position":"center center","background-size":"auto","background-attachment":"scroll","background-type":"","background-media":"","overlay-type":"","overlay-color":"","overlay-opacity":"","overlay-gradient":""},"mobile":{"background-color":"","background-image":"","background-repeat":"repeat","background-position":"center center","background-size":"auto","background-attachment":"scroll","background-type":"","background-media":"","overlay-type":"","overlay-color":"","overlay-opacity":"","overlay-gradient":""}},"ast-content-background-meta":{"desktop":{"background-color":"var(--ast-global-color-5)","background-image":"","background-repeat":"repeat","background-position":"center center","background-size":"auto","background-attachment":"scroll","background-type":"","background-media":"","overlay-type":"","overlay-color":"","overlay-opacity":"","overlay-gradient":""},"tablet":{"background-color":"var(--ast-global-color-5)","background-image":"","background-repeat":"repeat","background-position":"center center","background-size":"auto","background-attachment":"scroll","background-type":"","background-media":"","overlay-type":"","overlay-color":"","overlay-opacity":"","overlay-gradient":""},"mobile":{"background-color":"var(--ast-global-color-5)","background-image":"","background-repeat":"repeat","background-position":"center center","background-size":"auto","background-attachment":"scroll","background-type":"","background-media":"","overlay-type":"","overlay-color":"","overlay-opacity":"","overlay-gradient":""}},"footnotes":""},"class_list":["post-12768","page","type-page","status-publish","hentry"],"jetpack_sharing_enabled":true,"_links":{"self":[{"href":"https:\/\/hoodtrendspredict.com\/fr\/wp-json\/wp\/v2\/pages\/12768","targetHints":{"allow":["GET"]}}],"collection":[{"href":"https:\/\/hoodtrendspredict.com\/fr\/wp-json\/wp\/v2\/pages"}],"about":[{"href":"https:\/\/hoodtrendspredict.com\/fr\/wp-json\/wp\/v2\/types\/page"}],"author":[{"embeddable":true,"href":"https:\/\/hoodtrendspredict.com\/fr\/wp-json\/wp\/v2\/users\/1"}],"replies":[{"embeddable":true,"href":"https:\/\/hoodtrendspredict.com\/fr\/wp-json\/wp\/v2\/comments?post=12768"}],"version-history":[{"count":59,"href":"https:\/\/hoodtrendspredict.com\/fr\/wp-json\/wp\/v2\/pages\/12768\/revisions"}],"predecessor-version":[{"id":23804,"href":"https:\/\/hoodtrendspredict.com\/fr\/wp-json\/wp\/v2\/pages\/12768\/revisions\/23804"}],"wp:attachment":[{"href":"https:\/\/hoodtrendspredict.com\/fr\/wp-json\/wp\/v2\/media?parent=12768"}],"curies":[{"name":"wp","href":"https:\/\/api.w.org\/{rel}","templated":true}]}}