{"id":12776,"date":"2026-01-14T13:23:04","date_gmt":"2026-01-14T13:23:04","guid":{"rendered":"https:\/\/hoodtrendspredict.com\/rollover-prediction-for-today\/"},"modified":"2026-04-22T19:01:03","modified_gmt":"2026-04-22T18:01:03","slug":"rollover-prediction-for-today","status":"publish","type":"page","link":"https:\/\/hoodtrendspredict.com\/fr\/rollover-prediction-for-today\/","title":{"rendered":"Pr\u00e9visions de report pour aujourd&#039;hui"},"content":{"rendered":"<p><strong>Pr\u00e9dictions de Hoodtrends<\/strong> vous offre le plus fiable <strong>Pr\u00e9vision de report pour aujourd&#039;hui<\/strong> \u2013 une approche de paris sur le football soigneusement structur\u00e9e, con\u00e7ue pour les parieurs qui recherchent une valeur constante sur plusieurs s\u00e9lections. <strong>conseils de roulage<\/strong> Allier la pr\u00e9cision statistique \u00e0 l&#039;expertise pour identifier les correspondances \u00e0 faible risque adapt\u00e9es aux strat\u00e9gies de mise progressives.<\/p>\n<h2>S\u00e9lections de report pour aujourd&#039;hui<\/h2>\n<table class=\"table table-striped\">\n<thead>\n<tr>\n<th scope=\"col\" style=\"width:10%\">Temps<\/th>\n<th scope=\"col\" style=\"width:10%\" class=\"\">Ligue<\/th>\n<th scope=\"col\" style=\"width:50%\" class=\"\">Correspondre<\/th>\n<th scope=\"col\" style=\"width:20%\" class=\"\">Conseil<\/th>\n<th scope=\"col\" style=\"width:10%\">\n                                                                                            Chances\n                                                                                    <\/th>\n<\/tr>\n<\/thead>\n<tbody>\n<tr class=\"text-center\" data-jsone=\"\">\n<td onclick=\"if (!window.__cfRLUnblockHandlers) return false; window.location.href='https:\/\/focuspredict.com\/58447-f\/tammeka-vs-fc-levadia-tallinn'\" data-cf-modified-e5287e802b9a5b1659942f26-=\"\">\n                                                17:00<\/p>\n<\/td>\n<td class=\"\" onclick=\"if (!window.__cfRLUnblockHandlers) return false; window.location.href='https:\/\/focuspredict.com\/58447-f\/tammeka-vs-fc-levadia-tallinn'\" data-cf-modified-e5287e802b9a5b1659942f26-=\"\">\n                                                <span style=\"color: #0085f9 !important;\">Estonie Meistriliiga<\/span><\/td>\n<td class=\"\" onclick=\"if (!window.__cfRLUnblockHandlers) return false; window.location.href='https:\/\/focuspredict.com\/58447-f\/tammeka-vs-fc-levadia-tallinn'\" data-cf-modified-e5287e802b9a5b1659942f26-=\"\">\n                                                Tammeka \u00a0 <strong>contre<\/strong><br \/>\n                                                \u00a0FC Levadia Tallinn<\/td>\n<td class=\"\" onclick=\"if (!window.__cfRLUnblockHandlers) return false; window.location.href='https:\/\/focuspredict.com\/58447-f\/tammeka-vs-fc-levadia-tallinn'\" data-cf-modified-e5287e802b9a5b1659942f26-=\"\">\n                                                <strong>Loin (2)<\/strong><\/td>\n<td class=\"score\" onclick=\"if (!window.__cfRLUnblockHandlers) return false; window.location.href='https:\/\/focuspredict.com\/58447-f\/tammeka-vs-fc-levadia-tallinn'\" data-cf-modified-e5287e802b9a5b1659942f26-=\"\">\n<p>                                                <span><br \/>\n                                                                                                                                                                        <span class=\"blue-tips\"> 1.27 <\/span><br \/>\n                                                                                                                                                            <\/span>\n                                            <\/td>\n<\/tr>\n<tr class=\"text-center\" data-jsone=\"\">\n<td onclick=\"if (!window.__cfRLUnblockHandlers) return false; window.location.href='https:\/\/focuspredict.com\/58390-f\/barcelona-vs-celta-vigo'\" data-cf-modified-e5287e802b9a5b1659942f26-=\"\">\n                                                20:30<\/p>\n<\/td>\n<td class=\"\" onclick=\"if (!window.__cfRLUnblockHandlers) return false; window.location.href='https:\/\/focuspredict.com\/58390-f\/barcelona-vs-celta-vigo'\" data-cf-modified-e5287e802b9a5b1659942f26-=\"\">\n                                                <span style=\"color: #0085f9 !important;\">Espagne La Liga<\/span><\/td>\n<td class=\"\" onclick=\"if (!window.__cfRLUnblockHandlers) return false; window.location.href='https:\/\/focuspredict.com\/58390-f\/barcelona-vs-celta-vigo'\" data-cf-modified-e5287e802b9a5b1659942f26-=\"\">\n                                                Barcelone \u00a0 <strong>contre<\/strong><br \/>\n                                                \u00a0Celta Vigo<\/td>\n<td class=\"\" onclick=\"if (!window.__cfRLUnblockHandlers) return false; window.location.href='https:\/\/focuspredict.com\/58390-f\/barcelona-vs-celta-vigo'\" data-cf-modified-e5287e802b9a5b1659942f26-=\"\">\n                                                <strong>Accueil (1)<\/strong><\/td>\n<td class=\"score\" onclick=\"if (!window.__cfRLUnblockHandlers) return false; window.location.href='https:\/\/focuspredict.com\/58390-f\/barcelona-vs-celta-vigo'\" data-cf-modified-e5287e802b9a5b1659942f26-=\"\">\n<p>                                                <span><br \/>\n                                                                                                                                                                        <span class=\"blue-tips\"> 1.22 <\/span><br \/>\n                                                                                                                                                            <\/span>\n                                            <\/td>\n<\/tr>\n<\/tbody>\n<\/table>\n<h2>Que sont les pr\u00e9visions de report ?<\/h2>\n<p><strong>Pr\u00e9visions de report<\/strong> Cette strat\u00e9gie consiste \u00e0 s\u00e9lectionner des matchs de football pr\u00e9sentant une forte probabilit\u00e9 statistique et \u00e0 r\u00e9investir les gains sur plusieurs cycles de paris. Elle privil\u00e9gie la constance et la rigueur dans la s\u00e9lection des matchs plut\u00f4t que la mise sur un seul r\u00e9sultat \u00e0 forte cote. <strong>Pr\u00e9dictions de Hoodtrends<\/strong>, Nous nous sp\u00e9cialisons dans l&#039;identification des \u00e9quipements pr\u00e9sentant des indicateurs de donn\u00e9es solides qui permettent une prise de d\u00e9cision efficace. <strong>paris roul\u00e9s<\/strong>.<\/p>\n<p>Nos analystes examinent la stabilit\u00e9 de la forme de l&#039;\u00e9quipe, la r\u00e9gularit\u00e9 de ses buts, la fiabilit\u00e9 de sa d\u00e9fense et les tendances historiques de ses performances pour fournir <strong>pr\u00e9dictions de report pr\u00e9cises<\/strong>. Qu&#039;il s&#039;agisse d&#039;un grand favori cens\u00e9 dominer le match ou d&#039;une rencontre aux scores pr\u00e9visibles, notre syst\u00e8me met en \u00e9vidence les s\u00e9lections adapt\u00e9es \u00e0 une progression par roulement.<\/p>\n<h2>Les meilleurs conseils de report du jour \u2013 Pr\u00e9cision bas\u00e9e sur les donn\u00e9es<\/h2>\n<p>Chaque <strong>pr\u00e9diction de retournement<\/strong> sur <strong>HoodtrendsPredicts.com<\/strong> repose sur une analyse de donn\u00e9es exhaustive. Nous ne devinons pas, nous calculons. Nos mod\u00e8les d&#039;IA traitent des milliers de points de donn\u00e9es, notamment <strong>m\u00e9triques de probabilit\u00e9 de but<\/strong>, les tendances de la dynamique des \u00e9quipes, les performances \u00e0 domicile et \u00e0 l&#039;ext\u00e9rieur, et la forme r\u00e9cente pour g\u00e9n\u00e9rer des s\u00e9lections avec les meilleures chances de succ\u00e8s.<\/p>\n<p>Populaire <strong>march\u00e9s de roulement<\/strong> Nous analysons notamment les vainqueurs de matchs, la double chance, les paris sur le nombre de buts (plus\/moins) et d&#039;autres r\u00e9sultats \u00e0 faible volatilit\u00e9. Notre plateforme met en avant les options qui s&#039;inscrivent dans des strat\u00e9gies de report \u00e0 long terme bas\u00e9es sur la fiabilit\u00e9 statistique. Cette approche structur\u00e9e a permis de\u2026 <strong>Pr\u00e9dictions de Hoodtrends<\/strong> une ressource fiable pour les personnes disciplin\u00e9es <strong>parieurs \u00e0 report<\/strong>.<\/p>\n<h2>Pr\u00e9visions de report gratuites \u2013 Mises \u00e0 jour quotidiennes<\/h2>\n<p>Acc\u00e8s complet <strong>Pr\u00e9visions de report pour aujourd&#039;hui<\/strong> enti\u00e8rement gratuit sur <strong>HoodtrendsPredicts.com<\/strong>. Notre couverture inclut des ligues majeures telles que la <strong>Premier League<\/strong>, <strong>La Liga<\/strong>, <strong>S\u00e9rie A<\/strong>, <strong>Bundesliga<\/strong>, et <strong>Ligue des champions de l&#039;UEFA<\/strong>. Toutes les s\u00e9lections sont mises \u00e0 jour quotidiennement afin de refl\u00e9ter les conditions actuelles des matchs et les \u00e9volutions statistiques.<\/p>\n<div class=\"faq-section\">\n<h2>Foire aux questions<\/h2>\n<h3>Qu&#039;est-ce qu&#039;une pr\u00e9diction de report dans les paris sur le football\u00a0?<\/h3>\n<p><strong>Pari roul\u00e9<\/strong> Il s&#039;agit de placer une s\u00e9rie de paris calcul\u00e9s, les gains \u00e9tant r\u00e9investis dans les s\u00e9lections suivantes. L&#039;objectif est une croissance r\u00e9guli\u00e8re du capital gr\u00e2ce \u00e0 des r\u00e9sultats \u00e0 forte probabilit\u00e9.<\/p>\n<h3>Pourquoi les pr\u00e9dictions de report sont-elles populaires aupr\u00e8s des parieurs strat\u00e9giques\u00a0?<\/h3>\n<p><strong>Pr\u00e9visions de report<\/strong> L&#039;accent est mis sur la r\u00e9gularit\u00e9 et la ma\u00eetrise des risques plut\u00f4t que sur des gains importants ponctuels. Cette strat\u00e9gie s\u00e9duit donc les parieurs qui privil\u00e9gient une gestion structur\u00e9e de leur capital.<\/p>\n<h3>Comment g\u00e9n\u00e8re-t-on des pr\u00e9visions de report ?<\/h3>\n<p>Notre <strong>conseils de roulage<\/strong> Les pronostics sont g\u00e9n\u00e9r\u00e9s \u00e0 l&#039;aide d&#039;algorithmes avanc\u00e9s qui analysent la force des \u00e9quipes, les tendances en mati\u00e8re de buts, la pr\u00e9visibilit\u00e9 des matchs et les donn\u00e9es de performance historiques. Chaque s\u00e9lection est rigoureusement v\u00e9rifi\u00e9e afin de respecter des seuils de probabilit\u00e9 stricts.<\/p>\n<h3>Quelles ligues vos pr\u00e9dictions de report couvrent-elles\u00a0?<\/h3>\n<p>Nous fournissons <strong>pr\u00e9visions de report<\/strong> dans les principaux championnats de football du monde entier, notamment la Premier League, la Liga, la Serie A, la Bundesliga, la Ligue 1, l&#039;Eredivisie et les comp\u00e9titions internationales.<\/p>\n<h3>Les pr\u00e9dictions de report sont-elles adapt\u00e9es aux d\u00e9butants\u00a0?<\/h3>\n<p><strong>Pari roul\u00e9<\/strong> Ce guide est id\u00e9al pour les d\u00e9butants gr\u00e2ce \u00e0 son approche ax\u00e9e sur des s\u00e9lections \u00e0 faible risque et une gestion rigoureuse des mises. Nos explications claires aident les nouveaux utilisateurs \u00e0 comprendre et \u00e0 appliquer efficacement la strat\u00e9gie.<\/p>\n<\/div>\n<p><strong>Pr\u00e9dictions de Hoodtrends<\/strong> \u2013 Votre source de confiance pour <strong>Pr\u00e9vision de report pour aujourd&#039;hui<\/strong>. Une analyse plus pertinente. De meilleurs r\u00e9sultats.<\/p>","protected":false},"excerpt":{"rendered":"<p>Hoodtrends Predicts brings you the most reliable Rollover prediction for today \u2013 a carefully structured football betting approach designed for punters who want sustained value [&hellip;]<\/p>\n","protected":false},"author":1,"featured_media":0,"parent":0,"menu_order":0,"comment_status":"closed","ping_status":"closed","template":"","meta":{"_monsterinsights_skip_tracking":false,"_monsterinsights_sitenote_active":false,"_monsterinsights_sitenote_note":"","_monsterinsights_sitenote_category":0,"site-sidebar-layout":"default","site-content-layout":"","ast-site-content-layout":"default","site-content-style":"default","site-sidebar-style":"default","ast-global-header-display":"","ast-banner-title-visibility":"","ast-main-header-display":"","ast-hfb-above-header-display":"","ast-hfb-below-header-display":"","ast-hfb-mobile-header-display":"","site-post-title":"","ast-breadcrumbs-content":"","ast-featured-img":"","footer-sml-layout":"","ast-disable-related-posts":"","theme-transparent-header-meta":"","adv-header-id-meta":"","stick-header-meta":"","header-above-stick-meta":"","header-main-stick-meta":"","header-below-stick-meta":"","astra-migrate-meta-layouts":"set","ast-page-background-enabled":"default","ast-page-background-meta":{"desktop":{"background-color":"","background-image":"","background-repeat":"repeat","background-position":"center center","background-size":"auto","background-attachment":"scroll","background-type":"","background-media":"","overlay-type":"","overlay-color":"","overlay-opacity":"","overlay-gradient":""},"tablet":{"background-color":"","background-image":"","background-repeat":"repeat","background-position":"center center","background-size":"auto","background-attachment":"scroll","background-type":"","background-media":"","overlay-type":"","overlay-color":"","overlay-opacity":"","overlay-gradient":""},"mobile":{"background-color":"","background-image":"","background-repeat":"repeat","background-position":"center center","background-size":"auto","background-attachment":"scroll","background-type":"","background-media":"","overlay-type":"","overlay-color":"","overlay-opacity":"","overlay-gradient":""}},"ast-content-background-meta":{"desktop":{"background-color":"var(--ast-global-color-5)","background-image":"","background-repeat":"repeat","background-position":"center center","background-size":"auto","background-attachment":"scroll","background-type":"","background-media":"","overlay-type":"","overlay-color":"","overlay-opacity":"","overlay-gradient":""},"tablet":{"background-color":"var(--ast-global-color-5)","background-image":"","background-repeat":"repeat","background-position":"center center","background-size":"auto","background-attachment":"scroll","background-type":"","background-media":"","overlay-type":"","overlay-color":"","overlay-opacity":"","overlay-gradient":""},"mobile":{"background-color":"var(--ast-global-color-5)","background-image":"","background-repeat":"repeat","background-position":"center center","background-size":"auto","background-attachment":"scroll","background-type":"","background-media":"","overlay-type":"","overlay-color":"","overlay-opacity":"","overlay-gradient":""}},"footnotes":""},"class_list":["post-12776","page","type-page","status-publish","hentry"],"jetpack_sharing_enabled":true,"_links":{"self":[{"href":"https:\/\/hoodtrendspredict.com\/fr\/wp-json\/wp\/v2\/pages\/12776","targetHints":{"allow":["GET"]}}],"collection":[{"href":"https:\/\/hoodtrendspredict.com\/fr\/wp-json\/wp\/v2\/pages"}],"about":[{"href":"https:\/\/hoodtrendspredict.com\/fr\/wp-json\/wp\/v2\/types\/page"}],"author":[{"embeddable":true,"href":"https:\/\/hoodtrendspredict.com\/fr\/wp-json\/wp\/v2\/users\/1"}],"replies":[{"embeddable":true,"href":"https:\/\/hoodtrendspredict.com\/fr\/wp-json\/wp\/v2\/comments?post=12776"}],"version-history":[{"count":46,"href":"https:\/\/hoodtrendspredict.com\/fr\/wp-json\/wp\/v2\/pages\/12776\/revisions"}],"predecessor-version":[{"id":23807,"href":"https:\/\/hoodtrendspredict.com\/fr\/wp-json\/wp\/v2\/pages\/12776\/revisions\/23807"}],"wp:attachment":[{"href":"https:\/\/hoodtrendspredict.com\/fr\/wp-json\/wp\/v2\/media?parent=12776"}],"curies":[{"name":"wp","href":"https:\/\/api.w.org\/{rel}","templated":true}]}}