{"id":12778,"date":"2026-01-14T13:24:04","date_gmt":"2026-01-14T13:24:04","guid":{"rendered":"https:\/\/hoodtrendspredict.com\/single-bet-predictions-for-today\/"},"modified":"2026-04-24T07:14:03","modified_gmt":"2026-04-24T06:14:03","slug":"single-bet-predictions-for-today","status":"publish","type":"page","link":"https:\/\/hoodtrendspredict.com\/fr\/single-bet-predictions-for-today\/","title":{"rendered":"Pronostics simples pour aujourd&#039;hui"},"content":{"rendered":"<p><strong>Tendances du quartier<\/strong> vous offre le plus fiable <strong>Pronostics simples pour aujourd&#039;hui<\/strong> \u2013 des conseils de paris simples et directs, con\u00e7us pour les parieurs qui recherchent des s\u00e9lections cibl\u00e9es et fiables. <strong>conseils de paris simples<\/strong> Allier la pr\u00e9cision statistique \u00e0 l&#039;expertise pour identifier les matchs individuels dont l&#039;issue peut \u00eatre pr\u00e9dite avec pr\u00e9cision.<\/p>\n<h2>Pronostics simples pour aujourd&#039;hui<\/h2>\n<div class=\"px-0 col-lg-12 px-lg-3\">\n<div class=\"league-bar\">\n                                                                                                        <img decoding=\"async\" src=\"https:\/\/media.api-sports.io\/flags\/ch.svg\" class=\"\" style=\"height: 15px; width: 15px; background: white;\" alt=\"\"><br \/>\n                                                                                                    <span>Suisse:<\/span><\/p>\n<p>Ligue Challenge<\/p>\n<\/p><\/div>\n<p>                                                    <a data-link=\"https:\/\/www.victorspredict.com\/view-game\/58596?type=super-single\"><\/p>\n<style>\n    .betting-card {\n        border-radius: 0.25rem;\n        margin-bottom: 0.5rem;\n        background-color: #fff;\n        border: 1px solid rgba(0,0,0,0.1);\n        overflow: hidden;\n    }<\/p>\n<p>    .betting-card:hover {\n        border: 1px solid rgba(0,0,0,0.2);\n        box-shadow: 0 0 8px rgba(0,0,0,0.1);\n    }<\/p>\n<p>    .time-col {\n        color: #666;\n        font-weight: 500;\n        font-size: 12px;\n    }<\/p>\n<p>    .team-name {\n        font-weight: 500;\n        color: #000;\n        font-size: 13px;\n        white-space: nowrap;\n        overflow: hidden;\n        \/*text-overflow: ellipsis;*\/\n        margin-bottom: 3px;\n        padding-right: 8px;\n        text-align: left;\n    }<\/p>\n<p>    .team-section {\n        padding-left: 0;\n    }<\/p>\n<p>    .status-icon {\n        width: 20px;\n        height: 20px;\n        display: inline-flex;\n        align-items: center;\n        justify-content: center;\n        border-radius: 4px;\n        font-weight: 600;\n        \/*margin-right: 2px;*\/\n        font-size: 11px;\n    }<\/p>\n<p>    .status-d {\n        background-color: #e3aa00;\n        color: #fff;\n    }<\/p>\n<p>    .status-l {\n        background-color: #c50000;\n        color: #fff;\n    }<\/p>\n<p>    .status-w {\n        background-color: #007700;\n        color: #fff;\n    }<\/p>\n<p>    .status-unknown {\n        background-color: #969696;\n        color: #fff;\n    }<\/p>\n<p>    .vs-text {\n        font-weight: bold;\n        font-size: 15px;\n        line-height: 0.8;\n        color: #000!important;\n    }<\/p>\n<p>    .info-section {\n        background-color: #E6EBEA70;\n    }<\/p>\n<p>    .info-header {\n        font-size: 12px;\n        color: #666;\n        font-weight: 500;\n        text-transform: uppercase;\n    }<\/p>\n<p>    .odds {\n        font-weight: bold;\n        color: #000;\n        font-size: 13px;\n    }<\/p>\n<p>    .tip {\n        border: 1px solid #e3aa00;\n        color: #1E1E1E;\n        padding: 5px 15px;\n        border-radius: 20px;\n        font-weight: bold;\n        font-size: 12px;\n        \/*margin: 0 auto;*\/\n    }<\/p>\n<p>    .probability {\n        font-weight: bold;\n        color: #000;\n        font-size: 12px;\n    }<\/p>\n<p>    .bookmaker {\n        background: white;\n        border-radius: 20px;\n        padding: 7px 15px;\n        display: flex;\n        justify-content: center;\n        align-items: center;\n    }<\/p>\n<p>    .teams-row {\n        padding: 10px;\n    }<\/p>\n<p>    \/* On medium screen down *\/\n    @media (max-width: 1024px) {\n        .team-name-section {\n            padding-left: 0px !important;\n            padding-right: 0px !important;\n        }\n    }<\/p>\n<p>    \/* On medium screen down *\/\n    @media (max-width: 991px) {\n        .team-name-section {\n            padding-left: 0px !important;\n            padding-right: 0px !important;\n        }<\/p>\n<p>        .status-icon {\n            width: 18px;\n            height: 18px;\n            display: inline-flex;\n            align-items: center;\n            justify-content: center;\n            border-radius: 5px;\n            font-weight: 600;\n            \/*margin-right: 2px;*\/\n            font-size: 11px;\n        }<\/p>\n<p>        .info-header {\n            font-size: 10px;\n            color: #666;\n            font-weight: 500;\n            text-transform: uppercase;\n        }<\/p>\n<p>        .tip {\n            padding: 5px 8px;\n            border-radius: 20px;\n            font-weight: bold;\n            font-size: 12px;\n            \/*margin: 0 auto;*\/\n        }<\/p>\n<p>        .bookmaker {\n            background: white;\n            border-radius: 20px;\n            padding: 5px;\n        }\n        .bookmaker img {\n            min-height: 9px;\n        }\n        .vs-text {\n            font-weight: 600;\n            font-size: 13px;\n            line-height: 0.8;\n            white-space: nowrap;\n        }\n    }<\/p>\n<p>    \/* On small screen down *\/\n    @media (max-width: 428px) {\n        .result-col {\n            padding-left: 0px !important;\n        }\n    }\n    @media (max-width: 400px) {\n        .result-col {\n            padding-left: 10px !important;\n        }\n    }<\/p>\n<p>    \/* On small screen down *\/\n    @media (max-width: 320px) {\n        .status-icon {\n            width: 16px;\n            height: 16px;\n            display: inline-flex;\n            align-items: center;\n            justify-content: center;\n            border-radius: 5px;\n            font-weight: 600;\n            \/*margin-right: 2px;*\/\n            font-size: 10px;\n        }\n        .team-name {\n            font-weight: 600;\n            font-size: 12px;\n            margin-bottom: 2px!important;\n        }\n        .tip {\n            background-color: #FDBE11;\n            color: #1E1E1E;\n            padding: 4px 8px;\n            border-radius: 20px;\n            font-weight: bold;\n            font-size: 11px;\n            \/*margin: 0 auto;*\/\n        }\n    }<\/p>\n<\/style>\n<style>\n        .prediction.text-center span {\n            padding: 9px 14px;\n        }\n    <\/style>\n<div class=\"betting-card\">\n<div class=\"\">\n<div class=\"row no-gutters\">\n<div class=\"col-lg-5\">\n<div class=\"teams-row mt-lg-2\">\n<div class=\"row\">\n<div class=\"col-2 time-col d-flex align-items-center\">\n                                                            19:15\n                                                    <\/div>\n<div class=\"col-4 team-name-section bg-successx\">\n<div class=\"team-name\">\n                                <span class=\"d-none d-lg-block\"> Stade Nyonnais <\/span><br \/>\n                                <span class=\"d-block d-lg-none\">  Stade Nyonnai.. <\/span>\n                            <\/div>\n<div class=\"\">\n                                                                                                            <span class=\"status-icon status-w\">W<\/span><br \/>\n                                                                                                                                                <span class=\"status-icon status-d\">D<\/span><br \/>\n                                                                                                                                                <span class=\"status-icon status-l\">L<\/span><br \/>\n                                                                                                                                                <span class=\"status-icon status-l\">L<\/span><br \/>\n                                                                                                                                                <span class=\"status-icon status-l\">L<\/span>\n                                                                                                <\/div>\n<\/p><\/div>\n<div class=\"col-2 d-flex result-col align-items-center bg-dangerx\">\n<div class=\"vs-text\">\n                                \u2013<\/p>\n<p>                                                                \u2013<\/p><\/div>\n<\/p><\/div>\n<div class=\"col-4 team-name-section bg-successx\">\n<div class=\"team-name\">\n                                <span class=\"d-none d-lg-block\"> FC Vaduz <\/span><br \/>\n                                <span class=\"d-block d-lg-none\"> FC Vaduz <\/span>\n                            <\/div>\n<div>\n                                                                                                            <span class=\"status-icon status-w\">W<\/span><br \/>\n                                                                                                                                                <span class=\"status-icon status-l\">L<\/span><br \/>\n                                                                                                                                                <span class=\"status-icon status-w\">W<\/span><br \/>\n                                                                                                                                                <span class=\"status-icon status-w\">W<\/span><br \/>\n                                                                                                                                                <span class=\"status-icon status-w\">W<\/span>\n                                                                                                <\/div>\n<\/p><\/div>\n<\/p><\/div>\n<\/p><\/div>\n<\/p><\/div>\n<div class=\"col-lg-7 info-section\">\n<div class=\"col-12\">\n<div class=\"row text-center py-2\" style=\"background-color: #D9E1E0\">\n<div class=\"col-2\">\n<div class=\"info-header\">CHANCES<\/div>\n<\/p><\/div>\n<div class=\"col-4\">\n<div class=\"info-header\">CONSEILS<\/div>\n<\/p><\/div>\n<div class=\"col-3\">\n<div class=\"info-header\">PROB. %<\/div>\n<\/p><\/div>\n<div class=\"col-3\">\n<div class=\"info-header\">BOOKMAKER<\/div>\n<\/p><\/div>\n<\/p><\/div>\n<div class=\"row text-center py-2\">\n<div class=\"col-2\">\n<div class=\"odds\">\n                                                                                                            1.70\n                                                                                                <\/div>\n<\/p><\/div>\n<div class=\"col-4\">\n<div>\n                                <span class=\"tip\">Loin (2)<\/span>\n                            <\/div>\n<\/p><\/div>\n<div class=\"col-3\">\n<div class=\"probability\">58.82%<\/div>\n<\/p><\/div>\n<div class=\"col-3\">\n<div class=\"bookmaker\">\n<p>                                                                    <img decoding=\"async\" src=\"https:\/\/victorspredict.com\/admin\/images\/maker\/makergF4zkPLFbiU3wU3AmB5R2tC9Fe9sa7sSPTD9tLZlAk5ju66iyRzeur7ArT6d40412.png\" onclick=\"if (!window.__cfRLUnblockHandlers) return false; window.open('https:\/\/cutt.ly\/parivictors', '_blank')\" class=\"img-fluid\" style=\"\" alt=\"Bookmaker\" data-cf-modified-be5fa4df8847e020b19ba7fe-=\"\">\n                                                            <\/div>\n<\/p><\/div>\n<\/p><\/div>\n<\/p><\/div>\n<\/p><\/div>\n<\/p><\/div>\n<\/p><\/div>\n<\/div>\n<p>                                                    <\/a><\/p><\/div>\n<h2>Que sont les pronostics de paris simples\u00a0?<\/h2>\n<p><strong>Pronostics de paris simples<\/strong> Il s&#039;agit de s\u00e9lectionner un match soigneusement analys\u00e9 et de miser sur un seul r\u00e9sultat. Cette approche de pari offre simplicit\u00e9 et une gestion des risques cibl\u00e9e. <strong>Tendances du quartier<\/strong>, Nous nous sp\u00e9cialisons dans l&#039;identification de correspondances pr\u00e9sentant des sch\u00e9mas statistiques clairs qui permettent de\u2026 <strong>pari simple<\/strong> Un choix judicieux.<\/p>\n<p>Nos analystes examinent la forme des \u00e9quipes, les confrontations directes, les facteurs de motivation et les duels tactiques pour fournir des informations fiables. <strong>pr\u00e9dictions pr\u00e9cises pour un pari unique<\/strong>. Qu&#039;il s&#039;agisse d&#039;une \u00e9quipe favorite incontest\u00e9e \u00e0 domicile ou d&#039;un outsider \u00e0 prix avantageux affichant une excellente forme r\u00e9cente, notre syst\u00e8me identifie les opportunit\u00e9s individuelles les plus prometteuses.<\/p>\n<h2>Les meilleurs pronostics du jour \u2013 Pr\u00e9cision bas\u00e9e sur les donn\u00e9es<\/h2>\n<p>Chaque <strong>pr\u00e9diction de pari simple<\/strong> sur <strong>HoodtrendsPredict.com<\/strong> repose sur une analyse de donn\u00e9es exhaustive. Nous ne devinons pas, nous calculons. Nos mod\u00e8les d&#039;IA traitent des milliers de points de donn\u00e9es, notamment <strong>probabilit\u00e9s d&#039;issue du match<\/strong>, les tendances de la dynamique des \u00e9quipes, les diff\u00e9rences de performances \u00e0 domicile et \u00e0 l&#039;ext\u00e9rieur, et la forme r\u00e9cente pour g\u00e9n\u00e9rer des pr\u00e9dictions avec la plus grande probabilit\u00e9 de succ\u00e8s.<\/p>\n<p>Populaire <strong>march\u00e9s de paris simples<\/strong> Nous analysons notamment le vainqueur du match, la double chance, le nombre de buts (plus\/moins) et les deux \u00e9quipes qui marquent. Notre plateforme met en \u00e9vidence les s\u00e9lections les plus int\u00e9ressantes en fonction des cotes actuelles et des probabilit\u00e9s statistiques. Cette approche a permis de\u2026 <strong>Tendances du quartier<\/strong> la source incontournable pour les questions s\u00e9rieuses <strong>parieurs \u00e0 pari simple<\/strong>.<\/p>\n<h2>Pronostics gratuits de paris simples \u2013 Mise \u00e0 jour quotidienne<\/h2>\n<p>Acc\u00e8s complet <strong>Pronostics simples pour aujourd&#039;hui<\/strong> enti\u00e8rement gratuit sur <strong>HoodtrendsPredict.com<\/strong>. Nos pr\u00e9dictions couvrent les ligues majeures, y compris la <strong>Premier League<\/strong>, <strong>La Liga<\/strong>, <strong>S\u00e9rie A<\/strong>, <strong>Bundesliga<\/strong>, et <strong>Ligue des champions de l&#039;UEFA<\/strong>. Chaque conseil est actualis\u00e9 en temps r\u00e9el en fonction de l&#039;\u00e9volution des conditions du match, vous assurant ainsi de toujours disposer des informations les plus r\u00e9centes.<\/p>\n<div class=\"faq-section\">\n<h2>Foire aux questions<\/h2>\n<h3>Que signifie \u00ab pari simple \u00bb dans les paris sur le football ?<\/h3>\n<p><strong>Pari simple<\/strong> Miser sur un seul r\u00e9sultat de match signifie miser sur ce r\u00e9sultat pr\u00e9cis. Contrairement aux paris combin\u00e9s, votre pari ne d\u00e9pend pas de plusieurs r\u00e9sultats. Par exemple, parier sur la victoire de Manchester United constitue un pari simple.<\/p>\n<h3>Pourquoi les paris simples sont-ils plus s\u00fbrs que les paris combin\u00e9s\u00a0?<\/h3>\n<p><strong>Pronostics de paris simples<\/strong> Ils pr\u00e9sentent un risque moindre car ils ne n\u00e9cessitent qu&#039;un seul r\u00e9sultat correct au lieu de plusieurs. Bien que les cotes soient g\u00e9n\u00e9ralement inf\u00e9rieures \u00e0 celles des paris combin\u00e9s, la probabilit\u00e9 de gagner est nettement plus \u00e9lev\u00e9e, ce qui les rend id\u00e9aux pour faire fructifier son capital de mani\u00e8re r\u00e9guli\u00e8re.<\/p>\n<h3>Comment g\u00e9n\u00e8re-t-on des pronostics sur un seul pari\u00a0?<\/h3>\n<p>Notre <strong>conseils de paris simples<\/strong> Elles sont g\u00e9n\u00e9r\u00e9es \u00e0 l&#039;aide d&#039;algorithmes avanc\u00e9s qui analysent les donn\u00e9es de performance des \u00e9quipes, leurs r\u00e9sultats historiques, leur forme actuelle et les tendances statistiques. Chaque pr\u00e9diction fait l&#039;objet de tests rigoureux avant publication afin de garantir des chances de succ\u00e8s optimales.<\/p>\n<h3>Quelles ligues couvrent vos pronostics de paris simples\u00a0?<\/h3>\n<p>Nous fournissons <strong>pronostics de paris simples<\/strong> pour toutes les grandes ligues de football du monde entier, y compris la Premier League, la Liga, la Serie A, la Bundesliga, la Ligue 1, l&#039;Eredivisie et les principaux tournois internationaux.<\/p>\n<h3>Les pronostics sur un seul pari sont-ils adapt\u00e9s aux d\u00e9butants\u00a0?<\/h3>\n<p>Absolument. <strong>Pari simple<\/strong> Le pari sur les paris sportifs est la forme la plus simple, id\u00e9ale pour les d\u00e9butants. Notre plateforme pr\u00e9sente l&#039;analyse de mani\u00e8re claire, permettant aux nouveaux parieurs de comprendre la valeur de chaque s\u00e9lection tout en acqu\u00e9rant les bases des paris.<\/p>\n<\/div>\n<p><strong>Tendances du quartier<\/strong> \u2013 Votre source d&#039;experts pour <strong>Pronostics simples pour aujourd&#039;hui<\/strong>. Une analyse plus pertinente. De meilleurs r\u00e9sultats.<\/p>","protected":false},"excerpt":{"rendered":"<p>HoodtrendsPredict brings you the most reliable single bet predictions for today \u2013 straightforward betting tips designed for punters who want focused, high-confidence selections. Our single [&hellip;]<\/p>\n","protected":false},"author":1,"featured_media":0,"parent":0,"menu_order":0,"comment_status":"closed","ping_status":"closed","template":"","meta":{"_monsterinsights_skip_tracking":false,"_monsterinsights_sitenote_active":false,"_monsterinsights_sitenote_note":"","_monsterinsights_sitenote_category":0,"site-sidebar-layout":"default","site-content-layout":"","ast-site-content-layout":"default","site-content-style":"default","site-sidebar-style":"default","ast-global-header-display":"","ast-banner-title-visibility":"","ast-main-header-display":"","ast-hfb-above-header-display":"","ast-hfb-below-header-display":"","ast-hfb-mobile-header-display":"","site-post-title":"","ast-breadcrumbs-content":"","ast-featured-img":"","footer-sml-layout":"","ast-disable-related-posts":"","theme-transparent-header-meta":"","adv-header-id-meta":"","stick-header-meta":"","header-above-stick-meta":"","header-main-stick-meta":"","header-below-stick-meta":"","astra-migrate-meta-layouts":"set","ast-page-background-enabled":"default","ast-page-background-meta":{"desktop":{"background-color":"","background-image":"","background-repeat":"repeat","background-position":"center center","background-size":"auto","background-attachment":"scroll","background-type":"","background-media":"","overlay-type":"","overlay-color":"","overlay-opacity":"","overlay-gradient":""},"tablet":{"background-color":"","background-image":"","background-repeat":"repeat","background-position":"center center","background-size":"auto","background-attachment":"scroll","background-type":"","background-media":"","overlay-type":"","overlay-color":"","overlay-opacity":"","overlay-gradient":""},"mobile":{"background-color":"","background-image":"","background-repeat":"repeat","background-position":"center center","background-size":"auto","background-attachment":"scroll","background-type":"","background-media":"","overlay-type":"","overlay-color":"","overlay-opacity":"","overlay-gradient":""}},"ast-content-background-meta":{"desktop":{"background-color":"var(--ast-global-color-5)","background-image":"","background-repeat":"repeat","background-position":"center center","background-size":"auto","background-attachment":"scroll","background-type":"","background-media":"","overlay-type":"","overlay-color":"","overlay-opacity":"","overlay-gradient":""},"tablet":{"background-color":"var(--ast-global-color-5)","background-image":"","background-repeat":"repeat","background-position":"center center","background-size":"auto","background-attachment":"scroll","background-type":"","background-media":"","overlay-type":"","overlay-color":"","overlay-opacity":"","overlay-gradient":""},"mobile":{"background-color":"var(--ast-global-color-5)","background-image":"","background-repeat":"repeat","background-position":"center center","background-size":"auto","background-attachment":"scroll","background-type":"","background-media":"","overlay-type":"","overlay-color":"","overlay-opacity":"","overlay-gradient":""}},"footnotes":""},"class_list":["post-12778","page","type-page","status-publish","hentry"],"jetpack_sharing_enabled":true,"_links":{"self":[{"href":"https:\/\/hoodtrendspredict.com\/fr\/wp-json\/wp\/v2\/pages\/12778","targetHints":{"allow":["GET"]}}],"collection":[{"href":"https:\/\/hoodtrendspredict.com\/fr\/wp-json\/wp\/v2\/pages"}],"about":[{"href":"https:\/\/hoodtrendspredict.com\/fr\/wp-json\/wp\/v2\/types\/page"}],"author":[{"embeddable":true,"href":"https:\/\/hoodtrendspredict.com\/fr\/wp-json\/wp\/v2\/users\/1"}],"replies":[{"embeddable":true,"href":"https:\/\/hoodtrendspredict.com\/fr\/wp-json\/wp\/v2\/comments?post=12778"}],"version-history":[{"count":42,"href":"https:\/\/hoodtrendspredict.com\/fr\/wp-json\/wp\/v2\/pages\/12778\/revisions"}],"predecessor-version":[{"id":23971,"href":"https:\/\/hoodtrendspredict.com\/fr\/wp-json\/wp\/v2\/pages\/12778\/revisions\/23971"}],"wp:attachment":[{"href":"https:\/\/hoodtrendspredict.com\/fr\/wp-json\/wp\/v2\/media?parent=12778"}],"curies":[{"name":"wp","href":"https:\/\/api.w.org\/{rel}","templated":true}]}}