{"id":12782,"date":"2026-01-14T13:26:05","date_gmt":"2026-01-14T13:26:05","guid":{"rendered":"https:\/\/hoodtrendspredict.com\/best-value-predictions-for-today\/"},"modified":"2026-01-18T23:57:32","modified_gmt":"2026-01-18T23:57:32","slug":"best-value-predictions-for-today","status":"publish","type":"page","link":"https:\/\/hoodtrendspredict.com\/fr\/best-value-predictions-for-today\/","title":{"rendered":"Meilleures pr\u00e9visions de valeur pour aujourd&#039;hui"},"content":{"rendered":"<p><strong>Tendances du quartier<\/strong> vous offre le plus fiable <strong>Meilleures pr\u00e9dictions de valeur pour aujourd&#039;hui<\/strong> \u2013 des pronostics soigneusement s\u00e9lectionn\u00e9s, con\u00e7us pour les parieurs qui privil\u00e9gient la qualit\u00e9 \u00e0 la quantit\u00e9. <strong>conseils de valeur<\/strong> Allier la pr\u00e9cision statistique \u00e0 l&#039;expertise pour identifier les matchs o\u00f9 les cotes des bookmakers ne refl\u00e8tent pas la probabilit\u00e9 r\u00e9elle.<\/p>\n<h2>Les meilleures offres du jour<\/h2>\n<div class=\"Card_card__pMaLR undefined\">\n<div class=\"OfferCard_container__n3v_1\">\n<div class=\"OfferCard_body__SXPCi OfferCard_body--default__JKXfp\">\n<div class=\"OfferCard_logoAndTitleWrapper__LmqKL\"><picture class=\"Image_picture__fByGQ\" data-testid=\"priority-false\"><\/picture>\n<h3 class=\"OfferCard_header__GZIbx\">SUPER 6 \u2013 200 000 $ ET UNE AUDI A5 \u00c0 GAGNER \u2013 LE MEILLEUR DU MOIS REMPORTE LA VOITURE SI ELLE N&#039;A PAS GAGN\u00c9 EN JANVIER<\/h3>\n<\/div>\n<div class=\"OfferCard_ctaAndScoreContainer__wsY_T\"><span class=\"OfferCard_ctaText__bvpJm\" style=\"color:rgba(255,255,255)\">OBTENIR L&#039;OFFRE<\/span><svg xmlns=\"http:\/\/www.w3.org\/2000\/svg\" width=\"17\" height=\"16\" viewbox=\"0 0 17 16\" fill=\"none\"><title>Ic\u00f4ne de lien externe<\/title><path d=\"M1.83334 14.6667V1.33333H8.82314V3.13605H3.63606V12.8639H13.364V7.67687H15.1667V14.6667H1.83334ZM6.88436 10.8741L5.62586 9.61564L12.1055 3.13605H10.1837V1.33333H15.1667V6.31632H13.364V4.39455L6.88436 10.8741Z\" fill=\"rgba(255,255,255)\"><\/path><\/svg><\/div>\n<\/div>\n<div class=\"OfferCard_footer__QfgH1\">\n<p class=\"OfferCard_termsAndConditions__LFkFY OfferCard_termsAndConditions--textColour__AAhyA\">Date limite : 17 janvier \u00e0 15h. Jouez gratuitement. Conditions g\u00e9n\u00e9rales applicables. 18 ans et plus.<\/p>\n<\/div>\n<\/div>\n<\/div>\n<h2>Quelles sont les pr\u00e9visions les plus int\u00e9ressantes ?<\/h2>\n<p><strong>Meilleures pr\u00e9visions de valeur<\/strong> Il s&#039;agit d&#039;identifier les opportunit\u00e9s de paris o\u00f9 les cotes propos\u00e9es sont sup\u00e9rieures \u00e0 la probabilit\u00e9 r\u00e9elle de l&#039;\u00e9v\u00e9nement. Ce concept est fondamental pour des paris rentables \u00e0 long terme. <strong>Tendances du quartier<\/strong>, Nous nous sp\u00e9cialisons dans l&#039;identification de correspondances pr\u00e9sentant des sch\u00e9mas statistiques clairs qui r\u00e9v\u00e8lent <strong>cotes mal \u00e9valu\u00e9es<\/strong> et une v\u00e9ritable valeur.<\/p>\n<p>Nos analystes examinent la probabilit\u00e9 attendue par rapport aux cotes du march\u00e9, les donn\u00e9es de performance historiques, les facteurs situationnels et les inefficiences du march\u00e9 pour fournir <strong>pr\u00e9dictions de valeur pr\u00e9cises<\/strong>. Qu&#039;il s&#039;agisse d&#039;un favori sous-estim\u00e9 ou d&#039;un outsider soigneusement s\u00e9lectionn\u00e9 avec une excellente probabilit\u00e9 de victoire, notre syst\u00e8me identifie les opportunit\u00e9s de paris les plus prometteuses.<\/p>\n<h2>Les meilleurs conseils du jour \u2013 Une pr\u00e9cision bas\u00e9e sur les donn\u00e9es<\/h2>\n<p>Chaque <strong>pr\u00e9diction de valeur<\/strong> sur <strong>HoodtrendsPredict.com<\/strong> repose sur une analyse de donn\u00e9es exhaustive. Nous ne devinons pas, nous calculons. Nos mod\u00e8les d&#039;IA traitent des milliers de points de donn\u00e9es, notamment <strong>calculs de valeur attendue<\/strong>, les \u00e9valuations de probabilit\u00e9 r\u00e9elles, les analyses de performance \u00e0 domicile et \u00e0 l&#039;ext\u00e9rieur, et la forme r\u00e9cente pour g\u00e9n\u00e9rer des pr\u00e9dictions avec la valeur attendue positive la plus \u00e9lev\u00e9e.<\/p>\n<p>Populaire <strong>opportunit\u00e9s de paris de valeur<\/strong> Notre analyse inclut les favoris sous-\u00e9valu\u00e9s, les sc\u00e9narios de match nul n\u00e9glig\u00e9s, les march\u00e9s des buts mal \u00e9valu\u00e9s et les avantages situationnels. Notre plateforme met en \u00e9vidence les s\u00e9lections offrant le meilleur rapport qualit\u00e9-prix en fonction de l&#039;\u00e9cart entre les cotes r\u00e9elles et les cotes des bookmakers. Cette approche a permis <strong>Tendances du quartier<\/strong> la source incontournable pour les questions s\u00e9rieuses <strong>parieurs de valeur<\/strong>.<\/p>\n<h2>Pr\u00e9visions gratuites des meilleures offres \u2013 Mises \u00e0 jour quotidiennes<\/h2>\n<p>Acc\u00e8s complet <strong>Meilleures pr\u00e9dictions de valeur pour aujourd&#039;hui<\/strong> enti\u00e8rement gratuit sur <strong>HoodtrendsPredict.com<\/strong>. Nos pr\u00e9dictions couvrent les ligues majeures, y compris la <strong>Premier League<\/strong>, <strong>La Liga<\/strong>, <strong>S\u00e9rie A<\/strong>, <strong>Bundesliga<\/strong>, et <strong>Ligue des champions de l&#039;UEFA<\/strong>. Chaque conseil est actualis\u00e9 en temps r\u00e9el en fonction de l&#039;\u00e9volution des conditions du match, vous assurant ainsi de toujours disposer des informations les plus r\u00e9centes.<\/p>\n<div class=\"faq-section\">\n<h2>Foire aux questions<\/h2>\n<h3>Que signifie le pari de valeur dans le football ?<\/h3>\n<p><strong>Paris de valeur<\/strong> Un pari de valeur se produit lorsque la probabilit\u00e9 d&#039;un r\u00e9sultat est sup\u00e9rieure \u00e0 celle indiqu\u00e9e par les cotes du bookmaker. Par exemple, si une \u00e9quipe a 601 chances de gagner alors que les cotes n&#039;indiquent que 501, il s&#039;agit d&#039;un pari de valeur.<\/p>\n<h3>Pourquoi privil\u00e9gier la valeur plut\u00f4t que les simples pr\u00e9f\u00e9rences ?<\/h3>\n<p><strong>Pr\u00e9visions de valeur<\/strong> La rentabilit\u00e9 \u00e0 long terme repose sur le fait que miser syst\u00e9matiquement lorsque les cotes sont favorables g\u00e9n\u00e8re des rendements positifs sur la dur\u00e9e. Miser sur des favoris sans valeur ajout\u00e9e entra\u00eene des pertes progressives malgr\u00e9 des gains ponctuels.<\/p>\n<h3>Comment g\u00e9n\u00e9rer les meilleures pr\u00e9visions de valeur ?<\/h3>\n<p>Notre <strong>conseils de valeur<\/strong> Les pronostics sont g\u00e9n\u00e9r\u00e9s \u00e0 l&#039;aide d&#039;algorithmes avanc\u00e9s qui calculent la probabilit\u00e9 r\u00e9elle de victoire, la comparent aux cotes des bookmakers, analysent la forme actuelle des joueurs et identifient les tendances statistiques. Chaque pronostic fait l&#039;objet de tests rigoureux de valeur esp\u00e9r\u00e9e avant sa publication.<\/p>\n<h3>Quelles ligues couvrent vos pronostics les plus avantageux\u00a0?<\/h3>\n<p>Nous fournissons <strong>pr\u00e9visions de valeur<\/strong> pour toutes les grandes ligues de football du monde entier, y compris la Premier League, la Liga, la Serie A, la Bundesliga, la Ligue 1, l&#039;Eredivisie et les principaux tournois internationaux.<\/p>\n<h3>Les pr\u00e9visions de valeur sont-elles adapt\u00e9es aux d\u00e9butants\u00a0?<\/h3>\n<p>Alors que <strong>paris de valeur<\/strong> L&#039;utilisation de notre plateforme n\u00e9cessite la compr\u00e9hension des concepts de probabilit\u00e9, et elle en d\u00e9taille l&#039;analyse. Les d\u00e9butants peuvent apprendre les bases de l&#039;esp\u00e9rance de gain, tandis que les parieurs exp\u00e9riment\u00e9s peuvent exploiter nos donn\u00e9es pour \u00e9laborer des strat\u00e9gies de paris sophistiqu\u00e9es.<\/p>\n<\/div>\n<p><strong>Tendances du quartier<\/strong> \u2013 Votre source d&#039;experts pour <strong>Meilleures pr\u00e9dictions de valeur pour aujourd&#039;hui<\/strong>. Une analyse plus pertinente. De meilleurs r\u00e9sultats.<\/p>","protected":false},"excerpt":{"rendered":"<p>HoodtrendsPredict brings you the most reliable best value predictions for today \u2013 carefully selected betting tips designed for punters who prioritize quality over quantity. Our [&hellip;]<\/p>\n","protected":false},"author":1,"featured_media":0,"parent":0,"menu_order":0,"comment_status":"closed","ping_status":"closed","template":"","meta":{"_monsterinsights_skip_tracking":false,"_monsterinsights_sitenote_active":false,"_monsterinsights_sitenote_note":"","_monsterinsights_sitenote_category":0,"site-sidebar-layout":"default","site-content-layout":"","ast-site-content-layout":"default","site-content-style":"default","site-sidebar-style":"default","ast-global-header-display":"","ast-banner-title-visibility":"","ast-main-header-display":"","ast-hfb-above-header-display":"","ast-hfb-below-header-display":"","ast-hfb-mobile-header-display":"","site-post-title":"","ast-breadcrumbs-content":"","ast-featured-img":"","footer-sml-layout":"","ast-disable-related-posts":"","theme-transparent-header-meta":"","adv-header-id-meta":"","stick-header-meta":"","header-above-stick-meta":"","header-main-stick-meta":"","header-below-stick-meta":"","astra-migrate-meta-layouts":"set","ast-page-background-enabled":"default","ast-page-background-meta":{"desktop":{"background-color":"","background-image":"","background-repeat":"repeat","background-position":"center center","background-size":"auto","background-attachment":"scroll","background-type":"","background-media":"","overlay-type":"","overlay-color":"","overlay-opacity":"","overlay-gradient":""},"tablet":{"background-color":"","background-image":"","background-repeat":"repeat","background-position":"center center","background-size":"auto","background-attachment":"scroll","background-type":"","background-media":"","overlay-type":"","overlay-color":"","overlay-opacity":"","overlay-gradient":""},"mobile":{"background-color":"","background-image":"","background-repeat":"repeat","background-position":"center center","background-size":"auto","background-attachment":"scroll","background-type":"","background-media":"","overlay-type":"","overlay-color":"","overlay-opacity":"","overlay-gradient":""}},"ast-content-background-meta":{"desktop":{"background-color":"var(--ast-global-color-5)","background-image":"","background-repeat":"repeat","background-position":"center center","background-size":"auto","background-attachment":"scroll","background-type":"","background-media":"","overlay-type":"","overlay-color":"","overlay-opacity":"","overlay-gradient":""},"tablet":{"background-color":"var(--ast-global-color-5)","background-image":"","background-repeat":"repeat","background-position":"center center","background-size":"auto","background-attachment":"scroll","background-type":"","background-media":"","overlay-type":"","overlay-color":"","overlay-opacity":"","overlay-gradient":""},"mobile":{"background-color":"var(--ast-global-color-5)","background-image":"","background-repeat":"repeat","background-position":"center center","background-size":"auto","background-attachment":"scroll","background-type":"","background-media":"","overlay-type":"","overlay-color":"","overlay-opacity":"","overlay-gradient":""}},"footnotes":""},"class_list":["post-12782","page","type-page","status-publish","hentry"],"jetpack_sharing_enabled":true,"_links":{"self":[{"href":"https:\/\/hoodtrendspredict.com\/fr\/wp-json\/wp\/v2\/pages\/12782","targetHints":{"allow":["GET"]}}],"collection":[{"href":"https:\/\/hoodtrendspredict.com\/fr\/wp-json\/wp\/v2\/pages"}],"about":[{"href":"https:\/\/hoodtrendspredict.com\/fr\/wp-json\/wp\/v2\/types\/page"}],"author":[{"embeddable":true,"href":"https:\/\/hoodtrendspredict.com\/fr\/wp-json\/wp\/v2\/users\/1"}],"replies":[{"embeddable":true,"href":"https:\/\/hoodtrendspredict.com\/fr\/wp-json\/wp\/v2\/comments?post=12782"}],"version-history":[{"count":0,"href":"https:\/\/hoodtrendspredict.com\/fr\/wp-json\/wp\/v2\/pages\/12782\/revisions"}],"wp:attachment":[{"href":"https:\/\/hoodtrendspredict.com\/fr\/wp-json\/wp\/v2\/media?parent=12782"}],"curies":[{"name":"wp","href":"https:\/\/api.w.org\/{rel}","templated":true}]}}