{"id":12784,"date":"2026-01-14T13:27:04","date_gmt":"2026-01-14T13:27:04","guid":{"rendered":"https:\/\/hoodtrendspredict.com\/basketball-predictions-for-today\/"},"modified":"2026-04-22T19:06:02","modified_gmt":"2026-04-22T18:06:02","slug":"basketball-predictions-for-today","status":"publish","type":"page","link":"https:\/\/hoodtrendspredict.com\/fr\/basketball-predictions-for-today\/","title":{"rendered":"Pronostics de basketball pour aujourd&#039;hui"},"content":{"rendered":"<p><strong>Tendances du quartier<\/strong> est votre destination ultime pour <strong>Pronostics de basketball pour aujourd&#039;hui<\/strong>. Que vous suiviez la NBA, l&#039;EuroLeague ou les tournois internationaux, notre plateforme vous offre tout ce dont vous avez besoin. <strong>conseils pr\u00e9cis sur le basketball<\/strong> Gr\u00e2ce \u00e0 des analyses avanc\u00e9es et \u00e0 l&#039;expertise de nos sp\u00e9cialistes, nous \u00e9tudions chaque jour de match la forme des \u00e9quipes, les statistiques des joueurs et les confrontations directes afin de vous fournir des pronostics fiables.<\/p>\n<h2>Pronostics de basketball pour aujourd&#039;hui<\/h2>\n<div class=\"row masonry-container\">\n<div class=\"col-xs-12 col-sm-6 col-md-4 col-lg-3 masonry-sizer\"><\/div>\n<div class=\"col-md-6 masonry-item\"><a href=\"https:\/\/www.basketballbets365.com\/predictions\/1346161\/minas-vs-cruzeiro\" title=\"Pr\u00e9diction Minas - Cruzeiro\" rel=\"nofollow noopener\" target=\"_blank\"><\/p>\n<div class=\"detailbx not-correct\">\n<h4>Br\u00e9sil : NBB<\/h4>\n<div class=\"d-li\">\n<ul>\n<li><span class=\"flag-icon flag-icon-br\"><\/span>\n<p>Minas <span>99<\/span><\/p>\n<\/li>\n<li><span class=\"flag-icon flag-icon-br\"><\/span>\n<p>Cruzeiro <span>94<\/span><\/p>\n<\/li>\n<\/ul>\n<\/div>\n<div class=\"timebx\">\n<p><i><\/i> Fini<\/p>\n<p><a href=\"https:\/\/www.basketballbets365.com\/predictions\/1346161\/minas-vs-cruzeiro\" data-toggle=\"tooltip\" data-placement=\"bottom\" class=\"btn\" title=\"handicap\" rel=\"nofollow noopener\" target=\"_blank\">1 -13.5<\/a><\/div>\n<\/div>\n<p><\/a><\/div>\n<div class=\"col-md-6 masonry-item\"><a href=\"https:\/\/www.basketballbets365.com\/predictions\/1345874\/boston-celtics-vs-philadelphia-76ers\" title=\"Pr\u00e9diction\u00a0: Boston Celtics - Philadelphia 76ers\" rel=\"nofollow noopener\" target=\"_blank\"><\/p>\n<div class=\"detailbx correct\">\n<h4>\u00c9tats-Unis : NBA<\/h4>\n<div class=\"d-li\">\n<ul>\n<li><span class=\"flag-icon flag-icon-us\"><\/span>\n<p>Boston Celtics <span>97<\/span><\/p>\n<\/li>\n<li><span class=\"flag-icon flag-icon-us\"><\/span>\n<p>Les 76ers de Philadelphie <span>111<\/span><\/p>\n<\/li>\n<\/ul>\n<\/div>\n<div class=\"timebx\">\n<p><i><\/i> Fini<\/p>\n<p><a href=\"https:\/\/www.basketballbets365.com\/predictions\/1345874\/boston-celtics-vs-philadelphia-76ers\" data-toggle=\"tooltip\" data-placement=\"bottom\" class=\"btn btn-green\" title=\"points sous-plus\" rel=\"nofollow noopener\" target=\"_blank\">moins de 217,5<\/a><\/div>\n<\/div>\n<p><\/a><\/div>\n<div class=\"col-md-6 masonry-item\"><a href=\"https:\/\/www.basketballbets365.com\/predictions\/1346034\/paulistano-vs-bauru\" title=\"Pr\u00e9diction Paulistano - Bauru\" rel=\"nofollow noopener\" target=\"_blank\"><\/p>\n<div class=\"detailbx not-correct\">\n<h4>Br\u00e9sil : NBB<\/h4>\n<div class=\"d-li\">\n<ul>\n<li><span class=\"flag-icon flag-icon-br\"><\/span>\n<p>Paulistano <span>80<\/span><\/p>\n<\/li>\n<li><span class=\"flag-icon flag-icon-br\"><\/span>\n<p>Bauru <span>77<\/span><\/p>\n<\/li>\n<\/ul>\n<\/div>\n<div class=\"timebx\">\n<p><i><\/i> Fini<\/p>\n<p><a href=\"https:\/\/www.basketballbets365.com\/predictions\/1346034\/paulistano-vs-bauru\" data-toggle=\"tooltip\" data-placement=\"bottom\" class=\"btn\" title=\"handicap\" rel=\"nofollow noopener\" target=\"_blank\">1 -5.5<\/a><\/div>\n<\/div>\n<p><\/a><\/div>\n<div class=\"col-md-6 masonry-item\"><a href=\"https:\/\/www.basketballbets365.com\/predictions\/1345225\/san-antonio-spurs-vs-portland-trailblazers\" title=\"Pronostic : San Antonio Spurs - Portland Trail Blazers\" rel=\"nofollow noopener\" target=\"_blank\"><\/p>\n<div class=\"detailbx not-correct\">\n<h4>\u00c9tats-Unis : NBA<\/h4>\n<div class=\"d-li\">\n<ul>\n<li><span class=\"flag-icon flag-icon-us\"><\/span>\n<p>San Antonio Spurs <span>103<\/span><\/p>\n<\/li>\n<li><span class=\"flag-icon flag-icon-us\"><\/span>\n<p>Portland Trailblazers <span>106<\/span><\/p>\n<\/li>\n<\/ul>\n<\/div>\n<div class=\"timebx\">\n<p><i><\/i> Fini<\/p>\n<p><a href=\"https:\/\/www.basketballbets365.com\/predictions\/1345225\/san-antonio-spurs-vs-portland-trailblazers\" data-toggle=\"tooltip\" data-placement=\"bottom\" class=\"btn\" title=\"handicap\" rel=\"nofollow noopener\" target=\"_blank\">1 -11.5<\/a><\/div>\n<\/div>\n<p><\/a><\/div>\n<div class=\"col-md-6 masonry-item\"><a href=\"https:\/\/www.basketballbets365.com\/predictions\/1345924\/boca-juniors-vs-obras-sanitarias\" title=\"Pr\u00e9diction Boca Juniors - Obras Sanitarias\" rel=\"nofollow noopener\" target=\"_blank\"><\/p>\n<div class=\"detailbx correct\">\n<h4>Argentine : LNB<\/h4>\n<div class=\"d-li\">\n<ul>\n<li><span class=\"flag-icon flag-icon-ar\"><\/span>\n<p>Boca Juniors <span>87<\/span><\/p>\n<\/li>\n<li><span class=\"flag-icon flag-icon-ar\"><\/span>\n<p>Obras Sanitarias <span>75<\/span><\/p>\n<\/li>\n<\/ul>\n<\/div>\n<div class=\"timebx\">\n<p><i><\/i> Fini<\/p>\n<p><a href=\"https:\/\/www.basketballbets365.com\/predictions\/1345924\/boca-juniors-vs-obras-sanitarias\" data-toggle=\"tooltip\" data-placement=\"bottom\" class=\"btn btn-green\" title=\"points sous-plus\" rel=\"nofollow noopener\" target=\"_blank\">plus de 159,5<\/a><\/div>\n<\/div>\n<p><\/a><\/div>\n<div class=\"col-md-6 masonry-item\"><a href=\"https:\/\/www.basketballbets365.com\/predictions\/1345506\/los-angeles-lakers-vs-houston-rockets\" title=\"Pronostic : Los Angeles Lakers - Houston Rockets\" rel=\"nofollow noopener\" target=\"_blank\"><\/p>\n<div class=\"detailbx not-correct\">\n<h4>\u00c9tats-Unis : NBA<\/h4>\n<div class=\"d-li\">\n<ul>\n<li><span class=\"flag-icon flag-icon-us\"><\/span>\n<p>Los Angeles Lakers <span>101<\/span><\/p>\n<\/li>\n<li><span class=\"flag-icon flag-icon-us\"><\/span>\n<p>Houston Rockets <span>94<\/span><\/p>\n<\/li>\n<\/ul>\n<\/div>\n<div class=\"timebx\">\n<p><i><\/i> Fini<\/p>\n<p><a href=\"https:\/\/www.basketballbets365.com\/predictions\/1345506\/los-angeles-lakers-vs-houston-rockets\" data-toggle=\"tooltip\" data-placement=\"bottom\" class=\"btn\" title=\"points sous-plus\" rel=\"nofollow noopener\" target=\"_blank\">plus de 206,5<\/a><\/div>\n<\/div>\n<p><\/a><\/div>\n<div class=\"col-md-6 masonry-item\"><a href=\"https:\/\/www.basketballbets365.com\/predictions\/1345710\/peristeri-vs-aris-thessalonika\" title=\"Pr\u00e9diction Peristeri - Aris Thessalonique\" rel=\"nofollow noopener\" target=\"_blank\"><\/p>\n<div class=\"detailbx not-correct\">\n<h4>Gr\u00e8ce : Ligue de basket-ball<\/h4>\n<div class=\"d-li\">\n<ul>\n<li><span class=\"flag-icon flag-icon-gr\"><\/span>\n<p>P\u00e9rist\u00e9ri <span>78<\/span><\/p>\n<\/li>\n<li><span class=\"flag-icon flag-icon-gr\"><\/span>\n<p>Aris Thessalonique <span>75<\/span><\/p>\n<\/li>\n<\/ul>\n<\/div>\n<div class=\"timebx\">\n<p><i><\/i> Fini<\/p>\n<p><a href=\"https:\/\/www.basketballbets365.com\/predictions\/1345710\/peristeri-vs-aris-thessalonika\" data-toggle=\"tooltip\" data-placement=\"bottom\" class=\"btn\" title=\"2 voies\" rel=\"nofollow noopener\" target=\"_blank\">2<\/a><\/div>\n<\/div>\n<p><\/a><\/div>\n<div class=\"col-md-6 masonry-item\"><a href=\"https:\/\/www.basketballbets365.com\/predictions\/1346301\/bc-lietuvos-rytas-vs-bc-jonava\" title=\"Pr\u00e9diction BC Lietuvos Rytas - BC Jonava\" rel=\"nofollow noopener\" target=\"_blank\"><\/p>\n<div class=\"detailbx correct\">\n<h4>Lituanie : LKL<\/h4>\n<div class=\"d-li\">\n<ul>\n<li><span class=\"flag-icon flag-icon-lt\"><\/span>\n<p>BC Lietuvos Rytas <span>98<\/span><\/p>\n<\/li>\n<li><span class=\"flag-icon flag-icon-lt\"><\/span>\n<p>BC Jonava <span>81<\/span><\/p>\n<\/li>\n<\/ul>\n<\/div>\n<div class=\"timebx\">\n<p><i><\/i> Fini<\/p>\n<p><a href=\"https:\/\/www.basketballbets365.com\/predictions\/1346301\/bc-lietuvos-rytas-vs-bc-jonava\" data-toggle=\"tooltip\" data-placement=\"bottom\" class=\"btn btn-green\" title=\"points sous-plus\" rel=\"nofollow noopener\" target=\"_blank\">plus de 178,5<\/a><\/div>\n<\/div>\n<p><\/a><\/div>\n<div class=\"col-md-6 masonry-item\"><a href=\"https:\/\/www.basketballbets365.com\/predictions\/1346302\/zalgiris-kaunas-vs-gargzdai\" title=\"Pr\u00e9diction Zalgiris Kaunas - Gargzdai\" rel=\"nofollow noopener\" target=\"_blank\"><\/p>\n<div class=\"detailbx waiting\">\n<h4>Lituanie : LKL<\/h4>\n<div class=\"d-li\">\n<ul>\n<li><span class=\"flag-icon flag-icon-lt\"><\/span>\n<p>\u017dalgiris Kaunas <span>\u2013<\/span><\/p>\n<\/li>\n<li><span class=\"flag-icon flag-icon-lt\"><\/span>\n<p>Gargzdai <span>\u2013<\/span><\/p>\n<\/li>\n<\/ul>\n<\/div>\n<div class=\"timebx\">\n<p><i><\/i> 19:50<\/p>\n<p><a href=\"https:\/\/www.basketballbets365.com\/predictions\/1346302\/zalgiris-kaunas-vs-gargzdai\" data-toggle=\"tooltip\" data-placement=\"bottom\" class=\"btn btn-dark\" title=\"points sous-plus\" rel=\"nofollow noopener\" target=\"_blank\">moins de 165,5<\/a><\/div>\n<\/div>\n<p><\/a><\/div>\n<div class=\"col-md-6 masonry-item\"><a href=\"https:\/\/www.basketballbets365.com\/predictions\/1346130\/nh-ostrava-vs-olomouc\" title=\"Pr\u00e9diction NH Ostrava - Olomouc\" rel=\"nofollow noopener\" target=\"_blank\"><\/p>\n<div class=\"detailbx waiting\">\n<h4>R\u00e9publique tch\u00e8que : NBL<\/h4>\n<div class=\"d-li\">\n<ul>\n<li><span class=\"flag-icon flag-icon-cz\"><\/span>\n<p>NH Ostrava <span>\u2013<\/span><\/p>\n<\/li>\n<li><span class=\"flag-icon flag-icon-cz\"><\/span>\n<p>Olomouc <span>\u2013<\/span><\/p>\n<\/li>\n<\/ul>\n<\/div>\n<div class=\"timebx\">\n<p><i><\/i> 20:00<\/p>\n<p><a href=\"https:\/\/www.basketballbets365.com\/predictions\/1346130\/nh-ostrava-vs-olomouc\" data-toggle=\"tooltip\" data-placement=\"bottom\" class=\"btn btn-dark\" title=\"points sous-plus\" rel=\"nofollow noopener\" target=\"_blank\">moins de 169,5<\/a><\/div>\n<\/div>\n<p><\/a><\/div>\n<div class=\"col-md-6 masonry-item\"><a href=\"https:\/\/www.basketballbets365.com\/predictions\/1346151\/unics-kazan-vs-nizhny-novgorod\" title=\"Pr\u00e9diction Unics Kazan - Nijni Novgorod\" rel=\"nofollow noopener\" target=\"_blank\"><\/p>\n<div class=\"detailbx waiting\">\n<h4>International : VTB<\/h4>\n<div class=\"d-li\">\n<ul>\n<li><span class=\"flag-icon flag-icon-wd\"><\/span>\n<p>Unics Kazan <span>\u2013<\/span><\/p>\n<\/li>\n<li><span class=\"flag-icon flag-icon-wd\"><\/span>\n<p>Nijni Novgorod <span>\u2013<\/span><\/p>\n<\/li>\n<\/ul>\n<\/div>\n<div class=\"timebx\">\n<p><i><\/i> 20:00<\/p>\n<p><a href=\"https:\/\/www.basketballbets365.com\/predictions\/1346151\/unics-kazan-vs-nizhny-novgorod\" data-toggle=\"tooltip\" data-placement=\"bottom\" class=\"btn btn-dark\" title=\"points sous-plus\" rel=\"nofollow noopener\" target=\"_blank\">plus de 167,5<\/a><\/div>\n<\/div>\n<p><\/a><\/div>\n<div class=\"col-md-6 masonry-item\"><a href=\"https:\/\/www.basketballbets365.com\/predictions\/1345518\/paok-vs-bilbao-basket\" title=\"Pr\u00e9diction PAOK - Bilbao Basket\" rel=\"nofollow noopener\" target=\"_blank\"><\/p>\n<div class=\"detailbx waiting\">\n<h4>International : Coupe d&#039;Europe<\/h4>\n<div class=\"d-li\">\n<ul>\n<li><span class=\"flag-icon flag-icon-wd\"><\/span>\n<p>PAOK <span>\u2013<\/span><\/p>\n<\/li>\n<li><span class=\"flag-icon flag-icon-wd\"><\/span>\n<p>Basket de Bilbao <span>\u2013<\/span><\/p>\n<\/li>\n<\/ul>\n<\/div>\n<div class=\"timebx\">\n<p><i><\/i> 20:15<\/p>\n<p><a href=\"https:\/\/www.basketballbets365.com\/predictions\/1345518\/paok-vs-bilbao-basket\" data-toggle=\"tooltip\" data-placement=\"bottom\" class=\"btn btn-dark\" title=\"handicap\" rel=\"nofollow noopener\" target=\"_blank\">2 4.5<\/a><\/div>\n<\/div>\n<p><\/a><\/div>\n<div class=\"col-md-6 masonry-item\"><a href=\"https:\/\/www.basketballbets365.com\/predictions\/1345748\/zenit-saint-petersburg-vs-cska-moscow\" title=\"Pronostic Zenit Saint-P\u00e9tersbourg - CSKA Moscou\" rel=\"nofollow noopener\" target=\"_blank\"><\/p>\n<div class=\"detailbx waiting\">\n<h4>International : VTB<\/h4>\n<div class=\"d-li\">\n<ul>\n<li><span class=\"flag-icon flag-icon-wd\"><\/span>\n<p>Z\u00e9nith Saint-P\u00e9tersbourg <span>\u2013<\/span><\/p>\n<\/li>\n<li><span class=\"flag-icon flag-icon-wd\"><\/span>\n<p>CSKA Moscou <span>\u2013<\/span><\/p>\n<\/li>\n<\/ul>\n<\/div>\n<div class=\"timebx\">\n<p><i><\/i> 20:30<\/p>\n<p><a href=\"https:\/\/www.basketballbets365.com\/predictions\/1345748\/zenit-saint-petersburg-vs-cska-moscow\" data-toggle=\"tooltip\" data-placement=\"bottom\" class=\"btn btn-dark\" title=\"2 voies\" rel=\"nofollow noopener\" target=\"_blank\">2<\/a><\/div>\n<\/div>\n<p><\/a><\/div>\n<div class=\"col-md-6 masonry-item\"><a href=\"https:\/\/www.basketballbets365.com\/predictions\/1346293\/ratiopharm-ulm-vs-alba-berlin\" title=\"Pr\u00e9diction Ratiopharm Ulm - Alba Berlin\" rel=\"nofollow noopener\" target=\"_blank\"><\/p>\n<div class=\"detailbx waiting\">\n<h4>Allemagne : BBL<\/h4>\n<div class=\"d-li\">\n<ul>\n<li><span class=\"flag-icon flag-icon-de\"><\/span>\n<p>Ratiopharm Ulm <span>\u2013<\/span><\/p>\n<\/li>\n<li><span class=\"flag-icon flag-icon-de\"><\/span>\n<p>Alba Berlin <span>\u2013<\/span><\/p>\n<\/li>\n<\/ul>\n<\/div>\n<div class=\"timebx\">\n<p><i><\/i> 20:30<\/p>\n<p><a href=\"https:\/\/www.basketballbets365.com\/predictions\/1346293\/ratiopharm-ulm-vs-alba-berlin\" data-toggle=\"tooltip\" data-placement=\"bottom\" class=\"btn btn-dark\" title=\"2 voies\" rel=\"nofollow noopener\" target=\"_blank\">1<\/a><\/div>\n<\/div>\n<p><\/a><\/div>\n<div class=\"col-md-6 masonry-item\"><a href=\"https:\/\/www.basketballbets365.com\/predictions\/1346155\/allianz-swans-gmunden-vs-oberwart-gunners\" title=\"Pr\u00e9diction Allianz Swans Gmunden - Oberwart Gunners\" rel=\"nofollow noopener\" target=\"_blank\"><\/p>\n<div class=\"detailbx waiting\">\n<h4>Autriche : Ligue des Amiraux<\/h4>\n<div class=\"d-li\">\n<ul>\n<li><span class=\"flag-icon flag-icon-at\"><\/span>\n<p>Allianz Swans Gmunden <span>\u2013<\/span><\/p>\n<\/li>\n<li><span class=\"flag-icon flag-icon-at\"><\/span>\n<p>Artilleurs d&#039;Oberwart <span>\u2013<\/span><\/p>\n<\/li>\n<\/ul>\n<\/div>\n<div class=\"timebx\">\n<p><i><\/i> 21:00<\/p>\n<p><a href=\"https:\/\/www.basketballbets365.com\/predictions\/1346155\/allianz-swans-gmunden-vs-oberwart-gunners\" data-toggle=\"tooltip\" data-placement=\"bottom\" class=\"btn btn-dark\" title=\"points sous-plus\" rel=\"nofollow noopener\" target=\"_blank\">moins de 165,5<\/a><\/div>\n<\/div>\n<p><\/a><\/div>\n<div class=\"col-md-6 masonry-item\"><a href=\"https:\/\/www.basketballbets365.com\/predictions\/1346157\/arkadia-traiskirchen-lions-vs-kapfenberg-bulls\" title=\"Pr\u00e9diction Arkadia Traiskirchen Lions - Kapfenberg Bulls\" rel=\"nofollow noopener\" target=\"_blank\"><\/p>\n<div class=\"detailbx waiting\">\n<h4>Autriche : Ligue des Amiraux<\/h4>\n<div class=\"d-li\">\n<ul>\n<li><span class=\"flag-icon flag-icon-at\"><\/span>\n<p>Arkadia Traiskirchen L \u2026 <span>\u2013<\/span><\/p>\n<\/li>\n<li><span class=\"flag-icon flag-icon-at\"><\/span>\n<p>Taureaux de Kapfenberg <span>\u2013<\/span><\/p>\n<\/li>\n<\/ul>\n<\/div>\n<div class=\"timebx\">\n<p><i><\/i> 21:00<\/p>\n<p><a href=\"https:\/\/www.basketballbets365.com\/predictions\/1346157\/arkadia-traiskirchen-lions-vs-kapfenberg-bulls\" data-toggle=\"tooltip\" data-placement=\"bottom\" class=\"btn btn-dark\" title=\"2 voies\" rel=\"nofollow noopener\" target=\"_blank\">2<\/a><\/div>\n<\/div>\n<p><\/a><\/div>\n<div class=\"col-md-6 masonry-item\"><a href=\"https:\/\/www.basketballbets365.com\/predictions\/1344777\/besiktas-vs-bourg\" title=\"Pronostic Besiktas - Bourg\" rel=\"nofollow noopener\" target=\"_blank\"><\/p>\n<div class=\"detailbx waiting\">\n<h4>International : Coupe d&#039;Europe<\/h4>\n<div class=\"d-li\">\n<ul>\n<li><span class=\"flag-icon flag-icon-wd\"><\/span>\n<p>Besiktas <span>\u2013<\/span><\/p>\n<\/li>\n<li><span class=\"flag-icon flag-icon-wd\"><\/span>\n<p>Bourg <span>\u2013<\/span><\/p>\n<\/li>\n<\/ul>\n<\/div>\n<div class=\"timebx\">\n<p><i><\/i> 21:00<\/p>\n<p><a href=\"https:\/\/www.basketballbets365.com\/predictions\/1344777\/besiktas-vs-bourg\" data-toggle=\"tooltip\" data-placement=\"bottom\" class=\"btn btn-dark\" title=\"points sous-plus\" rel=\"nofollow noopener\" target=\"_blank\">moins de 167,5<\/a><\/div>\n<\/div>\n<p><\/a><\/div>\n<div class=\"col-md-6 masonry-item\"><a href=\"https:\/\/www.basketballbets365.com\/predictions\/1346292\/hamburg-towers-vs-rostock\" title=\"Pr\u00e9diction des tours de Hambourg - Rostock\" rel=\"nofollow noopener\" target=\"_blank\"><\/p>\n<div class=\"detailbx waiting\">\n<h4>Allemagne : BBL<\/h4>\n<div class=\"d-li\">\n<ul>\n<li><span class=\"flag-icon flag-icon-de\"><\/span>\n<p>Tours de Hambourg <span>\u2013<\/span><\/p>\n<\/li>\n<li><span class=\"flag-icon flag-icon-de\"><\/span>\n<p>Rostock <span>\u2013<\/span><\/p>\n<\/li>\n<\/ul>\n<\/div>\n<div class=\"timebx\">\n<p><i><\/i> 22:00<\/p>\n<p><a href=\"https:\/\/www.basketballbets365.com\/predictions\/1346292\/hamburg-towers-vs-rostock\" data-toggle=\"tooltip\" data-placement=\"bottom\" class=\"btn btn-dark\" title=\"points sous-plus\" rel=\"nofollow noopener\" target=\"_blank\">plus de 171,5<\/a><\/div>\n<\/div>\n<p><\/a><\/div>\n<\/div>\n<h2>Pronostics de basketball du jour \u2013 Des choix d&#039;experts sur lesquels vous pouvez compter<\/h2>\n<p>\u00c0 <strong>Tendances du quartier<\/strong>, nous ne nous fions pas aux conjectures. Notre <strong>Pronostics de basketball pour aujourd&#039;hui<\/strong> sont g\u00e9n\u00e9r\u00e9es gr\u00e2ce \u00e0 une puissante combinaison de <strong>Algorithmes pilot\u00e9s par l&#039;IA<\/strong> Nous suivons tout, des pourcentages de r\u00e9ussite au tir aux \u00e9valuations d\u00e9fensives, en passant par les rapports de blessures et les calendriers de d\u00e9placements. Cette approche exhaustive garantit que chaque pronostic publi\u00e9 a \u00e9t\u00e9 rigoureusement v\u00e9rifi\u00e9.<\/p>\n<p>Notre couverture englobe les plus grandes ligues de basketball du monde, y compris la <strong>NBA<\/strong>, <strong>NCAA<\/strong>, <strong>EuroLigue<\/strong>, <strong>Liga ACB<\/strong>, et <strong>NBL australienne<\/strong>. Peu importe la ligue que vous suivez, <strong>Tendances du quartier<\/strong> Il fournit des pr\u00e9dictions mises \u00e0 jour quotidiennement avec des informations en temps r\u00e9el pour vous donner un avantage d\u00e9cisif.<\/p>\n<h2>Pourquoi choisir HoodtrendsPredict pour ses pronostics de basket ?<\/h2>\n<p>Des milliers de fans et d&#039;analystes de basketball choisissent <strong>Tendances du quartier<\/strong> Parce que nous obtenons des r\u00e9sultats. Notre plateforme se distingue par <strong>pr\u00e9cision bas\u00e9e sur les donn\u00e9es<\/strong>, Nous couvrons les \u00e9carts de points, les totaux (plus\/moins), les cotes et les performances individuelles. Nos pr\u00e9dictions sont mises \u00e0 jour en temps r\u00e9el d\u00e8s que de nouvelles informations sont disponibles, notamment les changements de composition d&#039;\u00e9quipe de derni\u00e8re minute et les mises \u00e0 jour concernant les blessures.<\/p>\n<p>Que vous soyez en train de faire des recherches <strong>Les matchs NBA de ce soir<\/strong> ou pour planifier \u00e0 l&#039;avance les matchs du week-end, notre syst\u00e8me offre <strong>pr\u00e9dictions de basketball \u00e0 haute fiabilit\u00e9<\/strong> qui vous aident \u00e0 prendre des d\u00e9cisions \u00e9clair\u00e9es. Des matchs de saison r\u00e9guli\u00e8re aux confrontations des s\u00e9ries \u00e9liminatoires, <strong>Tendances du quartier<\/strong> vous propose les conseils de basketball les plus fiables en ligne.<\/p>\n<h2>Pronostics quotidiens gratuits de basketball \u2013 Sans frais cach\u00e9s<\/h2>\n<p>Tous <strong>pr\u00e9dictions de basketball<\/strong> sur <strong>HoodtrendsPredict.com<\/strong> sont enti\u00e8rement gratuits. Il n&#039;y a ni abonnement, ni contenu payant, ni frais cach\u00e9s. Nous pensons que chacun m\u00e9rite d&#039;avoir acc\u00e8s \u00e0 une analyse sportive de qualit\u00e9, c&#039;est pourquoi nos <strong>conseils d&#039;experts en basketball<\/strong> Elles sont accessibles \u00e0 tous les utilisateurs sans aucune limite. Consultez simplement notre page de pronostics de basketball chaque jour pour d\u00e9couvrir les derni\u00e8res s\u00e9lections pour les matchs du jour.<\/p>\n<div class=\"faq-section\">\n<h2>Foire aux questions<\/h2>\n<h3>Quelles ligues de basketball couvrez-vous ?<\/h3>\n<p>Nous fournissons <strong>pr\u00e9dictions de basketball<\/strong> Nous couvrons l&#039;ensemble des grands championnats internationaux, notamment la NBA, la NCAA, l&#039;EuroLeague, la Liga ACB, la BSL turque, la VTB United League et la NBL australienne. Notre couverture s&#039;\u00e9tend \u00e9galement aux tournois internationaux et aux matchs amicaux.<\/p>\n<h3>Vos pronostics de basket sont-ils fiables ?<\/h3>\n<p>Notre <strong>conseils de basketball<\/strong> Nos pr\u00e9dictions s&#039;appuient sur des mod\u00e8les statistiques avanc\u00e9s qui analysent les performances des \u00e9quipes, les indicateurs des joueurs, les donn\u00e9es historiques et la forme actuelle. Bien qu&#039;aucun syst\u00e8me de pr\u00e9diction ne soit parfait, notre approche bas\u00e9e sur les donn\u00e9es offre des r\u00e9sultats constants. <strong>r\u00e9sultats \u00e0 forte probabilit\u00e9<\/strong> que les utilisateurs consid\u00e8rent comme fiables.<\/p>\n<h3>Quand les pronostics de basket d&#039;aujourd&#039;hui sont-ils mis \u00e0 jour\u00a0?<\/h3>\n<p>Nos mises \u00e0 jour syst\u00e8me <strong>Pronostics de basketball pour aujourd&#039;hui<\/strong> En temps r\u00e9el. D\u00e8s que de nouvelles statistiques, des rapports de blessures ou des confirmations de composition d&#039;\u00e9quipe sont disponibles, nos mod\u00e8les se mettent \u00e0 jour automatiquement pour fournir les pronostics les plus r\u00e9cents et les plus pr\u00e9cis.<\/p>\n<h3>Vos pronostics de basket sont-ils gratuits ?<\/h3>\n<p>Oui, tous <strong>pr\u00e9dictions de basketball<\/strong> Sur HoodtrendsPredict.com, tout est gratuit. Vous pouvez acc\u00e9der \u00e0 tous les conseils, analyses et informations sans aucun abonnement ni paiement.<\/p>\n<h3>Proposez-vous des pronostics NBA\u00a0?<\/h3>\n<p>Absolument. <strong>NBA<\/strong> L&#039;un de nos principaux objectifs est de fournir des pronostics quotidiens pour chaque match de NBA, incluant les \u00e9carts de points, les totaux (plus\/moins) et les pronostics sur le vainqueur, tout au long de la saison r\u00e9guli\u00e8re et des s\u00e9ries \u00e9liminatoires.<\/p>\n<\/div>\n<p><strong>Tendances du quartier<\/strong> \u2013 Votre source de confiance pour <strong>Pronostics de basketball pour aujourd&#039;hui<\/strong>. Pr\u00e9disez plus intelligemment. Gagnez plus gros.<\/p>","protected":false},"excerpt":{"rendered":"<p>HoodtrendsPredict is your ultimate destination for basketball predictions for today. Whether you&#8217;re following the NBA, EuroLeague, or international tournaments, our platform delivers accurate basketball tips [&hellip;]<\/p>\n","protected":false},"author":1,"featured_media":0,"parent":0,"menu_order":0,"comment_status":"closed","ping_status":"closed","template":"","meta":{"_monsterinsights_skip_tracking":false,"_monsterinsights_sitenote_active":false,"_monsterinsights_sitenote_note":"","_monsterinsights_sitenote_category":0,"site-sidebar-layout":"default","site-content-layout":"","ast-site-content-layout":"default","site-content-style":"default","site-sidebar-style":"default","ast-global-header-display":"","ast-banner-title-visibility":"","ast-main-header-display":"","ast-hfb-above-header-display":"","ast-hfb-below-header-display":"","ast-hfb-mobile-header-display":"","site-post-title":"","ast-breadcrumbs-content":"","ast-featured-img":"","footer-sml-layout":"","ast-disable-related-posts":"","theme-transparent-header-meta":"","adv-header-id-meta":"","stick-header-meta":"","header-above-stick-meta":"","header-main-stick-meta":"","header-below-stick-meta":"","astra-migrate-meta-layouts":"set","ast-page-background-enabled":"default","ast-page-background-meta":{"desktop":{"background-color":"","background-image":"","background-repeat":"repeat","background-position":"center center","background-size":"auto","background-attachment":"scroll","background-type":"","background-media":"","overlay-type":"","overlay-color":"","overlay-opacity":"","overlay-gradient":""},"tablet":{"background-color":"","background-image":"","background-repeat":"repeat","background-position":"center center","background-size":"auto","background-attachment":"scroll","background-type":"","background-media":"","overlay-type":"","overlay-color":"","overlay-opacity":"","overlay-gradient":""},"mobile":{"background-color":"","background-image":"","background-repeat":"repeat","background-position":"center center","background-size":"auto","background-attachment":"scroll","background-type":"","background-media":"","overlay-type":"","overlay-color":"","overlay-opacity":"","overlay-gradient":""}},"ast-content-background-meta":{"desktop":{"background-color":"var(--ast-global-color-5)","background-image":"","background-repeat":"repeat","background-position":"center center","background-size":"auto","background-attachment":"scroll","background-type":"","background-media":"","overlay-type":"","overlay-color":"","overlay-opacity":"","overlay-gradient":""},"tablet":{"background-color":"var(--ast-global-color-5)","background-image":"","background-repeat":"repeat","background-position":"center center","background-size":"auto","background-attachment":"scroll","background-type":"","background-media":"","overlay-type":"","overlay-color":"","overlay-opacity":"","overlay-gradient":""},"mobile":{"background-color":"var(--ast-global-color-5)","background-image":"","background-repeat":"repeat","background-position":"center center","background-size":"auto","background-attachment":"scroll","background-type":"","background-media":"","overlay-type":"","overlay-color":"","overlay-opacity":"","overlay-gradient":""}},"footnotes":""},"class_list":["post-12784","page","type-page","status-publish","hentry"],"jetpack_sharing_enabled":true,"_links":{"self":[{"href":"https:\/\/hoodtrendspredict.com\/fr\/wp-json\/wp\/v2\/pages\/12784","targetHints":{"allow":["GET"]}}],"collection":[{"href":"https:\/\/hoodtrendspredict.com\/fr\/wp-json\/wp\/v2\/pages"}],"about":[{"href":"https:\/\/hoodtrendspredict.com\/fr\/wp-json\/wp\/v2\/types\/page"}],"author":[{"embeddable":true,"href":"https:\/\/hoodtrendspredict.com\/fr\/wp-json\/wp\/v2\/users\/1"}],"replies":[{"embeddable":true,"href":"https:\/\/hoodtrendspredict.com\/fr\/wp-json\/wp\/v2\/comments?post=12784"}],"version-history":[{"count":32,"href":"https:\/\/hoodtrendspredict.com\/fr\/wp-json\/wp\/v2\/pages\/12784\/revisions"}],"predecessor-version":[{"id":23811,"href":"https:\/\/hoodtrendspredict.com\/fr\/wp-json\/wp\/v2\/pages\/12784\/revisions\/23811"}],"wp:attachment":[{"href":"https:\/\/hoodtrendspredict.com\/fr\/wp-json\/wp\/v2\/media?parent=12784"}],"curies":[{"name":"wp","href":"https:\/\/api.w.org\/{rel}","templated":true}]}}