{"id":13755,"date":"2026-01-22T16:28:03","date_gmt":"2026-01-22T16:28:03","guid":{"rendered":"https:\/\/hoodtrendspredict.com\/?page_id=13755"},"modified":"2026-01-22T16:28:49","modified_gmt":"2026-01-22T16:28:49","slug":"disclaimer","status":"publish","type":"page","link":"https:\/\/hoodtrendspredict.com\/fr\/disclaimer\/","title":{"rendered":"Clause de non-responsabilit\u00e9"},"content":{"rendered":"<p><strong>Avertissement concernant les pr\u00e9visions de Hoodtrends<\/strong><\/p>\n\n\n\n<ol class=\"wp-block-list\">\n<li><strong>Objectif informatif :<\/strong> Le contenu et les pr\u00e9dictions fournis sur Hoodtrends Predict sont uniquement destin\u00e9s \u00e0 des fins d&#039;information et de divertissement. Ils ne constituent pas un avis professionnel.<\/li>\n\n\n\n<li><strong>Aucune garantie :<\/strong> Bien que nous nous efforcions de fournir des pr\u00e9dictions pr\u00e9cises et pertinentes, nous ne garantissons ni les r\u00e9sultats ni l&#039;exactitude d&#039;aucune pr\u00e9diction.<\/li>\n\n\n\n<li><strong>Ceci ne constitue pas un conseil financier\u00a0:<\/strong> Les pr\u00e9dictions et le contenu de Hoodtrends Predict ne constituent en aucun cas des conseils financiers, d&#039;investissement ou de paris. Il est toujours recommand\u00e9 de mener vos propres recherches et de consulter des professionnels si n\u00e9cessaire.<\/li>\n\n\n\n<li><strong>Participation responsable :<\/strong> Nous encourageons une participation responsable. Veuillez vous assurer que toute action entreprise suite \u00e0 la consultation de notre contenu soit men\u00e9e en toute connaissance de cause et avec responsabilit\u00e9.<\/li>\n\n\n\n<li><strong>Divulgation des liens d&#039;affiliation\u00a0:<\/strong> Certains liens pr\u00e9sents sur Hoodtrends Predict sont des liens d&#039;affiliation\u00a0; cela signifie que nous pouvons percevoir une commission si vous cliquez dessus et effectuez un achat. Ceci est sans frais suppl\u00e9mentaires pour vous et contribue au fonctionnement du site.<\/li>\n\n\n\n<li><strong>Restriction d&#039;\u00e2ge\u00a0:<\/strong> Hoodtrends Predict est destin\u00e9 aux utilisateurs \u00e2g\u00e9s de 18 ans et plus, ou ayant l&#039;\u00e2ge l\u00e9gal pour jouer dans leur pays. Si vous avez moins de 18 ans ou n&#039;avez pas l&#039;\u00e2ge l\u00e9gal pour jouer dans votre pays, veuillez quitter ce site.<\/li>\n\n\n\n<li><strong>Liens tiers\u00a0:<\/strong> Hoodtrends Predict peut contenir des liens vers des sites web externes. Nous n&#039;exer\u00e7ons aucun contr\u00f4le sur le contenu de ces sites et d\u00e9clinons toute responsabilit\u00e9 \u00e0 cet \u00e9gard.<\/li>\n\n\n\n<li><strong>Contactez-nous:<\/strong> Si vous avez des questions ou besoin d&#039;aide suppl\u00e9mentaire, n&#039;h\u00e9sitez pas \u00e0 nous contacter \u00e0 l&#039;adresse suivante : <strong>hoodtrendspredict@gmail.com<\/strong>.<\/li>\n<\/ol>\n\n\n\n<p>En utilisant Hoodtrends Predict, vous acceptez ces conditions et reconnaissez comprendre les risques encourus.<\/p>","protected":false},"excerpt":{"rendered":"<p>Avertissement concernant Hoodtrends Predict\u00a0: En utilisant Hoodtrends Predict, vous acceptez les pr\u00e9sentes conditions et reconnaissez comprendre les risques encourus.<\/p>","protected":false},"author":1,"featured_media":0,"parent":0,"menu_order":0,"comment_status":"closed","ping_status":"closed","template":"","meta":{"_monsterinsights_skip_tracking":false,"_monsterinsights_sitenote_active":false,"_monsterinsights_sitenote_note":"","_monsterinsights_sitenote_category":0,"site-sidebar-layout":"default","site-content-layout":"","ast-site-content-layout":"default","site-content-style":"default","site-sidebar-style":"default","ast-global-header-display":"","ast-banner-title-visibility":"","ast-main-header-display":"","ast-hfb-above-header-display":"","ast-hfb-below-header-display":"","ast-hfb-mobile-header-display":"","site-post-title":"","ast-breadcrumbs-content":"","ast-featured-img":"","footer-sml-layout":"","ast-disable-related-posts":"","theme-transparent-header-meta":"","adv-header-id-meta":"","stick-header-meta":"","header-above-stick-meta":"","header-main-stick-meta":"","header-below-stick-meta":"","astra-migrate-meta-layouts":"set","ast-page-background-enabled":"default","ast-page-background-meta":{"desktop":{"background-color":"","background-image":"","background-repeat":"repeat","background-position":"center center","background-size":"auto","background-attachment":"scroll","background-type":"","background-media":"","overlay-type":"","overlay-color":"","overlay-opacity":"","overlay-gradient":""},"tablet":{"background-color":"","background-image":"","background-repeat":"repeat","background-position":"center center","background-size":"auto","background-attachment":"scroll","background-type":"","background-media":"","overlay-type":"","overlay-color":"","overlay-opacity":"","overlay-gradient":""},"mobile":{"background-color":"","background-image":"","background-repeat":"repeat","background-position":"center center","background-size":"auto","background-attachment":"scroll","background-type":"","background-media":"","overlay-type":"","overlay-color":"","overlay-opacity":"","overlay-gradient":""}},"ast-content-background-meta":{"desktop":{"background-color":"var(--ast-global-color-5)","background-image":"","background-repeat":"repeat","background-position":"center center","background-size":"auto","background-attachment":"scroll","background-type":"","background-media":"","overlay-type":"","overlay-color":"","overlay-opacity":"","overlay-gradient":""},"tablet":{"background-color":"var(--ast-global-color-5)","background-image":"","background-repeat":"repeat","background-position":"center center","background-size":"auto","background-attachment":"scroll","background-type":"","background-media":"","overlay-type":"","overlay-color":"","overlay-opacity":"","overlay-gradient":""},"mobile":{"background-color":"var(--ast-global-color-5)","background-image":"","background-repeat":"repeat","background-position":"center center","background-size":"auto","background-attachment":"scroll","background-type":"","background-media":"","overlay-type":"","overlay-color":"","overlay-opacity":"","overlay-gradient":""}},"footnotes":""},"class_list":["post-13755","page","type-page","status-publish","hentry"],"jetpack_sharing_enabled":true,"_links":{"self":[{"href":"https:\/\/hoodtrendspredict.com\/fr\/wp-json\/wp\/v2\/pages\/13755","targetHints":{"allow":["GET"]}}],"collection":[{"href":"https:\/\/hoodtrendspredict.com\/fr\/wp-json\/wp\/v2\/pages"}],"about":[{"href":"https:\/\/hoodtrendspredict.com\/fr\/wp-json\/wp\/v2\/types\/page"}],"author":[{"embeddable":true,"href":"https:\/\/hoodtrendspredict.com\/fr\/wp-json\/wp\/v2\/users\/1"}],"replies":[{"embeddable":true,"href":"https:\/\/hoodtrendspredict.com\/fr\/wp-json\/wp\/v2\/comments?post=13755"}],"version-history":[{"count":0,"href":"https:\/\/hoodtrendspredict.com\/fr\/wp-json\/wp\/v2\/pages\/13755\/revisions"}],"wp:attachment":[{"href":"https:\/\/hoodtrendspredict.com\/fr\/wp-json\/wp\/v2\/media?parent=13755"}],"curies":[{"name":"wp","href":"https:\/\/api.w.org\/{rel}","templated":true}]}}