{"id":12764,"date":"2026-01-14T13:17:08","date_gmt":"2026-01-14T13:17:08","guid":{"rendered":"https:\/\/hoodtrendspredict.com\/win-predictions-for-today\/"},"modified":"2026-04-24T10:09:03","modified_gmt":"2026-04-24T09:09:03","slug":"sure-win-predictions-for-today","status":"publish","type":"page","link":"https:\/\/hoodtrendspredict.com\/it\/sure-win-predictions-for-today\/","title":{"rendered":"Pronostici di vittoria per oggi"},"content":{"rendered":"<p>Accedi a tutto <strong>Pronostici di vittoria per oggi<\/strong> completamente gratuito su <strong>HoodtrendsPredict.com<\/strong>. La nostra piattaforma democratizza le previsioni di qualit\u00e0: tutti ottengono le stesse <strong>Consigli vincenti degli esperti<\/strong> Senza abbonamenti a pagamento o livelli premium. Le previsioni si aggiornano in tempo reale al variare delle condizioni di gioco, garantendoti sempre informazioni attuali e accurate.<\/p>\n<h2>Giochi da vincere assolutamente oggi<\/h2>\n<table class=\"table table-striped\">\n<thead>\n<tr>\n<th scope=\"col\" style=\"width:10%\">Tempo<\/th>\n<th scope=\"col\" style=\"width:10%\" class=\"\">Lega<\/th>\n<th scope=\"col\" style=\"width:50%\" class=\"\">Incontro<\/th>\n<th scope=\"col\" style=\"width:20%\" class=\"\">Mancia<\/th>\n<th scope=\"col\" style=\"width:10%\">\n                                                                                            Probabilit\u00e0\n                                                                                    <\/th>\n<\/tr>\n<\/thead>\n<tbody>\n<tr class=\"text-center\" data-jsone=\"\">\n<td onclick=\"if (!window.__cfRLUnblockHandlers) return false; window.location.href='https:\/\/focuspredict.com\/58508-f\/persib-bandung-vs-arema-fc'\" data-cf-modified-82dd644fe6052b81a6fed082-=\"\">\n                                                13:00<\/p>\n<\/td>\n<td class=\"\" onclick=\"if (!window.__cfRLUnblockHandlers) return false; window.location.href='https:\/\/focuspredict.com\/58508-f\/persib-bandung-vs-arema-fc'\" data-cf-modified-82dd644fe6052b81a6fed082-=\"\">\n                                                <span style=\"color: #0085f9 !important;\">Indonesia   Liga 1<\/span><\/td>\n<td class=\"\" onclick=\"if (!window.__cfRLUnblockHandlers) return false; window.location.href='https:\/\/focuspredict.com\/58508-f\/persib-bandung-vs-arema-fc'\" data-cf-modified-82dd644fe6052b81a6fed082-=\"\">\n                                                Persib Bandung \u00a0 <strong>vs<\/strong><br \/>\n                                                \u00a0Arema FC<\/td>\n<td class=\"\" onclick=\"if (!window.__cfRLUnblockHandlers) return false; window.location.href='https:\/\/focuspredict.com\/58508-f\/persib-bandung-vs-arema-fc'\" data-cf-modified-82dd644fe6052b81a6fed082-=\"\">\n                                                <strong>Casa (1)<\/strong>\n                                            <\/td>\n<td class=\"score\" onclick=\"if (!window.__cfRLUnblockHandlers) return false; window.location.href='https:\/\/focuspredict.com\/58508-f\/persib-bandung-vs-arema-fc'\" data-cf-modified-82dd644fe6052b81a6fed082-=\"\">\n<p>                                                <span><br \/>\n                                                                                                                                                                        <span class=\"blue-tips\"> 1.30 <\/span><br \/>\n                                                                                                                                                            <\/span>\n                                            <\/td>\n<\/tr>\n<tr class=\"text-center\" data-jsone=\"\">\n<td onclick=\"if (!window.__cfRLUnblockHandlers) return false; window.location.href='https:\/\/focuspredict.com\/58507-f\/livyi-bereh-vs-podillya-khmelnytskyi'\" data-cf-modified-82dd644fe6052b81a6fed082-=\"\">\n                                                14:00<\/p>\n<\/td>\n<td class=\"\" onclick=\"if (!window.__cfRLUnblockHandlers) return false; window.location.href='https:\/\/focuspredict.com\/58507-f\/livyi-bereh-vs-podillya-khmelnytskyi'\" data-cf-modified-82dd644fe6052b81a6fed082-=\"\">\n                                                <span style=\"color: #0085f9 !important;\">Ukraine   Persha Liga<\/span><\/td>\n<td class=\"\" onclick=\"if (!window.__cfRLUnblockHandlers) return false; window.location.href='https:\/\/focuspredict.com\/58507-f\/livyi-bereh-vs-podillya-khmelnytskyi'\" data-cf-modified-82dd644fe6052b81a6fed082-=\"\">\n                                                Livyi Bereh \u00a0 <strong>vs<\/strong><br \/>\n                                                \u00a0Podillya Khmelnytskyi<\/td>\n<td class=\"\" onclick=\"if (!window.__cfRLUnblockHandlers) return false; window.location.href='https:\/\/focuspredict.com\/58507-f\/livyi-bereh-vs-podillya-khmelnytskyi'\" data-cf-modified-82dd644fe6052b81a6fed082-=\"\">\n                                                <strong>Casa (1)<\/strong>\n                                            <\/td>\n<td class=\"score\" onclick=\"if (!window.__cfRLUnblockHandlers) return false; window.location.href='https:\/\/focuspredict.com\/58507-f\/livyi-bereh-vs-podillya-khmelnytskyi'\" data-cf-modified-82dd644fe6052b81a6fed082-=\"\">\n<p>                                                <span><br \/>\n                                                                                                                                                                        <span class=\"blue-tips\"> 1.22 <\/span><br \/>\n                                                                                                                                                            <\/span>\n                                            <\/td>\n<\/tr>\n<tr class=\"text-center\" data-jsone=\"\">\n<td onclick=\"if (!window.__cfRLUnblockHandlers) return false; window.location.href='https:\/\/focuspredict.com\/58505-f\/kustosija-vs-lucko'\" data-cf-modified-82dd644fe6052b81a6fed082-=\"\">\n                                                16:00<\/p>\n<\/td>\n<td class=\"\" onclick=\"if (!window.__cfRLUnblockHandlers) return false; window.location.href='https:\/\/focuspredict.com\/58505-f\/kustosija-vs-lucko'\" data-cf-modified-82dd644fe6052b81a6fed082-=\"\">\n                                                <span style=\"color: #0085f9 !important;\">Croatia   Second NL<\/span><\/td>\n<td class=\"\" onclick=\"if (!window.__cfRLUnblockHandlers) return false; window.location.href='https:\/\/focuspredict.com\/58505-f\/kustosija-vs-lucko'\" data-cf-modified-82dd644fe6052b81a6fed082-=\"\">\n                                                Kustosija \u00a0 <strong>vs<\/strong><br \/>\n                                                \u00a0Lucko<\/td>\n<td class=\"\" onclick=\"if (!window.__cfRLUnblockHandlers) return false; window.location.href='https:\/\/focuspredict.com\/58505-f\/kustosija-vs-lucko'\" data-cf-modified-82dd644fe6052b81a6fed082-=\"\">\n                                                <strong>Casa (1)<\/strong>\n                                            <\/td>\n<td class=\"score\" onclick=\"if (!window.__cfRLUnblockHandlers) return false; window.location.href='https:\/\/focuspredict.com\/58505-f\/kustosija-vs-lucko'\" data-cf-modified-82dd644fe6052b81a6fed082-=\"\">\n<p>                                                <span><br \/>\n                                                                                                                                                                        <span class=\"blue-tips\"> 1.25 <\/span><br \/>\n                                                                                                                                                            <\/span>\n                                            <\/td>\n<\/tr>\n<tr class=\"text-center\" data-jsone=\"\">\n<td onclick=\"if (!window.__cfRLUnblockHandlers) return false; window.location.href='https:\/\/focuspredict.com\/58452-f\/den-bosch-vs-ado-den-haag'\" data-cf-modified-82dd644fe6052b81a6fed082-=\"\">\n                                                19:00<\/p>\n<\/td>\n<td class=\"\" onclick=\"if (!window.__cfRLUnblockHandlers) return false; window.location.href='https:\/\/focuspredict.com\/58452-f\/den-bosch-vs-ado-den-haag'\" data-cf-modified-82dd644fe6052b81a6fed082-=\"\">\n                                                <span style=\"color: #0085f9 !important;\">Netherlands   Eerste Divisie<\/span><\/td>\n<td class=\"\" onclick=\"if (!window.__cfRLUnblockHandlers) return false; window.location.href='https:\/\/focuspredict.com\/58452-f\/den-bosch-vs-ado-den-haag'\" data-cf-modified-82dd644fe6052b81a6fed082-=\"\">\n                                                Den Bosch \u00a0 <strong>vs<\/strong><br \/>\n                                                \u00a0ADO Den Haag<\/td>\n<td class=\"\" onclick=\"if (!window.__cfRLUnblockHandlers) return false; window.location.href='https:\/\/focuspredict.com\/58452-f\/den-bosch-vs-ado-den-haag'\" data-cf-modified-82dd644fe6052b81a6fed082-=\"\">\n                                                <strong>Via (2)<\/strong>\n                                            <\/td>\n<td class=\"score\" onclick=\"if (!window.__cfRLUnblockHandlers) return false; window.location.href='https:\/\/focuspredict.com\/58452-f\/den-bosch-vs-ado-den-haag'\" data-cf-modified-82dd644fe6052b81a6fed082-=\"\">\n<p>                                                <span><br \/>\n                                                                                                                                                                        <span class=\"blue-tips\"> 1.33 <\/span><br \/>\n                                                                                                                                                            <\/span>\n                                            <\/td>\n<\/tr>\n<tr class=\"text-center\" data-jsone=\"\">\n<td onclick=\"if (!window.__cfRLUnblockHandlers) return false; window.location.href='https:\/\/focuspredict.com\/58487-f\/rb-leipzig-vs-union-berlin'\" data-cf-modified-82dd644fe6052b81a6fed082-=\"\">\n                                                19:30<\/p>\n<\/td>\n<td class=\"\" onclick=\"if (!window.__cfRLUnblockHandlers) return false; window.location.href='https:\/\/focuspredict.com\/58487-f\/rb-leipzig-vs-union-berlin'\" data-cf-modified-82dd644fe6052b81a6fed082-=\"\">\n                                                <span style=\"color: #0085f9 !important;\">Bundesliga tedesca<\/span><\/td>\n<td class=\"\" onclick=\"if (!window.__cfRLUnblockHandlers) return false; window.location.href='https:\/\/focuspredict.com\/58487-f\/rb-leipzig-vs-union-berlin'\" data-cf-modified-82dd644fe6052b81a6fed082-=\"\">\n                                                RB Lipsia \u00a0 <strong>vs<\/strong><br \/>\n                                                \u00a0Union Berlin<\/td>\n<td class=\"\" onclick=\"if (!window.__cfRLUnblockHandlers) return false; window.location.href='https:\/\/focuspredict.com\/58487-f\/rb-leipzig-vs-union-berlin'\" data-cf-modified-82dd644fe6052b81a6fed082-=\"\">\n                                                <strong>Casa (1)<\/strong>\n                                            <\/td>\n<td class=\"score\" onclick=\"if (!window.__cfRLUnblockHandlers) return false; window.location.href='https:\/\/focuspredict.com\/58487-f\/rb-leipzig-vs-union-berlin'\" data-cf-modified-82dd644fe6052b81a6fed082-=\"\">\n<p>                                                <span><br \/>\n                                                                                                                                                                        <span class=\"blue-tips\"> 1.42 <\/span><br \/>\n                                                                                                                                                            <\/span>\n                                            <\/td>\n<\/tr>\n<tr class=\"text-center\" data-jsone=\"\">\n<td onclick=\"if (!window.__cfRLUnblockHandlers) return false; window.location.href='https:\/\/focuspredict.com\/58488-f\/napoli-vs-cremonese'\" data-cf-modified-82dd644fe6052b81a6fed082-=\"\">\n                                                19:45<\/p>\n<\/td>\n<td class=\"\" onclick=\"if (!window.__cfRLUnblockHandlers) return false; window.location.href='https:\/\/focuspredict.com\/58488-f\/napoli-vs-cremonese'\" data-cf-modified-82dd644fe6052b81a6fed082-=\"\">\n                                                <span style=\"color: #0085f9 !important;\">Italia Serie A<\/span><\/td>\n<td class=\"\" onclick=\"if (!window.__cfRLUnblockHandlers) return false; window.location.href='https:\/\/focuspredict.com\/58488-f\/napoli-vs-cremonese'\" data-cf-modified-82dd644fe6052b81a6fed082-=\"\">\n                                                Napoli \u00a0 <strong>vs<\/strong><br \/>\n                                                \u00a0Cremonese<\/td>\n<td class=\"\" onclick=\"if (!window.__cfRLUnblockHandlers) return false; window.location.href='https:\/\/focuspredict.com\/58488-f\/napoli-vs-cremonese'\" data-cf-modified-82dd644fe6052b81a6fed082-=\"\">\n                                                <strong>Casa (1)<\/strong>\n                                            <\/td>\n<td class=\"score\" onclick=\"if (!window.__cfRLUnblockHandlers) return false; window.location.href='https:\/\/focuspredict.com\/58488-f\/napoli-vs-cremonese'\" data-cf-modified-82dd644fe6052b81a6fed082-=\"\">\n<p>                                                <span><br \/>\n                                                                                                                                                                        <span class=\"blue-tips\"> 1.33 <\/span><br \/>\n                                                                                                                                                            <\/span>\n                                            <\/td>\n<\/tr>\n<\/tbody>\n<\/table>\n<h2>Giochi per oggi<\/h2>\n<p>Una previsione di vittoria identifica le partite in cui una squadra ha un vantaggio dominante che rende la sua vittoria altamente probabile. <strong>HoodtrendsPredict<\/strong>, Non ci limitiamo a scegliere i favoriti, ma analizziamo i dati sottostanti per confermare quando i favoriti hanno effettivamente probabilit\u00e0 di vincere. Questo include l&#039;esame della forma recente, della forza della squadra, dei livelli di motivazione e dei precedenti tra le squadre.<\/p>\n<p>Nostro <strong>consigli per vincere oggi<\/strong> scenari target in cui il vantaggio statistico \u00e8 innegabile: squadre di vertice contro squadre di bassa classifica, squadre con lunghe serie di imbattibilit\u00e0 che incontrano avversari in difficolt\u00e0 o squadre di casa con record impenetrabili che ospitano viaggiatori scarsi. Quando i dati supportano in modo schiacciante un risultato, diventa un <strong>selezione vincente<\/strong>.<\/p>\n<h2>Pronostici di vincita gratuiti<\/h2>\n<p>Accedi a tutto <strong>Pronostici di vittoria per oggi<\/strong> completamente gratuito su <strong>HoodtrendsPredict.com<\/strong>. La nostra piattaforma democratizza le previsioni di qualit\u00e0: tutti ottengono le stesse <strong>Consigli vincenti degli esperti<\/strong> Senza abbonamenti a pagamento o livelli premium. Le previsioni si aggiornano in tempo reale al variare delle condizioni di gioco, garantendoti sempre informazioni attuali e accurate.<\/p>\n<div class=\"faq-section\">\n<h2>Domande frequenti<\/h2>\n<h3>Che cos&#039;\u00e8 una previsione di vittoria?<\/h3>\n<p>A <strong>previsione di vittoria<\/strong> Si tratta di un risultato di una partita in cui la nostra analisi statistica indica una probabilit\u00e0 eccezionalmente alta di vittoria per una squadra. Queste previsioni presentano chiari favoriti con solidi dati a supporto in molteplici parametri.<\/p>\n<h3>Quanto sono accurate le previsioni di vittoria?<\/h3>\n<p>Nostro <strong>consigli per vincere<\/strong> Sono progettati per massimizzare la precisione selezionando solo le corrispondenze con un supporto statistico schiacciante. Sebbene nessuna previsione sia garantita, la nostra rigorosa metodologia offre tassi di successo costanti.<\/p>\n<h3>Quali probabilit\u00e0 offrono le previsioni di vittoria?<\/h3>\n<p><strong>Pronostici di vittoria<\/strong> In genere, le quote sono comprese tra 1,15 e 1,50. Le quote pi\u00f9 basse riflettono l&#039;alta probabilit\u00e0 di successo. Molti utenti combinano pi\u00f9 vincite in scommesse multiple per ottenere quote complessive pi\u00f9 vantaggiose.<\/p>\n<h3>\u00c8 possibile che i favoriti perdano anche quando sono in vantaggio?<\/h3>\n<p>S\u00ec, nel calcio le sorprese accadono: \u00e8 per questo che questo sport \u00e8 emozionante. Tuttavia, <strong>pronostici di vittoria<\/strong> Individuare, sulla base di un&#039;analisi completa dei dati, gli incontri in cui le sorprese sono statisticamente meno probabili.<\/p>\n<h3>Quanti pronostici di vittoria fornisci al giorno?<\/h3>\n<p>Forniamo 3-6 <strong>pronostici di vittoria<\/strong> Ogni giorno, a seconda della disponibilit\u00e0 degli incontri. La nostra priorit\u00e0 \u00e8 la qualit\u00e0, non la quantit\u00e0: pubblichiamo le vittorie solo quando esistono opportunit\u00e0 concrete e ad alta probabilit\u00e0 di successo.<\/p>\n<\/div>\n<p><strong>HoodtrendsPredict<\/strong> \u2013 Esperto <strong>Pronostici di vittoria per oggi<\/strong>. Fiducia supportata dai dati.<\/p>","protected":false},"excerpt":{"rendered":"<p>Access all win predictions for today completely free on HoodtrendsPredict.com. Our platform democratizes quality predictions \u2013 everyone gets the same expert win tips without paywalls [&hellip;]<\/p>\n","protected":false},"author":1,"featured_media":0,"parent":0,"menu_order":0,"comment_status":"closed","ping_status":"closed","template":"","meta":{"_monsterinsights_skip_tracking":false,"_monsterinsights_sitenote_active":false,"_monsterinsights_sitenote_note":"","_monsterinsights_sitenote_category":0,"site-sidebar-layout":"default","site-content-layout":"","ast-site-content-layout":"default","site-content-style":"default","site-sidebar-style":"default","ast-global-header-display":"","ast-banner-title-visibility":"","ast-main-header-display":"","ast-hfb-above-header-display":"","ast-hfb-below-header-display":"","ast-hfb-mobile-header-display":"","site-post-title":"","ast-breadcrumbs-content":"","ast-featured-img":"","footer-sml-layout":"","ast-disable-related-posts":"","theme-transparent-header-meta":"","adv-header-id-meta":"","stick-header-meta":"","header-above-stick-meta":"","header-main-stick-meta":"","header-below-stick-meta":"","astra-migrate-meta-layouts":"set","ast-page-background-enabled":"default","ast-page-background-meta":{"desktop":{"background-color":"","background-image":"","background-repeat":"repeat","background-position":"center center","background-size":"auto","background-attachment":"scroll","background-type":"","background-media":"","overlay-type":"","overlay-color":"","overlay-opacity":"","overlay-gradient":""},"tablet":{"background-color":"","background-image":"","background-repeat":"repeat","background-position":"center center","background-size":"auto","background-attachment":"scroll","background-type":"","background-media":"","overlay-type":"","overlay-color":"","overlay-opacity":"","overlay-gradient":""},"mobile":{"background-color":"","background-image":"","background-repeat":"repeat","background-position":"center center","background-size":"auto","background-attachment":"scroll","background-type":"","background-media":"","overlay-type":"","overlay-color":"","overlay-opacity":"","overlay-gradient":""}},"ast-content-background-meta":{"desktop":{"background-color":"var(--ast-global-color-5)","background-image":"","background-repeat":"repeat","background-position":"center center","background-size":"auto","background-attachment":"scroll","background-type":"","background-media":"","overlay-type":"","overlay-color":"","overlay-opacity":"","overlay-gradient":""},"tablet":{"background-color":"var(--ast-global-color-5)","background-image":"","background-repeat":"repeat","background-position":"center center","background-size":"auto","background-attachment":"scroll","background-type":"","background-media":"","overlay-type":"","overlay-color":"","overlay-opacity":"","overlay-gradient":""},"mobile":{"background-color":"var(--ast-global-color-5)","background-image":"","background-repeat":"repeat","background-position":"center center","background-size":"auto","background-attachment":"scroll","background-type":"","background-media":"","overlay-type":"","overlay-color":"","overlay-opacity":"","overlay-gradient":""}},"footnotes":""},"class_list":["post-12764","page","type-page","status-publish","hentry"],"jetpack_sharing_enabled":true,"_links":{"self":[{"href":"https:\/\/hoodtrendspredict.com\/it\/wp-json\/wp\/v2\/pages\/12764","targetHints":{"allow":["GET"]}}],"collection":[{"href":"https:\/\/hoodtrendspredict.com\/it\/wp-json\/wp\/v2\/pages"}],"about":[{"href":"https:\/\/hoodtrendspredict.com\/it\/wp-json\/wp\/v2\/types\/page"}],"author":[{"embeddable":true,"href":"https:\/\/hoodtrendspredict.com\/it\/wp-json\/wp\/v2\/users\/1"}],"replies":[{"embeddable":true,"href":"https:\/\/hoodtrendspredict.com\/it\/wp-json\/wp\/v2\/comments?post=12764"}],"version-history":[{"count":57,"href":"https:\/\/hoodtrendspredict.com\/it\/wp-json\/wp\/v2\/pages\/12764\/revisions"}],"predecessor-version":[{"id":23979,"href":"https:\/\/hoodtrendspredict.com\/it\/wp-json\/wp\/v2\/pages\/12764\/revisions\/23979"}],"wp:attachment":[{"href":"https:\/\/hoodtrendspredict.com\/it\/wp-json\/wp\/v2\/media?parent=12764"}],"curies":[{"name":"wp","href":"https:\/\/api.w.org\/{rel}","templated":true}]}}