{"id":12768,"date":"2026-01-14T13:19:03","date_gmt":"2026-01-14T13:19:03","guid":{"rendered":"https:\/\/hoodtrendspredict.com\/today-2-odds\/"},"modified":"2026-04-24T07:10:04","modified_gmt":"2026-04-24T06:10:04","slug":"sure-2-odds","status":"publish","type":"page","link":"https:\/\/hoodtrendspredict.com\/it\/sure-2-odds\/","title":{"rendered":"Oggi 2 quote"},"content":{"rendered":"<p><strong>HoodtrendsPredict<\/strong> consegna <strong>quote di oggi 2<\/strong> \u2013 una doppia selezione giornaliera delle nostre previsioni pi\u00f9 affidabili, pensata per gli scommettitori che cercano risultati affidabili e ad alta probabilit\u00e0. <strong>2 quote<\/strong> Unisci due partite attentamente analizzate in una potente multipla con un eccezionale potenziale di vincita.<\/p>\n<h2>Due quote per oggi<\/h2>\n<h3 class=\"pt-3 store_header\"> Risultati delle previsioni di ieri<\/h3>\n<table class=\"table table-striped\">\n<thead>\n<tr>\n<th scope=\"col\" style=\"width:10%\">Data<\/th>\n<th scope=\"col\" style=\"width:10%\" class=\"\">Lega<\/th>\n<th scope=\"col\" style=\"width:60%\" class=\"\">Incontro<\/th>\n<th scope=\"col\" style=\"width:10%\" class=\"\">Mancia<\/th>\n<th scope=\"col\" style=\"\" class=\"testimonial-score\">Punto<\/th>\n<\/tr>\n<\/thead>\n<tbody>\n<tr class=\"text-center\" onclick=\"if (!window.__cfRLUnblockHandlers) return false; window.location.href=' https:\/\/focuspredict.com\/58457-dc\/oviedo-vs-villarreal'\" data-cf-modified-fd6f6fb1ff685458b5239655-=\"\">\n<td>23\/04<\/td>\n<td class=\"\"><span style=\"color: #0085f9 !important;\">Liga spagnola<\/span><\/td>\n<td class=\"\">Oviedo \u00a0 <strong>vs<\/strong><br \/>\n                                    \u00a0Villarreal<\/td>\n<td class=\"\"><strong><br \/>\n                                                                                    X2<br \/>\n                                                                            <\/strong>\n                                <\/td>\n<td class=\"score rc won\">\n<p>                                    <span>1 \u2013 1<\/p>\n<p>                                    <\/span>\n                                <\/td>\n<\/tr>\n<tr class=\"text-center\" onclick=\"if (!window.__cfRLUnblockHandlers) return false; window.location.href=' https:\/\/focuspredict.com\/58473-dc\/vikingur-reykjavik-vs-stjarnan'\" data-cf-modified-fd6f6fb1ff685458b5239655-=\"\">\n<td>23\/04<\/td>\n<td class=\"\"><span style=\"color: #0085f9 !important;\">Islanda \u00darvalsdeild<\/span><\/td>\n<td class=\"\">Vikingur Reykjavik \u00a0 <strong>vs<\/strong><br \/>\n                                    \u00a0Stjarnan<\/td>\n<td class=\"\"><strong><br \/>\n                                                                                    1X<br \/>\n                                                                            <\/strong>\n                                <\/td>\n<td class=\"score rc won\">\n<p>                                    <span>3 \u2013 2<\/p>\n<p>                                    <\/span>\n                                <\/td>\n<\/tr>\n<tr class=\"text-center\" onclick=\"if (!window.__cfRLUnblockHandlers) return false; window.location.href=' https:\/\/focuspredict.com\/58474-25\/fh-hafnarfjordur-vs-valur-reykjavik'\" data-cf-modified-fd6f6fb1ff685458b5239655-=\"\">\n<td>23\/04<\/td>\n<td class=\"\"><span style=\"color: #0085f9 !important;\">Islanda \u00darvalsdeild<\/span><\/td>\n<td class=\"\">FH Hafnarfjordur \u00a0 <strong>vs<\/strong><br \/>\n                                    \u00a0Valur Reykjavik<\/td>\n<td class=\"\"><strong><br \/>\n                                                                                    Oltre 2,5<br \/>\n                                                                            <\/strong>\n                                <\/td>\n<td class=\"score rc won\">\n<p>                                    <span>3 \u2013 0<\/p>\n<p>                                    <\/span>\n                                <\/td>\n<\/tr>\n<tr class=\"text-center\" onclick=\"if (!window.__cfRLUnblockHandlers) return false; window.location.href=' https:\/\/focuspredict.com\/58417-f\/psv-eindhoven-vs-pec-zwolle'\" data-cf-modified-fd6f6fb1ff685458b5239655-=\"\">\n<td>23\/04<\/td>\n<td class=\"\"><span style=\"color: #0085f9 !important;\">Eredivisie olandese<\/span><\/td>\n<td class=\"\">PSV Eindhoven \u00a0 <strong>vs<\/strong><br \/>\n                                    \u00a0PEC Zwolle<\/td>\n<td class=\"\"><strong><br \/>\n                                                                                    1<br \/>\n                                                                            <\/strong>\n                                <\/td>\n<td class=\"score rc won\">\n<p>                                    <span>6 \u2013 1<\/p>\n<p>                                    <\/span>\n                                <\/td>\n<\/tr>\n<tr class=\"text-center\" onclick=\"if (!window.__cfRLUnblockHandlers) return false; window.location.href=' https:\/\/focuspredict.com\/58418-25\/san-antonio-bulo-bulo-vs-real-oruro'\" data-cf-modified-fd6f6fb1ff685458b5239655-=\"\">\n<td>23\/04<\/td>\n<td class=\"\"><span style=\"color: #0085f9 !important;\">Bolivia Primera Divisi\u00f3n<\/span><\/td>\n<td class=\"\">San Antonio Bulo Bulo \u00a0 <strong>vs<\/strong><br \/>\n                                    \u00a0Real Oruro<\/td>\n<td class=\"\"><strong><br \/>\n                                                                                    Oltre 2,5<br \/>\n                                                                            <\/strong>\n                                <\/td>\n<td class=\"score rc won\">\n<p>                                    <span>2 \u2013 1<\/p>\n<p>                                    <\/span>\n                                <\/td>\n<\/tr>\n<tr class=\"text-center\" onclick=\"if (!window.__cfRLUnblockHandlers) return false; window.location.href=' https:\/\/focuspredict.com\/58467-15\/patro-eisden-vs-beerschot-va'\" data-cf-modified-fd6f6fb1ff685458b5239655-=\"\">\n<td>23\/04<\/td>\n<td class=\"\"><span style=\"color: #0085f9 !important;\">Jupiler Pro League belga<\/span><\/td>\n<td class=\"\">Patro Eisden \u00a0 <strong>vs<\/strong><br \/>\n                                    \u00a0Beerschot, Virginia<\/td>\n<td class=\"\"><strong><br \/>\n                                                                                    Oltre 1,5<br \/>\n                                                                            <\/strong>\n                                <\/td>\n<td class=\"score rc won\">\n<p>                                    <span>1 \u2013 1<\/p>\n<p>                                    <\/span>\n                                <\/td>\n<\/tr>\n<tr class=\"text-center\" onclick=\"if (!window.__cfRLUnblockHandlers) return false; window.location.href=' https:\/\/focuspredict.com\/58470-dc\/sonderjyske-vs-fc-midtjylland'\" data-cf-modified-fd6f6fb1ff685458b5239655-=\"\">\n<td>23\/04<\/td>\n<td class=\"\"><span style=\"color: #0085f9 !important;\">Superlega danese<\/span><\/td>\n<td class=\"\">Sonderjyske \u00a0 <strong>vs<\/strong><br \/>\n                                    \u00a0FC Midtjylland<\/td>\n<td class=\"\"><strong><br \/>\n                                                                                    X2<br \/>\n                                                                            <\/strong>\n                                <\/td>\n<td class=\"score rc won\">\n<p>                                    <span>1 \u2013 2<\/p>\n<p>                                    <\/span>\n                                <\/td>\n<\/tr>\n<tr class=\"text-center\" onclick=\"if (!window.__cfRLUnblockHandlers) return false; window.location.href=' https:\/\/focuspredict.com\/58481-f\/casa-pia-vs-sc-braga'\" data-cf-modified-fd6f6fb1ff685458b5239655-=\"\">\n<td>23\/04<\/td>\n<td class=\"\"><span style=\"color: #0085f9 !important;\">Primeira Liga portoghese<\/span><\/td>\n<td class=\"\">Casa Pia \u00a0 <strong>vs<\/strong><br \/>\n                                    \u00a0SC Braga<\/td>\n<td class=\"\"><strong><br \/>\n                                                                                    12<br \/>\n                                                                            <\/strong>\n                                <\/td>\n<td class=\"score rc won\">\n<p>                                    <span>0\u00a0&#8211;\u00a01<\/p>\n<p>                                    <\/span>\n                                <\/td>\n<\/tr>\n<tr class=\"text-center\" onclick=\"if (!window.__cfRLUnblockHandlers) return false; window.location.href=' https:\/\/focuspredict.com\/58472-dc\/aalborg-vs-b-93'\" data-cf-modified-fd6f6fb1ff685458b5239655-=\"\">\n<td>23\/04<\/td>\n<td class=\"\"><span style=\"color: #0085f9 !important;\">Danimarca 1. Divisione<\/span><\/td>\n<td class=\"\">Aalborg \u00a0 <strong>vs<\/strong><br \/>\n                                    \u00a0B 93<\/td>\n<td class=\"\"><strong><br \/>\n                                                                                    1X<br \/>\n                                                                            <\/strong>\n                                <\/td>\n<td class=\"score rc won\">\n<p>                                    <span>3 \u2013 2<\/p>\n<p>                                    <\/span>\n                                <\/td>\n<\/tr>\n<tr class=\"text-center\" onclick=\"if (!window.__cfRLUnblockHandlers) return false; window.location.href=' https:\/\/focuspredict.com\/58454-dc\/go-ahead-eagles-vs-az-alkmaar'\" data-cf-modified-fd6f6fb1ff685458b5239655-=\"\">\n<td>23\/04<\/td>\n<td class=\"\"><span style=\"color: #0085f9 !important;\">Eredivisie olandese<\/span><\/td>\n<td class=\"\">Forza Eagles! \u00a0 <strong>vs<\/strong><br \/>\n                                    \u00a0AZ Alkmaar<\/td>\n<td class=\"\"><strong><br \/>\n                                                                                    X2<br \/>\n                                                                            <\/strong>\n                                <\/td>\n<td class=\"score rc won\">\n<p>                                    <span>0 \u2013 0<\/p>\n<p>                                    <\/span>\n                                <\/td>\n<\/tr>\n<tr class=\"text-center\" onclick=\"if (!window.__cfRLUnblockHandlers) return false; window.location.href=' https:\/\/focuspredict.com\/58479-f\/al-bataeh-vs-al-ain'\" data-cf-modified-fd6f6fb1ff685458b5239655-=\"\">\n<td>23\/04<\/td>\n<td class=\"\"><span style=\"color: #0085f9 !important;\">Lega Pro degli Emirati Arabi Uniti<\/span><\/td>\n<td class=\"\">Al Bataeh \u00a0 <strong>vs<\/strong><br \/>\n                                    \u00a0Al Ain<\/td>\n<td class=\"\"><strong><br \/>\n                                                                                    2<br \/>\n                                                                            <\/strong>\n                                <\/td>\n<td class=\"score rc won\">\n<p>                                    <span>0 \u2013 2<\/p>\n<p>                                    <\/span>\n                                <\/td>\n<\/tr>\n<tr class=\"text-center\" onclick=\"if (!window.__cfRLUnblockHandlers) return false; window.location.href=' https:\/\/focuspredict.com\/58471-dc\/randers-fc-vs-fc-fredericia'\" data-cf-modified-fd6f6fb1ff685458b5239655-=\"\">\n<td>23\/04<\/td>\n<td class=\"\"><span style=\"color: #0085f9 !important;\">Superlega danese<\/span><\/td>\n<td class=\"\">Randers FC \u00a0 <strong>vs<\/strong><br \/>\n                                    \u00a0FC Fredericia<\/td>\n<td class=\"\"><strong><br \/>\n                                                                                    1X<br \/>\n                                                                            <\/strong>\n                                <\/td>\n<td class=\"score rc won\">\n<p>                                    <span>2 \u2013 2<\/p>\n<p>                                    <\/span>\n                                <\/td>\n<\/tr>\n<tr class=\"text-center\" onclick=\"if (!window.__cfRLUnblockHandlers) return false; window.location.href=' https:\/\/focuspredict.com\/58464-15\/pyunik-yerevan-vs-fc-urartu'\" data-cf-modified-fd6f6fb1ff685458b5239655-=\"\">\n<td>23\/04<\/td>\n<td class=\"\"><span style=\"color: #0085f9 !important;\">Premier League armena<\/span><\/td>\n<td class=\"\">Pyunik Yerevan \u00a0 <strong>vs<\/strong><br \/>\n                                    \u00a0FC Urart<\/td>\n<td class=\"\"><strong><br \/>\n                                                                                    Oltre 1,5<br \/>\n                                                                            <\/strong>\n                                <\/td>\n<td class=\"score rc won\">\n<p>                                    <span>2 \u2013 1<\/p>\n<p>                                    <\/span>\n                                <\/td>\n<\/tr>\n<\/tbody>\n<\/table>\n<h2>Quali sono le probabilit\u00e0 di 2?<\/h2>\n<p><strong>2 quote<\/strong> rappresentano le nostre due previsioni pi\u00f9 affidabili per le partite di calcio di oggi. Non si tratta di selezioni casuali: ogni scelta viene sottoposta a un&#039;ampia analisi statistica per garantire la massima affidabilit\u00e0. Combinando due forti previsioni individuali, le nostre <strong>accumulatore di probabilit\u00e0<\/strong> offre rendimenti interessanti pur mantenendo una probabilit\u00e0 di vincita realistica.<\/p>\n<p>A <strong>HoodtrendsPredict<\/strong>, comprendiamo che le scommesse multiple richiedono precisione. Ecco perch\u00e9 il nostro <strong>2 quote per oggi<\/strong> Ci concentriamo su risultati supportati da una schiacciante evidenza statistica: squadre di casa dominanti, favorite in forma o partite con evidenti squilibri tattici. Diamo priorit\u00e0 alla probabilit\u00e0 rispetto al valore delle quote per garantire risultati vincenti in modo costante.<\/p>\n<h2>Quote di oggi: 2 - Coppie selezionate dagli esperti<\/h2>\n<p>Nostro <strong>2 quote<\/strong> vengono selezionati utilizzando una metodologia rigorosa che analizza la forma della squadra, i precedenti, le prestazioni in casa\/trasferta, l&#039;impatto degli infortuni e i fattori motivazionali. Esaminiamo centinaia di partite disponibili ogni giorno ed estraiamo i due risultati in cui il nostro livello di fiducia \u00e8 pi\u00f9 alto. Questo approccio mirato ha reso <strong>HoodtrendsPredict<\/strong> Un nome di fiducia tra gli scommettitori pi\u00f9 esperti.<\/p>\n<p>I mercati coperti nel nostro <strong>pronostici sulle probabilit\u00e0<\/strong> variano in base a dove la certezza \u00e8 pi\u00f9 alta. Le selezioni comuni includono vittorie casalinghe nette per squadre dominanti, pi\u00f9 di 1,5 gol in partite con molti gol o entrambe le squadre a segno in incontri offensivi. La flessibilit\u00e0 nella selezione del mercato garantisce che presentiamo sempre il <strong>quote pi\u00f9 affidabili 2<\/strong> disponibile.<\/p>\n<h2>Quote 2 gratuite \u2013 Doppie vincenti giornaliere<\/h2>\n<p>Accesso <strong>quote di oggi 2<\/strong> completamente gratuito su <strong>HoodtrendsPredict.com<\/strong>. La nostra piattaforma offre pronostici di qualit\u00e0 professionale senza paywall o abbonamenti. Ogni doppia viene pubblicata con una motivazione dettagliata, che ti aiuta a capire perch\u00e9 \u00e8 stata fatta ogni selezione. Fidati. <strong>HoodtrendsPredict<\/strong> per il tuo <strong>quote giornaliere<\/strong> esigenze.<\/p>\n<div class=\"faq-section\">\n<h2>Domande frequenti<\/h2>\n<h3>Che cosa significa &quot;2 quote&quot;?<\/h3>\n<p><strong>2 quote<\/strong> Si riferisce a una doppia scommessa accuratamente selezionata, basata sulle nostre due previsioni pi\u00f9 attendibili per la giornata. Queste selezioni indicano un&#039;elevata probabilit\u00e0 statistica, sebbene nessuna previsione sia mai garantita.<\/p>\n<h3>Come vengono selezionate le 2 quote?<\/h3>\n<p>Nostro <strong>selezioni di quote<\/strong> I risultati vengono generati attraverso un&#039;analisi completa delle statistiche di squadra, delle tabelle di forma, dei dati storici e delle condizioni attuali. Selezioniamo i due risultati con la pi\u00f9 alta probabilit\u00e0 di successo calcolata.<\/p>\n<h3>Che tipo di quote offre in genere una quota di 2?<\/h3>\n<p><strong>2 quote<\/strong> In genere si combinano selezioni con quote individuali comprese tra 1,20 e 1,60, ottenendo quote per le scommesse multiple che vanno da circa 1,50 a 2,50. L&#039;obiettivo \u00e8 l&#039;affidabilit\u00e0 piuttosto che quote elevate.<\/p>\n<h3>Con una quota di 2 si ha la garanzia di vincere?<\/h3>\n<p>Nessuna scommessa \u00e8 mai garantita. Tuttavia, il nostro <strong>2 quote<\/strong> Queste rappresentano le nostre previsioni pi\u00f9 attendibili, basate su analisi statistiche. La nostra metodologia \u00e8 concepita per massimizzare la probabilit\u00e0 di vincita nel tempo.<\/p>\n<h3>Posso utilizzare quote 2 in scommesse multiple pi\u00f9 grandi?<\/h3>\n<p>S\u00ec, molti utenti integrano il nostro <strong>probabilit\u00e0<\/strong> in multiple pi\u00f9 grandi. Tuttavia, raccomandiamo cautela: ogni selezione aggiuntiva riduce la probabilit\u00e0 complessiva. Il nostro formato a 2 selezioni bilancia quote interessanti con un potenziale di vincita realistico.<\/p>\n<\/div>\n<p><strong>HoodtrendsPredict<\/strong> \u2013 Fonte affidabile per <strong>quote di oggi 2<\/strong>. Pronostici coerenti. Risultati affidabili.<\/p>","protected":false},"excerpt":{"rendered":"<p>HoodtrendsPredict delivers today&#8217;s 2 odds \u2013 a daily double selection of our most confident predictions designed for punters seeking reliable, high-probability outcomes. Our 2 odds [&hellip;]<\/p>\n","protected":false},"author":1,"featured_media":0,"parent":0,"menu_order":0,"comment_status":"closed","ping_status":"closed","template":"","meta":{"_monsterinsights_skip_tracking":false,"_monsterinsights_sitenote_active":false,"_monsterinsights_sitenote_note":"","_monsterinsights_sitenote_category":0,"site-sidebar-layout":"default","site-content-layout":"","ast-site-content-layout":"default","site-content-style":"default","site-sidebar-style":"default","ast-global-header-display":"","ast-banner-title-visibility":"","ast-main-header-display":"","ast-hfb-above-header-display":"","ast-hfb-below-header-display":"","ast-hfb-mobile-header-display":"","site-post-title":"","ast-breadcrumbs-content":"","ast-featured-img":"","footer-sml-layout":"","ast-disable-related-posts":"","theme-transparent-header-meta":"","adv-header-id-meta":"","stick-header-meta":"","header-above-stick-meta":"","header-main-stick-meta":"","header-below-stick-meta":"","astra-migrate-meta-layouts":"set","ast-page-background-enabled":"default","ast-page-background-meta":{"desktop":{"background-color":"","background-image":"","background-repeat":"repeat","background-position":"center center","background-size":"auto","background-attachment":"scroll","background-type":"","background-media":"","overlay-type":"","overlay-color":"","overlay-opacity":"","overlay-gradient":""},"tablet":{"background-color":"","background-image":"","background-repeat":"repeat","background-position":"center center","background-size":"auto","background-attachment":"scroll","background-type":"","background-media":"","overlay-type":"","overlay-color":"","overlay-opacity":"","overlay-gradient":""},"mobile":{"background-color":"","background-image":"","background-repeat":"repeat","background-position":"center center","background-size":"auto","background-attachment":"scroll","background-type":"","background-media":"","overlay-type":"","overlay-color":"","overlay-opacity":"","overlay-gradient":""}},"ast-content-background-meta":{"desktop":{"background-color":"var(--ast-global-color-5)","background-image":"","background-repeat":"repeat","background-position":"center center","background-size":"auto","background-attachment":"scroll","background-type":"","background-media":"","overlay-type":"","overlay-color":"","overlay-opacity":"","overlay-gradient":""},"tablet":{"background-color":"var(--ast-global-color-5)","background-image":"","background-repeat":"repeat","background-position":"center center","background-size":"auto","background-attachment":"scroll","background-type":"","background-media":"","overlay-type":"","overlay-color":"","overlay-opacity":"","overlay-gradient":""},"mobile":{"background-color":"var(--ast-global-color-5)","background-image":"","background-repeat":"repeat","background-position":"center center","background-size":"auto","background-attachment":"scroll","background-type":"","background-media":"","overlay-type":"","overlay-color":"","overlay-opacity":"","overlay-gradient":""}},"footnotes":""},"class_list":["post-12768","page","type-page","status-publish","hentry"],"jetpack_sharing_enabled":true,"_links":{"self":[{"href":"https:\/\/hoodtrendspredict.com\/it\/wp-json\/wp\/v2\/pages\/12768","targetHints":{"allow":["GET"]}}],"collection":[{"href":"https:\/\/hoodtrendspredict.com\/it\/wp-json\/wp\/v2\/pages"}],"about":[{"href":"https:\/\/hoodtrendspredict.com\/it\/wp-json\/wp\/v2\/types\/page"}],"author":[{"embeddable":true,"href":"https:\/\/hoodtrendspredict.com\/it\/wp-json\/wp\/v2\/users\/1"}],"replies":[{"embeddable":true,"href":"https:\/\/hoodtrendspredict.com\/it\/wp-json\/wp\/v2\/comments?post=12768"}],"version-history":[{"count":71,"href":"https:\/\/hoodtrendspredict.com\/it\/wp-json\/wp\/v2\/pages\/12768\/revisions"}],"predecessor-version":[{"id":23967,"href":"https:\/\/hoodtrendspredict.com\/it\/wp-json\/wp\/v2\/pages\/12768\/revisions\/23967"}],"wp:attachment":[{"href":"https:\/\/hoodtrendspredict.com\/it\/wp-json\/wp\/v2\/media?parent=12768"}],"curies":[{"name":"wp","href":"https:\/\/api.w.org\/{rel}","templated":true}]}}