{"id":12770,"date":"2026-01-14T13:20:05","date_gmt":"2026-01-14T13:20:05","guid":{"rendered":"https:\/\/hoodtrendspredict.com\/3-draws-for-today\/"},"modified":"2026-04-24T07:11:03","modified_gmt":"2026-04-24T06:11:03","slug":"3-draws-for-today","status":"publish","type":"page","link":"https:\/\/hoodtrendspredict.com\/it\/3-draws-for-today\/","title":{"rendered":"3 pareggi per oggi"},"content":{"rendered":"<p><strong>HoodtrendsPredict<\/strong> presenta la nostra esclusiva <strong>3 pareggi per oggi<\/strong> \u2013 una selezione curata di partite con la pi\u00f9 alta probabilit\u00e0 di finire in parit\u00e0. Il nostro <strong>formulare previsioni<\/strong> sono basati su un&#039;analisi statistica avanzata che identifica gli incontri in cui entrambe le squadre sono alla pari, solide in difesa o storicamente propense a dividersi i punti.<\/p>\n<h2>Pronostici sui pareggi di oggi<\/h2>\n<table class=\"table table-striped\">\n<thead>\n<tr>\n<th scope=\"col\" style=\"width:10%\">Tempo<\/th>\n<th scope=\"col\" style=\"width:10%\" class=\"\">Lega<\/th>\n<th scope=\"col\" style=\"width:50%\" class=\"\">Incontro<\/th>\n<th scope=\"col\" style=\"width:20%\" class=\"\">Mancia<\/th>\n<th scope=\"col\" style=\"width:10%\">\n                                                                                            Probabilit\u00e0\n                                                                                    <\/th>\n<\/tr>\n<\/thead>\n<tbody>\n<tr class=\"text-center\" data-jsone=\"\" onclick=\"if (!window.__cfRLUnblockHandlers) return false; window.location.href='https:\/\/focuspredict.com\/58485-d\/sunderland-vs-nottingham-forest'\" data-cf-modified-397830fbc903243b0b1ae171-=\"\">\n<td>20:00<\/p>\n<\/td>\n<td class=\"\"><span style=\"color: #0085f9 !important;\">Premier League inglese<\/span><\/td>\n<td class=\"\">Sunderland \u00a0 <strong>vs<\/strong><br \/>\n                                                \u00a0Foresta di Nottingham<\/td>\n<td class=\"\"><strong>Disegna (X)<\/strong><\/td>\n<td class=\"score\">\n<p>                                                <span><br \/>\n                                                                                                                                                                        <span class=\"blue-tips\"> 3.20 <\/span><br \/>\n                                                                                                                                                            <\/span>\n                                            <\/td>\n<\/tr>\n<tr class=\"text-center\" data-jsone=\"\" onclick=\"if (!window.__cfRLUnblockHandlers) return false; window.location.href='https:\/\/focuspredict.com\/58490-d\/cs-constantine-vs-cr-belouizdad'\" data-cf-modified-397830fbc903243b0b1ae171-=\"\">\n<td>21:00<\/p>\n<\/td>\n<td class=\"\"><span style=\"color: #0085f9 !important;\">Algeria   Coupe Nationale<\/span><\/td>\n<td class=\"\">CS Constantine \u00a0 <strong>vs<\/strong><br \/>\n                                                \u00a0CR Belouizdad<\/td>\n<td class=\"\"><strong>Disegna (X)<\/strong><\/td>\n<td class=\"score\">\n<p>                                                <span><br \/>\n                                                                                                                                                                        <span class=\"blue-tips\"> 2.88 <\/span><br \/>\n                                                                                                                                                            <\/span>\n                                            <\/td>\n<\/tr>\n<tr class=\"text-center\" data-jsone=\"\" onclick=\"if (!window.__cfRLUnblockHandlers) return false; window.location.href='https:\/\/focuspredict.com\/58491-d\/deportivo-riestra-vs-independiente'\" data-cf-modified-397830fbc903243b0b1ae171-=\"\">\n<td>21:00<\/p>\n<\/td>\n<td class=\"\"><span style=\"color: #0085f9 !important;\">Argentina Liga Professional Ar..<\/span><\/td>\n<td class=\"\">Deportivo Riestra \u00a0 <strong>vs<\/strong><br \/>\n                                                \u00a0Independiente<\/td>\n<td class=\"\"><strong>Disegna (X)<\/strong><\/td>\n<td class=\"score\">\n<p>                                                <span><br \/>\n                                                                                                                                                                        <span class=\"blue-tips\"> 2.90 <\/span><br \/>\n                                                                                                                                                            <\/span>\n                                            <\/td>\n<\/tr>\n<\/tbody>\n<\/table>\n<h3 class=\"pt-3 store_header\"> Risultati delle previsioni di ieri<\/h3>\n<table class=\"table table-striped\">\n<thead>\n<tr>\n<th scope=\"col\" style=\"width:10%\">Data<\/th>\n<th scope=\"col\" style=\"width:10%\" class=\"\">Lega<\/th>\n<th scope=\"col\" style=\"width:60%\" class=\"\">Incontro<\/th>\n<th scope=\"col\" style=\"width:10%\" class=\"\">Mancia<\/th>\n<th scope=\"col\" style=\"\" class=\"testimonial-score\">Punto<\/th>\n<\/tr>\n<\/thead>\n<tbody>\n<tr class=\"text-center\" onclick=\"if (!window.__cfRLUnblockHandlers) return false; window.location.href=' https:\/\/focuspredict.com\/58457-dc\/oviedo-vs-villarreal'\" data-cf-modified-397830fbc903243b0b1ae171-=\"\">\n<td>23\/04<\/td>\n<td class=\"\"><span style=\"color: #0085f9 !important;\">Liga spagnola<\/span><\/td>\n<td class=\"\">Oviedo \u00a0 <strong>vs<\/strong><br \/>\n                                    \u00a0Villarreal<\/td>\n<td class=\"\"><strong><br \/>\n                                                                                    X2<br \/>\n                                                                            <\/strong>\n                                <\/td>\n<td class=\"score rc won\">\n<p>                                    <span>1 \u2013 1<\/p>\n<p>                                    <\/span>\n                                <\/td>\n<\/tr>\n<tr class=\"text-center\" onclick=\"if (!window.__cfRLUnblockHandlers) return false; window.location.href=' https:\/\/focuspredict.com\/58473-dc\/vikingur-reykjavik-vs-stjarnan'\" data-cf-modified-397830fbc903243b0b1ae171-=\"\">\n<td>23\/04<\/td>\n<td class=\"\"><span style=\"color: #0085f9 !important;\">Islanda \u00darvalsdeild<\/span><\/td>\n<td class=\"\">Vikingur Reykjavik \u00a0 <strong>vs<\/strong><br \/>\n                                    \u00a0Stjarnan<\/td>\n<td class=\"\"><strong><br \/>\n                                                                                    1X<br \/>\n                                                                            <\/strong>\n                                <\/td>\n<td class=\"score rc won\">\n<p>                                    <span>3 \u2013 2<\/p>\n<p>                                    <\/span>\n                                <\/td>\n<\/tr>\n<tr class=\"text-center\" onclick=\"if (!window.__cfRLUnblockHandlers) return false; window.location.href=' https:\/\/focuspredict.com\/58474-25\/fh-hafnarfjordur-vs-valur-reykjavik'\" data-cf-modified-397830fbc903243b0b1ae171-=\"\">\n<td>23\/04<\/td>\n<td class=\"\"><span style=\"color: #0085f9 !important;\">Islanda \u00darvalsdeild<\/span><\/td>\n<td class=\"\">FH Hafnarfjordur \u00a0 <strong>vs<\/strong><br \/>\n                                    \u00a0Valur Reykjavik<\/td>\n<td class=\"\"><strong><br \/>\n                                                                                    Oltre 2,5<br \/>\n                                                                            <\/strong>\n                                <\/td>\n<td class=\"score rc won\">\n<p>                                    <span>3 \u2013 0<\/p>\n<p>                                    <\/span>\n                                <\/td>\n<\/tr>\n<tr class=\"text-center\" onclick=\"if (!window.__cfRLUnblockHandlers) return false; window.location.href=' https:\/\/focuspredict.com\/58417-f\/psv-eindhoven-vs-pec-zwolle'\" data-cf-modified-397830fbc903243b0b1ae171-=\"\">\n<td>23\/04<\/td>\n<td class=\"\"><span style=\"color: #0085f9 !important;\">Eredivisie olandese<\/span><\/td>\n<td class=\"\">PSV Eindhoven \u00a0 <strong>vs<\/strong><br \/>\n                                    \u00a0PEC Zwolle<\/td>\n<td class=\"\"><strong><br \/>\n                                                                                    1<br \/>\n                                                                            <\/strong>\n                                <\/td>\n<td class=\"score rc won\">\n<p>                                    <span>6 \u2013 1<\/p>\n<p>                                    <\/span>\n                                <\/td>\n<\/tr>\n<tr class=\"text-center\" onclick=\"if (!window.__cfRLUnblockHandlers) return false; window.location.href=' https:\/\/focuspredict.com\/58418-25\/san-antonio-bulo-bulo-vs-real-oruro'\" data-cf-modified-397830fbc903243b0b1ae171-=\"\">\n<td>23\/04<\/td>\n<td class=\"\"><span style=\"color: #0085f9 !important;\">Bolivia Primera Divisi\u00f3n<\/span><\/td>\n<td class=\"\">San Antonio Bulo Bulo \u00a0 <strong>vs<\/strong><br \/>\n                                    \u00a0Real Oruro<\/td>\n<td class=\"\"><strong><br \/>\n                                                                                    Oltre 2,5<br \/>\n                                                                            <\/strong>\n                                <\/td>\n<td class=\"score rc won\">\n<p>                                    <span>2 \u2013 1<\/p>\n<p>                                    <\/span>\n                                <\/td>\n<\/tr>\n<tr class=\"text-center\" onclick=\"if (!window.__cfRLUnblockHandlers) return false; window.location.href=' https:\/\/focuspredict.com\/58467-15\/patro-eisden-vs-beerschot-va'\" data-cf-modified-397830fbc903243b0b1ae171-=\"\">\n<td>23\/04<\/td>\n<td class=\"\"><span style=\"color: #0085f9 !important;\">Jupiler Pro League belga<\/span><\/td>\n<td class=\"\">Patro Eisden \u00a0 <strong>vs<\/strong><br \/>\n                                    \u00a0Beerschot, Virginia<\/td>\n<td class=\"\"><strong><br \/>\n                                                                                    Oltre 1,5<br \/>\n                                                                            <\/strong>\n                                <\/td>\n<td class=\"score rc won\">\n<p>                                    <span>1 \u2013 1<\/p>\n<p>                                    <\/span>\n                                <\/td>\n<\/tr>\n<tr class=\"text-center\" onclick=\"if (!window.__cfRLUnblockHandlers) return false; window.location.href=' https:\/\/focuspredict.com\/58470-dc\/sonderjyske-vs-fc-midtjylland'\" data-cf-modified-397830fbc903243b0b1ae171-=\"\">\n<td>23\/04<\/td>\n<td class=\"\"><span style=\"color: #0085f9 !important;\">Superlega danese<\/span><\/td>\n<td class=\"\">Sonderjyske \u00a0 <strong>vs<\/strong><br \/>\n                                    \u00a0FC Midtjylland<\/td>\n<td class=\"\"><strong><br \/>\n                                                                                    X2<br \/>\n                                                                            <\/strong>\n                                <\/td>\n<td class=\"score rc won\">\n<p>                                    <span>1 \u2013 2<\/p>\n<p>                                    <\/span>\n                                <\/td>\n<\/tr>\n<tr class=\"text-center\" onclick=\"if (!window.__cfRLUnblockHandlers) return false; window.location.href=' https:\/\/focuspredict.com\/58481-f\/casa-pia-vs-sc-braga'\" data-cf-modified-397830fbc903243b0b1ae171-=\"\">\n<td>23\/04<\/td>\n<td class=\"\"><span style=\"color: #0085f9 !important;\">Primeira Liga portoghese<\/span><\/td>\n<td class=\"\">Casa Pia \u00a0 <strong>vs<\/strong><br \/>\n                                    \u00a0SC Braga<\/td>\n<td class=\"\"><strong><br \/>\n                                                                                    12<br \/>\n                                                                            <\/strong>\n                                <\/td>\n<td class=\"score rc won\">\n<p>                                    <span>0\u00a0&#8211;\u00a01<\/p>\n<p>                                    <\/span>\n                                <\/td>\n<\/tr>\n<tr class=\"text-center\" onclick=\"if (!window.__cfRLUnblockHandlers) return false; window.location.href=' https:\/\/focuspredict.com\/58472-dc\/aalborg-vs-b-93'\" data-cf-modified-397830fbc903243b0b1ae171-=\"\">\n<td>23\/04<\/td>\n<td class=\"\"><span style=\"color: #0085f9 !important;\">Danimarca 1. Divisione<\/span><\/td>\n<td class=\"\">Aalborg \u00a0 <strong>vs<\/strong><br \/>\n                                    \u00a0B 93<\/td>\n<td class=\"\"><strong><br \/>\n                                                                                    1X<br \/>\n                                                                            <\/strong>\n                                <\/td>\n<td class=\"score rc won\">\n<p>                                    <span>3 \u2013 2<\/p>\n<p>                                    <\/span>\n                                <\/td>\n<\/tr>\n<tr class=\"text-center\" onclick=\"if (!window.__cfRLUnblockHandlers) return false; window.location.href=' https:\/\/focuspredict.com\/58454-dc\/go-ahead-eagles-vs-az-alkmaar'\" data-cf-modified-397830fbc903243b0b1ae171-=\"\">\n<td>23\/04<\/td>\n<td class=\"\"><span style=\"color: #0085f9 !important;\">Eredivisie olandese<\/span><\/td>\n<td class=\"\">Forza Eagles! \u00a0 <strong>vs<\/strong><br \/>\n                                    \u00a0AZ Alkmaar<\/td>\n<td class=\"\"><strong><br \/>\n                                                                                    X2<br \/>\n                                                                            <\/strong>\n                                <\/td>\n<td class=\"score rc won\">\n<p>                                    <span>0 \u2013 0<\/p>\n<p>                                    <\/span>\n                                <\/td>\n<\/tr>\n<tr class=\"text-center\" onclick=\"if (!window.__cfRLUnblockHandlers) return false; window.location.href=' https:\/\/focuspredict.com\/58479-f\/al-bataeh-vs-al-ain'\" data-cf-modified-397830fbc903243b0b1ae171-=\"\">\n<td>23\/04<\/td>\n<td class=\"\"><span style=\"color: #0085f9 !important;\">Lega Pro degli Emirati Arabi Uniti<\/span><\/td>\n<td class=\"\">Al Bataeh \u00a0 <strong>vs<\/strong><br \/>\n                                    \u00a0Al Ain<\/td>\n<td class=\"\"><strong><br \/>\n                                                                                    2<br \/>\n                                                                            <\/strong>\n                                <\/td>\n<td class=\"score rc won\">\n<p>                                    <span>0 \u2013 2<\/p>\n<p>                                    <\/span>\n                                <\/td>\n<\/tr>\n<tr class=\"text-center\" onclick=\"if (!window.__cfRLUnblockHandlers) return false; window.location.href=' https:\/\/focuspredict.com\/58471-dc\/randers-fc-vs-fc-fredericia'\" data-cf-modified-397830fbc903243b0b1ae171-=\"\">\n<td>23\/04<\/td>\n<td class=\"\"><span style=\"color: #0085f9 !important;\">Superlega danese<\/span><\/td>\n<td class=\"\">Randers FC \u00a0 <strong>vs<\/strong><br \/>\n                                    \u00a0FC Fredericia<\/td>\n<td class=\"\"><strong><br \/>\n                                                                                    1X<br \/>\n                                                                            <\/strong>\n                                <\/td>\n<td class=\"score rc won\">\n<p>                                    <span>2 \u2013 2<\/p>\n<p>                                    <\/span>\n                                <\/td>\n<\/tr>\n<tr class=\"text-center\" onclick=\"if (!window.__cfRLUnblockHandlers) return false; window.location.href=' https:\/\/focuspredict.com\/58464-15\/pyunik-yerevan-vs-fc-urartu'\" data-cf-modified-397830fbc903243b0b1ae171-=\"\">\n<td>23\/04<\/td>\n<td class=\"\"><span style=\"color: #0085f9 !important;\">Premier League armena<\/span><\/td>\n<td class=\"\">Pyunik Yerevan \u00a0 <strong>vs<\/strong><br \/>\n                                    \u00a0FC Urart<\/td>\n<td class=\"\"><strong><br \/>\n                                                                                    Oltre 1,5<br \/>\n                                                                            <\/strong>\n                                <\/td>\n<td class=\"score rc won\">\n<p>                                    <span>2 \u2013 1<\/p>\n<p>                                    <\/span>\n                                <\/td>\n<\/tr>\n<\/tbody>\n<\/table>\n<h2>Perch\u00e9 scommettere sul pareggio? Il mercato del valore nascosto<\/h2>\n<p><strong>scommesse sul pareggio<\/strong> \u00e8 uno dei mercati pi\u00f9 trascurati nel calcio, eppure offre costantemente un valore eccezionale. I bookmaker spesso sottovalutano i pareggi perch\u00e9 gli scommettitori occasionali preferiscono puntare sulle vittorie. <strong>HoodtrendsPredict<\/strong>, sfruttiamo questa inefficienza identificando le corrispondenze in cui un <strong>Il pareggio \u00e8 l&#039;esito pi\u00f9 probabile<\/strong> basato su un&#039;analisi completa dei dati.<\/p>\n<p>Il nostro sistema esamina i fattori che indicano la probabilit\u00e0 di pareggio: valutazioni di forza delle squadre simili, tendenze a segnare pochi gol, record difensivi solidi, pareggi storici negli scontri diretti e fattori situazionali come partite di fine stagione o derby. Quando pi\u00f9 indicatori si allineano, segnaliamo l&#039;incontro come uno dei nostri <strong>3 pareggi per oggi<\/strong>.<\/p>\n<h2>Pronostici sul pareggio di oggi \u2013 Verificati statisticamente<\/h2>\n<p>Ogni <strong>previsione del pareggio<\/strong> presente su <strong>HoodtrendsPredict.com<\/strong> ha superato rigorosi test statistici. Non cerchiamo semplicemente squadre di pari livello: analizziamo i modelli di punteggio, le medie dei tiri in porta, i dati sui gol previsti (xG) e le tendenze di formazione per calcolare le probabilit\u00e0 di pareggio precise. Solo le partite che superano la nostra soglia di confidenza vengono considerate <strong>disegni<\/strong> lista.<\/p>\n<p>Nostro <strong>3 pareggi<\/strong> coprire gli incontri dei campionati noti per l&#039;equilibrio competitivo, tra cui il <strong>Serie A<\/strong>, <strong>Ligue 1<\/strong>, <strong>Bundesliga<\/strong>, e qualificazioni internazionali. Individuiamo anche i pareggi di valore nelle competizioni di coppa e nelle fasi a eliminazione diretta in cui le squadre giocano con prudenza. <strong>HoodtrendsPredict<\/strong> offre il pi\u00f9 affidabile <strong>suggerimenti per disegnare<\/strong> disponibile online.<\/p>\n<h2>Pronostici gratuiti sulle estrazioni: quote elevate, alta precisione<\/h2>\n<p>Accedi al nostro <strong>3 pareggi per oggi<\/strong> completamente gratuito su <strong>HoodtrendsPredict.com<\/strong>. Le probabilit\u00e0 di pareggio in genere variano da 3,00 a 4,00, il che significa che anche puntate modeste possono generare rendimenti significativi. La nostra piattaforma fornisce questi <strong>previsioni di sorteggio di alto valore<\/strong> Senza abbonamenti n\u00e9 costi nascosti: solo consigli affidabili, basati su dati concreti e aggiornati quotidianamente.<\/p>\n<div class=\"faq-section\">\n<h2>Domande frequenti<\/h2>\n<h3>Perch\u00e9 le previsioni sui pareggi sono preziose?<\/h3>\n<p><strong>Tracciare previsioni<\/strong> Offrono valore perch\u00e9 i bookmaker in genere sottovalutano questo risultato. Con quote che di solito si aggirano tra 3,00 e 4,00, prevedere con precisione un pareggio genera rendimenti pi\u00f9 elevati rispetto al puntare sui favoriti, rendendolo un mercato di nicchia redditizio.<\/p>\n<h3>Quali fattori indicano un probabile pareggio?<\/h3>\n<p>Indicatori chiave per <strong>formulare previsioni<\/strong> Tra i fattori considerati figurano: squadre di pari livello in base alla posizione in classifica, solide prestazioni difensive, tendenza a segnare pochi gol (media inferiore a 2,5), pareggi storici negli scontri diretti e fattori situazionali come partite di fine stagione prive di significato.<\/p>\n<h3>Come si scelgono le 3 partite da sorteggiare?<\/h3>\n<p>Nostro <strong>sorteggio<\/strong> Le partite vengono sottoposte ad un&#039;analisi multifattoriale che include il confronto tra le prestazioni, le statistiche sui gol, i dati xG, le metriche difensive e gli andamenti storici. Vengono presentate solo le partite che soddisfano i nostri rigorosi criteri di probabilit\u00e0.<\/p>\n<h3>Quali campionati registrano il maggior numero di pareggi?<\/h3>\n<p>Leghe con equilibrio competitivo come <strong>Serie A<\/strong>, <strong>Ligue 1<\/strong>, E <strong>La Liga<\/strong> Tendono a produrre pi\u00f9 pareggi. La nostra analisi individua partite specifiche all&#039;interno di qualsiasi campionato in cui i pareggi sono statisticamente probabili.<\/p>\n<h3>Posso accumulare previsioni di pareggio?<\/h3>\n<p>S\u00ec, molti scommettitori creano <strong>accumulatori di prelievo<\/strong> utilizzando i nostri suggerimenti. Tuttavia, raccomandiamo di limitare l&#039;importo della multipla per mantenere una probabilit\u00e0 ragionevole. Le nostre 3 estrazioni giornaliere sono selezionate per massimizzare le probabilit\u00e0 di successo individuali e complessive.<\/p>\n<\/div>\n<p><strong>HoodtrendsPredict<\/strong> \u2013 La tua fonte per <strong>3 pareggi per oggi<\/strong>. Trova valore negli altri.<\/p>","protected":false},"excerpt":{"rendered":"<p>HoodtrendsPredict presents our exclusive 3 draws for today \u2013 a curated selection of matches with the highest probability of ending in a stalemate. Our draw [&hellip;]<\/p>\n","protected":false},"author":1,"featured_media":0,"parent":0,"menu_order":0,"comment_status":"closed","ping_status":"closed","template":"","meta":{"_monsterinsights_skip_tracking":false,"_monsterinsights_sitenote_active":false,"_monsterinsights_sitenote_note":"","_monsterinsights_sitenote_category":0,"site-sidebar-layout":"default","site-content-layout":"","ast-site-content-layout":"default","site-content-style":"default","site-sidebar-style":"default","ast-global-header-display":"","ast-banner-title-visibility":"","ast-main-header-display":"","ast-hfb-above-header-display":"","ast-hfb-below-header-display":"","ast-hfb-mobile-header-display":"","site-post-title":"","ast-breadcrumbs-content":"","ast-featured-img":"","footer-sml-layout":"","ast-disable-related-posts":"","theme-transparent-header-meta":"","adv-header-id-meta":"","stick-header-meta":"","header-above-stick-meta":"","header-main-stick-meta":"","header-below-stick-meta":"","astra-migrate-meta-layouts":"set","ast-page-background-enabled":"default","ast-page-background-meta":{"desktop":{"background-color":"","background-image":"","background-repeat":"repeat","background-position":"center center","background-size":"auto","background-attachment":"scroll","background-type":"","background-media":"","overlay-type":"","overlay-color":"","overlay-opacity":"","overlay-gradient":""},"tablet":{"background-color":"","background-image":"","background-repeat":"repeat","background-position":"center center","background-size":"auto","background-attachment":"scroll","background-type":"","background-media":"","overlay-type":"","overlay-color":"","overlay-opacity":"","overlay-gradient":""},"mobile":{"background-color":"","background-image":"","background-repeat":"repeat","background-position":"center center","background-size":"auto","background-attachment":"scroll","background-type":"","background-media":"","overlay-type":"","overlay-color":"","overlay-opacity":"","overlay-gradient":""}},"ast-content-background-meta":{"desktop":{"background-color":"var(--ast-global-color-5)","background-image":"","background-repeat":"repeat","background-position":"center center","background-size":"auto","background-attachment":"scroll","background-type":"","background-media":"","overlay-type":"","overlay-color":"","overlay-opacity":"","overlay-gradient":""},"tablet":{"background-color":"var(--ast-global-color-5)","background-image":"","background-repeat":"repeat","background-position":"center center","background-size":"auto","background-attachment":"scroll","background-type":"","background-media":"","overlay-type":"","overlay-color":"","overlay-opacity":"","overlay-gradient":""},"mobile":{"background-color":"var(--ast-global-color-5)","background-image":"","background-repeat":"repeat","background-position":"center center","background-size":"auto","background-attachment":"scroll","background-type":"","background-media":"","overlay-type":"","overlay-color":"","overlay-opacity":"","overlay-gradient":""}},"footnotes":""},"class_list":["post-12770","page","type-page","status-publish","hentry"],"jetpack_sharing_enabled":true,"_links":{"self":[{"href":"https:\/\/hoodtrendspredict.com\/it\/wp-json\/wp\/v2\/pages\/12770","targetHints":{"allow":["GET"]}}],"collection":[{"href":"https:\/\/hoodtrendspredict.com\/it\/wp-json\/wp\/v2\/pages"}],"about":[{"href":"https:\/\/hoodtrendspredict.com\/it\/wp-json\/wp\/v2\/types\/page"}],"author":[{"embeddable":true,"href":"https:\/\/hoodtrendspredict.com\/it\/wp-json\/wp\/v2\/users\/1"}],"replies":[{"embeddable":true,"href":"https:\/\/hoodtrendspredict.com\/it\/wp-json\/wp\/v2\/comments?post=12770"}],"version-history":[{"count":70,"href":"https:\/\/hoodtrendspredict.com\/it\/wp-json\/wp\/v2\/pages\/12770\/revisions"}],"predecessor-version":[{"id":23968,"href":"https:\/\/hoodtrendspredict.com\/it\/wp-json\/wp\/v2\/pages\/12770\/revisions\/23968"}],"wp:attachment":[{"href":"https:\/\/hoodtrendspredict.com\/it\/wp-json\/wp\/v2\/media?parent=12770"}],"curies":[{"name":"wp","href":"https:\/\/api.w.org\/{rel}","templated":true}]}}