{"id":12778,"date":"2026-01-14T13:24:04","date_gmt":"2026-01-14T13:24:04","guid":{"rendered":"https:\/\/hoodtrendspredict.com\/single-bet-predictions-for-today\/"},"modified":"2026-04-22T19:02:03","modified_gmt":"2026-04-22T18:02:03","slug":"single-bet-predictions-for-today","status":"publish","type":"page","link":"https:\/\/hoodtrendspredict.com\/it\/single-bet-predictions-for-today\/","title":{"rendered":"Pronostici sulle scommesse singole per oggi"},"content":{"rendered":"<p><strong>HoodtrendsPredict<\/strong> ti offre la massima affidabilit\u00e0 <strong>Pronostici sulle scommesse singole per oggi<\/strong> \u2013 consigli di scommessa semplici pensati per gli scommettitori che desiderano selezioni mirate e sicure. <strong>consigli per scommesse singole<\/strong> Uniamo la precisione statistica alla competenza degli esperti per identificare le singole partite in cui \u00e8 possibile prevedere con precisione i risultati.<\/p>\n<h2>Pronostici per scommesse singole di oggi<\/h2>\n<div class=\"px-0 col-lg-12 px-lg-3\">\n<div class=\"league-bar\">\n                                                                                                        <img decoding=\"async\" src=\"https:\/\/media.api-sports.io\/flags\/ee.svg\" class=\"\" style=\"height: 15px; width: 15px; background: white;\" alt=\"\"><br \/>\n                                                                                                    <span>Estonia:<\/span><\/p>\n<p>Meistriliiga<\/p>\n<\/p><\/div>\n<p>                                                    <a data-link=\"https:\/\/www.victorspredict.com\/view-game\/58535?type=super-single\"><\/p>\n<style>\n    .betting-card {\n        border-radius: 0.25rem;\n        margin-bottom: 0.5rem;\n        background-color: #fff;\n        border: 1px solid rgba(0,0,0,0.1);\n        overflow: hidden;\n    }<\/p>\n<p>    .betting-card:hover {\n        border: 1px solid rgba(0,0,0,0.2);\n        box-shadow: 0 0 8px rgba(0,0,0,0.1);\n    }<\/p>\n<p>    .time-col {\n        color: #666;\n        font-weight: 500;\n        font-size: 12px;\n    }<\/p>\n<p>    .team-name {\n        font-weight: 500;\n        color: #000;\n        font-size: 13px;\n        white-space: nowrap;\n        overflow: hidden;\n        \/*text-overflow: ellipsis;*\/\n        margin-bottom: 3px;\n        padding-right: 8px;\n        text-align: left;\n    }<\/p>\n<p>    .team-section {\n        padding-left: 0;\n    }<\/p>\n<p>    .status-icon {\n        width: 20px;\n        height: 20px;\n        display: inline-flex;\n        align-items: center;\n        justify-content: center;\n        border-radius: 4px;\n        font-weight: 600;\n        \/*margin-right: 2px;*\/\n        font-size: 11px;\n    }<\/p>\n<p>    .status-d {\n        background-color: #e3aa00;\n        color: #fff;\n    }<\/p>\n<p>    .status-l {\n        background-color: #c50000;\n        color: #fff;\n    }<\/p>\n<p>    .status-w {\n        background-color: #007700;\n        color: #fff;\n    }<\/p>\n<p>    .status-unknown {\n        background-color: #969696;\n        color: #fff;\n    }<\/p>\n<p>    .vs-text {\n        font-weight: bold;\n        font-size: 15px;\n        line-height: 0.8;\n        color: #000!important;\n    }<\/p>\n<p>    .info-section {\n        background-color: #E6EBEA70;\n    }<\/p>\n<p>    .info-header {\n        font-size: 12px;\n        color: #666;\n        font-weight: 500;\n        text-transform: uppercase;\n    }<\/p>\n<p>    .odds {\n        font-weight: bold;\n        color: #000;\n        font-size: 13px;\n    }<\/p>\n<p>    .tip {\n        border: 1px solid #e3aa00;\n        color: #1E1E1E;\n        padding: 5px 15px;\n        border-radius: 20px;\n        font-weight: bold;\n        font-size: 12px;\n        \/*margin: 0 auto;*\/\n    }<\/p>\n<p>    .probability {\n        font-weight: bold;\n        color: #000;\n        font-size: 12px;\n    }<\/p>\n<p>    .bookmaker {\n        background: white;\n        border-radius: 20px;\n        padding: 7px 15px;\n        display: flex;\n        justify-content: center;\n        align-items: center;\n    }<\/p>\n<p>    .teams-row {\n        padding: 10px;\n    }<\/p>\n<p>    \/* On medium screen down *\/\n    @media (max-width: 1024px) {\n        .team-name-section {\n            padding-left: 0px !important;\n            padding-right: 0px !important;\n        }\n    }<\/p>\n<p>    \/* On medium screen down *\/\n    @media (max-width: 991px) {\n        .team-name-section {\n            padding-left: 0px !important;\n            padding-right: 0px !important;\n        }<\/p>\n<p>        .status-icon {\n            width: 18px;\n            height: 18px;\n            display: inline-flex;\n            align-items: center;\n            justify-content: center;\n            border-radius: 5px;\n            font-weight: 600;\n            \/*margin-right: 2px;*\/\n            font-size: 11px;\n        }<\/p>\n<p>        .info-header {\n            font-size: 10px;\n            color: #666;\n            font-weight: 500;\n            text-transform: uppercase;\n        }<\/p>\n<p>        .tip {\n            padding: 5px 8px;\n            border-radius: 20px;\n            font-weight: bold;\n            font-size: 12px;\n            \/*margin: 0 auto;*\/\n        }<\/p>\n<p>        .bookmaker {\n            background: white;\n            border-radius: 20px;\n            padding: 5px;\n        }\n        .bookmaker img {\n            min-height: 9px;\n        }\n        .vs-text {\n            font-weight: 600;\n            font-size: 13px;\n            line-height: 0.8;\n            white-space: nowrap;\n        }\n    }<\/p>\n<p>    \/* On small screen down *\/\n    @media (max-width: 428px) {\n        .result-col {\n            padding-left: 0px !important;\n        }\n    }\n    @media (max-width: 400px) {\n        .result-col {\n            padding-left: 10px !important;\n        }\n    }<\/p>\n<p>    \/* On small screen down *\/\n    @media (max-width: 320px) {\n        .status-icon {\n            width: 16px;\n            height: 16px;\n            display: inline-flex;\n            align-items: center;\n            justify-content: center;\n            border-radius: 5px;\n            font-weight: 600;\n            \/*margin-right: 2px;*\/\n            font-size: 10px;\n        }\n        .team-name {\n            font-weight: 600;\n            font-size: 12px;\n            margin-bottom: 2px!important;\n        }\n        .tip {\n            background-color: #FDBE11;\n            color: #1E1E1E;\n            padding: 4px 8px;\n            border-radius: 20px;\n            font-weight: bold;\n            font-size: 11px;\n            \/*margin: 0 auto;*\/\n        }\n    }<\/p>\n<\/style>\n<style>\n        .prediction.text-center span {\n            padding: 9px 14px;\n        }\n    <\/style>\n<div class=\"betting-card\">\n<div class=\"\">\n<div class=\"row no-gutters\">\n<div class=\"col-lg-5\">\n<div class=\"teams-row mt-lg-2\">\n<div class=\"row\">\n<div class=\"col-2 time-col d-flex align-items-center\">\n                                                            17:00\n                                                    <\/div>\n<div class=\"col-4 team-name-section bg-successx\">\n<div class=\"team-name\">\n                                <span class=\"d-none d-lg-block\"> Laagri <\/span><br \/>\n                                <span class=\"d-block d-lg-none\"> Laagri <\/span>\n                            <\/div>\n<div class=\"\">\n                                                                                                            <span class=\"status-icon status-w\">W<\/span><br \/>\n                                                                                                                                                <span class=\"status-icon status-w\">W<\/span><br \/>\n                                                                                                                                                <span class=\"status-icon status-l\">L<\/span><br \/>\n                                                                                                                                                <span class=\"status-icon status-l\">L<\/span><br \/>\n                                                                                                                                                <span class=\"status-icon status-w\">W<\/span>\n                                                                                                <\/div>\n<\/p><\/div>\n<div class=\"col-2 d-flex result-col align-items-center bg-dangerx\">\n<div class=\"vs-text\">\n                                \u2013<\/p>\n<p>                                                                \u2013<\/p><\/div>\n<\/p><\/div>\n<div class=\"col-4 team-name-section bg-successx\">\n<div class=\"team-name\">\n                                <span class=\"d-none d-lg-block\"> Pagato <\/span><br \/>\n                                <span class=\"d-block d-lg-none\"> Pagato <\/span>\n                            <\/div>\n<div>\n                                                                                                            <span class=\"status-icon status-w\">W<\/span><br \/>\n                                                                                                                                                <span class=\"status-icon status-w\">W<\/span><br \/>\n                                                                                                                                                <span class=\"status-icon status-w\">W<\/span><br \/>\n                                                                                                                                                <span class=\"status-icon status-w\">W<\/span><br \/>\n                                                                                                                                                <span class=\"status-icon status-d\">D<\/span>\n                                                                                                <\/div>\n<\/p><\/div>\n<\/p><\/div>\n<\/p><\/div>\n<\/p><\/div>\n<div class=\"col-lg-7 info-section\">\n<div class=\"col-12\">\n<div class=\"row text-center py-2\" style=\"background-color: #D9E1E0\">\n<div class=\"col-2\">\n<div class=\"info-header\">PROBABILIT\u00c0<\/div>\n<\/p><\/div>\n<div class=\"col-4\">\n<div class=\"info-header\">SUGGERIMENTI<\/div>\n<\/p><\/div>\n<div class=\"col-3\">\n<div class=\"info-header\">PROB. %<\/div>\n<\/p><\/div>\n<div class=\"col-3\">\n<div class=\"info-header\">LIBRERIA<\/div>\n<\/p><\/div>\n<\/p><\/div>\n<div class=\"row text-center py-2\">\n<div class=\"col-2\">\n<div class=\"odds\">\n                                                                                                            1.55\n                                                                                                <\/div>\n<\/p><\/div>\n<div class=\"col-4\">\n<div>\n                                <span class=\"tip\">Via (2)<\/span>\n                            <\/div>\n<\/p><\/div>\n<div class=\"col-3\">\n<div class=\"probability\">64.52%<\/div>\n<\/p><\/div>\n<div class=\"col-3\">\n<div class=\"bookmaker\">\n<p>                                                                    <img decoding=\"async\" src=\"https:\/\/victorspredict.com\/admin\/images\/maker\/makergF4zkPLFbiU3wU3AmB5R2tC9Fe9sa7sSPTD9tLZlAk5ju66iyRzeur7ArT6d40412.png\" onclick=\"if (!window.__cfRLUnblockHandlers) return false; window.open('https:\/\/cutt.ly\/parivictors', '_blank')\" class=\"img-fluid\" style=\"\" alt=\"Allibratore\" data-cf-modified-dd035339200a1c7a2a705a04-=\"\">\n                                                            <\/div>\n<\/p><\/div>\n<\/p><\/div>\n<\/p><\/div>\n<\/p><\/div>\n<\/p><\/div>\n<\/p><\/div>\n<\/div>\n<p>                                                    <\/a><\/p><\/div>\n<h2>Che cosa sono le previsioni sulle scommesse singole?<\/h2>\n<p><strong>Pronostici scommessa singola<\/strong> implica la selezione di una partita attentamente analizzata e la messa in gioco della propria puntata su un singolo risultato. Questo approccio alle scommesse offre semplicit\u00e0 e una gestione del rischio mirata. <strong>HoodtrendsPredict<\/strong>, siamo specializzati nell&#039;identificazione di corrispondenze con chiari modelli statistici che rendono <strong>scommessa singola<\/strong> una scelta intelligente.<\/p>\n<p>I nostri analisti esaminano la forma della squadra, i precedenti, i fattori motivazionali e gli abbinamenti tattici per fornire <strong>previsioni accurate su singole scommesse<\/strong>. Che si tratti di un favorito di casa indiscusso o di un outsider quotato con un&#039;ottima forma recente, il nostro sistema individua le opportunit\u00e0 individuali pi\u00f9 promettenti.<\/p>\n<h2>I migliori consigli per le scommesse singole di oggi: accuratezza basata sui dati.<\/h2>\n<p>Ogni <strong>pronostico scommessa singola<\/strong> SU <strong>HoodtrendsPredict.com<\/strong> \u00e8 supportato da un&#039;analisi completa dei dati. Non facciamo supposizioni, calcoliamo. I nostri modelli basati sull&#039;IA elaborano migliaia di punti dati, tra cui: <strong>probabilit\u00e0 di esito della partita<\/strong>, andamento dello slancio della squadra, differenze di rendimento tra casa e trasferta e forma recente per generare previsioni con la pi\u00f9 alta probabilit\u00e0 di successo.<\/p>\n<p>Popolare <strong>mercati di scommesse singole<\/strong> Analizziamo tra gli altri i seguenti: Vincitore della partita, Doppia chance, Over\/Under Gol e Entrambe le squadre segnano. La nostra piattaforma evidenzia quali selezioni offrono il miglior valore in base alle quote attuali e alla probabilit\u00e0 statistica. Questo approccio ha reso possibile <strong>HoodtrendsPredict<\/strong> la fonte di riferimento per informazioni serie <strong>scommettitori che puntano una sola volta<\/strong>.<\/p>\n<h2>Pronostici gratuiti per scommesse singole \u2013 Aggiornati quotidianamente<\/h2>\n<p>Accedi a tutto <strong>Pronostici sulle scommesse singole per oggi<\/strong> completamente gratuito su <strong>HoodtrendsPredict.com<\/strong>. Le nostre previsioni riguardano i principali campionati, tra cui il <strong>Premier League<\/strong>, <strong>La Liga<\/strong>, <strong>Serie A<\/strong>, <strong>Bundesliga<\/strong>, E <strong>UEFA Champions League<\/strong>. Ogni pronostico viene aggiornato in tempo reale al variare delle condizioni di gioco, garantendoti sempre le informazioni pi\u00f9 recenti.<\/p>\n<div class=\"faq-section\">\n<h2>Domande frequenti<\/h2>\n<h3>Cosa significa scommessa singola nelle scommesse sul calcio?<\/h3>\n<p><strong>Scommessa singola<\/strong> Significa puntare su un singolo risultato di una partita. A differenza delle scommesse multiple, la tua scommessa non dipende da pi\u00f9 risultati. Ad esempio, scommettere sulla vittoria del Manchester United \u00e8 una scommessa singola.<\/p>\n<h3>Perch\u00e9 le scommesse singole sono pi\u00f9 sicure delle scommesse multiple?<\/h3>\n<p><strong>Pronostici scommessa singola<\/strong> Presentano un rischio inferiore perch\u00e9 richiedono un solo risultato corretto anzich\u00e9 molteplici. Sebbene le quote siano in genere inferiori rispetto alle scommesse multiple, la probabilit\u00e0 di vincita \u00e8 significativamente pi\u00f9 alta, il che le rende ideali per una crescita costante del capitale.<\/p>\n<h3>Come si generano i pronostici per le scommesse singole?<\/h3>\n<p>Nostro <strong>consigli per scommesse singole<\/strong> Le previsioni vengono generate utilizzando algoritmi avanzati che analizzano i dati sulle prestazioni della squadra, i risultati storici, lo stato di forma attuale e le tendenze statistiche. Ogni previsione viene sottoposta a rigorosi test prima della pubblicazione per garantire il massimo potenziale di successo.<\/p>\n<h3>Quali campionati sono coperti dalle tue previsioni per le scommesse singole?<\/h3>\n<p>Noi forniamo <strong>pronostici sulle scommesse singole<\/strong> per tutti i principali campionati di calcio del mondo, tra cui Premier League, La Liga, Serie A, Bundesliga, Ligue 1, Eredivisie e i principali tornei internazionali.<\/p>\n<h3>Le previsioni sulle scommesse singole sono adatte ai principianti?<\/h3>\n<p>Assolutamente. <strong>Scommessa singola<\/strong> \u00c8 la forma pi\u00f9 semplice di scommesse sportive, il che la rende perfetta per i principianti. La nostra piattaforma analizza i dati in modo chiaro, aiutando i nuovi scommettitori a capire perch\u00e9 ogni selezione ha valore e a costruire le basi delle scommesse.<\/p>\n<\/div>\n<p><strong>HoodtrendsPredict<\/strong> \u2013 La tua fonte esperta per <strong>Pronostici sulle scommesse singole per oggi<\/strong>. Analisi pi\u00f9 intelligenti. Risultati migliori.<\/p>","protected":false},"excerpt":{"rendered":"<p>HoodtrendsPredict brings you the most reliable single bet predictions for today \u2013 straightforward betting tips designed for punters who want focused, high-confidence selections. Our single [&hellip;]<\/p>\n","protected":false},"author":1,"featured_media":0,"parent":0,"menu_order":0,"comment_status":"closed","ping_status":"closed","template":"","meta":{"_monsterinsights_skip_tracking":false,"_monsterinsights_sitenote_active":false,"_monsterinsights_sitenote_note":"","_monsterinsights_sitenote_category":0,"site-sidebar-layout":"default","site-content-layout":"","ast-site-content-layout":"default","site-content-style":"default","site-sidebar-style":"default","ast-global-header-display":"","ast-banner-title-visibility":"","ast-main-header-display":"","ast-hfb-above-header-display":"","ast-hfb-below-header-display":"","ast-hfb-mobile-header-display":"","site-post-title":"","ast-breadcrumbs-content":"","ast-featured-img":"","footer-sml-layout":"","ast-disable-related-posts":"","theme-transparent-header-meta":"","adv-header-id-meta":"","stick-header-meta":"","header-above-stick-meta":"","header-main-stick-meta":"","header-below-stick-meta":"","astra-migrate-meta-layouts":"set","ast-page-background-enabled":"default","ast-page-background-meta":{"desktop":{"background-color":"","background-image":"","background-repeat":"repeat","background-position":"center center","background-size":"auto","background-attachment":"scroll","background-type":"","background-media":"","overlay-type":"","overlay-color":"","overlay-opacity":"","overlay-gradient":""},"tablet":{"background-color":"","background-image":"","background-repeat":"repeat","background-position":"center center","background-size":"auto","background-attachment":"scroll","background-type":"","background-media":"","overlay-type":"","overlay-color":"","overlay-opacity":"","overlay-gradient":""},"mobile":{"background-color":"","background-image":"","background-repeat":"repeat","background-position":"center center","background-size":"auto","background-attachment":"scroll","background-type":"","background-media":"","overlay-type":"","overlay-color":"","overlay-opacity":"","overlay-gradient":""}},"ast-content-background-meta":{"desktop":{"background-color":"var(--ast-global-color-5)","background-image":"","background-repeat":"repeat","background-position":"center center","background-size":"auto","background-attachment":"scroll","background-type":"","background-media":"","overlay-type":"","overlay-color":"","overlay-opacity":"","overlay-gradient":""},"tablet":{"background-color":"var(--ast-global-color-5)","background-image":"","background-repeat":"repeat","background-position":"center center","background-size":"auto","background-attachment":"scroll","background-type":"","background-media":"","overlay-type":"","overlay-color":"","overlay-opacity":"","overlay-gradient":""},"mobile":{"background-color":"var(--ast-global-color-5)","background-image":"","background-repeat":"repeat","background-position":"center center","background-size":"auto","background-attachment":"scroll","background-type":"","background-media":"","overlay-type":"","overlay-color":"","overlay-opacity":"","overlay-gradient":""}},"footnotes":""},"class_list":["post-12778","page","type-page","status-publish","hentry"],"jetpack_sharing_enabled":true,"_links":{"self":[{"href":"https:\/\/hoodtrendspredict.com\/it\/wp-json\/wp\/v2\/pages\/12778","targetHints":{"allow":["GET"]}}],"collection":[{"href":"https:\/\/hoodtrendspredict.com\/it\/wp-json\/wp\/v2\/pages"}],"about":[{"href":"https:\/\/hoodtrendspredict.com\/it\/wp-json\/wp\/v2\/types\/page"}],"author":[{"embeddable":true,"href":"https:\/\/hoodtrendspredict.com\/it\/wp-json\/wp\/v2\/users\/1"}],"replies":[{"embeddable":true,"href":"https:\/\/hoodtrendspredict.com\/it\/wp-json\/wp\/v2\/comments?post=12778"}],"version-history":[{"count":39,"href":"https:\/\/hoodtrendspredict.com\/it\/wp-json\/wp\/v2\/pages\/12778\/revisions"}],"predecessor-version":[{"id":23808,"href":"https:\/\/hoodtrendspredict.com\/it\/wp-json\/wp\/v2\/pages\/12778\/revisions\/23808"}],"wp:attachment":[{"href":"https:\/\/hoodtrendspredict.com\/it\/wp-json\/wp\/v2\/media?parent=12778"}],"curies":[{"name":"wp","href":"https:\/\/api.w.org\/{rel}","templated":true}]}}