{"id":12784,"date":"2026-01-14T13:27:04","date_gmt":"2026-01-14T13:27:04","guid":{"rendered":"https:\/\/hoodtrendspredict.com\/basketball-predictions-for-today\/"},"modified":"2026-04-22T10:03:02","modified_gmt":"2026-04-22T09:03:02","slug":"basketball-predictions-for-today","status":"publish","type":"page","link":"https:\/\/hoodtrendspredict.com\/it\/basketball-predictions-for-today\/","title":{"rendered":"Pronostici di basket per oggi"},"content":{"rendered":"<p><strong>HoodtrendsPredict<\/strong> \u00e8 la tua destinazione finale per <strong>Pronostici di basket per oggi<\/strong>. Che tu stia seguendo l&#039;NBA, l&#039;EuroLeague o i tornei internazionali, la nostra piattaforma ti offre <strong>consigli accurati sul basket<\/strong> Grazie ad analisi avanzate e al parere di esperti, ogni giorno di gara analizziamo la forma delle squadre, le statistiche dei giocatori e i precedenti tra le squadre per fornirti pronostici affidabili.<\/p>\n<h2>Pronostici di basket per oggi<\/h2>\n<div class=\"row masonry-container\">\n<div class=\"col-xs-12 col-sm-6 col-md-4 col-lg-3 masonry-sizer\"><\/div>\n<div class=\"col-md-6 masonry-item\"><a href=\"https:\/\/www.basketballbets365.com\/predictions\/1346161\/minas-vs-cruzeiro\" title=\"Pronostico Minas - Cruzeiro\" rel=\"nofollow noopener\" target=\"_blank\"><\/p>\n<div class=\"detailbx not-correct\">\n<h4>Brasile: NBB<\/h4>\n<div class=\"d-li\">\n<ul>\n<li><span class=\"flag-icon flag-icon-br\"><\/span>\n<p>Minas <span>99<\/span><\/p>\n<\/li>\n<li><span class=\"flag-icon flag-icon-br\"><\/span>\n<p>Cruzeiro <span>94<\/span><\/p>\n<\/li>\n<\/ul>\n<\/div>\n<div class=\"timebx\">\n<p><i><\/i> Finito<\/p>\n<p><a href=\"https:\/\/www.basketballbets365.com\/predictions\/1346161\/minas-vs-cruzeiro\" data-toggle=\"tooltip\" data-placement=\"bottom\" class=\"btn\" title=\"handicap\" rel=\"nofollow noopener\" target=\"_blank\">1 -13.5<\/a><\/div>\n<\/div>\n<p><\/a><\/div>\n<div class=\"col-md-6 masonry-item\"><a href=\"https:\/\/www.basketballbets365.com\/predictions\/1345874\/boston-celtics-vs-philadelphia-76ers\" title=\"Pronostico Boston Celtics - Philadelphia 76ers\" rel=\"nofollow noopener\" target=\"_blank\"><\/p>\n<div class=\"detailbx correct\">\n<h4>USA: NBA<\/h4>\n<div class=\"d-li\">\n<ul>\n<li><span class=\"flag-icon flag-icon-us\"><\/span>\n<p>Boston Celtics <span>97<\/span><\/p>\n<\/li>\n<li><span class=\"flag-icon flag-icon-us\"><\/span>\n<p>Philadelphia 76ers <span>111<\/span><\/p>\n<\/li>\n<\/ul>\n<\/div>\n<div class=\"timebx\">\n<p><i><\/i> Finito<\/p>\n<p><a href=\"https:\/\/www.basketballbets365.com\/predictions\/1345874\/boston-celtics-vs-philadelphia-76ers\" data-toggle=\"tooltip\" data-placement=\"bottom\" class=\"btn btn-green\" title=\"punti sotto-sopra\" rel=\"nofollow noopener\" target=\"_blank\">sotto 217,5<\/a><\/div>\n<\/div>\n<p><\/a><\/div>\n<div class=\"col-md-6 masonry-item\"><a href=\"https:\/\/www.basketballbets365.com\/predictions\/1346034\/paulistano-vs-bauru\" title=\"Pronostico Paulistano - Bauru\" rel=\"nofollow noopener\" target=\"_blank\"><\/p>\n<div class=\"detailbx not-correct\">\n<h4>Brasile: NBB<\/h4>\n<div class=\"d-li\">\n<ul>\n<li><span class=\"flag-icon flag-icon-br\"><\/span>\n<p>Paulistano <span>80<\/span><\/p>\n<\/li>\n<li><span class=\"flag-icon flag-icon-br\"><\/span>\n<p>Bauru <span>77<\/span><\/p>\n<\/li>\n<\/ul>\n<\/div>\n<div class=\"timebx\">\n<p><i><\/i> Finito<\/p>\n<p><a href=\"https:\/\/www.basketballbets365.com\/predictions\/1346034\/paulistano-vs-bauru\" data-toggle=\"tooltip\" data-placement=\"bottom\" class=\"btn\" title=\"handicap\" rel=\"nofollow noopener\" target=\"_blank\">1 -5.5<\/a><\/div>\n<\/div>\n<p><\/a><\/div>\n<div class=\"col-md-6 masonry-item\"><a href=\"https:\/\/www.basketballbets365.com\/predictions\/1345225\/san-antonio-spurs-vs-portland-trailblazers\" title=\"Pronostico San Antonio Spurs - Portland Trailblazers\" rel=\"nofollow noopener\" target=\"_blank\"><\/p>\n<div class=\"detailbx not-correct\">\n<h4>USA: NBA<\/h4>\n<div class=\"d-li\">\n<ul>\n<li><span class=\"flag-icon flag-icon-us\"><\/span>\n<p>San Antonio Spurs <span>103<\/span><\/p>\n<\/li>\n<li><span class=\"flag-icon flag-icon-us\"><\/span>\n<p>Portland Trailblazers <span>106<\/span><\/p>\n<\/li>\n<\/ul>\n<\/div>\n<div class=\"timebx\">\n<p><i><\/i> Finito<\/p>\n<p><a href=\"https:\/\/www.basketballbets365.com\/predictions\/1345225\/san-antonio-spurs-vs-portland-trailblazers\" data-toggle=\"tooltip\" data-placement=\"bottom\" class=\"btn\" title=\"handicap\" rel=\"nofollow noopener\" target=\"_blank\">1 -11.5<\/a><\/div>\n<\/div>\n<p><\/a><\/div>\n<div class=\"col-md-6 masonry-item\"><a href=\"https:\/\/www.basketballbets365.com\/predictions\/1345924\/boca-juniors-vs-obras-sanitarias\" title=\"Pronostico Boca Juniors - Obras Sanitarias\" rel=\"nofollow noopener\" target=\"_blank\"><\/p>\n<div class=\"detailbx correct\">\n<h4>Argentina: LNB<\/h4>\n<div class=\"d-li\">\n<ul>\n<li><span class=\"flag-icon flag-icon-ar\"><\/span>\n<p>Boca Juniors <span>87<\/span><\/p>\n<\/li>\n<li><span class=\"flag-icon flag-icon-ar\"><\/span>\n<p>Obras Sanitarias <span>75<\/span><\/p>\n<\/li>\n<\/ul>\n<\/div>\n<div class=\"timebx\">\n<p><i><\/i> Finito<\/p>\n<p><a href=\"https:\/\/www.basketballbets365.com\/predictions\/1345924\/boca-juniors-vs-obras-sanitarias\" data-toggle=\"tooltip\" data-placement=\"bottom\" class=\"btn btn-green\" title=\"punti sotto-sopra\" rel=\"nofollow noopener\" target=\"_blank\">oltre 159,5<\/a><\/div>\n<\/div>\n<p><\/a><\/div>\n<div class=\"col-md-6 masonry-item\"><a href=\"https:\/\/www.basketballbets365.com\/predictions\/1345506\/los-angeles-lakers-vs-houston-rockets\" title=\"Pronostico Los Angeles Lakers - Houston Rockets\" rel=\"nofollow noopener\" target=\"_blank\"><\/p>\n<div class=\"detailbx not-correct\">\n<h4>USA: NBA<\/h4>\n<div class=\"d-li\">\n<ul>\n<li><span class=\"flag-icon flag-icon-us\"><\/span>\n<p>Los Angeles Lakers <span>101<\/span><\/p>\n<\/li>\n<li><span class=\"flag-icon flag-icon-us\"><\/span>\n<p>Houston Rockets <span>94<\/span><\/p>\n<\/li>\n<\/ul>\n<\/div>\n<div class=\"timebx\">\n<p><i><\/i> Finito<\/p>\n<p><a href=\"https:\/\/www.basketballbets365.com\/predictions\/1345506\/los-angeles-lakers-vs-houston-rockets\" data-toggle=\"tooltip\" data-placement=\"bottom\" class=\"btn\" title=\"punti sotto-sopra\" rel=\"nofollow noopener\" target=\"_blank\">oltre 206,5<\/a><\/div>\n<\/div>\n<p><\/a><\/div>\n<div class=\"col-md-6 masonry-item\"><a href=\"https:\/\/www.basketballbets365.com\/predictions\/1345710\/peristeri-vs-aris-thessalonika\" title=\"Pronostico Peristeri - Aris Salonicco\" rel=\"nofollow noopener\" target=\"_blank\"><\/p>\n<div class=\"detailbx waiting\">\n<h4>Grecia: Lega di basket<\/h4>\n<div class=\"d-li\">\n<ul>\n<li><span class=\"flag-icon flag-icon-gr\"><\/span>\n<p>Peristeri <span>\u2013<\/span><\/p>\n<\/li>\n<li><span class=\"flag-icon flag-icon-gr\"><\/span>\n<p>Aris Salonicco <span>\u2013<\/span><\/p>\n<\/li>\n<\/ul>\n<\/div>\n<div class=\"timebx\">\n<p><i><\/i> 19:00<\/p>\n<p><a href=\"https:\/\/www.basketballbets365.com\/predictions\/1345710\/peristeri-vs-aris-thessalonika\" data-toggle=\"tooltip\" data-placement=\"bottom\" class=\"btn btn-dark\" title=\"2 vie\" rel=\"nofollow noopener\" target=\"_blank\">2<\/a><\/div>\n<\/div>\n<p><\/a><\/div>\n<div class=\"col-md-6 masonry-item\"><a href=\"https:\/\/www.basketballbets365.com\/predictions\/1346301\/bc-lietuvos-rytas-vs-bc-jonava\" title=\"Pronostico BC Lietuvos Rytas - BC Jonava\" rel=\"nofollow noopener\" target=\"_blank\"><\/p>\n<div class=\"detailbx waiting\">\n<h4>Lituania: LKL<\/h4>\n<div class=\"d-li\">\n<ul>\n<li><span class=\"flag-icon flag-icon-lt\"><\/span>\n<p>BC Lietuvos Rytas <span>\u2013<\/span><\/p>\n<\/li>\n<li><span class=\"flag-icon flag-icon-lt\"><\/span>\n<p>BC Jonava <span>\u2013<\/span><\/p>\n<\/li>\n<\/ul>\n<\/div>\n<div class=\"timebx\">\n<p><i><\/i> 19:30<\/p>\n<p><a href=\"https:\/\/www.basketballbets365.com\/predictions\/1346301\/bc-lietuvos-rytas-vs-bc-jonava\" data-toggle=\"tooltip\" data-placement=\"bottom\" class=\"btn btn-dark\" title=\"punti sotto-sopra\" rel=\"nofollow noopener\" target=\"_blank\">oltre 178,5<\/a><\/div>\n<\/div>\n<p><\/a><\/div>\n<div class=\"col-md-6 masonry-item\"><a href=\"https:\/\/www.basketballbets365.com\/predictions\/1346302\/zalgiris-kaunas-vs-gargzdai\" title=\"Pronostico Zalgiris Kaunas - Gargzdai\" rel=\"nofollow noopener\" target=\"_blank\"><\/p>\n<div class=\"detailbx waiting\">\n<h4>Lituania: LKL<\/h4>\n<div class=\"d-li\">\n<ul>\n<li><span class=\"flag-icon flag-icon-lt\"><\/span>\n<p>Zalgiris Kaunas <span>\u2013<\/span><\/p>\n<\/li>\n<li><span class=\"flag-icon flag-icon-lt\"><\/span>\n<p>Gargzdai <span>\u2013<\/span><\/p>\n<\/li>\n<\/ul>\n<\/div>\n<div class=\"timebx\">\n<p><i><\/i> 19:50<\/p>\n<p><a href=\"https:\/\/www.basketballbets365.com\/predictions\/1346302\/zalgiris-kaunas-vs-gargzdai\" data-toggle=\"tooltip\" data-placement=\"bottom\" class=\"btn btn-dark\" title=\"punti sotto-sopra\" rel=\"nofollow noopener\" target=\"_blank\">sotto i 165,5<\/a><\/div>\n<\/div>\n<p><\/a><\/div>\n<div class=\"col-md-6 masonry-item\"><a href=\"https:\/\/www.basketballbets365.com\/predictions\/1346130\/nh-ostrava-vs-olomouc\" title=\"Pronostico NH Ostrava - Olomouc\" rel=\"nofollow noopener\" target=\"_blank\"><\/p>\n<div class=\"detailbx waiting\">\n<h4>Repubblica Ceca: NBL<\/h4>\n<div class=\"d-li\">\n<ul>\n<li><span class=\"flag-icon flag-icon-cz\"><\/span>\n<p>NH Ostrava <span>\u2013<\/span><\/p>\n<\/li>\n<li><span class=\"flag-icon flag-icon-cz\"><\/span>\n<p>Olomouc <span>\u2013<\/span><\/p>\n<\/li>\n<\/ul>\n<\/div>\n<div class=\"timebx\">\n<p><i><\/i> 20:00<\/p>\n<p><a href=\"https:\/\/www.basketballbets365.com\/predictions\/1346130\/nh-ostrava-vs-olomouc\" data-toggle=\"tooltip\" data-placement=\"bottom\" class=\"btn btn-dark\" title=\"punti sotto-sopra\" rel=\"nofollow noopener\" target=\"_blank\">sotto 169,5<\/a><\/div>\n<\/div>\n<p><\/a><\/div>\n<div class=\"col-md-6 masonry-item\"><a href=\"https:\/\/www.basketballbets365.com\/predictions\/1346151\/unics-kazan-vs-nizhny-novgorod\" title=\"Pronostico Unics Kazan - Ni\u017enij Novgorod\" rel=\"nofollow noopener\" target=\"_blank\"><\/p>\n<div class=\"detailbx waiting\">\n<h4>Internazionale: VTB<\/h4>\n<div class=\"d-li\">\n<ul>\n<li><span class=\"flag-icon flag-icon-wd\"><\/span>\n<p>Unics Kazan <span>\u2013<\/span><\/p>\n<\/li>\n<li><span class=\"flag-icon flag-icon-wd\"><\/span>\n<p>Nizhny Novgorod <span>\u2013<\/span><\/p>\n<\/li>\n<\/ul>\n<\/div>\n<div class=\"timebx\">\n<p><i><\/i> 20:00<\/p>\n<p><a href=\"https:\/\/www.basketballbets365.com\/predictions\/1346151\/unics-kazan-vs-nizhny-novgorod\" data-toggle=\"tooltip\" data-placement=\"bottom\" class=\"btn btn-dark\" title=\"punti sotto-sopra\" rel=\"nofollow noopener\" target=\"_blank\">oltre 167,5<\/a><\/div>\n<\/div>\n<p><\/a><\/div>\n<div class=\"col-md-6 masonry-item\"><a href=\"https:\/\/www.basketballbets365.com\/predictions\/1345518\/paok-vs-bilbao-basket\" title=\"Pronostico PAOK - Basket Bilbao\" rel=\"nofollow noopener\" target=\"_blank\"><\/p>\n<div class=\"detailbx waiting\">\n<h4>Internazionale: Coppa dei Campioni<\/h4>\n<div class=\"d-li\">\n<ul>\n<li><span class=\"flag-icon flag-icon-wd\"><\/span>\n<p>PAOK <span>\u2013<\/span><\/p>\n<\/li>\n<li><span class=\"flag-icon flag-icon-wd\"><\/span>\n<p>Cestino di Bilbao <span>\u2013<\/span><\/p>\n<\/li>\n<\/ul>\n<\/div>\n<div class=\"timebx\">\n<p><i><\/i> 20:15<\/p>\n<p><a href=\"https:\/\/www.basketballbets365.com\/predictions\/1345518\/paok-vs-bilbao-basket\" data-toggle=\"tooltip\" data-placement=\"bottom\" class=\"btn btn-dark\" title=\"handicap\" rel=\"nofollow noopener\" target=\"_blank\">2 4.5<\/a><\/div>\n<\/div>\n<p><\/a><\/div>\n<div class=\"col-md-6 masonry-item\"><a href=\"https:\/\/www.basketballbets365.com\/predictions\/1345748\/zenit-saint-petersburg-vs-cska-moscow\" title=\"Pronostico Zenit San Pietroburgo - CSKA Mosca\" rel=\"nofollow noopener\" target=\"_blank\"><\/p>\n<div class=\"detailbx waiting\">\n<h4>Internazionale: VTB<\/h4>\n<div class=\"d-li\">\n<ul>\n<li><span class=\"flag-icon flag-icon-wd\"><\/span>\n<p>Zenit San Pietroburgo <span>\u2013<\/span><\/p>\n<\/li>\n<li><span class=\"flag-icon flag-icon-wd\"><\/span>\n<p>CSKA Mosca <span>\u2013<\/span><\/p>\n<\/li>\n<\/ul>\n<\/div>\n<div class=\"timebx\">\n<p><i><\/i> 20:30<\/p>\n<p><a href=\"https:\/\/www.basketballbets365.com\/predictions\/1345748\/zenit-saint-petersburg-vs-cska-moscow\" data-toggle=\"tooltip\" data-placement=\"bottom\" class=\"btn btn-dark\" title=\"2 vie\" rel=\"nofollow noopener\" target=\"_blank\">2<\/a><\/div>\n<\/div>\n<p><\/a><\/div>\n<div class=\"col-md-6 masonry-item\"><a href=\"https:\/\/www.basketballbets365.com\/predictions\/1346293\/ratiopharm-ulm-vs-alba-berlin\" title=\"Prediction Ratiopharm Ulm - Alba Berlin\" rel=\"nofollow noopener\" target=\"_blank\"><\/p>\n<div class=\"detailbx waiting\">\n<h4>Germania: BBL<\/h4>\n<div class=\"d-li\">\n<ul>\n<li><span class=\"flag-icon flag-icon-de\"><\/span>\n<p>Ratiopharm Ulm <span>\u2013<\/span><\/p>\n<\/li>\n<li><span class=\"flag-icon flag-icon-de\"><\/span>\n<p>Alba Berlin <span>\u2013<\/span><\/p>\n<\/li>\n<\/ul>\n<\/div>\n<div class=\"timebx\">\n<p><i><\/i> 20:30<\/p>\n<p><a href=\"https:\/\/www.basketballbets365.com\/predictions\/1346293\/ratiopharm-ulm-vs-alba-berlin\" data-toggle=\"tooltip\" data-placement=\"bottom\" class=\"btn btn-dark\" title=\"2 vie\" rel=\"nofollow noopener\" target=\"_blank\">1<\/a><\/div>\n<\/div>\n<p><\/a><\/div>\n<div class=\"col-md-6 masonry-item\"><a href=\"https:\/\/www.basketballbets365.com\/predictions\/1346155\/allianz-swans-gmunden-vs-oberwart-gunners\" title=\"Pronostico Allianz Swans Gmunden - Oberwart Gunners\" rel=\"nofollow noopener\" target=\"_blank\"><\/p>\n<div class=\"detailbx waiting\">\n<h4>Austria: Lega degli Ammiragli<\/h4>\n<div class=\"d-li\">\n<ul>\n<li><span class=\"flag-icon flag-icon-at\"><\/span>\n<p>Allianz Swans Gmunden <span>\u2013<\/span><\/p>\n<\/li>\n<li><span class=\"flag-icon flag-icon-at\"><\/span>\n<p>Artiglieri di Oberwart <span>\u2013<\/span><\/p>\n<\/li>\n<\/ul>\n<\/div>\n<div class=\"timebx\">\n<p><i><\/i> 21:00<\/p>\n<p><a href=\"https:\/\/www.basketballbets365.com\/predictions\/1346155\/allianz-swans-gmunden-vs-oberwart-gunners\" data-toggle=\"tooltip\" data-placement=\"bottom\" class=\"btn btn-dark\" title=\"punti sotto-sopra\" rel=\"nofollow noopener\" target=\"_blank\">sotto i 165,5<\/a><\/div>\n<\/div>\n<p><\/a><\/div>\n<div class=\"col-md-6 masonry-item\"><a href=\"https:\/\/www.basketballbets365.com\/predictions\/1346157\/arkadia-traiskirchen-lions-vs-kapfenberg-bulls\" title=\"Pronostico Arkadia Traiskirchen Lions - Kapfenberg Bulls\" rel=\"nofollow noopener\" target=\"_blank\"><\/p>\n<div class=\"detailbx waiting\">\n<h4>Austria: Lega degli Ammiragli<\/h4>\n<div class=\"d-li\">\n<ul>\n<li><span class=\"flag-icon flag-icon-at\"><\/span>\n<p>Arkadia Traiskirchen L \u2026 <span>\u2013<\/span><\/p>\n<\/li>\n<li><span class=\"flag-icon flag-icon-at\"><\/span>\n<p>Tori di Kapfenberg <span>\u2013<\/span><\/p>\n<\/li>\n<\/ul>\n<\/div>\n<div class=\"timebx\">\n<p><i><\/i> 21:00<\/p>\n<p><a href=\"https:\/\/www.basketballbets365.com\/predictions\/1346157\/arkadia-traiskirchen-lions-vs-kapfenberg-bulls\" data-toggle=\"tooltip\" data-placement=\"bottom\" class=\"btn btn-dark\" title=\"2 vie\" rel=\"nofollow noopener\" target=\"_blank\">2<\/a><\/div>\n<\/div>\n<p><\/a><\/div>\n<div class=\"col-md-6 masonry-item\"><a href=\"https:\/\/www.basketballbets365.com\/predictions\/1344777\/besiktas-vs-bourg\" title=\"Pronostico Besiktas - Bourg\" rel=\"nofollow noopener\" target=\"_blank\"><\/p>\n<div class=\"detailbx waiting\">\n<h4>Internazionale: Coppa dei Campioni<\/h4>\n<div class=\"d-li\">\n<ul>\n<li><span class=\"flag-icon flag-icon-wd\"><\/span>\n<p>Besiktas <span>\u2013<\/span><\/p>\n<\/li>\n<li><span class=\"flag-icon flag-icon-wd\"><\/span>\n<p>Borgo <span>\u2013<\/span><\/p>\n<\/li>\n<\/ul>\n<\/div>\n<div class=\"timebx\">\n<p><i><\/i> 21:00<\/p>\n<p><a href=\"https:\/\/www.basketballbets365.com\/predictions\/1344777\/besiktas-vs-bourg\" data-toggle=\"tooltip\" data-placement=\"bottom\" class=\"btn btn-dark\" title=\"punti sotto-sopra\" rel=\"nofollow noopener\" target=\"_blank\">sotto i 167,5<\/a><\/div>\n<\/div>\n<p><\/a><\/div>\n<div class=\"col-md-6 masonry-item\"><a href=\"https:\/\/www.basketballbets365.com\/predictions\/1346292\/hamburg-towers-vs-rostock\" title=\"Pronostico Torri di Amburgo - Rostock\" rel=\"nofollow noopener\" target=\"_blank\"><\/p>\n<div class=\"detailbx waiting\">\n<h4>Germania: BBL<\/h4>\n<div class=\"d-li\">\n<ul>\n<li><span class=\"flag-icon flag-icon-de\"><\/span>\n<p>Torri di Amburgo <span>\u2013<\/span><\/p>\n<\/li>\n<li><span class=\"flag-icon flag-icon-de\"><\/span>\n<p>Rostock <span>\u2013<\/span><\/p>\n<\/li>\n<\/ul>\n<\/div>\n<div class=\"timebx\">\n<p><i><\/i> 22:00<\/p>\n<p><a href=\"https:\/\/www.basketballbets365.com\/predictions\/1346292\/hamburg-towers-vs-rostock\" data-toggle=\"tooltip\" data-placement=\"bottom\" class=\"btn btn-dark\" title=\"punti sotto-sopra\" rel=\"nofollow noopener\" target=\"_blank\">oltre 171,5<\/a><\/div>\n<\/div>\n<p><\/a><\/div>\n<\/div>\n<h2>Pronostici di basket per oggi: le scelte degli esperti su cui puoi contare.<\/h2>\n<p>A <strong>HoodtrendsPredict<\/strong>, non ci affidiamo alle supposizioni. Il nostro <strong>Pronostici di basket per oggi<\/strong> vengono generati attraverso una potente combinazione di <strong>Algoritmi basati sull&#039;intelligenza artificiale<\/strong> e recensioni di analisti esperti. Monitoriamo tutto, dalle percentuali di tiro e le valutazioni difensive ai bollettini sugli infortuni e i programmi di viaggio. Questo approccio completo garantisce che ogni pronostico che pubblichiamo sia stato accuratamente verificato per accertarne l&#039;accuratezza.<\/p>\n<p>La nostra copertura abbraccia i principali campionati di basket del mondo, tra cui il <strong>NBA<\/strong>, <strong>NCAA<\/strong>, <strong>Eurolega<\/strong>, <strong>Liga ACB<\/strong>, E <strong>NBL australiana<\/strong>. Indipendentemente dal campionato che segui, <strong>HoodtrendsPredict<\/strong> Fornisce previsioni aggiornate quotidianamente con analisi in tempo reale per darti un vantaggio vincente.<\/p>\n<h2>Perch\u00e9 scegliere HoodtrendsPredict per i pronostici sul basket?<\/h2>\n<p>Migliaia di appassionati di basket e analisti scelgono <strong>HoodtrendsPredict<\/strong> perch\u00e9 forniamo risultati. La nostra piattaforma si distingue grazie a <strong>accuratezza basata sui dati<\/strong>, Le nostre previsioni coprono spread di punti, totali (over\/under), quote e scommesse sui singoli giocatori. Aggiorniamo i nostri pronostici in tempo reale man mano che nuove informazioni diventano disponibili, inclusi i cambi di formazione dell&#039;ultimo minuto e gli aggiornamenti sugli infortuni.<\/p>\n<p>Sia che tu stia facendo ricerche <strong>partite NBA di stasera<\/strong> o pianificando in anticipo gli incontri del fine settimana, il nostro sistema fornisce <strong>pronostici di basket ad alta affidabilit\u00e0<\/strong> che ti aiutano a prendere decisioni informate. Dagli incontri della stagione regolare agli scontri dei playoff, <strong>HoodtrendsPredict<\/strong> ti offre i consigli di basket pi\u00f9 affidabili online.<\/p>\n<h2>Pronostici gratuiti giornalieri sul basket \u2013 Nessun costo nascosto<\/h2>\n<p>Tutto <strong>pronostici di pallacanestro<\/strong> SU <strong>HoodtrendsPredict.com<\/strong> sono completamente gratuiti. Non ci sono abbonamenti, n\u00e9 contenuti a pagamento, n\u00e9 costi nascosti. Crediamo che tutti meritino l&#039;accesso ad analisi sportive di qualit\u00e0, ed \u00e8 per questo che i nostri <strong>consigli da esperti di basket<\/strong> Sono disponibili per tutti gli utenti senza limiti. Basta visitare quotidianamente la nostra pagina di pronostici sul basket per vedere le ultime previsioni per le partite di oggi.<\/p>\n<div class=\"faq-section\">\n<h2>Domande frequenti<\/h2>\n<h3>Quali campionati di basket seguite?<\/h3>\n<p>Noi forniamo <strong>pronostici di pallacanestro<\/strong> Per tutti i principali campionati del mondo, tra cui NBA, NCAA, EuroLeague, Liga ACB, BSL turca, VTB United League e NBL australiana. La nostra copertura si estende anche ai tornei internazionali e alle partite amichevoli.<\/p>\n<h3>Quanto sono accurate le tue previsioni sul basket?<\/h3>\n<p>Nostro <strong>consigli di pallacanestro<\/strong> sono alimentati da modelli statistici avanzati che analizzano le prestazioni della squadra, le metriche dei giocatori, i dati storici e la forma attuale. Sebbene nessun sistema di previsione sia perfetto, il nostro approccio basato sui dati fornisce costantemente risultati accurati. <strong>risultati ad alta probabilit\u00e0<\/strong> di cui gli utenti si fidano.<\/p>\n<h3>Quando vengono aggiornati i pronostici di basket di oggi?<\/h3>\n<p>Aggiornamenti del nostro sistema <strong>Pronostici di basket per oggi<\/strong> In tempo reale. Non appena nuove statistiche, report sugli infortuni o conferme delle formazioni diventano disponibili, i nostri modelli si aggiornano automaticamente per fornire i pronostici pi\u00f9 attuali e accurati.<\/p>\n<h3>I vostri pronostici sul basket sono gratuiti?<\/h3>\n<p>S\u00ec, tutti <strong>pronostici di pallacanestro<\/strong> Su HoodtrendsPredict.com tutto \u00e8 completamente gratuito. Puoi accedere a ogni suggerimento, analisi e approfondimento senza alcun abbonamento o pagamento.<\/p>\n<h3>Fornisci pronostici sull&#039;NBA?<\/h3>\n<p>Assolutamente. Il <strong>NBA<\/strong> \u00e8 uno dei nostri obiettivi principali. Forniamo pronostici giornalieri per ogni partita NBA, inclusi spread di punti, totali over\/under e pronostici moneyline per tutta la stagione regolare e i playoff.<\/p>\n<\/div>\n<p><strong>HoodtrendsPredict<\/strong> \u2013 La tua fonte fidata per <strong>Pronostici di basket per oggi<\/strong>. Prevedi con maggiore accuratezza. Vinci di pi\u00f9.<\/p>","protected":false},"excerpt":{"rendered":"<p>HoodtrendsPredict is your ultimate destination for basketball predictions for today. Whether you&#8217;re following the NBA, EuroLeague, or international tournaments, our platform delivers accurate basketball tips [&hellip;]<\/p>\n","protected":false},"author":1,"featured_media":0,"parent":0,"menu_order":0,"comment_status":"closed","ping_status":"closed","template":"","meta":{"_monsterinsights_skip_tracking":false,"_monsterinsights_sitenote_active":false,"_monsterinsights_sitenote_note":"","_monsterinsights_sitenote_category":0,"site-sidebar-layout":"default","site-content-layout":"","ast-site-content-layout":"default","site-content-style":"default","site-sidebar-style":"default","ast-global-header-display":"","ast-banner-title-visibility":"","ast-main-header-display":"","ast-hfb-above-header-display":"","ast-hfb-below-header-display":"","ast-hfb-mobile-header-display":"","site-post-title":"","ast-breadcrumbs-content":"","ast-featured-img":"","footer-sml-layout":"","ast-disable-related-posts":"","theme-transparent-header-meta":"","adv-header-id-meta":"","stick-header-meta":"","header-above-stick-meta":"","header-main-stick-meta":"","header-below-stick-meta":"","astra-migrate-meta-layouts":"set","ast-page-background-enabled":"default","ast-page-background-meta":{"desktop":{"background-color":"","background-image":"","background-repeat":"repeat","background-position":"center center","background-size":"auto","background-attachment":"scroll","background-type":"","background-media":"","overlay-type":"","overlay-color":"","overlay-opacity":"","overlay-gradient":""},"tablet":{"background-color":"","background-image":"","background-repeat":"repeat","background-position":"center center","background-size":"auto","background-attachment":"scroll","background-type":"","background-media":"","overlay-type":"","overlay-color":"","overlay-opacity":"","overlay-gradient":""},"mobile":{"background-color":"","background-image":"","background-repeat":"repeat","background-position":"center center","background-size":"auto","background-attachment":"scroll","background-type":"","background-media":"","overlay-type":"","overlay-color":"","overlay-opacity":"","overlay-gradient":""}},"ast-content-background-meta":{"desktop":{"background-color":"var(--ast-global-color-5)","background-image":"","background-repeat":"repeat","background-position":"center center","background-size":"auto","background-attachment":"scroll","background-type":"","background-media":"","overlay-type":"","overlay-color":"","overlay-opacity":"","overlay-gradient":""},"tablet":{"background-color":"var(--ast-global-color-5)","background-image":"","background-repeat":"repeat","background-position":"center center","background-size":"auto","background-attachment":"scroll","background-type":"","background-media":"","overlay-type":"","overlay-color":"","overlay-opacity":"","overlay-gradient":""},"mobile":{"background-color":"var(--ast-global-color-5)","background-image":"","background-repeat":"repeat","background-position":"center center","background-size":"auto","background-attachment":"scroll","background-type":"","background-media":"","overlay-type":"","overlay-color":"","overlay-opacity":"","overlay-gradient":""}},"footnotes":""},"class_list":["post-12784","page","type-page","status-publish","hentry"],"jetpack_sharing_enabled":true,"_links":{"self":[{"href":"https:\/\/hoodtrendspredict.com\/it\/wp-json\/wp\/v2\/pages\/12784","targetHints":{"allow":["GET"]}}],"collection":[{"href":"https:\/\/hoodtrendspredict.com\/it\/wp-json\/wp\/v2\/pages"}],"about":[{"href":"https:\/\/hoodtrendspredict.com\/it\/wp-json\/wp\/v2\/types\/page"}],"author":[{"embeddable":true,"href":"https:\/\/hoodtrendspredict.com\/it\/wp-json\/wp\/v2\/users\/1"}],"replies":[{"embeddable":true,"href":"https:\/\/hoodtrendspredict.com\/it\/wp-json\/wp\/v2\/comments?post=12784"}],"version-history":[{"count":31,"href":"https:\/\/hoodtrendspredict.com\/it\/wp-json\/wp\/v2\/pages\/12784\/revisions"}],"predecessor-version":[{"id":23769,"href":"https:\/\/hoodtrendspredict.com\/it\/wp-json\/wp\/v2\/pages\/12784\/revisions\/23769"}],"wp:attachment":[{"href":"https:\/\/hoodtrendspredict.com\/it\/wp-json\/wp\/v2\/media?parent=12784"}],"curies":[{"name":"wp","href":"https:\/\/api.w.org\/{rel}","templated":true}]}}