{"id":13755,"date":"2026-01-22T16:28:03","date_gmt":"2026-01-22T16:28:03","guid":{"rendered":"https:\/\/hoodtrendspredict.com\/?page_id=13755"},"modified":"2026-01-22T16:28:49","modified_gmt":"2026-01-22T16:28:49","slug":"disclaimer","status":"publish","type":"page","link":"https:\/\/hoodtrendspredict.com\/it\/disclaimer\/","title":{"rendered":"Disclaimer"},"content":{"rendered":"<p><strong>Disclaimer per Hoodtrends Predict<\/strong><\/p>\n\n\n\n<ol class=\"wp-block-list\">\n<li><strong>Scopo informativo:<\/strong> I contenuti e le previsioni forniti su Hoodtrends Predict sono intesi esclusivamente a scopo informativo e di intrattenimento. Non costituiscono consulenza professionale.<\/li>\n\n\n\n<li><strong>Nessuna garanzia:<\/strong> Pur impegnandoci a fornire previsioni accurate e approfondite, non garantiamo i risultati n\u00e9 l&#039;accuratezza di alcuna previsione.<\/li>\n\n\n\n<li><strong>Non si tratta di consulenza finanziaria:<\/strong> Le previsioni e i contenuti di Hoodtrends Predict non devono essere interpretati come consigli finanziari, di investimento o di scommessa. Effettuate sempre le vostre ricerche e consultate dei professionisti, se necessario.<\/li>\n\n\n\n<li><strong>Partecipazione responsabile:<\/strong> Incoraggiamo una partecipazione responsabile. Assicuratevi che qualsiasi azione intrapresa sulla base dei nostri contenuti sia compiuta con piena consapevolezza e responsabilit\u00e0.<\/li>\n\n\n\n<li><strong>Informativa sugli affiliati:<\/strong> Alcuni dei link presenti su Hoodtrends Predict potrebbero essere link di affiliazione, il che significa che potremmo guadagnare una commissione se cliccate su di essi ed effettuate un acquisto. Questo non comporta alcun costo aggiuntivo per voi e contribuisce a sostenere il sito.<\/li>\n\n\n\n<li><strong>Limite di et\u00e0:<\/strong> Hoodtrends Predict \u00e8 destinato a utenti di et\u00e0 pari o superiore a 18 anni, o che abbiano raggiunto l&#039;et\u00e0 legale per il gioco d&#039;azzardo nel proprio paese. Se hai meno di 18 anni o non hai raggiunto l&#039;et\u00e0 legale per il gioco d&#039;azzardo nel tuo paese, ti preghiamo di uscire dal sito web.<\/li>\n\n\n\n<li><strong>Link di terze parti:<\/strong> Hoodtrends Predict potrebbe includere link a siti web esterni. Non controlliamo e non siamo responsabili del contenuto di questi siti esterni.<\/li>\n\n\n\n<li><strong>Contattaci:<\/strong> Se hai domande o hai bisogno di ulteriore assistenza, non esitare a contattarci all&#039;indirizzo <strong>hoodtrendspredict@gmail.com<\/strong>.<\/li>\n<\/ol>\n\n\n\n<p>Utilizzando Hoodtrends Predict, accetti i presenti termini e condizioni e dichiari di comprendere i rischi connessi.<\/p>","protected":false},"excerpt":{"rendered":"<p>Disclaimer per Hoodtrends Predict Utilizzando Hoodtrends Predict, accetti i presenti termini e condizioni e dichiari di comprendere i rischi connessi.<\/p>","protected":false},"author":1,"featured_media":0,"parent":0,"menu_order":0,"comment_status":"closed","ping_status":"closed","template":"","meta":{"_monsterinsights_skip_tracking":false,"_monsterinsights_sitenote_active":false,"_monsterinsights_sitenote_note":"","_monsterinsights_sitenote_category":0,"site-sidebar-layout":"default","site-content-layout":"","ast-site-content-layout":"default","site-content-style":"default","site-sidebar-style":"default","ast-global-header-display":"","ast-banner-title-visibility":"","ast-main-header-display":"","ast-hfb-above-header-display":"","ast-hfb-below-header-display":"","ast-hfb-mobile-header-display":"","site-post-title":"","ast-breadcrumbs-content":"","ast-featured-img":"","footer-sml-layout":"","ast-disable-related-posts":"","theme-transparent-header-meta":"","adv-header-id-meta":"","stick-header-meta":"","header-above-stick-meta":"","header-main-stick-meta":"","header-below-stick-meta":"","astra-migrate-meta-layouts":"set","ast-page-background-enabled":"default","ast-page-background-meta":{"desktop":{"background-color":"","background-image":"","background-repeat":"repeat","background-position":"center center","background-size":"auto","background-attachment":"scroll","background-type":"","background-media":"","overlay-type":"","overlay-color":"","overlay-opacity":"","overlay-gradient":""},"tablet":{"background-color":"","background-image":"","background-repeat":"repeat","background-position":"center center","background-size":"auto","background-attachment":"scroll","background-type":"","background-media":"","overlay-type":"","overlay-color":"","overlay-opacity":"","overlay-gradient":""},"mobile":{"background-color":"","background-image":"","background-repeat":"repeat","background-position":"center center","background-size":"auto","background-attachment":"scroll","background-type":"","background-media":"","overlay-type":"","overlay-color":"","overlay-opacity":"","overlay-gradient":""}},"ast-content-background-meta":{"desktop":{"background-color":"var(--ast-global-color-5)","background-image":"","background-repeat":"repeat","background-position":"center center","background-size":"auto","background-attachment":"scroll","background-type":"","background-media":"","overlay-type":"","overlay-color":"","overlay-opacity":"","overlay-gradient":""},"tablet":{"background-color":"var(--ast-global-color-5)","background-image":"","background-repeat":"repeat","background-position":"center center","background-size":"auto","background-attachment":"scroll","background-type":"","background-media":"","overlay-type":"","overlay-color":"","overlay-opacity":"","overlay-gradient":""},"mobile":{"background-color":"var(--ast-global-color-5)","background-image":"","background-repeat":"repeat","background-position":"center center","background-size":"auto","background-attachment":"scroll","background-type":"","background-media":"","overlay-type":"","overlay-color":"","overlay-opacity":"","overlay-gradient":""}},"footnotes":""},"class_list":["post-13755","page","type-page","status-publish","hentry"],"jetpack_sharing_enabled":true,"_links":{"self":[{"href":"https:\/\/hoodtrendspredict.com\/it\/wp-json\/wp\/v2\/pages\/13755","targetHints":{"allow":["GET"]}}],"collection":[{"href":"https:\/\/hoodtrendspredict.com\/it\/wp-json\/wp\/v2\/pages"}],"about":[{"href":"https:\/\/hoodtrendspredict.com\/it\/wp-json\/wp\/v2\/types\/page"}],"author":[{"embeddable":true,"href":"https:\/\/hoodtrendspredict.com\/it\/wp-json\/wp\/v2\/users\/1"}],"replies":[{"embeddable":true,"href":"https:\/\/hoodtrendspredict.com\/it\/wp-json\/wp\/v2\/comments?post=13755"}],"version-history":[{"count":0,"href":"https:\/\/hoodtrendspredict.com\/it\/wp-json\/wp\/v2\/pages\/13755\/revisions"}],"wp:attachment":[{"href":"https:\/\/hoodtrendspredict.com\/it\/wp-json\/wp\/v2\/media?parent=13755"}],"curies":[{"name":"wp","href":"https:\/\/api.w.org\/{rel}","templated":true}]}}