{"id":797,"date":"2024-01-25T10:05:25","date_gmt":"2024-01-25T10:05:25","guid":{"rendered":"https:\/\/hoodtrendspredict.com\/?page_id=797"},"modified":"2024-02-12T09:20:23","modified_gmt":"2024-02-12T09:20:23","slug":"privacy-policy","status":"publish","type":"page","link":"https:\/\/hoodtrendspredict.com\/it\/privacy-policy\/","title":{"rendered":"politica sulla riservatezza"},"content":{"rendered":"<h1>politica sulla riservatezza<\/h1>\n<p>Ultimo aggiornamento: 12 febbraio 2024<\/p>\n<p>La presente Informativa sulla privacy descrive le nostre politiche e procedure relative alla raccolta, all&#039;utilizzo e alla divulgazione delle tue informazioni quando utilizzi il Servizio e ti informa sui tuoi diritti in materia di privacy e su come la legge ti tutela.<\/p>\n<p>Utilizziamo i tuoi dati personali per fornire e migliorare il Servizio. Utilizzando il Servizio, accetti la raccolta e l&#039;utilizzo delle informazioni in conformit\u00e0 con la presente Informativa sulla privacy.<\/p>\n<h2>Interpretazione e definizioni<\/h2>\n<h3>Interpretazione<\/h3>\n<p>Le parole la cui lettera iniziale \u00e8 maiuscola hanno il significato definito nelle seguenti condizioni. Le seguenti definizioni avranno lo stesso significato sia al singolare che al plurale.<\/p>\n<h3>Definizioni<\/h3>\n<p>Ai fini della presente Informativa sulla privacy:<\/p>\n<ul>\n<li><strong>Account<\/strong> significa un account univoco creato per consentirti di accedere al nostro Servizio o a parti del nostro Servizio.<\/li>\n<li><strong>Affiliato<\/strong> indica un&#039;entit\u00e0 che controlla, \u00e8 controllata da o \u00e8 sotto il controllo comune di una parte, dove per &quot;controllo&quot; si intende la propriet\u00e0 di 50% o pi\u00f9 azioni, quote di capitale o altri titoli aventi diritto di voto per l&#039;elezione degli amministratori o di altri organi di gestione.<\/li>\n<li><strong>Azienda<\/strong> (indicata nel presente Accordo come &quot;l&#039;Azienda&quot;, &quot;Noi&quot;, &quot;Ci&quot; o &quot;Nostro&quot;) si riferisce a Hoodtrends.<\/li>\n<li><strong>Biscotti<\/strong> sono piccoli file che vengono memorizzati sul tuo computer, dispositivo mobile o qualsiasi altro dispositivo da un sito web e che contengono, tra le altre cose, i dettagli della tua cronologia di navigazione su quel sito web.<\/li>\n<li><strong>Paese<\/strong> si riferisce a: Nigeria<\/li>\n<li><strong>Dispositivo<\/strong> con il termine &quot;dispositivo&quot; si intende qualsiasi dispositivo in grado di accedere al Servizio, come un computer, un telefono cellulare o un tablet digitale.<\/li>\n<li><strong>Dati personali<\/strong> Si tratta di qualsiasi informazione relativa a una persona fisica identificata o identificabile.<\/li>\n<li><strong>Servizio<\/strong> si riferisce al sito web.<\/li>\n<li><strong>Fornitore di servizi<\/strong> Con &quot;Persona&quot; si intende qualsiasi persona fisica o giuridica che elabora i dati per conto della Societ\u00e0. Si riferisce a societ\u00e0 o persone terze incaricate dalla Societ\u00e0 per facilitare il Servizio, per fornire il Servizio per conto della Societ\u00e0, per eseguire servizi correlati al Servizio o per assistere la Societ\u00e0 nell&#039;analisi dell&#039;utilizzo del Servizio.<\/li>\n<li><strong>Dati di utilizzo<\/strong> Si riferisce ai dati raccolti automaticamente, generati dall&#039;utilizzo del Servizio o dall&#039;infrastruttura del Servizio stesso (ad esempio, la durata della visita a una pagina).<\/li>\n<li><strong>Sito web<\/strong> si riferisce a Hoodtrends, accessibile da <a href=\"https:\/\/hoodtrendspredict.com\/it\/\" target=\"_blank\" rel=\"external nofollow noopener\">https:\/\/hoodtrendspredict.com<\/a><\/li>\n<li><strong>Voi<\/strong> Con &quot;Utente&quot; si intende la persona fisica che accede o utilizza il Servizio, oppure la societ\u00e0 o altra entit\u00e0 giuridica per conto della quale tale persona fisica accede o utilizza il Servizio, a seconda dei casi.<\/li>\n<\/ul>\n<h2>Raccolta e utilizzo dei dati personali<\/h2>\n<h3>Tipologie di dati raccolti<\/h3>\n<h4>Dati personali<\/h4>\n<p>Durante l&#039;utilizzo del nostro Servizio, potremmo chiederti di fornirci alcune informazioni personali che possono essere utilizzate per contattarti o identificarti. Le informazioni personali possono includere, a titolo esemplificativo ma non esaustivo:<\/p>\n<ul>\n<li>Indirizzo e-mail<\/li>\n<li>Nome e cognome<\/li>\n<li>Dati di utilizzo<\/li>\n<\/ul>\n<h4>Dati di utilizzo<\/h4>\n<p>I dati di utilizzo vengono raccolti automaticamente durante l&#039;utilizzo del Servizio.<\/p>\n<p>I dati di utilizzo possono includere informazioni quali l&#039;indirizzo IP del dispositivo (ad esempio, indirizzo IP), il tipo di browser, la versione del browser, le pagine del nostro Servizio visitate, l&#039;ora e la data della visita, il tempo trascorso su tali pagine, gli identificatori univoci del dispositivo e altri dati diagnostici.<\/p>\n<p>Quando accedi al Servizio tramite un dispositivo mobile, potremmo raccogliere automaticamente alcune informazioni, tra cui, a titolo esemplificativo, il tipo di dispositivo mobile utilizzato, l&#039;ID univoco del dispositivo mobile, l&#039;indirizzo IP del dispositivo mobile, il sistema operativo mobile, il tipo di browser Internet mobile utilizzato, gli identificatori univoci del dispositivo e altri dati diagnostici.<\/p>\n<p>Potremmo inoltre raccogliere informazioni che il tuo browser invia ogni volta che visiti il nostro Servizio o quando accedi al Servizio tramite un dispositivo mobile.<\/p>\n<h4>Tecnologie di tracciamento e cookie<\/h4>\n<p>Utilizziamo cookie e tecnologie di tracciamento simili per monitorare l&#039;attivit\u00e0 sul nostro Servizio e memorizzare determinate informazioni. Le tecnologie di tracciamento utilizzate includono beacon, tag e script per raccogliere e tracciare informazioni e per migliorare e analizzare il nostro Servizio. Le tecnologie che utilizziamo possono includere:<\/p>\n<ul>\n<li><strong>Cookie o cookie del browser.<\/strong> Un cookie \u00e8 un piccolo file che viene memorizzato sul tuo dispositivo. Puoi configurare il tuo browser in modo che rifiuti tutti i cookie o che ti avvisi quando ne viene inviato uno. Tuttavia, se non accetti i cookie, potresti non essere in grado di utilizzare alcune parti del nostro Servizio. A meno che tu non abbia modificato le impostazioni del tuo browser in modo da rifiutare i cookie, il nostro Servizio potrebbe utilizzare i cookie.<\/li>\n<li><strong>Web beacon.<\/strong> Alcune sezioni del nostro Servizio e le nostre e-mail possono contenere piccoli file elettronici noti come web beacon (chiamati anche clear gif, pixel tag e gif a singolo pixel) che consentono alla Societ\u00e0, ad esempio, di contare gli utenti che hanno visitato tali pagine o aperto un&#039;e-mail e di raccogliere altre statistiche relative al sito web (ad esempio, registrare la popolarit\u00e0 di una determinata sezione e verificare l&#039;integrit\u00e0 del sistema e dei server).<\/li>\n<\/ul>\n<p>I cookie possono essere \u201cpersistenti\u201d o \u201cdi sessione\u201d. I cookie persistenti rimangono sul tuo computer o dispositivo mobile anche quando sei offline, mentre i cookie di sessione vengono eliminati non appena chiudi il browser. Scopri di pi\u00f9 sui cookie su <a href=\"https:\/\/www.freeprivacypolicy.com\/blog\/sample-privacy-policy-template\/#Use_Of_Cookies_And_Tracking\" target=\"_blank\" rel=\"noopener nofollow\">Sito web gratuito sull&#039;informativa sulla privacy<\/a> articolo.<\/p>\n<p>Utilizziamo sia cookie di sessione che cookie persistenti per le finalit\u00e0 indicate di seguito:<\/p>\n<ul>\n<li><strong>Cookie necessari\/essenziali<\/strong>\n<p>Tipo: Cookie di sessione<\/p>\n<p>Gestito da: Noi<\/p>\n<p>Scopo: Questi cookie sono essenziali per fornirti i servizi disponibili tramite il Sito Web e per consentirti di utilizzare alcune delle sue funzionalit\u00e0. Aiutano ad autenticare gli utenti e a prevenire l&#039;uso fraudolento degli account utente. Senza questi cookie, i servizi che hai richiesto non possono essere forniti e li utilizziamo esclusivamente per fornirti tali servizi.<\/li>\n<li><strong>Informativa sui cookie \/ Accettazione dei cookie<\/strong>\n<p>Tipo: Cookie persistenti<\/p>\n<p>Gestito da: Noi<\/p>\n<p>Scopo: Questi cookie identificano se gli utenti hanno accettato l&#039;utilizzo dei cookie sul sito web.<\/li>\n<li><strong>Cookie di funzionalit\u00e0<\/strong>\n<p>Tipo: Cookie persistenti<\/p>\n<p>Gestito da: Noi<\/p>\n<p>Scopo: Questi cookie ci consentono di ricordare le scelte effettuate dall&#039;utente durante l&#039;utilizzo del sito web, come ad esempio i dati di accesso o la lingua preferita. Lo scopo di questi cookie \u00e8 quello di offrire un&#039;esperienza pi\u00f9 personalizzata ed evitare di dover reinserire le preferenze ogni volta che si utilizza il sito web.<\/li>\n<\/ul>\n<p>Per ulteriori informazioni sui cookie che utilizziamo e sulle opzioni a tua disposizione in merito, consulta la nostra Informativa sui cookie o la sezione Cookie della nostra Informativa sulla privacy.<\/p>\n<h3>Utilizzo dei tuoi dati personali<\/h3>\n<p>L&#039;azienda pu\u00f2 utilizzare i dati personali per le seguenti finalit\u00e0:<\/p>\n<ul>\n<li><strong>Per fornire e mantenere il nostro Servizio<\/strong>, incluso il monitoraggio dell&#039;utilizzo del nostro Servizio.<\/li>\n<li><strong>Per gestire il tuo account:<\/strong> per gestire la tua registrazione come utente del Servizio. I Dati Personali che fornisci ti consentiranno di accedere a diverse funzionalit\u00e0 del Servizio disponibili per te in quanto utente registrato.<\/li>\n<li><strong>Per l&#039;esecuzione di un contratto:<\/strong> lo sviluppo, l&#039;adempimento e l&#039;esecuzione del contratto di acquisto dei prodotti, articoli o servizi che hai acquistato o di qualsiasi altro contratto con noi tramite il Servizio.<\/li>\n<li><strong>Per contattarti:<\/strong> Per contattarti tramite e-mail, telefonate, SMS o altre forme equivalenti di comunicazione elettronica, come le notifiche push di un&#039;applicazione mobile, in merito ad aggiornamenti o comunicazioni informative relative alle funzionalit\u00e0, ai prodotti o ai servizi contrattualizzati, inclusi gli aggiornamenti di sicurezza, quando necessario o ragionevole per la loro implementazione.<\/li>\n<li><strong>Per fornirti<\/strong> con notizie, offerte speciali e informazioni generali su altri beni, servizi ed eventi che offriamo, simili a quelli che hai gi\u00e0 acquistato o per i quali hai richiesto informazioni, a meno che tu non abbia scelto di non ricevere tali informazioni.<\/li>\n<li><strong>Per gestire le tue richieste:<\/strong> Per rispondere e gestire le vostre richieste.<\/li>\n<li><strong>Per i trasferimenti aziendali:<\/strong> Potremmo utilizzare le Vostre informazioni per valutare o condurre una fusione, una cessione, una ristrutturazione, una riorganizzazione, uno scioglimento o altra vendita o trasferimento di parte o di tutti i Nostri beni, sia come azienda in attivit\u00e0 che nell&#039;ambito di una procedura fallimentare, di liquidazione o simile, in cui i Dati personali da Noi detenuti relativi agli utenti del nostro Servizio rientrano tra i beni trasferiti.<\/li>\n<li><strong>Per altri scopi<\/strong>Potremmo utilizzare le tue informazioni per altri scopi, come l&#039;analisi dei dati, l&#039;identificazione delle tendenze di utilizzo, la determinazione dell&#039;efficacia delle nostre campagne promozionali e per valutare e migliorare il nostro Servizio, i prodotti, i servizi, il marketing e la tua esperienza.<\/li>\n<\/ul>\n<p>Potremmo condividere i tuoi dati personali nelle seguenti situazioni:<\/p>\n<ul>\n<li><strong>Con i fornitori di servizi:<\/strong> Potremmo condividere le tue informazioni personali con i fornitori di servizi per monitorare e analizzare l&#039;utilizzo del nostro servizio e per contattarti.<\/li>\n<li><strong>Per i trasferimenti aziendali:<\/strong> Potremmo condividere o trasferire le Vostre informazioni personali in relazione a, o durante le negoziazioni di, qualsiasi fusione, vendita di beni aziendali, finanziamento o acquisizione di tutta o parte della Nostra attivit\u00e0 da parte di un&#039;altra societ\u00e0.<\/li>\n<li><strong>Con i partner affiliati:<\/strong> Potremmo condividere le Vostre informazioni con le Nostre societ\u00e0 affiliate, nel qual caso richiederemo a tali affiliate di rispettare la presente Informativa sulla privacy. Le societ\u00e0 affiliate includono la Nostra societ\u00e0 madre e qualsiasi altra societ\u00e0 controllata, partner di joint venture o altra societ\u00e0 che controlliamo o che sono sotto il nostro controllo comune.<\/li>\n<li><strong>Con i partner commerciali:<\/strong> Potremmo condividere le tue informazioni con i nostri partner commerciali per offrirti determinati prodotti, servizi o promozioni.<\/li>\n<li><strong>Con altri utenti:<\/strong> Quando condividi informazioni personali o interagisci in altro modo nelle aree pubbliche con altri utenti, tali informazioni potrebbero essere visualizzate da tutti gli utenti e potrebbero essere divulgate pubblicamente all&#039;esterno.<\/li>\n<li><strong>Con il tuo consenso<\/strong>Potremmo divulgare le tue informazioni personali per qualsiasi altro scopo con il tuo consenso.<\/li>\n<\/ul>\n<h3>Conservazione dei dati personali<\/h3>\n<p>La Societ\u00e0 conserver\u00e0 i Suoi Dati Personali solo per il tempo necessario al raggiungimento delle finalit\u00e0 indicate nella presente Informativa sulla privacy. Conserveremo e utilizzeremo i Suoi Dati Personali nella misura necessaria per adempiere ai nostri obblighi legali (ad esempio, se siamo tenuti a conservare i Suoi dati per conformarci alle leggi applicabili), risolvere controversie e far rispettare i nostri accordi e le nostre politiche legali.<\/p>\n<p>La Societ\u00e0 conserver\u00e0 anche i Dati di Utilizzo per finalit\u00e0 di analisi interna. I Dati di Utilizzo vengono generalmente conservati per un periodo di tempo pi\u00f9 breve, salvo nei casi in cui tali dati siano utilizzati per rafforzare la sicurezza o migliorare le funzionalit\u00e0 del Nostro Servizio, oppure qualora fossimo legalmente obbligati a conservarli per periodi di tempo pi\u00f9 lunghi.<\/p>\n<h3>Trasferimento dei tuoi dati personali<\/h3>\n<p>Le tue informazioni, inclusi i Dati Personali, vengono elaborate presso le sedi operative dell&#039;Azienda e in qualsiasi altro luogo in cui si trovino le parti coinvolte nell&#039;elaborazione. Ci\u00f2 significa che queste informazioni potrebbero essere trasferite e conservate su computer situati al di fuori del tuo stato, provincia, paese o altra giurisdizione governativa, dove le leggi sulla protezione dei dati potrebbero essere diverse da quelle della tua giurisdizione.<\/p>\n<p>Il tuo consenso alla presente Informativa sulla privacy, seguito dall&#039;invio di tali informazioni, rappresenta il tuo accordo a tale trasferimento.<\/p>\n<p>La Societ\u00e0 adotter\u00e0 tutte le misure ragionevolmente necessarie per garantire che i Suoi dati siano trattati in modo sicuro e in conformit\u00e0 con la presente Informativa sulla privacy e nessun trasferimento dei Suoi Dati personali avr\u00e0 luogo verso un&#039;organizzazione o un paese a meno che non siano in atto controlli adeguati, inclusa la sicurezza dei Suoi dati e di altre informazioni personali.<\/p>\n<h3>Elimina i tuoi dati personali<\/h3>\n<p>Hai il diritto di cancellare o di richiedere la nostra assistenza per la cancellazione dei Dati Personali che abbiamo raccolto su di te.<\/p>\n<p>Il nostro Servizio potrebbe darti la possibilit\u00e0 di eliminare alcune informazioni che ti riguardano dall&#039;interno del Servizio stesso.<\/p>\n<p>Puoi aggiornare, modificare o eliminare le tue informazioni in qualsiasi momento accedendo al tuo account, se ne possiedi uno, e visitando la sezione delle impostazioni dell&#039;account che ti consente di gestire i tuoi dati personali. Puoi anche contattarci per richiedere l&#039;accesso, la correzione o la cancellazione di qualsiasi informazione personale che ci hai fornito.<\/p>\n<p>Si prega di notare, tuttavia, che potremmo dover conservare determinate informazioni qualora sussista un obbligo legale o una base giuridica che ci autorizzi a farlo.<\/p>\n<h3>Divulgazione dei tuoi dati personali<\/h3>\n<h4>Transazioni commerciali<\/h4>\n<p>Qualora la Societ\u00e0 sia coinvolta in una fusione, acquisizione o vendita di asset, i Suoi Dati Personali potrebbero essere trasferiti. Le forniremo comunicazione prima che i Suoi Dati Personali vengano trasferiti e siano soggetti a una diversa Informativa sulla Privacy.<\/p>\n<h4>forze dell&#039;ordine<\/h4>\n<p>In determinate circostanze, la Societ\u00e0 potrebbe essere tenuta a divulgare i Vostri Dati Personali se obbligata a farlo per legge o in risposta a richieste valide da parte di autorit\u00e0 pubbliche (ad esempio un tribunale o un&#039;agenzia governativa).<\/p>\n<h4>Altri requisiti legali<\/h4>\n<p>La Societ\u00e0 pu\u00f2 divulgare i Vostri Dati Personali in buona fede, ritenendo che tale azione sia necessaria per:<\/p>\n<ul>\n<li>Rispettare un obbligo legale<\/li>\n<li>Proteggere e difendere i diritti o la propriet\u00e0 dell&#039;azienda<\/li>\n<li>Prevenire o indagare su possibili illeciti in relazione al Servizio<\/li>\n<li>Proteggere la sicurezza personale degli utenti del Servizio o del pubblico<\/li>\n<li>Protezione contro la responsabilit\u00e0 legale<\/li>\n<\/ul>\n<h3>Sicurezza dei tuoi dati personali<\/h3>\n<p>La sicurezza dei tuoi dati personali \u00e8 importante per noi, ma ricorda che nessun metodo di trasmissione su Internet o di archiviazione elettronica \u00e8 sicuro al 100%. Sebbene ci impegniamo a utilizzare mezzi commercialmente accettabili per proteggere i tuoi dati personali, non possiamo garantirne la sicurezza assoluta.<\/p>\n<h2>Privacy dei minori<\/h2>\n<p>Il nostro servizio non \u00e8 rivolto a persone di et\u00e0 inferiore ai 13 anni. Non raccogliamo consapevolmente informazioni personali identificabili da persone di et\u00e0 inferiore ai 13 anni. Se sei un genitore o un tutore e sei a conoscenza del fatto che tuo figlio ci ha fornito dati personali, ti preghiamo di contattarci. Se veniamo a conoscenza di aver raccolto dati personali da una persona di et\u00e0 inferiore ai 13 anni senza la verifica del consenso dei genitori, adotteremo le misure necessarie per rimuovere tali informazioni dai nostri server.<\/p>\n<p>Se dobbiamo basarci sul consenso come base giuridica per il trattamento dei tuoi dati e il tuo Paese richiede il consenso di un genitore, potremmo richiedere il consenso del tuo genitore prima di raccogliere e utilizzare tali informazioni.<\/p>\n<h2>Collegamenti ad altri siti web<\/h2>\n<p>Il nostro Servizio pu\u00f2 contenere link ad altri siti web non gestiti da noi. Se fai clic su un link di terze parti, verrai reindirizzato al sito di tali terze parti. Ti consigliamo vivamente di leggere l&#039;informativa sulla privacy di ogni sito che visiti.<\/p>\n<p>Non abbiamo alcun controllo e non ci assumiamo alcuna responsabilit\u00e0 per il contenuto, le politiche sulla privacy o le pratiche di siti o servizi di terze parti.<\/p>\n<h2>Modifiche alla presente Informativa sulla privacy<\/h2>\n<p>Potremmo aggiornare la nostra Informativa sulla privacy di tanto in tanto. Vi informeremo di eventuali modifiche pubblicando la nuova Informativa sulla privacy su questa pagina.<\/p>\n<p>Vi informeremo via e-mail e\/o tramite un avviso ben visibile sul nostro Servizio, prima che la modifica diventi effettiva, e aggiorneremo la data &quot;Ultimo aggiornamento&quot; all&#039;inizio della presente Informativa sulla privacy.<\/p>\n<p>Si consiglia di consultare periodicamente la presente Informativa sulla privacy per verificare eventuali modifiche. Le modifiche alla presente Informativa sulla privacy entrano in vigore al momento della loro pubblicazione su questa pagina.<\/p>\n<h2>Contattaci<\/h2>\n<p>Se hai domande in merito alla presente Informativa sulla privacy, puoi contattarci:<\/p>\n<ul>\n<li>Tramite e-mail: hoodtrendspredict@gmail.com<\/li>\n<li>Visitando questa pagina del nostro sito web: <a href=\"https:\/\/hoodtrendspredict.com\/it\/contact-us\/\" target=\"_blank\" rel=\"external nofollow noopener\">https:\/\/hoodtrendspredict.com\/contact-us<\/a><\/li>\n<\/ul>","protected":false},"excerpt":{"rendered":"<p>Privacy Policy Last updated: February 12, 2024 This Privacy Policy describes Our policies and procedures on the collection, use and disclosure of Your information when [&hellip;]<\/p>\n","protected":false},"author":1,"featured_media":0,"parent":0,"menu_order":0,"comment_status":"closed","ping_status":"closed","template":"","meta":{"_monsterinsights_skip_tracking":false,"_monsterinsights_sitenote_active":false,"_monsterinsights_sitenote_note":"","_monsterinsights_sitenote_category":0,"site-sidebar-layout":"default","site-content-layout":"","ast-site-content-layout":"default","site-content-style":"default","site-sidebar-style":"default","ast-global-header-display":"","ast-banner-title-visibility":"","ast-main-header-display":"","ast-hfb-above-header-display":"","ast-hfb-below-header-display":"","ast-hfb-mobile-header-display":"","site-post-title":"","ast-breadcrumbs-content":"","ast-featured-img":"","footer-sml-layout":"","ast-disable-related-posts":"","theme-transparent-header-meta":"","adv-header-id-meta":"","stick-header-meta":"","header-above-stick-meta":"","header-main-stick-meta":"","header-below-stick-meta":"","astra-migrate-meta-layouts":"default","ast-page-background-enabled":"default","ast-page-background-meta":{"desktop":{"background-color":"","background-image":"","background-repeat":"repeat","background-position":"center center","background-size":"auto","background-attachment":"scroll","background-type":"","background-media":"","overlay-type":"","overlay-color":"","overlay-opacity":"","overlay-gradient":""},"tablet":{"background-color":"","background-image":"","background-repeat":"repeat","background-position":"center center","background-size":"auto","background-attachment":"scroll","background-type":"","background-media":"","overlay-type":"","overlay-color":"","overlay-opacity":"","overlay-gradient":""},"mobile":{"background-color":"","background-image":"","background-repeat":"repeat","background-position":"center center","background-size":"auto","background-attachment":"scroll","background-type":"","background-media":"","overlay-type":"","overlay-color":"","overlay-opacity":"","overlay-gradient":""}},"ast-content-background-meta":{"desktop":{"background-color":"var(--ast-global-color-5)","background-image":"","background-repeat":"repeat","background-position":"center center","background-size":"auto","background-attachment":"scroll","background-type":"","background-media":"","overlay-type":"","overlay-color":"","overlay-opacity":"","overlay-gradient":""},"tablet":{"background-color":"var(--ast-global-color-5)","background-image":"","background-repeat":"repeat","background-position":"center center","background-size":"auto","background-attachment":"scroll","background-type":"","background-media":"","overlay-type":"","overlay-color":"","overlay-opacity":"","overlay-gradient":""},"mobile":{"background-color":"var(--ast-global-color-5)","background-image":"","background-repeat":"repeat","background-position":"center center","background-size":"auto","background-attachment":"scroll","background-type":"","background-media":"","overlay-type":"","overlay-color":"","overlay-opacity":"","overlay-gradient":""}},"footnotes":""},"class_list":["post-797","page","type-page","status-publish","hentry"],"jetpack_sharing_enabled":true,"_links":{"self":[{"href":"https:\/\/hoodtrendspredict.com\/it\/wp-json\/wp\/v2\/pages\/797","targetHints":{"allow":["GET"]}}],"collection":[{"href":"https:\/\/hoodtrendspredict.com\/it\/wp-json\/wp\/v2\/pages"}],"about":[{"href":"https:\/\/hoodtrendspredict.com\/it\/wp-json\/wp\/v2\/types\/page"}],"author":[{"embeddable":true,"href":"https:\/\/hoodtrendspredict.com\/it\/wp-json\/wp\/v2\/users\/1"}],"replies":[{"embeddable":true,"href":"https:\/\/hoodtrendspredict.com\/it\/wp-json\/wp\/v2\/comments?post=797"}],"version-history":[{"count":0,"href":"https:\/\/hoodtrendspredict.com\/it\/wp-json\/wp\/v2\/pages\/797\/revisions"}],"wp:attachment":[{"href":"https:\/\/hoodtrendspredict.com\/it\/wp-json\/wp\/v2\/media?parent=797"}],"curies":[{"name":"wp","href":"https:\/\/api.w.org\/{rel}","templated":true}]}}