{"id":872,"date":"2024-02-12T08:39:23","date_gmt":"2024-02-12T08:39:23","guid":{"rendered":"https:\/\/hoodtrendspredict.com\/?page_id=872"},"modified":"2024-02-12T09:21:19","modified_gmt":"2024-02-12T09:21:19","slug":"terms-and-conditions","status":"publish","type":"page","link":"https:\/\/hoodtrendspredict.com\/it\/terms-and-conditions\/","title":{"rendered":"Termini e Condizioni"},"content":{"rendered":"<h2><strong>Termini e Condizioni<\/strong><\/h2>\n<p>Benvenuti su Hoodtrends Predict!<\/p>\n<p>Le presenti condizioni generali definiscono le regole e i regolamenti per l&#039;utilizzo del sito web di Hoodtrends Predict, disponibile all&#039;indirizzo https:\/\/hoodtrendspredict.com.<\/p>\n<p>Accedendo a questo sito web, si presume che accettiate i presenti termini e condizioni. Non continuate a utilizzare Hoodtrends Predict se non accettate tutti i termini e le condizioni indicati in questa pagina.<\/p>\n<p>La seguente terminologia si applica ai presenti Termini e Condizioni, all&#039;Informativa sulla privacy e all&#039;Avviso di esclusione di responsabilit\u00e0 e a tutti gli accordi: &quot;Cliente&quot;, &quot;Tu&quot; e &quot;Tuo&quot; si riferiscono a te, la persona che accede a questo sito web e che accetta i termini e le condizioni della Societ\u00e0. &quot;La Societ\u00e0&quot;, &quot;Noi&quot;, &quot;Nostro&quot; e &quot;Ci&quot; si riferiscono alla nostra Societ\u00e0. &quot;Parte&quot;, &quot;Parti&quot; o &quot;Noi&quot; si riferiscono sia al Cliente che a noi stessi. Tutti i termini si riferiscono all&#039;offerta, all&#039;accettazione e al corrispettivo del pagamento necessario per intraprendere il processo di assistenza al Cliente nel modo pi\u00f9 appropriato al fine di soddisfare le esigenze del Cliente in relazione alla fornitura dei servizi dichiarati dalla Societ\u00e0, in conformit\u00e0 e nel rispetto della legge vigente. Qualsiasi utilizzo della terminologia di cui sopra o di altre parole al singolare, al plurale, con maiuscole e\/o con pronomi maschili\/femminili o plurali, \u00e8 da considerarsi intercambiabile e quindi riferito alla stessa entit\u00e0.<\/p>\n<h3><strong>Biscotti<\/strong><\/h3>\n<p>Utilizziamo i cookie. Accedendo a Hoodtrends Predict, accetti l&#039;utilizzo dei cookie in conformit\u00e0 con l&#039;Informativa sulla privacy di Hoodtrends Predict.<\/p>\n<p>La maggior parte dei siti web interattivi utilizza i cookie per consentirci di recuperare i dettagli dell&#039;utente a ogni visita. I cookie vengono utilizzati dal nostro sito web per abilitare la funzionalit\u00e0 di determinate aree e per facilitare la navigazione degli utenti. Anche alcuni dei nostri partner affiliati\/pubblicitari potrebbero utilizzare i cookie.<\/p>\n<h3><strong>Licenza<\/strong><\/h3>\n<p>Salvo diversa indicazione, Hoodtrends Predict e\/o i suoi licenziatari detengono i diritti di propriet\u00e0 intellettuale su tutto il materiale presente su Hoodtrends Predict. Tutti i diritti di propriet\u00e0 intellettuale sono riservati. \u00c8 possibile accedere a questo materiale da Hoodtrends Predict esclusivamente per uso personale, nel rispetto delle restrizioni stabilite nei presenti termini e condizioni.<\/p>\n<p>Non devi:<\/p>\n<ul>\n<li>Ripubblicare materiale da Hoodtrends Predict<\/li>\n<li>Vendere, noleggiare o concedere in sublicenza materiale proveniente da Hoodtrends Predict<\/li>\n<li>\u00c8 vietato riprodurre, duplicare o copiare materiale da Hoodtrends Predict.<\/li>\n<li>Ridistribuire i contenuti di Hoodtrends Predict<\/li>\n<\/ul>\n<p>Alcune sezioni di questo sito web offrono agli utenti la possibilit\u00e0 di pubblicare e scambiare opinioni e informazioni. Hoodtrends Predict non filtra, modifica, pubblica o revisiona i commenti prima della loro pubblicazione sul sito. I commenti non riflettono le opinioni di Hoodtrends Predict, dei suoi agenti e\/o affiliati. I commenti riflettono le opinioni della persona che li pubblica. Nei limiti consentiti dalle leggi applicabili, Hoodtrends Predict non sar\u00e0 responsabile per i commenti o per qualsiasi responsabilit\u00e0, danno o spesa causati e\/o subiti a seguito dell&#039;utilizzo, della pubblicazione e\/o della visualizzazione dei commenti su questo sito web.<\/p>\n<p>Hoodtrends Predict si riserva il diritto di monitorare tutti i commenti e di rimuovere qualsiasi commento che possa essere considerato inappropriato, offensivo o che violi i presenti Termini e Condizioni.<\/p>\n<p>L&#039;utente garantisce e dichiara che:<\/p>\n<ul>\n<li>Hai il diritto di pubblicare i commenti sul nostro sito web e disponi di tutte le licenze e i consensi necessari per farlo;<\/li>\n<li>I commenti non violano alcun diritto di propriet\u00e0 intellettuale, inclusi, a titolo esemplificativo, copyright, brevetti o marchi di terzi;<\/li>\n<li>I commenti non contengono materiale diffamatorio, calunnioso, offensivo, indecente o altrimenti illegale che costituisca una violazione della privacy.<\/li>\n<li>I commenti non saranno utilizzati per sollecitare o promuovere affari o clienti, n\u00e9 per presentare attivit\u00e0 commerciali o attivit\u00e0 illegali.<\/li>\n<\/ul>\n<p>Con la presente, l&#039;utente concede a Hoodtrends Predict una licenza non esclusiva per utilizzare, riprodurre, modificare e autorizzare terzi a utilizzare, riprodurre e modificare qualsiasi commento dell&#039;utente in qualsiasi forma, formato o mezzo.<\/p>\n<h3><strong>Collegamenti ipertestuali ai nostri contenuti<\/strong><\/h3>\n<p>Le seguenti organizzazioni possono creare link al nostro sito web senza previa autorizzazione scritta:<\/p>\n<ul>\n<li>Enti governativi;<\/li>\n<li>Motori di ricerca;<\/li>\n<li>Organizzazioni giornalistiche;<\/li>\n<li>I distributori di elenchi online possono collegarsi al nostro sito Web nello stesso modo in cui si collegano ai siti Web di altre aziende elencate; e<\/li>\n<li>Sono ammesse solo le aziende accreditate a livello di sistema, ad eccezione delle organizzazioni non profit, dei centri commerciali di beneficenza e dei gruppi di raccolta fondi a scopo benefico, che non possono creare collegamenti ipertestuali al nostro sito web.<\/li>\n<\/ul>\n<p>Queste organizzazioni possono inserire link alla nostra home page, alle pubblicazioni o ad altre informazioni del sito web, purch\u00e9 il link: (a) non sia in alcun modo ingannevole; (b) non implichi falsamente sponsorizzazione, approvazione o sostegno da parte nostra nei confronti del soggetto che inserisce il link e dei suoi prodotti e\/o servizi; e (c) sia coerente con il contesto del sito del soggetto che inserisce il link.<\/p>\n<p>Possiamo valutare e approvare altre richieste di collegamento provenienti dalle seguenti tipologie di organizzazioni:<\/p>\n<ul>\n<li>fonti di informazione comunemente note ai consumatori e\/o alle imprese;<\/li>\n<li>Siti della community .com;<\/li>\n<li>associazioni o altri gruppi che rappresentano enti di beneficenza;<\/li>\n<li>distributori di elenchi online;<\/li>\n<li>portali internet;<\/li>\n<li>studi di contabilit\u00e0, legali e di consulenza; e<\/li>\n<li>istituzioni educative e associazioni di categoria.<\/li>\n<\/ul>\n<p>Approveremo le richieste di collegamento da parte di queste organizzazioni se riterremo che: (a) il collegamento non ci danneggi in alcun modo, n\u00e9 a noi n\u00e9 alle nostre aziende accreditate; (b) l&#039;organizzazione non abbia precedenti negativi con noi; (c) il beneficio derivante dalla visibilit\u00e0 del collegamento ipertestuale compensi l&#039;assenza di Hoodtrends Predict; e (d) il collegamento sia inserito in un contesto di informazioni generali sulle risorse.<\/p>\n<p>Queste organizzazioni possono inserire un link alla nostra home page a condizione che il link: (a) non sia in alcun modo ingannevole; (b) non implichi falsamente sponsorizzazione, approvazione o sostegno da parte nostra nei confronti del soggetto che inserisce il link e dei suoi prodotti o servizi; e (c) sia coerente con il contesto del sito del soggetto che inserisce il link.<\/p>\n<p>Se fate parte di una delle organizzazioni elencate al paragrafo 2 e siete interessati a creare un link al nostro sito web, dovete informarci inviando un&#039;e-mail a Hoodtrends Predict. Nell&#039;e-mail, includete il vostro nome, il nome della vostra organizzazione, i vostri recapiti, l&#039;URL del vostro sito, un elenco degli URL dai quali intendete creare un link al nostro sito web e un elenco degli URL del nostro sito a cui desiderate collegarvi. Attendete 2-3 settimane per una risposta.<\/p>\n<p>Le organizzazioni autorizzate possono creare collegamenti ipertestuali al nostro sito web nel modo seguente:<\/p>\n<ul>\n<li>Utilizzando la nostra denominazione aziendale; oppure<\/li>\n<li>Tramite l&#039;utilizzo dell&#039;URL a cui si fa riferimento; oppure<\/li>\n<li>Utilizzando qualsiasi altra descrizione del nostro sito web a cui si fa riferimento tramite link, purch\u00e9 tale descrizione sia coerente con il contesto e il formato dei contenuti del sito che effettua il link.<\/li>\n<\/ul>\n<p>L&#039;utilizzo del logo o di altre immagini di Hoodtrends Predict per la creazione di link \u00e8 vietato in assenza di un accordo di licenza per il marchio.<\/p>\n<h3><strong>iFrame<\/strong><\/h3>\n<p>Senza previa approvazione e autorizzazione scritta, non \u00e8 consentito creare frame intorno alle nostre pagine web che alterino in alcun modo la presentazione visiva o l&#039;aspetto del nostro sito web.<\/p>\n<h3><strong>Responsabilit\u00e0 dei contenuti<\/strong><\/h3>\n<p>Non saremo ritenuti responsabili per alcun contenuto presente sul vostro sito web. Accettate di tutelarci e difenderci da qualsiasi rivendicazione derivante dal vostro sito web. Nessun link deve apparire su alcun sito web che possa essere interpretato come diffamatorio, osceno o illegale, o che violi, in qualsiasi altro modo, o promuova la violazione dei diritti di terzi.<\/p>\n<h3><strong>Riserva dei diritti<\/strong><\/h3>\n<p>Ci riserviamo il diritto di richiedere la rimozione di tutti i link o di un link specifico al nostro sito web. L&#039;utente accetta di rimuovere immediatamente tutti i link al nostro sito web su nostra richiesta. Ci riserviamo inoltre il diritto di modificare i presenti termini e condizioni e la relativa politica sui link in qualsiasi momento. Continuando a creare link al nostro sito web, l&#039;utente accetta di essere vincolato e di rispettare i presenti termini e condizioni relativi ai link.<\/p>\n<h3><strong>Rimozione dei link dal nostro sito web<\/strong><\/h3>\n<p>Se trovate sul nostro sito web un link che ritenete offensivo per qualsiasi motivo, potete contattarci e informarci in qualsiasi momento. Prenderemo in considerazione le richieste di rimozione dei link, ma non siamo obbligati a farlo n\u00e9 a rispondervi direttamente.<\/p>\n<p>Non garantiamo che le informazioni presenti su questo sito web siano corrette, n\u00e9 ne garantiamo la completezza o l&#039;accuratezza; inoltre, non ci impegniamo a garantire che il sito web rimanga disponibile o che il materiale in esso contenuto venga costantemente aggiornato.<\/p>\n<h3><strong>Disclaimer<\/strong><\/h3>\n<p>Nella misura massima consentita dalla legge applicabile, escludiamo tutte le dichiarazioni, garanzie e condizioni relative al nostro sito web e all&#039;utilizzo di questo sito web. Nulla in questa clausola di esclusione di responsabilit\u00e0:<\/p>\n<ul>\n<li>limitare o escludere la nostra o la vostra responsabilit\u00e0 per morte o lesioni personali;<\/li>\n<li>limitare o escludere la nostra o la vostra responsabilit\u00e0 per frode o falsa dichiarazione fraudolenta;<\/li>\n<li>limitare in qualsiasi modo le nostre o le vostre responsabilit\u00e0 in un modo non consentito dalla legge applicabile; o<\/li>\n<li>escludiamo qualsiasi nostra o vostra responsabilit\u00e0 che non possa essere esclusa ai sensi della legge applicabile.<\/li>\n<\/ul>\n<p>Le limitazioni e le esclusioni di responsabilit\u00e0 stabilite nella presente Sezione e altrove nella presente dichiarazione di esclusione di responsabilit\u00e0: (a) sono soggette al paragrafo precedente; e (b) disciplinano tutte le responsabilit\u00e0 derivanti dalla presente dichiarazione di esclusione di responsabilit\u00e0, comprese le responsabilit\u00e0 derivanti da contratto, da illecito civile e da violazione di obblighi di legge.<\/p>\n<p>Fintanto che il sito web e le informazioni e i servizi in esso contenuti sono forniti gratuitamente, non saremo responsabili per alcuna perdita o danno di qualsiasi natura.<\/p>","protected":false},"excerpt":{"rendered":"<p>Terms and Conditions Welcome to Hoodtrends Predict! These terms and conditions outline the rules and regulations for the use of Hoodtrends Predict&#8217;s Website, located at [&hellip;]<\/p>\n","protected":false},"author":1,"featured_media":0,"parent":0,"menu_order":0,"comment_status":"closed","ping_status":"closed","template":"","meta":{"_monsterinsights_skip_tracking":false,"_monsterinsights_sitenote_active":false,"_monsterinsights_sitenote_note":"","_monsterinsights_sitenote_category":0,"site-sidebar-layout":"default","site-content-layout":"","ast-site-content-layout":"default","site-content-style":"default","site-sidebar-style":"default","ast-global-header-display":"","ast-banner-title-visibility":"","ast-main-header-display":"","ast-hfb-above-header-display":"","ast-hfb-below-header-display":"","ast-hfb-mobile-header-display":"","site-post-title":"","ast-breadcrumbs-content":"","ast-featured-img":"","footer-sml-layout":"","ast-disable-related-posts":"","theme-transparent-header-meta":"","adv-header-id-meta":"","stick-header-meta":"","header-above-stick-meta":"","header-main-stick-meta":"","header-below-stick-meta":"","astra-migrate-meta-layouts":"default","ast-page-background-enabled":"default","ast-page-background-meta":{"desktop":{"background-color":"","background-image":"","background-repeat":"repeat","background-position":"center center","background-size":"auto","background-attachment":"scroll","background-type":"","background-media":"","overlay-type":"","overlay-color":"","overlay-opacity":"","overlay-gradient":""},"tablet":{"background-color":"","background-image":"","background-repeat":"repeat","background-position":"center center","background-size":"auto","background-attachment":"scroll","background-type":"","background-media":"","overlay-type":"","overlay-color":"","overlay-opacity":"","overlay-gradient":""},"mobile":{"background-color":"","background-image":"","background-repeat":"repeat","background-position":"center center","background-size":"auto","background-attachment":"scroll","background-type":"","background-media":"","overlay-type":"","overlay-color":"","overlay-opacity":"","overlay-gradient":""}},"ast-content-background-meta":{"desktop":{"background-color":"var(--ast-global-color-5)","background-image":"","background-repeat":"repeat","background-position":"center center","background-size":"auto","background-attachment":"scroll","background-type":"","background-media":"","overlay-type":"","overlay-color":"","overlay-opacity":"","overlay-gradient":""},"tablet":{"background-color":"var(--ast-global-color-5)","background-image":"","background-repeat":"repeat","background-position":"center center","background-size":"auto","background-attachment":"scroll","background-type":"","background-media":"","overlay-type":"","overlay-color":"","overlay-opacity":"","overlay-gradient":""},"mobile":{"background-color":"var(--ast-global-color-5)","background-image":"","background-repeat":"repeat","background-position":"center center","background-size":"auto","background-attachment":"scroll","background-type":"","background-media":"","overlay-type":"","overlay-color":"","overlay-opacity":"","overlay-gradient":""}},"footnotes":""},"class_list":["post-872","page","type-page","status-publish","hentry"],"jetpack_sharing_enabled":true,"_links":{"self":[{"href":"https:\/\/hoodtrendspredict.com\/it\/wp-json\/wp\/v2\/pages\/872","targetHints":{"allow":["GET"]}}],"collection":[{"href":"https:\/\/hoodtrendspredict.com\/it\/wp-json\/wp\/v2\/pages"}],"about":[{"href":"https:\/\/hoodtrendspredict.com\/it\/wp-json\/wp\/v2\/types\/page"}],"author":[{"embeddable":true,"href":"https:\/\/hoodtrendspredict.com\/it\/wp-json\/wp\/v2\/users\/1"}],"replies":[{"embeddable":true,"href":"https:\/\/hoodtrendspredict.com\/it\/wp-json\/wp\/v2\/comments?post=872"}],"version-history":[{"count":0,"href":"https:\/\/hoodtrendspredict.com\/it\/wp-json\/wp\/v2\/pages\/872\/revisions"}],"wp:attachment":[{"href":"https:\/\/hoodtrendspredict.com\/it\/wp-json\/wp\/v2\/media?parent=872"}],"curies":[{"name":"wp","href":"https:\/\/api.w.org\/{rel}","templated":true}]}}