{"id":12764,"date":"2026-01-14T13:17:08","date_gmt":"2026-01-14T13:17:08","guid":{"rendered":"https:\/\/hoodtrendspredict.com\/win-predictions-for-today\/"},"modified":"2026-04-22T18:56:03","modified_gmt":"2026-04-22T17:56:03","slug":"sure-win-predictions-for-today","status":"publish","type":"page","link":"https:\/\/hoodtrendspredict.com\/pt\/sure-win-predictions-for-today\/","title":{"rendered":"Previs\u00f5es de vit\u00f3ria para hoje"},"content":{"rendered":"<p>Acesso a tudo <strong>Previs\u00f5es de vit\u00f3ria para hoje<\/strong> totalmente gr\u00e1tis em <strong>HoodtrendsPredict.com<\/strong>. Nossa plataforma democratiza previs\u00f5es de qualidade \u2013 todos recebem o mesmo resultado. <strong>dicas de especialistas para vencer<\/strong> Sem barreiras de pagamento ou planos premium. As previs\u00f5es s\u00e3o atualizadas em tempo real conforme as condi\u00e7\u00f5es da partida mudam, garantindo que voc\u00ea sempre tenha informa\u00e7\u00f5es atuais e precisas.<\/p>\n<h2>Jogos imperd\u00edveis de hoje<\/h2>\n<table class=\"table table-striped\">\n<thead>\n<tr>\n<th scope=\"col\" style=\"width:10%\">Tempo<\/th>\n<th scope=\"col\" style=\"width:10%\" class=\"\">Liga<\/th>\n<th scope=\"col\" style=\"width:50%\" class=\"\">Corresponder<\/th>\n<th scope=\"col\" style=\"width:20%\" class=\"\">Dica<\/th>\n<th scope=\"col\" style=\"width:10%\">\n                                                                                            Chances\n                                                                                    <\/th>\n<\/tr>\n<\/thead>\n<tbody>\n<tr class=\"text-center\" data-jsone=\"\">\n<td onclick=\"if (!window.__cfRLUnblockHandlers) return false; window.location.href='https:\/\/focuspredict.com\/58448-f\/shanghai-shenhua-vs-qingdao-jonoon'\" data-cf-modified-11d47df6bc03285b9902c7f1-=\"\">\n                                                13:00<\/p>\n<\/td>\n<td class=\"\" onclick=\"if (!window.__cfRLUnblockHandlers) return false; window.location.href='https:\/\/focuspredict.com\/58448-f\/shanghai-shenhua-vs-qingdao-jonoon'\" data-cf-modified-11d47df6bc03285b9902c7f1-=\"\">\n                                                <span style=\"color: #0085f9 !important;\">Superliga Chinesa<\/span><\/td>\n<td class=\"\" onclick=\"if (!window.__cfRLUnblockHandlers) return false; window.location.href='https:\/\/focuspredict.com\/58448-f\/shanghai-shenhua-vs-qingdao-jonoon'\" data-cf-modified-11d47df6bc03285b9902c7f1-=\"\">\n                                                Xangai Shenhua \u00a0 <strong>vs<\/strong><br \/>\n                                                \u00a0Qingdao Jonoon<\/td>\n<td class=\"\" onclick=\"if (!window.__cfRLUnblockHandlers) return false; window.location.href='https:\/\/focuspredict.com\/58448-f\/shanghai-shenhua-vs-qingdao-jonoon'\" data-cf-modified-11d47df6bc03285b9902c7f1-=\"\">\n                                                <strong>P\u00e1gina inicial (1)<\/strong>\n                                            <\/td>\n<td class=\"score\" onclick=\"if (!window.__cfRLUnblockHandlers) return false; window.location.href='https:\/\/focuspredict.com\/58448-f\/shanghai-shenhua-vs-qingdao-jonoon'\" data-cf-modified-11d47df6bc03285b9902c7f1-=\"\">\n<p>                                                <span><br \/>\n                                                                                                                                                                        <span class=\"blue-tips\"> 1.30 <\/span><br \/>\n                                                                                                                                                            <\/span>\n                                            <\/td>\n<\/tr>\n<tr class=\"text-center\" data-jsone=\"\">\n<td onclick=\"if (!window.__cfRLUnblockHandlers) return false; window.location.href='https:\/\/focuspredict.com\/58447-f\/tammeka-vs-fc-levadia-tallinn'\" data-cf-modified-11d47df6bc03285b9902c7f1-=\"\">\n                                                17:00<\/p>\n<\/td>\n<td class=\"\" onclick=\"if (!window.__cfRLUnblockHandlers) return false; window.location.href='https:\/\/focuspredict.com\/58447-f\/tammeka-vs-fc-levadia-tallinn'\" data-cf-modified-11d47df6bc03285b9902c7f1-=\"\">\n                                                <span style=\"color: #0085f9 !important;\">Est\u00f4nia Meistriliiga<\/span><\/td>\n<td class=\"\" onclick=\"if (!window.__cfRLUnblockHandlers) return false; window.location.href='https:\/\/focuspredict.com\/58447-f\/tammeka-vs-fc-levadia-tallinn'\" data-cf-modified-11d47df6bc03285b9902c7f1-=\"\">\n                                                Tammeka \u00a0 <strong>vs<\/strong><br \/>\n                                                \u00a0FC Levadia Tallinn<\/td>\n<td class=\"\" onclick=\"if (!window.__cfRLUnblockHandlers) return false; window.location.href='https:\/\/focuspredict.com\/58447-f\/tammeka-vs-fc-levadia-tallinn'\" data-cf-modified-11d47df6bc03285b9902c7f1-=\"\">\n                                                <strong>Fora (2)<\/strong>\n                                            <\/td>\n<td class=\"score\" onclick=\"if (!window.__cfRLUnblockHandlers) return false; window.location.href='https:\/\/focuspredict.com\/58447-f\/tammeka-vs-fc-levadia-tallinn'\" data-cf-modified-11d47df6bc03285b9902c7f1-=\"\">\n<p>                                                <span><br \/>\n                                                                                                                                                                        <span class=\"blue-tips\"> 1.27 <\/span><br \/>\n                                                                                                                                                            <\/span>\n                                            <\/td>\n<\/tr>\n<tr class=\"text-center\" data-jsone=\"\">\n<td onclick=\"if (!window.__cfRLUnblockHandlers) return false; window.location.href='https:\/\/focuspredict.com\/58444-f\/istra-1961-vs-dinamo-zagreb'\" data-cf-modified-11d47df6bc03285b9902c7f1-=\"\">\n                                                19:15<\/p>\n<\/td>\n<td class=\"\" onclick=\"if (!window.__cfRLUnblockHandlers) return false; window.location.href='https:\/\/focuspredict.com\/58444-f\/istra-1961-vs-dinamo-zagreb'\" data-cf-modified-11d47df6bc03285b9902c7f1-=\"\">\n                                                <span style=\"color: #0085f9 !important;\">Cro\u00e1cia HNL<\/span><\/td>\n<td class=\"\" onclick=\"if (!window.__cfRLUnblockHandlers) return false; window.location.href='https:\/\/focuspredict.com\/58444-f\/istra-1961-vs-dinamo-zagreb'\" data-cf-modified-11d47df6bc03285b9902c7f1-=\"\">\n                                                \u00cdstria 1961 \u00a0 <strong>vs<\/strong><br \/>\n                                                \u00a0Dinamo Zagreb<\/td>\n<td class=\"\" onclick=\"if (!window.__cfRLUnblockHandlers) return false; window.location.href='https:\/\/focuspredict.com\/58444-f\/istra-1961-vs-dinamo-zagreb'\" data-cf-modified-11d47df6bc03285b9902c7f1-=\"\">\n                                                <strong>Fora (2)<\/strong>\n                                            <\/td>\n<td class=\"score\" onclick=\"if (!window.__cfRLUnblockHandlers) return false; window.location.href='https:\/\/focuspredict.com\/58444-f\/istra-1961-vs-dinamo-zagreb'\" data-cf-modified-11d47df6bc03285b9902c7f1-=\"\">\n<p>                                                <span><br \/>\n                                                                                                                                                                        <span class=\"blue-tips\"> 1.25 <\/span><br \/>\n                                                                                                                                                            <\/span>\n                                            <\/td>\n<\/tr>\n<tr class=\"text-center\" data-jsone=\"\">\n<td onclick=\"if (!window.__cfRLUnblockHandlers) return false; window.location.href='https:\/\/focuspredict.com\/58436-f\/club-brugge-kv-vs-kv-mechelen'\" data-cf-modified-11d47df6bc03285b9902c7f1-=\"\">\n                                                19:30<\/p>\n<\/td>\n<td class=\"\" onclick=\"if (!window.__cfRLUnblockHandlers) return false; window.location.href='https:\/\/focuspredict.com\/58436-f\/club-brugge-kv-vs-kv-mechelen'\" data-cf-modified-11d47df6bc03285b9902c7f1-=\"\">\n                                                <span style=\"color: #0085f9 !important;\">Liga Jupiler Pro da B\u00e9lgica<\/span><\/td>\n<td class=\"\" onclick=\"if (!window.__cfRLUnblockHandlers) return false; window.location.href='https:\/\/focuspredict.com\/58436-f\/club-brugge-kv-vs-kv-mechelen'\" data-cf-modified-11d47df6bc03285b9902c7f1-=\"\">\n                                                Club Brugge KV \u00a0 <strong>vs<\/strong><br \/>\n                                                \u00a0KV Mechelen<\/td>\n<td class=\"\" onclick=\"if (!window.__cfRLUnblockHandlers) return false; window.location.href='https:\/\/focuspredict.com\/58436-f\/club-brugge-kv-vs-kv-mechelen'\" data-cf-modified-11d47df6bc03285b9902c7f1-=\"\">\n                                                <strong>P\u00e1gina inicial (1)<\/strong>\n                                            <\/td>\n<td class=\"score\" onclick=\"if (!window.__cfRLUnblockHandlers) return false; window.location.href='https:\/\/focuspredict.com\/58436-f\/club-brugge-kv-vs-kv-mechelen'\" data-cf-modified-11d47df6bc03285b9902c7f1-=\"\">\n<p>                                                <span><br \/>\n                                                                                                                                                                        <span class=\"blue-tips\"> 1.22 <\/span><br \/>\n                                                                                                                                                            <\/span>\n                                            <\/td>\n<\/tr>\n<tr class=\"text-center\" data-jsone=\"\">\n<td onclick=\"if (!window.__cfRLUnblockHandlers) return false; window.location.href='https:\/\/focuspredict.com\/58443-f\/cardiff-vs-port-vale'\" data-cf-modified-11d47df6bc03285b9902c7f1-=\"\">\n                                                19:45<\/p>\n<\/td>\n<td class=\"\" onclick=\"if (!window.__cfRLUnblockHandlers) return false; window.location.href='https:\/\/focuspredict.com\/58443-f\/cardiff-vs-port-vale'\" data-cf-modified-11d47df6bc03285b9902c7f1-=\"\">\n                                                <span style=\"color: #0085f9 !important;\">Liga Um da Inglaterra<\/span><\/td>\n<td class=\"\" onclick=\"if (!window.__cfRLUnblockHandlers) return false; window.location.href='https:\/\/focuspredict.com\/58443-f\/cardiff-vs-port-vale'\" data-cf-modified-11d47df6bc03285b9902c7f1-=\"\">\n                                                Cardiff \u00a0 <strong>vs<\/strong><br \/>\n                                                \u00a0Port Vale<\/td>\n<td class=\"\" onclick=\"if (!window.__cfRLUnblockHandlers) return false; window.location.href='https:\/\/focuspredict.com\/58443-f\/cardiff-vs-port-vale'\" data-cf-modified-11d47df6bc03285b9902c7f1-=\"\">\n                                                <strong>P\u00e1gina inicial (1)<\/strong>\n                                            <\/td>\n<td class=\"score\" onclick=\"if (!window.__cfRLUnblockHandlers) return false; window.location.href='https:\/\/focuspredict.com\/58443-f\/cardiff-vs-port-vale'\" data-cf-modified-11d47df6bc03285b9902c7f1-=\"\">\n<p>                                                <span><br \/>\n                                                                                                                                                                        <span class=\"blue-tips\"> 1.28 <\/span><br \/>\n                                                                                                                                                            <\/span>\n                                            <\/td>\n<\/tr>\n<tr class=\"text-center\" data-jsone=\"\">\n<td onclick=\"if (!window.__cfRLUnblockHandlers) return false; window.location.href='https:\/\/focuspredict.com\/58390-f\/barcelona-vs-celta-vigo'\" data-cf-modified-11d47df6bc03285b9902c7f1-=\"\">\n                                                20:30<\/p>\n<\/td>\n<td class=\"\" onclick=\"if (!window.__cfRLUnblockHandlers) return false; window.location.href='https:\/\/focuspredict.com\/58390-f\/barcelona-vs-celta-vigo'\" data-cf-modified-11d47df6bc03285b9902c7f1-=\"\">\n                                                <span style=\"color: #0085f9 !important;\">La Liga espanhola<\/span><\/td>\n<td class=\"\" onclick=\"if (!window.__cfRLUnblockHandlers) return false; window.location.href='https:\/\/focuspredict.com\/58390-f\/barcelona-vs-celta-vigo'\" data-cf-modified-11d47df6bc03285b9902c7f1-=\"\">\n                                                Barcelona \u00a0 <strong>vs<\/strong><br \/>\n                                                \u00a0Celta Vigo<\/td>\n<td class=\"\" onclick=\"if (!window.__cfRLUnblockHandlers) return false; window.location.href='https:\/\/focuspredict.com\/58390-f\/barcelona-vs-celta-vigo'\" data-cf-modified-11d47df6bc03285b9902c7f1-=\"\">\n                                                <strong>P\u00e1gina inicial (1)<\/strong>\n                                            <\/td>\n<td class=\"score\" onclick=\"if (!window.__cfRLUnblockHandlers) return false; window.location.href='https:\/\/focuspredict.com\/58390-f\/barcelona-vs-celta-vigo'\" data-cf-modified-11d47df6bc03285b9902c7f1-=\"\">\n<p>                                                <span><br \/>\n                                                                                                                                                                        <span class=\"blue-tips\"> 1.22 <\/span><br \/>\n                                                                                                                                                            <\/span>\n                                            <\/td>\n<\/tr>\n<\/tbody>\n<\/table>\n<h2>Jogos para hoje<\/h2>\n<p>Uma previs\u00e3o de vit\u00f3ria identifica partidas em que uma equipe tem uma vantagem consider\u00e1vel, tornando sua vit\u00f3ria altamente prov\u00e1vel. <strong>HoodtrendsPredict<\/strong>, N\u00e3o escolhemos favoritos simplesmente \u2013 analisamos os dados subjacentes para confirmar quando os favoritos t\u00eam realmente uma boa probabilidade de vencer. Isso inclui examinar o desempenho recente, a for\u00e7a do elenco, os n\u00edveis de motiva\u00e7\u00e3o e o hist\u00f3rico de confrontos diretos.<\/p>\n<p>Nosso <strong>Dicas para ganhar hoje<\/strong> Cen\u00e1rios-alvo onde a vantagem estat\u00edstica \u00e9 ineg\u00e1vel: times de ponta enfrentando times da parte inferior da tabela, equipes com longas sequ\u00eancias de invencibilidade enfrentando advers\u00e1rios em m\u00e1 fase, ou times da casa com recordes impec\u00e1veis recebendo visitantes fracos. Quando os dados apoiam esmagadoramente um resultado, ele se torna um <strong>sele\u00e7\u00e3o vencedora<\/strong>.<\/p>\n<h2>Previs\u00f5es de Vit\u00f3rias Gr\u00e1tis<\/h2>\n<p>Acesso a tudo <strong>Previs\u00f5es de vit\u00f3ria para hoje<\/strong> totalmente gr\u00e1tis em <strong>HoodtrendsPredict.com<\/strong>. Nossa plataforma democratiza previs\u00f5es de qualidade \u2013 todos recebem o mesmo resultado. <strong>dicas de especialistas para vencer<\/strong> Sem barreiras de pagamento ou planos premium. As previs\u00f5es s\u00e3o atualizadas em tempo real conforme as condi\u00e7\u00f5es da partida mudam, garantindo que voc\u00ea sempre tenha informa\u00e7\u00f5es atuais e precisas.<\/p>\n<div class=\"faq-section\">\n<h2>Perguntas frequentes<\/h2>\n<h3>O que \u00e9 uma previs\u00e3o de vit\u00f3ria?<\/h3>\n<p>A <strong>previs\u00e3o de vit\u00f3ria<\/strong> \u00c9 um resultado de partida em que nossa an\u00e1lise estat\u00edstica indica uma probabilidade excepcionalmente alta de uma equipe vencer. Essas escolhas apresentam favoritos claros com fortes dados de apoio em v\u00e1rias m\u00e9tricas.<\/p>\n<h3>Qual \u00e9 o grau de precis\u00e3o das previs\u00f5es de vit\u00f3ria?<\/h3>\n<p>Nosso <strong>dicas para ganhar<\/strong> S\u00e3o concebidos para maximizar a precis\u00e3o, selecionando apenas as correspond\u00eancias com forte suporte estat\u00edstico. Embora nenhuma previs\u00e3o seja garantida, nossa metodologia rigorosa proporciona taxas de sucesso consistentes.<\/p>\n<h3>Quais s\u00e3o as probabilidades oferecidas pelas previs\u00f5es de vit\u00f3ria?<\/h3>\n<p><strong>Previs\u00f5es de vit\u00f3ria<\/strong> As probabilidades geralmente variam entre 1,15 e 1,50. Probabilidades mais baixas refletem uma alta probabilidade de sucesso. Muitos usu\u00e1rios combinam v\u00e1rias vit\u00f3rias em apostas acumuladas para obter probabilidades combinadas mais atrativas.<\/p>\n<h3>Os favoritos ainda podem perder em partidas que j\u00e1 ganharam?<\/h3>\n<p>Sim, no futebol acontecem surpresas \u2013 \u00e9 por isso que o esporte \u00e9 emocionante. No entanto, <strong>previs\u00f5es de vit\u00f3ria<\/strong> Identificar partidas em que as zebras s\u00e3o estatisticamente menos prov\u00e1veis, com base em uma an\u00e1lise de dados abrangente.<\/p>\n<h3>Quantas previs\u00f5es de vit\u00f3rias voc\u00ea fornece diariamente?<\/h3>\n<p>Fornecemos de 3 a 6 <strong>previs\u00f5es de vit\u00f3ria<\/strong> Diariamente, dependendo da disponibilidade de jogos. Nosso foco \u00e9 a qualidade em vez da quantidade \u2013 publicamos vit\u00f3rias apenas quando existem oportunidades reais de alta probabilidade.<\/p>\n<\/div>\n<p><strong>HoodtrendsPredict<\/strong> \u2013 Especialista <strong>Previs\u00f5es de vit\u00f3ria para hoje<\/strong>. Confian\u00e7a respaldada por dados.<\/p>","protected":false},"excerpt":{"rendered":"<p>Access all win predictions for today completely free on HoodtrendsPredict.com. Our platform democratizes quality predictions \u2013 everyone gets the same expert win tips without paywalls [&hellip;]<\/p>\n","protected":false},"author":1,"featured_media":0,"parent":0,"menu_order":0,"comment_status":"closed","ping_status":"closed","template":"","meta":{"_monsterinsights_skip_tracking":false,"_monsterinsights_sitenote_active":false,"_monsterinsights_sitenote_note":"","_monsterinsights_sitenote_category":0,"site-sidebar-layout":"default","site-content-layout":"","ast-site-content-layout":"default","site-content-style":"default","site-sidebar-style":"default","ast-global-header-display":"","ast-banner-title-visibility":"","ast-main-header-display":"","ast-hfb-above-header-display":"","ast-hfb-below-header-display":"","ast-hfb-mobile-header-display":"","site-post-title":"","ast-breadcrumbs-content":"","ast-featured-img":"","footer-sml-layout":"","ast-disable-related-posts":"","theme-transparent-header-meta":"","adv-header-id-meta":"","stick-header-meta":"","header-above-stick-meta":"","header-main-stick-meta":"","header-below-stick-meta":"","astra-migrate-meta-layouts":"set","ast-page-background-enabled":"default","ast-page-background-meta":{"desktop":{"background-color":"","background-image":"","background-repeat":"repeat","background-position":"center center","background-size":"auto","background-attachment":"scroll","background-type":"","background-media":"","overlay-type":"","overlay-color":"","overlay-opacity":"","overlay-gradient":""},"tablet":{"background-color":"","background-image":"","background-repeat":"repeat","background-position":"center center","background-size":"auto","background-attachment":"scroll","background-type":"","background-media":"","overlay-type":"","overlay-color":"","overlay-opacity":"","overlay-gradient":""},"mobile":{"background-color":"","background-image":"","background-repeat":"repeat","background-position":"center center","background-size":"auto","background-attachment":"scroll","background-type":"","background-media":"","overlay-type":"","overlay-color":"","overlay-opacity":"","overlay-gradient":""}},"ast-content-background-meta":{"desktop":{"background-color":"var(--ast-global-color-5)","background-image":"","background-repeat":"repeat","background-position":"center center","background-size":"auto","background-attachment":"scroll","background-type":"","background-media":"","overlay-type":"","overlay-color":"","overlay-opacity":"","overlay-gradient":""},"tablet":{"background-color":"var(--ast-global-color-5)","background-image":"","background-repeat":"repeat","background-position":"center center","background-size":"auto","background-attachment":"scroll","background-type":"","background-media":"","overlay-type":"","overlay-color":"","overlay-opacity":"","overlay-gradient":""},"mobile":{"background-color":"var(--ast-global-color-5)","background-image":"","background-repeat":"repeat","background-position":"center center","background-size":"auto","background-attachment":"scroll","background-type":"","background-media":"","overlay-type":"","overlay-color":"","overlay-opacity":"","overlay-gradient":""}},"footnotes":""},"class_list":["post-12764","page","type-page","status-publish","hentry"],"jetpack_sharing_enabled":true,"_links":{"self":[{"href":"https:\/\/hoodtrendspredict.com\/pt\/wp-json\/wp\/v2\/pages\/12764","targetHints":{"allow":["GET"]}}],"collection":[{"href":"https:\/\/hoodtrendspredict.com\/pt\/wp-json\/wp\/v2\/pages"}],"about":[{"href":"https:\/\/hoodtrendspredict.com\/pt\/wp-json\/wp\/v2\/types\/page"}],"author":[{"embeddable":true,"href":"https:\/\/hoodtrendspredict.com\/pt\/wp-json\/wp\/v2\/users\/1"}],"replies":[{"embeddable":true,"href":"https:\/\/hoodtrendspredict.com\/pt\/wp-json\/wp\/v2\/comments?post=12764"}],"version-history":[{"count":45,"href":"https:\/\/hoodtrendspredict.com\/pt\/wp-json\/wp\/v2\/pages\/12764\/revisions"}],"predecessor-version":[{"id":23802,"href":"https:\/\/hoodtrendspredict.com\/pt\/wp-json\/wp\/v2\/pages\/12764\/revisions\/23802"}],"wp:attachment":[{"href":"https:\/\/hoodtrendspredict.com\/pt\/wp-json\/wp\/v2\/media?parent=12764"}],"curies":[{"name":"wp","href":"https:\/\/api.w.org\/{rel}","templated":true}]}}