{"id":12768,"date":"2026-01-14T13:19:03","date_gmt":"2026-01-14T13:19:03","guid":{"rendered":"https:\/\/hoodtrendspredict.com\/today-2-odds\/"},"modified":"2026-04-22T18:58:03","modified_gmt":"2026-04-22T17:58:03","slug":"sure-2-odds","status":"publish","type":"page","link":"https:\/\/hoodtrendspredict.com\/pt\/sure-2-odds\/","title":{"rendered":"Hoje, 2 probabilidades"},"content":{"rendered":"<p><strong>HoodtrendsPredict<\/strong> entrega <strong>Probabilidades de hoje: 2<\/strong> \u2013 uma sele\u00e7\u00e3o di\u00e1ria de apostas duplas com nossas previs\u00f5es mais confi\u00e1veis, criada para apostadores que buscam resultados seguros e de alta probabilidade. <strong>probabilidades de 2<\/strong> Combine duas partidas cuidadosamente analisadas em uma aposta acumulada poderosa com excepcional potencial de ganho.<\/p>\n<h2>Duas probabilidades para hoje<\/h2>\n<h3 class=\"pt-3 store_header\"> Resultados das previs\u00f5es de ontem<\/h3>\n<table class=\"table table-striped\">\n<thead>\n<tr>\n<th scope=\"col\" style=\"width:10%\">Data<\/th>\n<th scope=\"col\" style=\"width:10%\" class=\"\">Liga<\/th>\n<th scope=\"col\" style=\"width:60%\" class=\"\">Corresponder<\/th>\n<th scope=\"col\" style=\"width:10%\" class=\"\">Dica<\/th>\n<th scope=\"col\" style=\"\" class=\"testimonial-score\">Pontua\u00e7\u00e3o<\/th>\n<\/tr>\n<\/thead>\n<tbody>\n<tr class=\"text-center\" onclick=\"if (!window.__cfRLUnblockHandlers) return false; window.location.href=' https:\/\/focuspredict.com\/58424-dc\/dunamis-vs-el-nacional'\" data-cf-modified-7c0ad1124af3d89e4007a6b5-=\"\">\n<td>21\/04<\/td>\n<td class=\"\"><span style=\"color: #0085f9 !important;\">Copa Equador<\/span><\/td>\n<td class=\"\">Dunamis \u00a0 <strong>vs<\/strong><br \/>\n                                    \u00a0El Nacional<\/td>\n<td class=\"\"><strong><br \/>\n                                                                                    X2<br \/>\n                                                                            <\/strong>\n                                <\/td>\n<td class=\"score rc won\">\n<p>                                    <span>1 \u2013 5<\/p>\n<p>                                    <\/span>\n                                <\/td>\n<\/tr>\n<tr class=\"text-center\" onclick=\"if (!window.__cfRLUnblockHandlers) return false; window.location.href=' https:\/\/focuspredict.com\/58404-15\/girona-vs-real-betis'\" data-cf-modified-7c0ad1124af3d89e4007a6b5-=\"\">\n<td>21\/04<\/td>\n<td class=\"\"><span style=\"color: #0085f9 !important;\">La Liga espanhola<\/span><\/td>\n<td class=\"\">Girona \u00a0 <strong>vs<\/strong><br \/>\n                                    \u00a0Real Betis<\/td>\n<td class=\"\"><strong><br \/>\n                                                                                    Mais de 1,5<br \/>\n                                                                            <\/strong>\n                                <\/td>\n<td class=\"score rc won\">\n<p>                                    <span>2 \u2013 3<\/p>\n<p>                                    <\/span>\n                                <\/td>\n<\/tr>\n<tr class=\"text-center\" onclick=\"if (!window.__cfRLUnblockHandlers) return false; window.location.href=' https:\/\/focuspredict.com\/58367-f\/real-madrid-vs-alaves'\" data-cf-modified-7c0ad1124af3d89e4007a6b5-=\"\">\n<td>21\/04<\/td>\n<td class=\"\"><span style=\"color: #0085f9 !important;\">La Liga espanhola<\/span><\/td>\n<td class=\"\">Real Madrid \u00a0 <strong>vs<\/strong><br \/>\n                                    \u00a0Alav\u00e9s<\/td>\n<td class=\"\"><strong><br \/>\n                                                                                    1<br \/>\n                                                                            <\/strong>\n                                <\/td>\n<td class=\"score rc won\">\n<p>                                    <span>2 \u2013 1<\/p>\n<p>                                    <\/span>\n                                <\/td>\n<\/tr>\n<tr class=\"text-center\" onclick=\"if (!window.__cfRLUnblockHandlers) return false; window.location.href=' https:\/\/focuspredict.com\/58401-f\/brighton-vs-chelsea'\" data-cf-modified-7c0ad1124af3d89e4007a6b5-=\"\">\n<td>21\/04<\/td>\n<td class=\"\"><span style=\"color: #0085f9 !important;\">Premier League inglesa<\/span><\/td>\n<td class=\"\">Brighton \u00a0 <strong>vs<\/strong><br \/>\n                                    \u00a0Chelsea<\/td>\n<td class=\"\"><strong><br \/>\n                                                                                    Mais de 1,5<br \/>\n                                                                            <\/strong>\n                                <\/td>\n<td class=\"score rc won\">\n<p>                                    <span>3 \u2013 0<\/p>\n<p>                                    <\/span>\n                                <\/td>\n<\/tr>\n<tr class=\"text-center\" onclick=\"if (!window.__cfRLUnblockHandlers) return false; window.location.href=' https:\/\/focuspredict.com\/58416-f\/inter-vs-como'\" data-cf-modified-7c0ad1124af3d89e4007a6b5-=\"\">\n<td>21\/04<\/td>\n<td class=\"\"><span style=\"color: #0085f9 !important;\">Copa It\u00e1lia<\/span><\/td>\n<td class=\"\">Inter \u00a0 <strong>vs<\/strong><br \/>\n                                    \u00a0Como<\/td>\n<td class=\"\"><strong><br \/>\n                                                                                    Mais de 1,5<br \/>\n                                                                            <\/strong>\n                                <\/td>\n<td class=\"score rc won\">\n<p>                                    <span>3 \u2013 2<\/p>\n<p>                                    <\/span>\n                                <\/td>\n<\/tr>\n<tr class=\"text-center\" onclick=\"if (!window.__cfRLUnblockHandlers) return false; window.location.href=' https:\/\/focuspredict.com\/58419-dc\/genk-vs-charleroi'\" data-cf-modified-7c0ad1124af3d89e4007a6b5-=\"\">\n<td>21\/04<\/td>\n<td class=\"\"><span style=\"color: #0085f9 !important;\">Liga Jupiler Pro da B\u00e9lgica<\/span><\/td>\n<td class=\"\">Genk \u00a0 <strong>vs<\/strong><br \/>\n                                    \u00a0Charleroi<\/td>\n<td class=\"\"><strong><br \/>\n                                                                                    1X<br \/>\n                                                                            <\/strong>\n                                <\/td>\n<td class=\"score rc won\">\n<p>                                    <span>1 \u2013 1<\/p>\n<p>                                    <\/span>\n                                <\/td>\n<\/tr>\n<tr class=\"text-center\" onclick=\"if (!window.__cfRLUnblockHandlers) return false; window.location.href=' https:\/\/focuspredict.com\/58420-15\/oh-leuven-vs-kvc-westerlo'\" data-cf-modified-7c0ad1124af3d89e4007a6b5-=\"\">\n<td>21\/04<\/td>\n<td class=\"\"><span style=\"color: #0085f9 !important;\">Liga Jupiler Pro da B\u00e9lgica<\/span><\/td>\n<td class=\"\">OH Leuven \u00a0 <strong>vs<\/strong><br \/>\n                                    \u00a0KVC Westerlo<\/td>\n<td class=\"\"><strong><br \/>\n                                                                                    Mais de 1,5<br \/>\n                                                                            <\/strong>\n                                <\/td>\n<td class=\"score rc won\">\n<p>                                    <span>0 \u2013 2<\/p>\n<p>                                    <\/span>\n                                <\/td>\n<\/tr>\n<tr class=\"text-center\" onclick=\"if (!window.__cfRLUnblockHandlers) return false; window.location.href=' https:\/\/focuspredict.com\/58402-dc\/athletic-club-vs-osasuna'\" data-cf-modified-7c0ad1124af3d89e4007a6b5-=\"\">\n<td>21\/04<\/td>\n<td class=\"\"><span style=\"color: #0085f9 !important;\">La Liga espanhola<\/span><\/td>\n<td class=\"\">Clube Atl\u00e9tico \u00a0 <strong>vs<\/strong><br \/>\n                                    \u00a0Osasuna<\/td>\n<td class=\"\"><strong><br \/>\n                                                                                    1X<br \/>\n                                                                            <\/strong>\n                                <\/td>\n<td class=\"score rc won\">\n<p>                                    <span>1 \u2013 0<\/p>\n<p>                                    <\/span>\n                                <\/td>\n<\/tr>\n<tr class=\"text-center\" onclick=\"if (!window.__cfRLUnblockHandlers) return false; window.location.href=' https:\/\/focuspredict.com\/58403-d\/mallorca-vs-valencia'\" data-cf-modified-7c0ad1124af3d89e4007a6b5-=\"\">\n<td>21\/04<\/td>\n<td class=\"\"><span style=\"color: #0085f9 !important;\">La Liga espanhola<\/span><\/td>\n<td class=\"\">Maiorca \u00a0 <strong>vs<\/strong><br \/>\n                                    \u00a0Val\u00eancia<\/td>\n<td class=\"\"><strong><br \/>\n                                                                                    X<br \/>\n                                                                            <\/strong>\n                                <\/td>\n<td class=\"score rc won\">\n<p>                                    <span>1 \u2013 1<\/p>\n<p>                                    <\/span>\n                                <\/td>\n<\/tr>\n<tr class=\"text-center\" onclick=\"if (!window.__cfRLUnblockHandlers) return false; window.location.href=' https:\/\/focuspredict.com\/58422-dc\/cska-moscow-vs-fc-rostov'\" data-cf-modified-7c0ad1124af3d89e4007a6b5-=\"\">\n<td>21\/04<\/td>\n<td class=\"\"><span style=\"color: #0085f9 !important;\">Premier League da R\u00fassia<\/span><\/td>\n<td class=\"\">CSKA Moscou \u00a0 <strong>vs<\/strong><br \/>\n                                    \u00a0FC Rostov<\/td>\n<td class=\"\"><strong><br \/>\n                                                                                    1X<br \/>\n                                                                            <\/strong>\n                                <\/td>\n<td class=\"score rc won\">\n<p>                                    <span>1 \u2013 1<\/p>\n<p>                                    <\/span>\n                                <\/td>\n<\/tr>\n<tr class=\"text-center\" onclick=\"if (!window.__cfRLUnblockHandlers) return false; window.location.href=' https:\/\/focuspredict.com\/58405-dc\/ben-aknoun-vs-mc-alger'\" data-cf-modified-7c0ad1124af3d89e4007a6b5-=\"\">\n<td>21\/04<\/td>\n<td class=\"\"><span style=\"color: #0085f9 !important;\">Arg\u00e9lia Ligue 1<\/span><\/td>\n<td class=\"\">Ben Aknoun \u00a0 <strong>vs<\/strong><br \/>\n                                    \u00a0MC Alger<\/td>\n<td class=\"\"><strong><br \/>\n                                                                                    X2<br \/>\n                                                                            <\/strong>\n                                <\/td>\n<td class=\"score rc won\">\n<p>                                    <span>2 \u2013 3<\/p>\n<p>                                    <\/span>\n                                <\/td>\n<\/tr>\n<tr class=\"text-center\" onclick=\"if (!window.__cfRLUnblockHandlers) return false; window.location.href=' https:\/\/focuspredict.com\/58408-d\/mo-constantine-vs-us-chaouia'\" data-cf-modified-7c0ad1124af3d89e4007a6b5-=\"\">\n<td>21\/04<\/td>\n<td class=\"\"><span style=\"color: #0085f9 !important;\">Liga 2 da Arg\u00e9lia<\/span><\/td>\n<td class=\"\">MO Constantino \u00a0 <strong>vs<\/strong><br \/>\n                                    \u00a0EUA Chaouia<\/td>\n<td class=\"\"><strong><br \/>\n                                                                                    X<br \/>\n                                                                            <\/strong>\n                                <\/td>\n<td class=\"score rc won\">\n<p>                                    <span>0 \u2013 0<\/p>\n<p>                                    <\/span>\n                                <\/td>\n<\/tr>\n<tr class=\"text-center\" onclick=\"if (!window.__cfRLUnblockHandlers) return false; window.location.href=' https:\/\/focuspredict.com\/58414-f\/dacia-buiucani-vs-sheriff-tiraspol'\" data-cf-modified-7c0ad1124af3d89e4007a6b5-=\"\">\n<td>21\/04<\/td>\n<td class=\"\"><span style=\"color: #0085f9 !important;\">Copa da Mold\u00e1via<\/span><\/td>\n<td class=\"\">Dacia-Buiucani \u00a0 <strong>vs<\/strong><br \/>\n                                    \u00a0Xerife Tiraspol<\/td>\n<td class=\"\"><strong><br \/>\n                                                                                    2<br \/>\n                                                                            <\/strong>\n                                <\/td>\n<td class=\"score rc won\">\n<p>                                    <span>1 \u2013 2<\/p>\n<p>                                    <\/span>\n                                <\/td>\n<\/tr>\n<\/tbody>\n<\/table>\n<h2>Qual \u00e9 a probabilidade de 2?<\/h2>\n<p><strong>probabilidades de 2<\/strong> representam nossas duas previs\u00f5es de maior confian\u00e7a para os jogos de futebol de hoje. Essas n\u00e3o s\u00e3o sele\u00e7\u00f5es aleat\u00f3rias \u2013 cada escolha passa por uma extensa an\u00e1lise estat\u00edstica para garantir a m\u00e1xima confiabilidade. Ao combinar duas previs\u00f5es individuais fortes, nosso <strong>acumulador de probabilidades<\/strong> Oferece retornos atrativos, mantendo ao mesmo tempo uma probabilidade de ganho realista.<\/p>\n<p>No <strong>HoodtrendsPredict<\/strong>, N\u00f3s entendemos que as apostas acumuladas exigem precis\u00e3o. \u00c9 por isso que nosso <strong>2 probabilidades para hoje<\/strong> Focamos em resultados com amplo respaldo estat\u00edstico: times da casa dominantes, favoritos em boa fase ou partidas com clara disparidade t\u00e1tica. Priorizamos a probabilidade em vez do valor das odds para garantir vencedores consistentes.<\/p>\n<h2>Apostas Duplas Selecionadas por Especialistas - Cota\u00e7\u00f5es de 2 hoje<\/h2>\n<p>Nosso <strong>probabilidades de 2<\/strong> Os jogos s\u00e3o selecionados por meio de uma metodologia rigorosa que analisa o desempenho da equipe, o hist\u00f3rico de confrontos diretos, o desempenho em casa e fora, o impacto de les\u00f5es e os fatores motivacionais. Examinamos centenas de jogos dispon\u00edveis diariamente e extra\u00edmos os dois resultados nos quais temos o maior n\u00edvel de confian\u00e7a. Essa abordagem focada tornou <strong>HoodtrendsPredict<\/strong> Um nome de confian\u00e7a entre os apostadores mais exigentes.<\/p>\n<p>Os mercados abrangidos em nosso <strong>dicas de probabilidades<\/strong> As op\u00e7\u00f5es variam de acordo com o n\u00edvel de certeza. Sele\u00e7\u00f5es comuns incluem vit\u00f3rias em casa para times dominantes, mais de 1,5 gols em jogos com muitos gols ou ambos os times marcarem em confrontos ofensivos. A flexibilidade na sele\u00e7\u00e3o de mercado garante que sempre apresentemos o melhor resultado poss\u00edvel. <strong>probabilidades mais confi\u00e1veis de 2<\/strong> dispon\u00edvel.<\/p>\n<h2>Apostas Duplas Gr\u00e1tis \u2013 Duplas Vencedoras Di\u00e1rias<\/h2>\n<p>Acesso <strong>Probabilidades de hoje: 2<\/strong> totalmente gr\u00e1tis em <strong>HoodtrendsPredict.com<\/strong>. Nossa plataforma oferece previs\u00f5es de qualidade profissional sem paywalls ou necessidade de assinatura. Cada palpite \u00e9 publicado com uma justificativa detalhada, ajudando voc\u00ea a entender o motivo de cada escolha. Confie <strong>HoodtrendsPredict<\/strong> para o seu <strong>probabilidades di\u00e1rias<\/strong> precisa.<\/p>\n<div class=\"faq-section\">\n<h2>Perguntas frequentes<\/h2>\n<h3>O que significa \u201c2 odds\u201d?<\/h3>\n<p><strong>probabilidades de 2<\/strong> Refere-se a uma aposta dupla cuidadosamente selecionada, apresentando nossas duas previs\u00f5es mais confi\u00e1veis para o dia. Essas sele\u00e7\u00f5es indicam alta probabilidade estat\u00edstica, embora nenhuma previs\u00e3o seja garantida.<\/p>\n<h3>Como s\u00e3o selecionadas as duas probabilidades?<\/h3>\n<p>Nosso <strong>sele\u00e7\u00f5es de probabilidades<\/strong> s\u00e3o gerados por meio de uma an\u00e1lise abrangente das estat\u00edsticas da equipe, tabelas de desempenho, dados hist\u00f3ricos e condi\u00e7\u00f5es atuais. Selecionamos os dois resultados com a maior probabilidade calculada de sucesso.<\/p>\n<h3>Que tipo de probabilidades uma aposta de 2 geralmente oferece?<\/h3>\n<p><strong>probabilidades de 2<\/strong> Normalmente, as apostas combinadas t\u00eam probabilidades individuais entre 1,20 e 1,60, resultando em probabilidades acumuladas que variam aproximadamente de 1,50 a 2,50. O foco est\u00e1 na confiabilidade, e n\u00e3o em probabilidades altas.<\/p>\n<h3>Apostar com odds de 2 garante a vit\u00f3ria?<\/h3>\n<p>Nenhuma aposta \u00e9 garantida. No entanto, nossa <strong>probabilidades de 2<\/strong> representam nossas previs\u00f5es de maior confian\u00e7a, baseadas em an\u00e1lises estat\u00edsticas. Nossa metodologia foi projetada para maximizar a probabilidade de vit\u00f3ria ao longo do tempo.<\/p>\n<h3>Posso usar odds de 2 em apostas acumuladas maiores?<\/h3>\n<p>Sim, muitos usu\u00e1rios incorporam nossos <strong>chances<\/strong> em acumuladores maiores. No entanto, recomendamos cautela \u2013 cada sele\u00e7\u00e3o adicional reduz a probabilidade geral. Nosso formato de 2 sele\u00e7\u00f5es equilibra probabilidades atraentes com um potencial de ganho realista.<\/p>\n<\/div>\n<p><strong>HoodtrendsPredict<\/strong> \u2013 Fonte confi\u00e1vel para <strong>Probabilidades de hoje: 2<\/strong>. Escolhas consistentes. Resultados confi\u00e1veis.<\/p>","protected":false},"excerpt":{"rendered":"<p>HoodtrendsPredict delivers today&#8217;s 2 odds \u2013 a daily double selection of our most confident predictions designed for punters seeking reliable, high-probability outcomes. Our 2 odds [&hellip;]<\/p>\n","protected":false},"author":1,"featured_media":0,"parent":0,"menu_order":0,"comment_status":"closed","ping_status":"closed","template":"","meta":{"_monsterinsights_skip_tracking":false,"_monsterinsights_sitenote_active":false,"_monsterinsights_sitenote_note":"","_monsterinsights_sitenote_category":0,"site-sidebar-layout":"default","site-content-layout":"","ast-site-content-layout":"default","site-content-style":"default","site-sidebar-style":"default","ast-global-header-display":"","ast-banner-title-visibility":"","ast-main-header-display":"","ast-hfb-above-header-display":"","ast-hfb-below-header-display":"","ast-hfb-mobile-header-display":"","site-post-title":"","ast-breadcrumbs-content":"","ast-featured-img":"","footer-sml-layout":"","ast-disable-related-posts":"","theme-transparent-header-meta":"","adv-header-id-meta":"","stick-header-meta":"","header-above-stick-meta":"","header-main-stick-meta":"","header-below-stick-meta":"","astra-migrate-meta-layouts":"set","ast-page-background-enabled":"default","ast-page-background-meta":{"desktop":{"background-color":"","background-image":"","background-repeat":"repeat","background-position":"center center","background-size":"auto","background-attachment":"scroll","background-type":"","background-media":"","overlay-type":"","overlay-color":"","overlay-opacity":"","overlay-gradient":""},"tablet":{"background-color":"","background-image":"","background-repeat":"repeat","background-position":"center center","background-size":"auto","background-attachment":"scroll","background-type":"","background-media":"","overlay-type":"","overlay-color":"","overlay-opacity":"","overlay-gradient":""},"mobile":{"background-color":"","background-image":"","background-repeat":"repeat","background-position":"center center","background-size":"auto","background-attachment":"scroll","background-type":"","background-media":"","overlay-type":"","overlay-color":"","overlay-opacity":"","overlay-gradient":""}},"ast-content-background-meta":{"desktop":{"background-color":"var(--ast-global-color-5)","background-image":"","background-repeat":"repeat","background-position":"center center","background-size":"auto","background-attachment":"scroll","background-type":"","background-media":"","overlay-type":"","overlay-color":"","overlay-opacity":"","overlay-gradient":""},"tablet":{"background-color":"var(--ast-global-color-5)","background-image":"","background-repeat":"repeat","background-position":"center center","background-size":"auto","background-attachment":"scroll","background-type":"","background-media":"","overlay-type":"","overlay-color":"","overlay-opacity":"","overlay-gradient":""},"mobile":{"background-color":"var(--ast-global-color-5)","background-image":"","background-repeat":"repeat","background-position":"center center","background-size":"auto","background-attachment":"scroll","background-type":"","background-media":"","overlay-type":"","overlay-color":"","overlay-opacity":"","overlay-gradient":""}},"footnotes":""},"class_list":["post-12768","page","type-page","status-publish","hentry"],"jetpack_sharing_enabled":true,"_links":{"self":[{"href":"https:\/\/hoodtrendspredict.com\/pt\/wp-json\/wp\/v2\/pages\/12768","targetHints":{"allow":["GET"]}}],"collection":[{"href":"https:\/\/hoodtrendspredict.com\/pt\/wp-json\/wp\/v2\/pages"}],"about":[{"href":"https:\/\/hoodtrendspredict.com\/pt\/wp-json\/wp\/v2\/types\/page"}],"author":[{"embeddable":true,"href":"https:\/\/hoodtrendspredict.com\/pt\/wp-json\/wp\/v2\/users\/1"}],"replies":[{"embeddable":true,"href":"https:\/\/hoodtrendspredict.com\/pt\/wp-json\/wp\/v2\/comments?post=12768"}],"version-history":[{"count":59,"href":"https:\/\/hoodtrendspredict.com\/pt\/wp-json\/wp\/v2\/pages\/12768\/revisions"}],"predecessor-version":[{"id":23804,"href":"https:\/\/hoodtrendspredict.com\/pt\/wp-json\/wp\/v2\/pages\/12768\/revisions\/23804"}],"wp:attachment":[{"href":"https:\/\/hoodtrendspredict.com\/pt\/wp-json\/wp\/v2\/media?parent=12768"}],"curies":[{"name":"wp","href":"https:\/\/api.w.org\/{rel}","templated":true}]}}