{"id":12770,"date":"2026-01-14T13:20:05","date_gmt":"2026-01-14T13:20:05","guid":{"rendered":"https:\/\/hoodtrendspredict.com\/3-draws-for-today\/"},"modified":"2026-04-22T18:59:03","modified_gmt":"2026-04-22T17:59:03","slug":"3-draws-for-today","status":"publish","type":"page","link":"https:\/\/hoodtrendspredict.com\/pt\/3-draws-for-today\/","title":{"rendered":"3 empates hoje"},"content":{"rendered":"<p><strong>HoodtrendsPredict<\/strong> Apresentamos nosso exclusivo <strong>3 empates hoje<\/strong> \u2013 uma sele\u00e7\u00e3o criteriosa de partidas com a maior probabilidade de terminar em empate. Nossa <strong>fazer previs\u00f5es<\/strong> s\u00e3o baseadas em an\u00e1lises estat\u00edsticas avan\u00e7adas que identificam partidas em que ambas as equipes s\u00e3o equilibradas, defensivamente s\u00f3lidas ou historicamente propensas a dividir os pontos.<\/p>\n<h2>Previs\u00f5es para o sorteio de hoje<\/h2>\n<table class=\"table table-striped\">\n<thead>\n<tr>\n<th scope=\"col\" style=\"width:10%\">Tempo<\/th>\n<th scope=\"col\" style=\"width:10%\" class=\"\">Liga<\/th>\n<th scope=\"col\" style=\"width:50%\" class=\"\">Corresponder<\/th>\n<th scope=\"col\" style=\"width:20%\" class=\"\">Dica<\/th>\n<th scope=\"col\" style=\"width:10%\">\n                                                                                            Chances\n                                                                                    <\/th>\n<\/tr>\n<\/thead>\n<tbody>\n<tr class=\"text-center\" data-jsone=\"\" onclick=\"if (!window.__cfRLUnblockHandlers) return false; window.location.href='https:\/\/focuspredict.com\/58431-d\/olympique-akbou-vs-js-kabylie'\" data-cf-modified-f2e5888f55e49299f5bdeb7b-=\"\">\n<td>16:00<\/p>\n<\/td>\n<td class=\"\"><span style=\"color: #0085f9 !important;\">Arg\u00e9lia Ligue 1<\/span><\/td>\n<td class=\"\">Olympique Akbou \u00a0 <strong>vs<\/strong><br \/>\n                                                \u00a0JS Cab\u00edlia<\/td>\n<td class=\"\"><strong>Desenhe (X)<\/strong><\/td>\n<td class=\"score\">\n<p>                                                <span><br \/>\n                                                                                                                                                                        <span class=\"blue-tips\"> 2.70 <\/span><br \/>\n                                                                                                                                                            <\/span>\n                                            <\/td>\n<\/tr>\n<tr class=\"text-center\" data-jsone=\"\" onclick=\"if (!window.__cfRLUnblockHandlers) return false; window.location.href='https:\/\/focuspredict.com\/58430-d\/af-elbasani-vs-egnatia-rrogozhine'\" data-cf-modified-f2e5888f55e49299f5bdeb7b-=\"\">\n<td>18:00<\/p>\n<\/td>\n<td class=\"\"><span style=\"color: #0085f9 !important;\">Copa da Alb\u00e2nia<\/span><\/td>\n<td class=\"\">AF Elbasani \u00a0 <strong>vs<\/strong><br \/>\n                                                \u00a0Egnatia Rrogozhin\u00eb<\/td>\n<td class=\"\"><strong>Desenhe (X)<\/strong><\/td>\n<td class=\"score\">\n<p>                                                <span><br \/>\n                                                                                                                                                                        <span class=\"blue-tips\"> 2.90 <\/span><br \/>\n                                                                                                                                                            <\/span>\n                                            <\/td>\n<\/tr>\n<tr class=\"text-center\" data-jsone=\"\" onclick=\"if (!window.__cfRLUnblockHandlers) return false; window.location.href='https:\/\/focuspredict.com\/58429-d\/real-sociedad-vs-getafe'\" data-cf-modified-f2e5888f55e49299f5bdeb7b-=\"\">\n<td>19:00<\/p>\n<\/td>\n<td class=\"\"><span style=\"color: #0085f9 !important;\">La Liga espanhola<\/span><\/td>\n<td class=\"\">Real Sociedad \u00a0 <strong>vs<\/strong><br \/>\n                                                \u00a0Getafe<\/td>\n<td class=\"\"><strong>Desenhe (X)<\/strong><\/td>\n<td class=\"score\">\n<p>                                                <span><br \/>\n                                                                                                                                                                        <span class=\"blue-tips\"> 3.00 <\/span><br \/>\n                                                                                                                                                            <\/span>\n                                            <\/td>\n<\/tr>\n<tr class=\"text-center\" data-jsone=\"\" onclick=\"if (!window.__cfRLUnblockHandlers) return false; window.location.href='https:\/\/focuspredict.com\/58432-d\/atl-rafaela-2-vs-sarmiento-res'\" data-cf-modified-f2e5888f55e49299f5bdeb7b-=\"\">\n<td>19:00<\/p>\n<\/td>\n<td class=\"\"><span style=\"color: #0085f9 !important;\">Liga de Reservas da Argentina<\/span><\/td>\n<td class=\"\">Atl. Rafaela 2 \u00a0 <strong>vs<\/strong><br \/>\n                                                \u00a0Sarmiento Res.<\/td>\n<td class=\"\"><strong>Desenhe (X)<\/strong><\/td>\n<td class=\"score\">\n<p>                                                <span><br \/>\n                                                                                                                                                                        <span class=\"blue-tips\"> 3.09 <\/span><br \/>\n                                                                                                                                                            <\/span>\n                                            <\/td>\n<\/tr>\n<\/tbody>\n<\/table>\n<h3 class=\"pt-3 store_header\"> Resultados das previs\u00f5es de ontem<\/h3>\n<table class=\"table table-striped\">\n<thead>\n<tr>\n<th scope=\"col\" style=\"width:10%\">Data<\/th>\n<th scope=\"col\" style=\"width:10%\" class=\"\">Liga<\/th>\n<th scope=\"col\" style=\"width:60%\" class=\"\">Corresponder<\/th>\n<th scope=\"col\" style=\"width:10%\" class=\"\">Dica<\/th>\n<th scope=\"col\" style=\"\" class=\"testimonial-score\">Pontua\u00e7\u00e3o<\/th>\n<\/tr>\n<\/thead>\n<tbody>\n<tr class=\"text-center\" onclick=\"if (!window.__cfRLUnblockHandlers) return false; window.location.href=' https:\/\/focuspredict.com\/58424-dc\/dunamis-vs-el-nacional'\" data-cf-modified-f2e5888f55e49299f5bdeb7b-=\"\">\n<td>21\/04<\/td>\n<td class=\"\"><span style=\"color: #0085f9 !important;\">Copa Equador<\/span><\/td>\n<td class=\"\">Dunamis \u00a0 <strong>vs<\/strong><br \/>\n                                    \u00a0El Nacional<\/td>\n<td class=\"\"><strong><br \/>\n                                                                                    X2<br \/>\n                                                                            <\/strong>\n                                <\/td>\n<td class=\"score rc won\">\n<p>                                    <span>1 \u2013 5<\/p>\n<p>                                    <\/span>\n                                <\/td>\n<\/tr>\n<tr class=\"text-center\" onclick=\"if (!window.__cfRLUnblockHandlers) return false; window.location.href=' https:\/\/focuspredict.com\/58404-15\/girona-vs-real-betis'\" data-cf-modified-f2e5888f55e49299f5bdeb7b-=\"\">\n<td>21\/04<\/td>\n<td class=\"\"><span style=\"color: #0085f9 !important;\">La Liga espanhola<\/span><\/td>\n<td class=\"\">Girona \u00a0 <strong>vs<\/strong><br \/>\n                                    \u00a0Real Betis<\/td>\n<td class=\"\"><strong><br \/>\n                                                                                    Mais de 1,5<br \/>\n                                                                            <\/strong>\n                                <\/td>\n<td class=\"score rc won\">\n<p>                                    <span>2 \u2013 3<\/p>\n<p>                                    <\/span>\n                                <\/td>\n<\/tr>\n<tr class=\"text-center\" onclick=\"if (!window.__cfRLUnblockHandlers) return false; window.location.href=' https:\/\/focuspredict.com\/58367-f\/real-madrid-vs-alaves'\" data-cf-modified-f2e5888f55e49299f5bdeb7b-=\"\">\n<td>21\/04<\/td>\n<td class=\"\"><span style=\"color: #0085f9 !important;\">La Liga espanhola<\/span><\/td>\n<td class=\"\">Real Madrid \u00a0 <strong>vs<\/strong><br \/>\n                                    \u00a0Alav\u00e9s<\/td>\n<td class=\"\"><strong><br \/>\n                                                                                    1<br \/>\n                                                                            <\/strong>\n                                <\/td>\n<td class=\"score rc won\">\n<p>                                    <span>2 \u2013 1<\/p>\n<p>                                    <\/span>\n                                <\/td>\n<\/tr>\n<tr class=\"text-center\" onclick=\"if (!window.__cfRLUnblockHandlers) return false; window.location.href=' https:\/\/focuspredict.com\/58401-f\/brighton-vs-chelsea'\" data-cf-modified-f2e5888f55e49299f5bdeb7b-=\"\">\n<td>21\/04<\/td>\n<td class=\"\"><span style=\"color: #0085f9 !important;\">Premier League inglesa<\/span><\/td>\n<td class=\"\">Brighton \u00a0 <strong>vs<\/strong><br \/>\n                                    \u00a0Chelsea<\/td>\n<td class=\"\"><strong><br \/>\n                                                                                    Mais de 1,5<br \/>\n                                                                            <\/strong>\n                                <\/td>\n<td class=\"score rc won\">\n<p>                                    <span>3 \u2013 0<\/p>\n<p>                                    <\/span>\n                                <\/td>\n<\/tr>\n<tr class=\"text-center\" onclick=\"if (!window.__cfRLUnblockHandlers) return false; window.location.href=' https:\/\/focuspredict.com\/58416-f\/inter-vs-como'\" data-cf-modified-f2e5888f55e49299f5bdeb7b-=\"\">\n<td>21\/04<\/td>\n<td class=\"\"><span style=\"color: #0085f9 !important;\">Copa It\u00e1lia<\/span><\/td>\n<td class=\"\">Inter \u00a0 <strong>vs<\/strong><br \/>\n                                    \u00a0Como<\/td>\n<td class=\"\"><strong><br \/>\n                                                                                    Mais de 1,5<br \/>\n                                                                            <\/strong>\n                                <\/td>\n<td class=\"score rc won\">\n<p>                                    <span>3 \u2013 2<\/p>\n<p>                                    <\/span>\n                                <\/td>\n<\/tr>\n<tr class=\"text-center\" onclick=\"if (!window.__cfRLUnblockHandlers) return false; window.location.href=' https:\/\/focuspredict.com\/58419-dc\/genk-vs-charleroi'\" data-cf-modified-f2e5888f55e49299f5bdeb7b-=\"\">\n<td>21\/04<\/td>\n<td class=\"\"><span style=\"color: #0085f9 !important;\">Liga Jupiler Pro da B\u00e9lgica<\/span><\/td>\n<td class=\"\">Genk \u00a0 <strong>vs<\/strong><br \/>\n                                    \u00a0Charleroi<\/td>\n<td class=\"\"><strong><br \/>\n                                                                                    1X<br \/>\n                                                                            <\/strong>\n                                <\/td>\n<td class=\"score rc won\">\n<p>                                    <span>1 \u2013 1<\/p>\n<p>                                    <\/span>\n                                <\/td>\n<\/tr>\n<tr class=\"text-center\" onclick=\"if (!window.__cfRLUnblockHandlers) return false; window.location.href=' https:\/\/focuspredict.com\/58420-15\/oh-leuven-vs-kvc-westerlo'\" data-cf-modified-f2e5888f55e49299f5bdeb7b-=\"\">\n<td>21\/04<\/td>\n<td class=\"\"><span style=\"color: #0085f9 !important;\">Liga Jupiler Pro da B\u00e9lgica<\/span><\/td>\n<td class=\"\">OH Leuven \u00a0 <strong>vs<\/strong><br \/>\n                                    \u00a0KVC Westerlo<\/td>\n<td class=\"\"><strong><br \/>\n                                                                                    Mais de 1,5<br \/>\n                                                                            <\/strong>\n                                <\/td>\n<td class=\"score rc won\">\n<p>                                    <span>0 \u2013 2<\/p>\n<p>                                    <\/span>\n                                <\/td>\n<\/tr>\n<tr class=\"text-center\" onclick=\"if (!window.__cfRLUnblockHandlers) return false; window.location.href=' https:\/\/focuspredict.com\/58402-dc\/athletic-club-vs-osasuna'\" data-cf-modified-f2e5888f55e49299f5bdeb7b-=\"\">\n<td>21\/04<\/td>\n<td class=\"\"><span style=\"color: #0085f9 !important;\">La Liga espanhola<\/span><\/td>\n<td class=\"\">Clube Atl\u00e9tico \u00a0 <strong>vs<\/strong><br \/>\n                                    \u00a0Osasuna<\/td>\n<td class=\"\"><strong><br \/>\n                                                                                    1X<br \/>\n                                                                            <\/strong>\n                                <\/td>\n<td class=\"score rc won\">\n<p>                                    <span>1 \u2013 0<\/p>\n<p>                                    <\/span>\n                                <\/td>\n<\/tr>\n<tr class=\"text-center\" onclick=\"if (!window.__cfRLUnblockHandlers) return false; window.location.href=' https:\/\/focuspredict.com\/58403-d\/mallorca-vs-valencia'\" data-cf-modified-f2e5888f55e49299f5bdeb7b-=\"\">\n<td>21\/04<\/td>\n<td class=\"\"><span style=\"color: #0085f9 !important;\">La Liga espanhola<\/span><\/td>\n<td class=\"\">Maiorca \u00a0 <strong>vs<\/strong><br \/>\n                                    \u00a0Val\u00eancia<\/td>\n<td class=\"\"><strong><br \/>\n                                                                                    X<br \/>\n                                                                            <\/strong>\n                                <\/td>\n<td class=\"score rc won\">\n<p>                                    <span>1 \u2013 1<\/p>\n<p>                                    <\/span>\n                                <\/td>\n<\/tr>\n<tr class=\"text-center\" onclick=\"if (!window.__cfRLUnblockHandlers) return false; window.location.href=' https:\/\/focuspredict.com\/58422-dc\/cska-moscow-vs-fc-rostov'\" data-cf-modified-f2e5888f55e49299f5bdeb7b-=\"\">\n<td>21\/04<\/td>\n<td class=\"\"><span style=\"color: #0085f9 !important;\">Premier League da R\u00fassia<\/span><\/td>\n<td class=\"\">CSKA Moscou \u00a0 <strong>vs<\/strong><br \/>\n                                    \u00a0FC Rostov<\/td>\n<td class=\"\"><strong><br \/>\n                                                                                    1X<br \/>\n                                                                            <\/strong>\n                                <\/td>\n<td class=\"score rc won\">\n<p>                                    <span>1 \u2013 1<\/p>\n<p>                                    <\/span>\n                                <\/td>\n<\/tr>\n<tr class=\"text-center\" onclick=\"if (!window.__cfRLUnblockHandlers) return false; window.location.href=' https:\/\/focuspredict.com\/58405-dc\/ben-aknoun-vs-mc-alger'\" data-cf-modified-f2e5888f55e49299f5bdeb7b-=\"\">\n<td>21\/04<\/td>\n<td class=\"\"><span style=\"color: #0085f9 !important;\">Arg\u00e9lia Ligue 1<\/span><\/td>\n<td class=\"\">Ben Aknoun \u00a0 <strong>vs<\/strong><br \/>\n                                    \u00a0MC Alger<\/td>\n<td class=\"\"><strong><br \/>\n                                                                                    X2<br \/>\n                                                                            <\/strong>\n                                <\/td>\n<td class=\"score rc won\">\n<p>                                    <span>2 \u2013 3<\/p>\n<p>                                    <\/span>\n                                <\/td>\n<\/tr>\n<tr class=\"text-center\" onclick=\"if (!window.__cfRLUnblockHandlers) return false; window.location.href=' https:\/\/focuspredict.com\/58408-d\/mo-constantine-vs-us-chaouia'\" data-cf-modified-f2e5888f55e49299f5bdeb7b-=\"\">\n<td>21\/04<\/td>\n<td class=\"\"><span style=\"color: #0085f9 !important;\">Liga 2 da Arg\u00e9lia<\/span><\/td>\n<td class=\"\">MO Constantino \u00a0 <strong>vs<\/strong><br \/>\n                                    \u00a0EUA Chaouia<\/td>\n<td class=\"\"><strong><br \/>\n                                                                                    X<br \/>\n                                                                            <\/strong>\n                                <\/td>\n<td class=\"score rc won\">\n<p>                                    <span>0 \u2013 0<\/p>\n<p>                                    <\/span>\n                                <\/td>\n<\/tr>\n<tr class=\"text-center\" onclick=\"if (!window.__cfRLUnblockHandlers) return false; window.location.href=' https:\/\/focuspredict.com\/58414-f\/dacia-buiucani-vs-sheriff-tiraspol'\" data-cf-modified-f2e5888f55e49299f5bdeb7b-=\"\">\n<td>21\/04<\/td>\n<td class=\"\"><span style=\"color: #0085f9 !important;\">Copa da Mold\u00e1via<\/span><\/td>\n<td class=\"\">Dacia-Buiucani \u00a0 <strong>vs<\/strong><br \/>\n                                    \u00a0Xerife Tiraspol<\/td>\n<td class=\"\"><strong><br \/>\n                                                                                    2<br \/>\n                                                                            <\/strong>\n                                <\/td>\n<td class=\"score rc won\">\n<p>                                    <span>1 \u2013 2<\/p>\n<p>                                    <\/span>\n                                <\/td>\n<\/tr>\n<\/tbody>\n<\/table>\n<h2>Por que apostar em empates? O mercado de valor oculto<\/h2>\n<p><strong>Apostas no empate<\/strong> \u00c9 um dos mercados mais negligenciados no futebol, embora ofere\u00e7a consistentemente um valor excepcional. As casas de apostas frequentemente subestimam as odds para empates porque os apostadores casuais preferem apostar nos vencedores. <strong>HoodtrendsPredict<\/strong>, exploramos essa inefici\u00eancia identificando correspond\u00eancias onde um <strong>O empate \u00e9 o resultado mais prov\u00e1vel.<\/strong> Com base em uma an\u00e1lise de dados abrangente.<\/p>\n<p>Nosso sistema examina fatores que indicam probabilidade de empate: classifica\u00e7\u00f5es de for\u00e7a de equipe semelhantes, tend\u00eancia a poucos gols, registros defensivos s\u00f3lidos, hist\u00f3rico de empates em confrontos diretos e fatores situacionais, como partidas de fim de temporada ou cl\u00e1ssicos. Quando v\u00e1rios indicadores se alinham, sinalizamos o jogo como um dos nossos <strong>3 empates hoje<\/strong>.<\/p>\n<h2>Previs\u00f5es para o sorteio de hoje \u2013 Estatisticamente verificadas<\/h2>\n<p>Todo <strong>previs\u00e3o de sorteio<\/strong> apresentado em <strong>HoodtrendsPredict.com<\/strong> passou por rigorosos testes estat\u00edsticos. N\u00e3o buscamos simplesmente equipes equilibradas \u2013 analisamos padr\u00f5es de pontua\u00e7\u00e3o, m\u00e9dias de chutes a gol, dados de gols esperados (xG) e tend\u00eancias de desempenho para calcular probabilidades precisas de empate. Somente as partidas que excedem nosso limite de confian\u00e7a entram na lista. <strong>sorteios<\/strong> lista.<\/p>\n<p>Nosso <strong>3 empates<\/strong> jogos de cobertura de ligas conhecidas pelo equil\u00edbrio competitivo, incluindo a <strong>S\u00e9rie A<\/strong>, <strong>Ligue 1<\/strong>, <strong>Bundesliga<\/strong>, e eliminat\u00f3rias internacionais. Tamb\u00e9m identificamos sorteios vantajosos em competi\u00e7\u00f5es de copa e fases eliminat\u00f3rias, onde as equipes jogam com cautela. <strong>HoodtrendsPredict<\/strong> oferece a maior confiabilidade <strong>dicas de desenho<\/strong> Dispon\u00edvel online.<\/p>\n<h2>Previs\u00f5es de sorteio gr\u00e1tis \u2013 Altas probabilidades, alta precis\u00e3o<\/h2>\n<p>Acesse nosso <strong>3 empates hoje<\/strong> totalmente gr\u00e1tis em <strong>HoodtrendsPredict.com<\/strong>. As probabilidades de empate geralmente variam de 3,00 a 4,00, o que significa que mesmo apostas modestas podem gerar retornos significativos. Nossa plataforma oferece essas probabilidades. <strong>previs\u00f5es de sorteio de alto valor<\/strong> Sem assinaturas ou taxas ocultas \u2013 apenas dicas puras, baseadas em dados e atualizadas diariamente.<\/p>\n<div class=\"faq-section\">\n<h2>Perguntas frequentes<\/h2>\n<h3>Por que as previs\u00f5es de empate s\u00e3o valiosas?<\/h3>\n<p><strong>Fa\u00e7a previs\u00f5es<\/strong> Oferecem valor porque as casas de apostas normalmente subestimam esse resultado. Com odds geralmente entre 3,00 e 4,00, prever com precis\u00e3o os empates gera retornos maiores do que apostar nos favoritos, tornando-se um nicho de mercado lucrativo.<\/p>\n<h3>Que fatores indicam um prov\u00e1vel empate?<\/h3>\n<p>Indicadores-chave para <strong>fazer previs\u00f5es<\/strong> Inclui: equipes com posi\u00e7\u00f5es semelhantes na liga, bons registros defensivos, tend\u00eancia a marcar poucos gols (m\u00e9dia de menos de 2,5 gols), hist\u00f3rico de empates em confrontos diretos e fatores situacionais, como jogos de fim de temporada sem import\u00e2ncia.<\/p>\n<h3>Como voc\u00ea seleciona seus 3 sorteios?<\/h3>\n<p>Nosso <strong>sorteio de sele\u00e7\u00f5es<\/strong> As partidas passam por uma an\u00e1lise multifatorial, incluindo compara\u00e7\u00e3o de desempenho, estat\u00edsticas de gols, dados de xG (gols esperados), m\u00e9tricas defensivas e padr\u00f5es hist\u00f3ricos. Somente partidas que atendem aos nossos rigorosos crit\u00e9rios de probabilidade s\u00e3o exibidas.<\/p>\n<h3>Quais ligas t\u00eam o maior n\u00famero de empates?<\/h3>\n<p>Ligas com equil\u00edbrio competitivo como <strong>S\u00e9rie A<\/strong>, <strong>Ligue 1<\/strong>, e <strong>La Liga<\/strong> tendem a gerar mais empates. Nossa an\u00e1lise identifica partidas espec\u00edficas em qualquer liga onde os empates s\u00e3o estatisticamente prov\u00e1veis.<\/p>\n<h3>Posso acumular previs\u00f5es de empate?<\/h3>\n<p>Sim, muitos apostadores criam <strong>acumuladores de saque<\/strong> Utilizando nossas dicas. No entanto, recomendamos limitar o tamanho da aposta acumulada para manter uma probabilidade razo\u00e1vel. Nossos 3 sorteios di\u00e1rios s\u00e3o selecionados para maximizar as taxas de sucesso individuais e combinadas.<\/p>\n<\/div>\n<p><strong>HoodtrendsPredict<\/strong> \u2013 Sua fonte para <strong>3 empates hoje<\/strong>. Descubra o valor que os outros n\u00e3o percebem.<\/p>","protected":false},"excerpt":{"rendered":"<p>HoodtrendsPredict presents our exclusive 3 draws for today \u2013 a curated selection of matches with the highest probability of ending in a stalemate. Our draw [&hellip;]<\/p>\n","protected":false},"author":1,"featured_media":0,"parent":0,"menu_order":0,"comment_status":"closed","ping_status":"closed","template":"","meta":{"_monsterinsights_skip_tracking":false,"_monsterinsights_sitenote_active":false,"_monsterinsights_sitenote_note":"","_monsterinsights_sitenote_category":0,"site-sidebar-layout":"default","site-content-layout":"","ast-site-content-layout":"default","site-content-style":"default","site-sidebar-style":"default","ast-global-header-display":"","ast-banner-title-visibility":"","ast-main-header-display":"","ast-hfb-above-header-display":"","ast-hfb-below-header-display":"","ast-hfb-mobile-header-display":"","site-post-title":"","ast-breadcrumbs-content":"","ast-featured-img":"","footer-sml-layout":"","ast-disable-related-posts":"","theme-transparent-header-meta":"","adv-header-id-meta":"","stick-header-meta":"","header-above-stick-meta":"","header-main-stick-meta":"","header-below-stick-meta":"","astra-migrate-meta-layouts":"set","ast-page-background-enabled":"default","ast-page-background-meta":{"desktop":{"background-color":"","background-image":"","background-repeat":"repeat","background-position":"center center","background-size":"auto","background-attachment":"scroll","background-type":"","background-media":"","overlay-type":"","overlay-color":"","overlay-opacity":"","overlay-gradient":""},"tablet":{"background-color":"","background-image":"","background-repeat":"repeat","background-position":"center center","background-size":"auto","background-attachment":"scroll","background-type":"","background-media":"","overlay-type":"","overlay-color":"","overlay-opacity":"","overlay-gradient":""},"mobile":{"background-color":"","background-image":"","background-repeat":"repeat","background-position":"center center","background-size":"auto","background-attachment":"scroll","background-type":"","background-media":"","overlay-type":"","overlay-color":"","overlay-opacity":"","overlay-gradient":""}},"ast-content-background-meta":{"desktop":{"background-color":"var(--ast-global-color-5)","background-image":"","background-repeat":"repeat","background-position":"center center","background-size":"auto","background-attachment":"scroll","background-type":"","background-media":"","overlay-type":"","overlay-color":"","overlay-opacity":"","overlay-gradient":""},"tablet":{"background-color":"var(--ast-global-color-5)","background-image":"","background-repeat":"repeat","background-position":"center center","background-size":"auto","background-attachment":"scroll","background-type":"","background-media":"","overlay-type":"","overlay-color":"","overlay-opacity":"","overlay-gradient":""},"mobile":{"background-color":"var(--ast-global-color-5)","background-image":"","background-repeat":"repeat","background-position":"center center","background-size":"auto","background-attachment":"scroll","background-type":"","background-media":"","overlay-type":"","overlay-color":"","overlay-opacity":"","overlay-gradient":""}},"footnotes":""},"class_list":["post-12770","page","type-page","status-publish","hentry"],"jetpack_sharing_enabled":true,"_links":{"self":[{"href":"https:\/\/hoodtrendspredict.com\/pt\/wp-json\/wp\/v2\/pages\/12770","targetHints":{"allow":["GET"]}}],"collection":[{"href":"https:\/\/hoodtrendspredict.com\/pt\/wp-json\/wp\/v2\/pages"}],"about":[{"href":"https:\/\/hoodtrendspredict.com\/pt\/wp-json\/wp\/v2\/types\/page"}],"author":[{"embeddable":true,"href":"https:\/\/hoodtrendspredict.com\/pt\/wp-json\/wp\/v2\/users\/1"}],"replies":[{"embeddable":true,"href":"https:\/\/hoodtrendspredict.com\/pt\/wp-json\/wp\/v2\/comments?post=12770"}],"version-history":[{"count":58,"href":"https:\/\/hoodtrendspredict.com\/pt\/wp-json\/wp\/v2\/pages\/12770\/revisions"}],"predecessor-version":[{"id":23805,"href":"https:\/\/hoodtrendspredict.com\/pt\/wp-json\/wp\/v2\/pages\/12770\/revisions\/23805"}],"wp:attachment":[{"href":"https:\/\/hoodtrendspredict.com\/pt\/wp-json\/wp\/v2\/media?parent=12770"}],"curies":[{"name":"wp","href":"https:\/\/api.w.org\/{rel}","templated":true}]}}