{"id":12776,"date":"2026-01-14T13:23:04","date_gmt":"2026-01-14T13:23:04","guid":{"rendered":"https:\/\/hoodtrendspredict.com\/rollover-prediction-for-today\/"},"modified":"2026-04-22T19:01:03","modified_gmt":"2026-04-22T18:01:03","slug":"rollover-prediction-for-today","status":"publish","type":"page","link":"https:\/\/hoodtrendspredict.com\/pt\/rollover-prediction-for-today\/","title":{"rendered":"Previs\u00e3o de Rollover para hoje"},"content":{"rendered":"<p><strong>Previs\u00f5es da Hoodtrends<\/strong> traz para voc\u00ea o mais confi\u00e1vel <strong>Previs\u00e3o de rollover para hoje<\/strong> \u2013 uma abordagem de apostas em futebol cuidadosamente estruturada, concebida para apostadores que procuram valor consistente em m\u00faltiplas sele\u00e7\u00f5es. <strong>dicas de rolamento<\/strong> Combinamos precis\u00e3o estat\u00edstica com conhecimento especializado para identificar oportunidades de baixo risco adequadas para estrat\u00e9gias de staking progressivas.<\/p>\n<h2>Escolhas de Rollover para hoje<\/h2>\n<table class=\"table table-striped\">\n<thead>\n<tr>\n<th scope=\"col\" style=\"width:10%\">Tempo<\/th>\n<th scope=\"col\" style=\"width:10%\" class=\"\">Liga<\/th>\n<th scope=\"col\" style=\"width:50%\" class=\"\">Corresponder<\/th>\n<th scope=\"col\" style=\"width:20%\" class=\"\">Dica<\/th>\n<th scope=\"col\" style=\"width:10%\">\n                                                                                            Chances\n                                                                                    <\/th>\n<\/tr>\n<\/thead>\n<tbody>\n<tr class=\"text-center\" data-jsone=\"\">\n<td onclick=\"if (!window.__cfRLUnblockHandlers) return false; window.location.href='https:\/\/focuspredict.com\/58447-f\/tammeka-vs-fc-levadia-tallinn'\" data-cf-modified-e5287e802b9a5b1659942f26-=\"\">\n                                                17:00<\/p>\n<\/td>\n<td class=\"\" onclick=\"if (!window.__cfRLUnblockHandlers) return false; window.location.href='https:\/\/focuspredict.com\/58447-f\/tammeka-vs-fc-levadia-tallinn'\" data-cf-modified-e5287e802b9a5b1659942f26-=\"\">\n                                                <span style=\"color: #0085f9 !important;\">Est\u00f4nia Meistriliiga<\/span><\/td>\n<td class=\"\" onclick=\"if (!window.__cfRLUnblockHandlers) return false; window.location.href='https:\/\/focuspredict.com\/58447-f\/tammeka-vs-fc-levadia-tallinn'\" data-cf-modified-e5287e802b9a5b1659942f26-=\"\">\n                                                Tammeka \u00a0 <strong>vs<\/strong><br \/>\n                                                \u00a0FC Levadia Tallinn<\/td>\n<td class=\"\" onclick=\"if (!window.__cfRLUnblockHandlers) return false; window.location.href='https:\/\/focuspredict.com\/58447-f\/tammeka-vs-fc-levadia-tallinn'\" data-cf-modified-e5287e802b9a5b1659942f26-=\"\">\n                                                <strong>Fora (2)<\/strong><\/td>\n<td class=\"score\" onclick=\"if (!window.__cfRLUnblockHandlers) return false; window.location.href='https:\/\/focuspredict.com\/58447-f\/tammeka-vs-fc-levadia-tallinn'\" data-cf-modified-e5287e802b9a5b1659942f26-=\"\">\n<p>                                                <span><br \/>\n                                                                                                                                                                        <span class=\"blue-tips\"> 1.27 <\/span><br \/>\n                                                                                                                                                            <\/span>\n                                            <\/td>\n<\/tr>\n<tr class=\"text-center\" data-jsone=\"\">\n<td onclick=\"if (!window.__cfRLUnblockHandlers) return false; window.location.href='https:\/\/focuspredict.com\/58390-f\/barcelona-vs-celta-vigo'\" data-cf-modified-e5287e802b9a5b1659942f26-=\"\">\n                                                20:30<\/p>\n<\/td>\n<td class=\"\" onclick=\"if (!window.__cfRLUnblockHandlers) return false; window.location.href='https:\/\/focuspredict.com\/58390-f\/barcelona-vs-celta-vigo'\" data-cf-modified-e5287e802b9a5b1659942f26-=\"\">\n                                                <span style=\"color: #0085f9 !important;\">La Liga espanhola<\/span><\/td>\n<td class=\"\" onclick=\"if (!window.__cfRLUnblockHandlers) return false; window.location.href='https:\/\/focuspredict.com\/58390-f\/barcelona-vs-celta-vigo'\" data-cf-modified-e5287e802b9a5b1659942f26-=\"\">\n                                                Barcelona \u00a0 <strong>vs<\/strong><br \/>\n                                                \u00a0Celta Vigo<\/td>\n<td class=\"\" onclick=\"if (!window.__cfRLUnblockHandlers) return false; window.location.href='https:\/\/focuspredict.com\/58390-f\/barcelona-vs-celta-vigo'\" data-cf-modified-e5287e802b9a5b1659942f26-=\"\">\n                                                <strong>P\u00e1gina inicial (1)<\/strong><\/td>\n<td class=\"score\" onclick=\"if (!window.__cfRLUnblockHandlers) return false; window.location.href='https:\/\/focuspredict.com\/58390-f\/barcelona-vs-celta-vigo'\" data-cf-modified-e5287e802b9a5b1659942f26-=\"\">\n<p>                                                <span><br \/>\n                                                                                                                                                                        <span class=\"blue-tips\"> 1.22 <\/span><br \/>\n                                                                                                                                                            <\/span>\n                                            <\/td>\n<\/tr>\n<\/tbody>\n<\/table>\n<h2>O que s\u00e3o previs\u00f5es de rollover?<\/h2>\n<p><strong>Previs\u00f5es de rollover<\/strong> Consiste em selecionar partidas de futebol com alta probabilidade estat\u00edstica e reinvestir os lucros em v\u00e1rios ciclos de apostas. Essa estrat\u00e9gia foca na consist\u00eancia e na sele\u00e7\u00e3o disciplinada de partidas, em vez de apostar em resultados isolados com odds elevadas. <strong>Previs\u00f5es da Hoodtrends<\/strong>, Somos especialistas em identificar instala\u00e7\u00f5es com fortes indicadores de dados que apoiam uma efic\u00e1cia <strong>apostas de rollover<\/strong>.<\/p>\n<p>Nossos analistas examinam a estabilidade da equipe, a consist\u00eancia na marca\u00e7\u00e3o de gols, a confiabilidade defensiva e as tend\u00eancias hist\u00f3ricas de desempenho para fornecer informa\u00e7\u00f5es precisas. <strong>previs\u00f5es de rollover precisas<\/strong>. Seja um jogo com grande favorito e que deve controlar a partida, ou um confronto com padr\u00f5es de pontua\u00e7\u00e3o previs\u00edveis, nosso sistema destaca as op\u00e7\u00f5es adequadas para progress\u00e3o no rollover.<\/p>\n<h2>As melhores dicas de rollover de hoje \u2013 Precis\u00e3o baseada em dados<\/h2>\n<p>Todo <strong>previs\u00e3o de rollover<\/strong> sobre <strong>HoodtrendsPredicts.com<\/strong> \u00e9 respaldado por uma an\u00e1lise de dados abrangente. N\u00e3o fazemos suposi\u00e7\u00f5es \u2013 calculamos. Nossos modelos com intelig\u00eancia artificial processam milhares de pontos de dados, incluindo <strong>m\u00e9tricas de probabilidade de gol<\/strong>, tend\u00eancias de desempenho da equipe, divis\u00e3o de desempenho em casa\/fora e forma recente para gerar sele\u00e7\u00f5es com a maior probabilidade de sucesso.<\/p>\n<p>Popular <strong>mercados de rolagem<\/strong> Nossas an\u00e1lises incluem vencedores de partidas, dupla chance, mais\/menos gols e outros resultados de baixa volatilidade. Nossa plataforma destaca op\u00e7\u00f5es que se alinham com estrat\u00e9gias de rollover de longo prazo com base na confian\u00e7a estat\u00edstica. Essa abordagem estruturada tornou poss\u00edvel... <strong>Previs\u00f5es da Hoodtrends<\/strong> uma fonte confi\u00e1vel para disciplina <strong>apostadores de rollover<\/strong>.<\/p>\n<h2>Previs\u00f5es de Rollover Gr\u00e1tis \u2013 Atualizadas Diariamente<\/h2>\n<p>Acesso a tudo <strong>Previs\u00f5es de rollover para hoje<\/strong> totalmente gr\u00e1tis em <strong>HoodtrendsPredicts.com<\/strong>. Nossa cobertura inclui ligas importantes como a <strong>Premier League<\/strong>, <strong>La Liga<\/strong>, <strong>S\u00e9rie A<\/strong>, <strong>Bundesliga<\/strong>, e <strong>Liga dos Campe\u00f5es da UEFA<\/strong>. Todas as sele\u00e7\u00f5es s\u00e3o atualizadas diariamente para refletir as condi\u00e7\u00f5es atuais da partida e as mudan\u00e7as estat\u00edsticas.<\/p>\n<div class=\"faq-section\">\n<h2>Perguntas frequentes<\/h2>\n<h3>O que \u00e9 uma previs\u00e3o de rollover em apostas de futebol?<\/h3>\n<p><strong>Apostas de rollover<\/strong> Consiste em fazer uma s\u00e9rie de apostas calculadas, onde os ganhos s\u00e3o reinvestidos em sele\u00e7\u00f5es subsequentes. O objetivo \u00e9 um crescimento constante da banca atrav\u00e9s de resultados de alta probabilidade.<\/p>\n<h3>Por que as previs\u00f5es de rollover s\u00e3o populares entre os apostadores estrat\u00e9gicos?<\/h3>\n<p><strong>Previs\u00f5es de rollover<\/strong> O foco est\u00e1 na consist\u00eancia e no risco controlado, em vez de grandes retornos isolados. Isso torna a estrat\u00e9gia atraente para apostadores que valorizam a gest\u00e3o estruturada da banca.<\/p>\n<h3>Como gerar previs\u00f5es de rollover?<\/h3>\n<p>Nosso <strong>dicas de rolamento<\/strong> S\u00e3o geradas usando algoritmos avan\u00e7ados que analisam a for\u00e7a da equipe, as tend\u00eancias de gols, a previsibilidade da partida e os dados hist\u00f3ricos de desempenho. Cada sele\u00e7\u00e3o \u00e9 verificada para atender a limites de probabilidade rigorosos.<\/p>\n<h3>Em quais ligas suas previs\u00f5es de rollover est\u00e3o inclu\u00eddas?<\/h3>\n<p>N\u00f3s fornecemos <strong>previs\u00f5es de rollover<\/strong> em todas as principais ligas de futebol do mundo, incluindo a Premier League, La Liga, Serie A, Bundesliga, Ligue 1, Eredivisie e competi\u00e7\u00f5es internacionais.<\/p>\n<h3>As previs\u00f5es de rollover s\u00e3o adequadas para iniciantes?<\/h3>\n<p><strong>Apostas de rollover<\/strong> \u00c9 ideal para iniciantes devido \u00e0 sua \u00eanfase em sele\u00e7\u00f5es de baixo risco e staking disciplinado. Nossas explica\u00e7\u00f5es claras ajudam os novos usu\u00e1rios a entender e aplicar a estrat\u00e9gia com efic\u00e1cia.<\/p>\n<\/div>\n<p><strong>Previs\u00f5es da Hoodtrends<\/strong> \u2013 Sua fonte confi\u00e1vel para <strong>Previs\u00e3o de rollover para hoje<\/strong>. An\u00e1lises mais inteligentes. Melhores resultados.<\/p>","protected":false},"excerpt":{"rendered":"<p>Hoodtrends Predicts brings you the most reliable Rollover prediction for today \u2013 a carefully structured football betting approach designed for punters who want sustained value [&hellip;]<\/p>\n","protected":false},"author":1,"featured_media":0,"parent":0,"menu_order":0,"comment_status":"closed","ping_status":"closed","template":"","meta":{"_monsterinsights_skip_tracking":false,"_monsterinsights_sitenote_active":false,"_monsterinsights_sitenote_note":"","_monsterinsights_sitenote_category":0,"site-sidebar-layout":"default","site-content-layout":"","ast-site-content-layout":"default","site-content-style":"default","site-sidebar-style":"default","ast-global-header-display":"","ast-banner-title-visibility":"","ast-main-header-display":"","ast-hfb-above-header-display":"","ast-hfb-below-header-display":"","ast-hfb-mobile-header-display":"","site-post-title":"","ast-breadcrumbs-content":"","ast-featured-img":"","footer-sml-layout":"","ast-disable-related-posts":"","theme-transparent-header-meta":"","adv-header-id-meta":"","stick-header-meta":"","header-above-stick-meta":"","header-main-stick-meta":"","header-below-stick-meta":"","astra-migrate-meta-layouts":"set","ast-page-background-enabled":"default","ast-page-background-meta":{"desktop":{"background-color":"","background-image":"","background-repeat":"repeat","background-position":"center center","background-size":"auto","background-attachment":"scroll","background-type":"","background-media":"","overlay-type":"","overlay-color":"","overlay-opacity":"","overlay-gradient":""},"tablet":{"background-color":"","background-image":"","background-repeat":"repeat","background-position":"center center","background-size":"auto","background-attachment":"scroll","background-type":"","background-media":"","overlay-type":"","overlay-color":"","overlay-opacity":"","overlay-gradient":""},"mobile":{"background-color":"","background-image":"","background-repeat":"repeat","background-position":"center center","background-size":"auto","background-attachment":"scroll","background-type":"","background-media":"","overlay-type":"","overlay-color":"","overlay-opacity":"","overlay-gradient":""}},"ast-content-background-meta":{"desktop":{"background-color":"var(--ast-global-color-5)","background-image":"","background-repeat":"repeat","background-position":"center center","background-size":"auto","background-attachment":"scroll","background-type":"","background-media":"","overlay-type":"","overlay-color":"","overlay-opacity":"","overlay-gradient":""},"tablet":{"background-color":"var(--ast-global-color-5)","background-image":"","background-repeat":"repeat","background-position":"center center","background-size":"auto","background-attachment":"scroll","background-type":"","background-media":"","overlay-type":"","overlay-color":"","overlay-opacity":"","overlay-gradient":""},"mobile":{"background-color":"var(--ast-global-color-5)","background-image":"","background-repeat":"repeat","background-position":"center center","background-size":"auto","background-attachment":"scroll","background-type":"","background-media":"","overlay-type":"","overlay-color":"","overlay-opacity":"","overlay-gradient":""}},"footnotes":""},"class_list":["post-12776","page","type-page","status-publish","hentry"],"jetpack_sharing_enabled":true,"_links":{"self":[{"href":"https:\/\/hoodtrendspredict.com\/pt\/wp-json\/wp\/v2\/pages\/12776","targetHints":{"allow":["GET"]}}],"collection":[{"href":"https:\/\/hoodtrendspredict.com\/pt\/wp-json\/wp\/v2\/pages"}],"about":[{"href":"https:\/\/hoodtrendspredict.com\/pt\/wp-json\/wp\/v2\/types\/page"}],"author":[{"embeddable":true,"href":"https:\/\/hoodtrendspredict.com\/pt\/wp-json\/wp\/v2\/users\/1"}],"replies":[{"embeddable":true,"href":"https:\/\/hoodtrendspredict.com\/pt\/wp-json\/wp\/v2\/comments?post=12776"}],"version-history":[{"count":46,"href":"https:\/\/hoodtrendspredict.com\/pt\/wp-json\/wp\/v2\/pages\/12776\/revisions"}],"predecessor-version":[{"id":23807,"href":"https:\/\/hoodtrendspredict.com\/pt\/wp-json\/wp\/v2\/pages\/12776\/revisions\/23807"}],"wp:attachment":[{"href":"https:\/\/hoodtrendspredict.com\/pt\/wp-json\/wp\/v2\/media?parent=12776"}],"curies":[{"name":"wp","href":"https:\/\/api.w.org\/{rel}","templated":true}]}}