{"id":12778,"date":"2026-01-14T13:24:04","date_gmt":"2026-01-14T13:24:04","guid":{"rendered":"https:\/\/hoodtrendspredict.com\/single-bet-predictions-for-today\/"},"modified":"2026-04-22T19:02:03","modified_gmt":"2026-04-22T18:02:03","slug":"single-bet-predictions-for-today","status":"publish","type":"page","link":"https:\/\/hoodtrendspredict.com\/pt\/single-bet-predictions-for-today\/","title":{"rendered":"Palpites de apostas simples para hoje"},"content":{"rendered":"<p><strong>HoodtrendsPredict<\/strong> traz para voc\u00ea o mais confi\u00e1vel <strong>Previs\u00f5es de apostas simples para hoje<\/strong> \u2013 Dicas de apostas diretas, elaboradas para apostadores que buscam sele\u00e7\u00f5es focadas e de alta confian\u00e7a. Nossas <strong>dicas de apostas simples<\/strong> Combinamos precis\u00e3o estat\u00edstica com conhecimento especializado para identificar partidas individuais em que os resultados podem ser previstos com precis\u00e3o.<\/p>\n<h2>Palpites de apostas simples para hoje<\/h2>\n<div class=\"px-0 col-lg-12 px-lg-3\">\n<div class=\"league-bar\">\n                                                                                                        <img decoding=\"async\" src=\"https:\/\/media.api-sports.io\/flags\/ee.svg\" class=\"\" style=\"height: 15px; width: 15px; background: white;\" alt=\"\"><br \/>\n                                                                                                    <span>Est\u00f4nia:<\/span><\/p>\n<p>Meistriliiga<\/p>\n<\/p><\/div>\n<p>                                                    <a data-link=\"https:\/\/www.victorspredict.com\/view-game\/58535?type=super-single\"><\/p>\n<style>\n    .betting-card {\n        border-radius: 0.25rem;\n        margin-bottom: 0.5rem;\n        background-color: #fff;\n        border: 1px solid rgba(0,0,0,0.1);\n        overflow: hidden;\n    }<\/p>\n<p>    .betting-card:hover {\n        border: 1px solid rgba(0,0,0,0.2);\n        box-shadow: 0 0 8px rgba(0,0,0,0.1);\n    }<\/p>\n<p>    .time-col {\n        color: #666;\n        font-weight: 500;\n        font-size: 12px;\n    }<\/p>\n<p>    .team-name {\n        font-weight: 500;\n        color: #000;\n        font-size: 13px;\n        white-space: nowrap;\n        overflow: hidden;\n        \/*text-overflow: ellipsis;*\/\n        margin-bottom: 3px;\n        padding-right: 8px;\n        text-align: left;\n    }<\/p>\n<p>    .team-section {\n        padding-left: 0;\n    }<\/p>\n<p>    .status-icon {\n        width: 20px;\n        height: 20px;\n        display: inline-flex;\n        align-items: center;\n        justify-content: center;\n        border-radius: 4px;\n        font-weight: 600;\n        \/*margin-right: 2px;*\/\n        font-size: 11px;\n    }<\/p>\n<p>    .status-d {\n        background-color: #e3aa00;\n        color: #fff;\n    }<\/p>\n<p>    .status-l {\n        background-color: #c50000;\n        color: #fff;\n    }<\/p>\n<p>    .status-w {\n        background-color: #007700;\n        color: #fff;\n    }<\/p>\n<p>    .status-unknown {\n        background-color: #969696;\n        color: #fff;\n    }<\/p>\n<p>    .vs-text {\n        font-weight: bold;\n        font-size: 15px;\n        line-height: 0.8;\n        color: #000!important;\n    }<\/p>\n<p>    .info-section {\n        background-color: #E6EBEA70;\n    }<\/p>\n<p>    .info-header {\n        font-size: 12px;\n        color: #666;\n        font-weight: 500;\n        text-transform: uppercase;\n    }<\/p>\n<p>    .odds {\n        font-weight: bold;\n        color: #000;\n        font-size: 13px;\n    }<\/p>\n<p>    .tip {\n        border: 1px solid #e3aa00;\n        color: #1E1E1E;\n        padding: 5px 15px;\n        border-radius: 20px;\n        font-weight: bold;\n        font-size: 12px;\n        \/*margin: 0 auto;*\/\n    }<\/p>\n<p>    .probability {\n        font-weight: bold;\n        color: #000;\n        font-size: 12px;\n    }<\/p>\n<p>    .bookmaker {\n        background: white;\n        border-radius: 20px;\n        padding: 7px 15px;\n        display: flex;\n        justify-content: center;\n        align-items: center;\n    }<\/p>\n<p>    .teams-row {\n        padding: 10px;\n    }<\/p>\n<p>    \/* On medium screen down *\/\n    @media (max-width: 1024px) {\n        .team-name-section {\n            padding-left: 0px !important;\n            padding-right: 0px !important;\n        }\n    }<\/p>\n<p>    \/* On medium screen down *\/\n    @media (max-width: 991px) {\n        .team-name-section {\n            padding-left: 0px !important;\n            padding-right: 0px !important;\n        }<\/p>\n<p>        .status-icon {\n            width: 18px;\n            height: 18px;\n            display: inline-flex;\n            align-items: center;\n            justify-content: center;\n            border-radius: 5px;\n            font-weight: 600;\n            \/*margin-right: 2px;*\/\n            font-size: 11px;\n        }<\/p>\n<p>        .info-header {\n            font-size: 10px;\n            color: #666;\n            font-weight: 500;\n            text-transform: uppercase;\n        }<\/p>\n<p>        .tip {\n            padding: 5px 8px;\n            border-radius: 20px;\n            font-weight: bold;\n            font-size: 12px;\n            \/*margin: 0 auto;*\/\n        }<\/p>\n<p>        .bookmaker {\n            background: white;\n            border-radius: 20px;\n            padding: 5px;\n        }\n        .bookmaker img {\n            min-height: 9px;\n        }\n        .vs-text {\n            font-weight: 600;\n            font-size: 13px;\n            line-height: 0.8;\n            white-space: nowrap;\n        }\n    }<\/p>\n<p>    \/* On small screen down *\/\n    @media (max-width: 428px) {\n        .result-col {\n            padding-left: 0px !important;\n        }\n    }\n    @media (max-width: 400px) {\n        .result-col {\n            padding-left: 10px !important;\n        }\n    }<\/p>\n<p>    \/* On small screen down *\/\n    @media (max-width: 320px) {\n        .status-icon {\n            width: 16px;\n            height: 16px;\n            display: inline-flex;\n            align-items: center;\n            justify-content: center;\n            border-radius: 5px;\n            font-weight: 600;\n            \/*margin-right: 2px;*\/\n            font-size: 10px;\n        }\n        .team-name {\n            font-weight: 600;\n            font-size: 12px;\n            margin-bottom: 2px!important;\n        }\n        .tip {\n            background-color: #FDBE11;\n            color: #1E1E1E;\n            padding: 4px 8px;\n            border-radius: 20px;\n            font-weight: bold;\n            font-size: 11px;\n            \/*margin: 0 auto;*\/\n        }\n    }<\/p>\n<\/style>\n<style>\n        .prediction.text-center span {\n            padding: 9px 14px;\n        }\n    <\/style>\n<div class=\"betting-card\">\n<div class=\"\">\n<div class=\"row no-gutters\">\n<div class=\"col-lg-5\">\n<div class=\"teams-row mt-lg-2\">\n<div class=\"row\">\n<div class=\"col-2 time-col d-flex align-items-center\">\n                                                            17:00\n                                                    <\/div>\n<div class=\"col-4 team-name-section bg-successx\">\n<div class=\"team-name\">\n                                <span class=\"d-none d-lg-block\"> Laagri <\/span><br \/>\n                                <span class=\"d-block d-lg-none\"> Laagri <\/span>\n                            <\/div>\n<div class=\"\">\n                                                                                                            <span class=\"status-icon status-w\">W<\/span><br \/>\n                                                                                                                                                <span class=\"status-icon status-w\">W<\/span><br \/>\n                                                                                                                                                <span class=\"status-icon status-l\">L<\/span><br \/>\n                                                                                                                                                <span class=\"status-icon status-l\">L<\/span><br \/>\n                                                                                                                                                <span class=\"status-icon status-w\">W<\/span>\n                                                                                                <\/div>\n<\/p><\/div>\n<div class=\"col-2 d-flex result-col align-items-center bg-dangerx\">\n<div class=\"vs-text\">\n                                \u2013<\/p>\n<p>                                                                \u2013<\/p><\/div>\n<\/p><\/div>\n<div class=\"col-4 team-name-section bg-successx\">\n<div class=\"team-name\">\n                                <span class=\"d-none d-lg-block\"> Pago <\/span><br \/>\n                                <span class=\"d-block d-lg-none\"> Pago <\/span>\n                            <\/div>\n<div>\n                                                                                                            <span class=\"status-icon status-w\">W<\/span><br \/>\n                                                                                                                                                <span class=\"status-icon status-w\">W<\/span><br \/>\n                                                                                                                                                <span class=\"status-icon status-w\">W<\/span><br \/>\n                                                                                                                                                <span class=\"status-icon status-w\">W<\/span><br \/>\n                                                                                                                                                <span class=\"status-icon status-d\">D<\/span>\n                                                                                                <\/div>\n<\/p><\/div>\n<\/p><\/div>\n<\/p><\/div>\n<\/p><\/div>\n<div class=\"col-lg-7 info-section\">\n<div class=\"col-12\">\n<div class=\"row text-center py-2\" style=\"background-color: #D9E1E0\">\n<div class=\"col-2\">\n<div class=\"info-header\">CHANCES<\/div>\n<\/p><\/div>\n<div class=\"col-4\">\n<div class=\"info-header\">PONTAS<\/div>\n<\/p><\/div>\n<div class=\"col-3\">\n<div class=\"info-header\">PROB. %<\/div>\n<\/p><\/div>\n<div class=\"col-3\">\n<div class=\"info-header\">BOOKMAN<\/div>\n<\/p><\/div>\n<\/p><\/div>\n<div class=\"row text-center py-2\">\n<div class=\"col-2\">\n<div class=\"odds\">\n                                                                                                            1.55\n                                                                                                <\/div>\n<\/p><\/div>\n<div class=\"col-4\">\n<div>\n                                <span class=\"tip\">Fora (2)<\/span>\n                            <\/div>\n<\/p><\/div>\n<div class=\"col-3\">\n<div class=\"probability\">64.52%<\/div>\n<\/p><\/div>\n<div class=\"col-3\">\n<div class=\"bookmaker\">\n<p>                                                                    <img decoding=\"async\" src=\"https:\/\/victorspredict.com\/admin\/images\/maker\/makergF4zkPLFbiU3wU3AmB5R2tC9Fe9sa7sSPTD9tLZlAk5ju66iyRzeur7ArT6d40412.png\" onclick=\"if (!window.__cfRLUnblockHandlers) return false; window.open('https:\/\/cutt.ly\/parivictors', '_blank')\" class=\"img-fluid\" style=\"\" alt=\"Agente de apostas\" data-cf-modified-dd035339200a1c7a2a705a04-=\"\">\n                                                            <\/div>\n<\/p><\/div>\n<\/p><\/div>\n<\/p><\/div>\n<\/p><\/div>\n<\/p><\/div>\n<\/p><\/div>\n<\/div>\n<p>                                                    <\/a><\/p><\/div>\n<h2>O que s\u00e3o previs\u00f5es de apostas simples?<\/h2>\n<p><strong>Previs\u00f5es de apostas simples<\/strong> Consiste em selecionar uma partida cuidadosamente analisada e apostar em um \u00fanico resultado. Essa abordagem de apostas oferece simplicidade e gerenciamento de risco focado. <strong>HoodtrendsPredict<\/strong>, Somos especialistas em identificar correspond\u00eancias com padr\u00f5es estat\u00edsticos claros que fazem <strong>aposta \u00fanica<\/strong> Uma escolha inteligente.<\/p>\n<p>Nossos analistas examinam o desempenho das equipes, o hist\u00f3rico de confrontos diretos, os fatores de motiva\u00e7\u00e3o e os confrontos t\u00e1ticos para fornecer uma an\u00e1lise precisa. <strong>previs\u00f5es precisas de apostas simples<\/strong>. Seja um favorito dominante jogando em casa ou um azar\u00e3o com pre\u00e7o atrativo e excelente desempenho recente, nosso sistema identifica as oportunidades individuais mais promissoras.<\/p>\n<h2>Melhores dicas de apostas simples de hoje \u2013 Precis\u00e3o baseada em dados<\/h2>\n<p>Todo <strong>previs\u00e3o de aposta \u00fanica<\/strong> sobre <strong>HoodtrendsPredict.com<\/strong> \u00e9 respaldado por uma an\u00e1lise de dados abrangente. N\u00e3o fazemos suposi\u00e7\u00f5es \u2013 calculamos. Nossos modelos com intelig\u00eancia artificial processam milhares de pontos de dados, incluindo <strong>probabilidades de resultado da partida<\/strong>, tend\u00eancias de desempenho da equipe, divis\u00f5es de desempenho em casa\/fora e forma recente para gerar previs\u00f5es com a maior probabilidade de sucesso.<\/p>\n<p>Popular <strong>mercados de apostas simples<\/strong> Nossas an\u00e1lises incluem vencedor da partida, dupla chance, mais\/menos gols e ambas as equipes marcam. Nossa plataforma destaca quais sele\u00e7\u00f5es oferecem o melhor valor com base nas probabilidades atuais e na probabilidade estat\u00edstica. Essa abordagem tornou-se... <strong>HoodtrendsPredict<\/strong> a fonte de refer\u00eancia para assuntos s\u00e9rios <strong>apostadores de apostas simples<\/strong>.<\/p>\n<h2>Palpites de apostas simples gr\u00e1tis \u2013 Atualizados diariamente<\/h2>\n<p>Acesso a tudo <strong>Previs\u00f5es de apostas simples para hoje<\/strong> totalmente gr\u00e1tis em <strong>HoodtrendsPredict.com<\/strong>. Nossas previs\u00f5es abrangem as principais ligas, incluindo a <strong>Premier League<\/strong>, <strong>La Liga<\/strong>, <strong>S\u00e9rie A<\/strong>, <strong>Bundesliga<\/strong>, e <strong>Liga dos Campe\u00f5es da UEFA<\/strong>. Cada dica \u00e9 atualizada em tempo real conforme as condi\u00e7\u00f5es da partida mudam, garantindo que voc\u00ea sempre tenha as informa\u00e7\u00f5es mais recentes.<\/p>\n<div class=\"faq-section\">\n<h2>Perguntas frequentes<\/h2>\n<h3>O que significa aposta simples em apostas de futebol?<\/h3>\n<p><strong>Aposta simples<\/strong> Significa apostar em um resultado espec\u00edfico de uma partida. Ao contr\u00e1rio das apostas acumuladas, sua aposta n\u00e3o depende de m\u00faltiplos resultados. Por exemplo, apostar na vit\u00f3ria do Manchester United \u00e9 uma aposta simples.<\/p>\n<h3>Por que as apostas simples s\u00e3o mais seguras do que as apostas acumuladas?<\/h3>\n<p><strong>Previs\u00f5es de apostas simples<\/strong> As apostas acumuladas apresentam menor risco, pois exigem apenas um resultado correto em vez de m\u00faltiplos. Embora as probabilidades sejam geralmente menores do que as das apostas acumuladas, a probabilidade de ganhar \u00e9 significativamente maior, tornando-as ideais para o crescimento consistente da banca.<\/p>\n<h3>Como gerar previs\u00f5es para apostas simples?<\/h3>\n<p>Nosso <strong>dicas de apostas simples<\/strong> S\u00e3o geradas usando algoritmos avan\u00e7ados que analisam dados de desempenho da equipe, resultados hist\u00f3ricos, forma atual e tend\u00eancias estat\u00edsticas. Cada previs\u00e3o passa por testes rigorosos antes da publica\u00e7\u00e3o para garantir o m\u00e1ximo potencial de sucesso.<\/p>\n<h3>Quais ligas suas previs\u00f5es de apostas simples abrangem?<\/h3>\n<p>N\u00f3s fornecemos <strong>previs\u00f5es de apostas simples<\/strong> para todas as principais ligas de futebol do mundo, incluindo a Premier League, La Liga, Serie A, Bundesliga, Ligue 1, Eredivisie e os principais torneios internacionais.<\/p>\n<h3>As previs\u00f5es de apostas simples s\u00e3o adequadas para iniciantes?<\/h3>\n<p>Absolutamente. <strong>Aposta simples<\/strong> \u00c9 a forma mais simples de apostas esportivas, sendo perfeita para iniciantes. Nossa plataforma apresenta as an\u00e1lises de forma clara, ajudando os novos apostadores a entenderem por que cada sele\u00e7\u00e3o tem valor, enquanto desenvolvem os fundamentos das apostas.<\/p>\n<\/div>\n<p><strong>HoodtrendsPredict<\/strong> \u2013 Sua fonte especializada para <strong>Previs\u00f5es de apostas simples para hoje<\/strong>. An\u00e1lises mais inteligentes. Melhores resultados.<\/p>","protected":false},"excerpt":{"rendered":"<p>HoodtrendsPredict brings you the most reliable single bet predictions for today \u2013 straightforward betting tips designed for punters who want focused, high-confidence selections. Our single [&hellip;]<\/p>\n","protected":false},"author":1,"featured_media":0,"parent":0,"menu_order":0,"comment_status":"closed","ping_status":"closed","template":"","meta":{"_monsterinsights_skip_tracking":false,"_monsterinsights_sitenote_active":false,"_monsterinsights_sitenote_note":"","_monsterinsights_sitenote_category":0,"site-sidebar-layout":"default","site-content-layout":"","ast-site-content-layout":"default","site-content-style":"default","site-sidebar-style":"default","ast-global-header-display":"","ast-banner-title-visibility":"","ast-main-header-display":"","ast-hfb-above-header-display":"","ast-hfb-below-header-display":"","ast-hfb-mobile-header-display":"","site-post-title":"","ast-breadcrumbs-content":"","ast-featured-img":"","footer-sml-layout":"","ast-disable-related-posts":"","theme-transparent-header-meta":"","adv-header-id-meta":"","stick-header-meta":"","header-above-stick-meta":"","header-main-stick-meta":"","header-below-stick-meta":"","astra-migrate-meta-layouts":"set","ast-page-background-enabled":"default","ast-page-background-meta":{"desktop":{"background-color":"","background-image":"","background-repeat":"repeat","background-position":"center center","background-size":"auto","background-attachment":"scroll","background-type":"","background-media":"","overlay-type":"","overlay-color":"","overlay-opacity":"","overlay-gradient":""},"tablet":{"background-color":"","background-image":"","background-repeat":"repeat","background-position":"center center","background-size":"auto","background-attachment":"scroll","background-type":"","background-media":"","overlay-type":"","overlay-color":"","overlay-opacity":"","overlay-gradient":""},"mobile":{"background-color":"","background-image":"","background-repeat":"repeat","background-position":"center center","background-size":"auto","background-attachment":"scroll","background-type":"","background-media":"","overlay-type":"","overlay-color":"","overlay-opacity":"","overlay-gradient":""}},"ast-content-background-meta":{"desktop":{"background-color":"var(--ast-global-color-5)","background-image":"","background-repeat":"repeat","background-position":"center center","background-size":"auto","background-attachment":"scroll","background-type":"","background-media":"","overlay-type":"","overlay-color":"","overlay-opacity":"","overlay-gradient":""},"tablet":{"background-color":"var(--ast-global-color-5)","background-image":"","background-repeat":"repeat","background-position":"center center","background-size":"auto","background-attachment":"scroll","background-type":"","background-media":"","overlay-type":"","overlay-color":"","overlay-opacity":"","overlay-gradient":""},"mobile":{"background-color":"var(--ast-global-color-5)","background-image":"","background-repeat":"repeat","background-position":"center center","background-size":"auto","background-attachment":"scroll","background-type":"","background-media":"","overlay-type":"","overlay-color":"","overlay-opacity":"","overlay-gradient":""}},"footnotes":""},"class_list":["post-12778","page","type-page","status-publish","hentry"],"jetpack_sharing_enabled":true,"_links":{"self":[{"href":"https:\/\/hoodtrendspredict.com\/pt\/wp-json\/wp\/v2\/pages\/12778","targetHints":{"allow":["GET"]}}],"collection":[{"href":"https:\/\/hoodtrendspredict.com\/pt\/wp-json\/wp\/v2\/pages"}],"about":[{"href":"https:\/\/hoodtrendspredict.com\/pt\/wp-json\/wp\/v2\/types\/page"}],"author":[{"embeddable":true,"href":"https:\/\/hoodtrendspredict.com\/pt\/wp-json\/wp\/v2\/users\/1"}],"replies":[{"embeddable":true,"href":"https:\/\/hoodtrendspredict.com\/pt\/wp-json\/wp\/v2\/comments?post=12778"}],"version-history":[{"count":39,"href":"https:\/\/hoodtrendspredict.com\/pt\/wp-json\/wp\/v2\/pages\/12778\/revisions"}],"predecessor-version":[{"id":23808,"href":"https:\/\/hoodtrendspredict.com\/pt\/wp-json\/wp\/v2\/pages\/12778\/revisions\/23808"}],"wp:attachment":[{"href":"https:\/\/hoodtrendspredict.com\/pt\/wp-json\/wp\/v2\/media?parent=12778"}],"curies":[{"name":"wp","href":"https:\/\/api.w.org\/{rel}","templated":true}]}}