{"id":12782,"date":"2026-01-14T13:26:05","date_gmt":"2026-01-14T13:26:05","guid":{"rendered":"https:\/\/hoodtrendspredict.com\/best-value-predictions-for-today\/"},"modified":"2026-01-18T23:57:32","modified_gmt":"2026-01-18T23:57:32","slug":"best-value-predictions-for-today","status":"publish","type":"page","link":"https:\/\/hoodtrendspredict.com\/pt\/best-value-predictions-for-today\/","title":{"rendered":"Melhores Previs\u00f5es de Valor para Hoje"},"content":{"rendered":"<p><strong>HoodtrendsPredict<\/strong> traz para voc\u00ea o mais confi\u00e1vel <strong>Melhores previs\u00f5es de valor para hoje<\/strong> \u2013 Dicas de apostas cuidadosamente selecionadas, elaboradas para apostadores que priorizam a qualidade em vez da quantidade. <strong>dicas valiosas<\/strong> Combinamos precis\u00e3o estat\u00edstica com conhecimento especializado para identificar partidas em que as probabilidades das casas de apostas n\u00e3o refletem a probabilidade real.<\/p>\n<h2>Melhores op\u00e7\u00f5es em termos de custo-benef\u00edcio para hoje.<\/h2>\n<div class=\"Card_card__pMaLR undefined\">\n<div class=\"OfferCard_container__n3v_1\">\n<div class=\"OfferCard_body__SXPCi OfferCard_body--default__JKXfp\">\n<div class=\"OfferCard_logoAndTitleWrapper__LmqKL\"><picture class=\"Image_picture__fByGQ\" data-testid=\"priority-false\"><\/picture>\n<h3 class=\"OfferCard_header__GZIbx\">SUPER 6 \u2013 200 MIL MAIS UM AUDI A5 PARA SER GANHADO \u2013 O L\u00cdDER DO M\u00caS GANHA O CARRO SE N\u00c3O FOR GANHADOR EM JANEIRO<\/h3>\n<\/div>\n<div class=\"OfferCard_ctaAndScoreContainer__wsY_T\"><span class=\"OfferCard_ctaText__bvpJm\" style=\"color:rgba(255,255,255)\">RECEBA A OFERTA<\/span><svg xmlns=\"http:\/\/www.w3.org\/2000\/svg\" width=\"17\" height=\"16\" viewbox=\"0 0 17 16\" fill=\"none\"><title>\u00cdcone de link externo<\/title><path d=\"M1.83334 14.6667V1.33333H8.82314V3.13605H3.63606V12.8639H13.364V7.67687H15.1667V14.6667H1.83334ZM6.88436 10.8741L5.62586 9.61564L12.1055 3.13605H10.1837V1.33333H15.1667V6.31632H13.364V4.39455L6.88436 10.8741Z\" fill=\"rgba(255,255,255)\"><\/path><\/svg><\/div>\n<\/div>\n<div class=\"OfferCard_footer__QfgH1\">\n<p class=\"OfferCard_termsAndConditions__LFkFY OfferCard_termsAndConditions--textColour__AAhyA\">Prazo final: 17 de janeiro, \u00e0s 15h. Jogue gr\u00e1tis. Aplicam-se os termos e condi\u00e7\u00f5es. Maiores de 18 anos.<\/p>\n<\/div>\n<\/div>\n<\/div>\n<h2>Quais s\u00e3o as melhores previs\u00f5es de valor?<\/h2>\n<p><strong>Previs\u00f5es de melhor valor<\/strong> Consiste em identificar oportunidades de apostas onde as probabilidades oferecidas s\u00e3o maiores do que a probabilidade real do resultado ocorrer. Este conceito \u00e9 fundamental para apostas lucrativas a longo prazo. <strong>HoodtrendsPredict<\/strong>, Somos especialistas em identificar correspond\u00eancias com padr\u00f5es estat\u00edsticos claros que revelam <strong>probabilidades com pre\u00e7os incorretos<\/strong> e valor genu\u00edno.<\/p>\n<p>Nossos analistas examinam a probabilidade esperada versus as probabilidades de mercado, dados hist\u00f3ricos de desempenho, fatores situacionais e inefici\u00eancias de mercado para fornecer informa\u00e7\u00f5es precisas. <strong>previs\u00f5es de valor precisas<\/strong>. Seja um favorito subestimado ou um azar\u00e3o cuidadosamente selecionado com excelente probabilidade de vit\u00f3ria, nosso sistema identifica as oportunidades de apostas de valor mais promissoras.<\/p>\n<h2>Dicas de melhor custo-benef\u00edcio de hoje \u2013 Precis\u00e3o baseada em dados<\/h2>\n<p>Todo <strong>previs\u00e3o de valor<\/strong> sobre <strong>HoodtrendsPredict.com<\/strong> \u00e9 respaldado por uma an\u00e1lise de dados abrangente. N\u00e3o fazemos suposi\u00e7\u00f5es \u2013 calculamos. Nossos modelos com intelig\u00eancia artificial processam milhares de pontos de dados, incluindo <strong>c\u00e1lculos de valor esperado<\/strong>, avalia\u00e7\u00f5es de probabilidade reais, divis\u00f5es de desempenho em casa\/fora e forma recente para gerar previs\u00f5es com o maior valor esperado positivo.<\/p>\n<p>Popular <strong>oportunidades de apostas de valor<\/strong> Nossas an\u00e1lises incluem favoritos subvalorizados, cen\u00e1rios de empate negligenciados, mercados de gols mal avaliados e vantagens situacionais. Nossa plataforma destaca quais sele\u00e7\u00f5es oferecem o melhor valor com base na diferen\u00e7a entre as odds reais e as odds das casas de apostas. Essa abordagem tornou-se... <strong>HoodtrendsPredict<\/strong> a fonte de refer\u00eancia para assuntos s\u00e9rios <strong>apostadores de valor<\/strong>.<\/p>\n<h2>Previs\u00f5es gratuitas com o melhor custo-benef\u00edcio \u2013 Atualizadas diariamente<\/h2>\n<p>Acesso a tudo <strong>Melhores previs\u00f5es de valor para hoje<\/strong> totalmente gr\u00e1tis em <strong>HoodtrendsPredict.com<\/strong>. Nossas previs\u00f5es abrangem as principais ligas, incluindo a <strong>Premier League<\/strong>, <strong>La Liga<\/strong>, <strong>S\u00e9rie A<\/strong>, <strong>Bundesliga<\/strong>, e <strong>Liga dos Campe\u00f5es da UEFA<\/strong>. Cada dica \u00e9 atualizada em tempo real conforme as condi\u00e7\u00f5es da partida mudam, garantindo que voc\u00ea sempre tenha as informa\u00e7\u00f5es mais recentes.<\/p>\n<div class=\"faq-section\">\n<h2>Perguntas frequentes<\/h2>\n<h3>O que significa apostar de valor no futebol?<\/h3>\n<p><strong>Apostas de valor<\/strong> Uma aposta de valor ocorre quando a probabilidade de um resultado \u00e9 maior do que a sugerida pelas odds da casa de apostas. Por exemplo, se uma equipe tem 60% de chance de ganhar (TP3T), mas as odds indicam apenas 50% de chance de ganhar (TP3T), essa \u00e9 uma aposta de valor.<\/p>\n<h3>Por que focar no valor em vez de apenas nos favoritos?<\/h3>\n<p><strong>Previs\u00f5es de valor<\/strong> Apostar consistentemente quando as probabilidades est\u00e3o a seu favor gera rentabilidade a longo prazo, pois isso produz retornos positivos ao longo do tempo. Apostar nos favoritos sem valor leva a perdas graduais, mesmo que as apostas individuais sejam vencedoras.<\/p>\n<h3>Como gerar previs\u00f5es de melhor valor?<\/h3>\n<p>Nosso <strong>dicas valiosas<\/strong> S\u00e3o geradas usando algoritmos avan\u00e7ados que calculam a probabilidade real de vit\u00f3ria, comparam-na com as probabilidades das casas de apostas, analisam o desempenho atual e identificam tend\u00eancias estat\u00edsticas. Cada previs\u00e3o passa por rigorosos testes de valor esperado antes da publica\u00e7\u00e3o.<\/p>\n<h3>Em quais ligas suas melhores previs\u00f5es de valor est\u00e3o inclu\u00eddas?<\/h3>\n<p>N\u00f3s fornecemos <strong>previs\u00f5es de valor<\/strong> para todas as principais ligas de futebol do mundo, incluindo a Premier League, La Liga, Serie A, Bundesliga, Ligue 1, Eredivisie e os principais torneios internacionais.<\/p>\n<h3>As previs\u00f5es de valor s\u00e3o adequadas para iniciantes?<\/h3>\n<p>Enquanto <strong>apostas de valor<\/strong> Embora seja necess\u00e1rio compreender conceitos de probabilidade, nossa plataforma simplifica a an\u00e1lise de forma clara. Iniciantes podem aprender os fundamentos do valor esperado, enquanto apostadores experientes podem usar nossos dados para criar estrat\u00e9gias de apostas sofisticadas.<\/p>\n<\/div>\n<p><strong>HoodtrendsPredict<\/strong> \u2013 Sua fonte especializada para <strong>Melhores previs\u00f5es de valor para hoje<\/strong>. An\u00e1lises mais inteligentes. Melhores resultados.<\/p>","protected":false},"excerpt":{"rendered":"<p>HoodtrendsPredict brings you the most reliable best value predictions for today \u2013 carefully selected betting tips designed for punters who prioritize quality over quantity. Our [&hellip;]<\/p>\n","protected":false},"author":1,"featured_media":0,"parent":0,"menu_order":0,"comment_status":"closed","ping_status":"closed","template":"","meta":{"_monsterinsights_skip_tracking":false,"_monsterinsights_sitenote_active":false,"_monsterinsights_sitenote_note":"","_monsterinsights_sitenote_category":0,"site-sidebar-layout":"default","site-content-layout":"","ast-site-content-layout":"default","site-content-style":"default","site-sidebar-style":"default","ast-global-header-display":"","ast-banner-title-visibility":"","ast-main-header-display":"","ast-hfb-above-header-display":"","ast-hfb-below-header-display":"","ast-hfb-mobile-header-display":"","site-post-title":"","ast-breadcrumbs-content":"","ast-featured-img":"","footer-sml-layout":"","ast-disable-related-posts":"","theme-transparent-header-meta":"","adv-header-id-meta":"","stick-header-meta":"","header-above-stick-meta":"","header-main-stick-meta":"","header-below-stick-meta":"","astra-migrate-meta-layouts":"set","ast-page-background-enabled":"default","ast-page-background-meta":{"desktop":{"background-color":"","background-image":"","background-repeat":"repeat","background-position":"center center","background-size":"auto","background-attachment":"scroll","background-type":"","background-media":"","overlay-type":"","overlay-color":"","overlay-opacity":"","overlay-gradient":""},"tablet":{"background-color":"","background-image":"","background-repeat":"repeat","background-position":"center center","background-size":"auto","background-attachment":"scroll","background-type":"","background-media":"","overlay-type":"","overlay-color":"","overlay-opacity":"","overlay-gradient":""},"mobile":{"background-color":"","background-image":"","background-repeat":"repeat","background-position":"center center","background-size":"auto","background-attachment":"scroll","background-type":"","background-media":"","overlay-type":"","overlay-color":"","overlay-opacity":"","overlay-gradient":""}},"ast-content-background-meta":{"desktop":{"background-color":"var(--ast-global-color-5)","background-image":"","background-repeat":"repeat","background-position":"center center","background-size":"auto","background-attachment":"scroll","background-type":"","background-media":"","overlay-type":"","overlay-color":"","overlay-opacity":"","overlay-gradient":""},"tablet":{"background-color":"var(--ast-global-color-5)","background-image":"","background-repeat":"repeat","background-position":"center center","background-size":"auto","background-attachment":"scroll","background-type":"","background-media":"","overlay-type":"","overlay-color":"","overlay-opacity":"","overlay-gradient":""},"mobile":{"background-color":"var(--ast-global-color-5)","background-image":"","background-repeat":"repeat","background-position":"center center","background-size":"auto","background-attachment":"scroll","background-type":"","background-media":"","overlay-type":"","overlay-color":"","overlay-opacity":"","overlay-gradient":""}},"footnotes":""},"class_list":["post-12782","page","type-page","status-publish","hentry"],"jetpack_sharing_enabled":true,"_links":{"self":[{"href":"https:\/\/hoodtrendspredict.com\/pt\/wp-json\/wp\/v2\/pages\/12782","targetHints":{"allow":["GET"]}}],"collection":[{"href":"https:\/\/hoodtrendspredict.com\/pt\/wp-json\/wp\/v2\/pages"}],"about":[{"href":"https:\/\/hoodtrendspredict.com\/pt\/wp-json\/wp\/v2\/types\/page"}],"author":[{"embeddable":true,"href":"https:\/\/hoodtrendspredict.com\/pt\/wp-json\/wp\/v2\/users\/1"}],"replies":[{"embeddable":true,"href":"https:\/\/hoodtrendspredict.com\/pt\/wp-json\/wp\/v2\/comments?post=12782"}],"version-history":[{"count":0,"href":"https:\/\/hoodtrendspredict.com\/pt\/wp-json\/wp\/v2\/pages\/12782\/revisions"}],"wp:attachment":[{"href":"https:\/\/hoodtrendspredict.com\/pt\/wp-json\/wp\/v2\/media?parent=12782"}],"curies":[{"name":"wp","href":"https:\/\/api.w.org\/{rel}","templated":true}]}}