{"id":12784,"date":"2026-01-14T13:27:04","date_gmt":"2026-01-14T13:27:04","guid":{"rendered":"https:\/\/hoodtrendspredict.com\/basketball-predictions-for-today\/"},"modified":"2026-04-22T19:06:02","modified_gmt":"2026-04-22T18:06:02","slug":"basketball-predictions-for-today","status":"publish","type":"page","link":"https:\/\/hoodtrendspredict.com\/pt\/basketball-predictions-for-today\/","title":{"rendered":"Previs\u00f5es de basquete para hoje"},"content":{"rendered":"<p><strong>HoodtrendsPredict<\/strong> \u00e9 o seu destino final para <strong>Previs\u00f5es de basquete para hoje<\/strong>. Seja voc\u00ea f\u00e3 da NBA, da Euroliga ou de torneios internacionais, nossa plataforma oferece tudo o que voc\u00ea precisa. <strong>dicas precisas de basquete<\/strong> Com base em an\u00e1lises avan\u00e7adas e conhecimento especializado, analisamos o desempenho das equipes, as estat\u00edsticas dos jogadores e o hist\u00f3rico de confrontos diretos em cada partida para oferecer previs\u00f5es confi\u00e1veis.<\/p>\n<h2>Previs\u00f5es de basquete para hoje<\/h2>\n<div class=\"row masonry-container\">\n<div class=\"col-xs-12 col-sm-6 col-md-4 col-lg-3 masonry-sizer\"><\/div>\n<div class=\"col-md-6 masonry-item\"><a href=\"https:\/\/www.basketballbets365.com\/predictions\/1346161\/minas-vs-cruzeiro\" title=\"Previs\u00e3o Minas - Cruzeiro\" rel=\"nofollow noopener\" target=\"_blank\"><\/p>\n<div class=\"detailbx not-correct\">\n<h4>Brasil: NBB<\/h4>\n<div class=\"d-li\">\n<ul>\n<li><span class=\"flag-icon flag-icon-br\"><\/span>\n<p>Minas <span>99<\/span><\/p>\n<\/li>\n<li><span class=\"flag-icon flag-icon-br\"><\/span>\n<p>Cruzeiro <span>94<\/span><\/p>\n<\/li>\n<\/ul>\n<\/div>\n<div class=\"timebx\">\n<p><i><\/i> Finalizado<\/p>\n<p><a href=\"https:\/\/www.basketballbets365.com\/predictions\/1346161\/minas-vs-cruzeiro\" data-toggle=\"tooltip\" data-placement=\"bottom\" class=\"btn\" title=\"handicap\" rel=\"nofollow noopener\" target=\"_blank\">1 -13.5<\/a><\/div>\n<\/div>\n<p><\/a><\/div>\n<div class=\"col-md-6 masonry-item\"><a href=\"https:\/\/www.basketballbets365.com\/predictions\/1345874\/boston-celtics-vs-philadelphia-76ers\" title=\"Previs\u00e3o: Boston Celtics - Philadelphia 76ers\" rel=\"nofollow noopener\" target=\"_blank\"><\/p>\n<div class=\"detailbx correct\">\n<h4>EUA: NBA<\/h4>\n<div class=\"d-li\">\n<ul>\n<li><span class=\"flag-icon flag-icon-us\"><\/span>\n<p>Boston Celtics <span>97<\/span><\/p>\n<\/li>\n<li><span class=\"flag-icon flag-icon-us\"><\/span>\n<p>Philadelphia 76ers <span>111<\/span><\/p>\n<\/li>\n<\/ul>\n<\/div>\n<div class=\"timebx\">\n<p><i><\/i> Finalizado<\/p>\n<p><a href=\"https:\/\/www.basketballbets365.com\/predictions\/1345874\/boston-celtics-vs-philadelphia-76ers\" data-toggle=\"tooltip\" data-placement=\"bottom\" class=\"btn btn-green\" title=\"pontos abaixo-acima\" rel=\"nofollow noopener\" target=\"_blank\">abaixo de 217,5<\/a><\/div>\n<\/div>\n<p><\/a><\/div>\n<div class=\"col-md-6 masonry-item\"><a href=\"https:\/\/www.basketballbets365.com\/predictions\/1346034\/paulistano-vs-bauru\" title=\"Previs\u00e3o Paulistano - Bauru\" rel=\"nofollow noopener\" target=\"_blank\"><\/p>\n<div class=\"detailbx not-correct\">\n<h4>Brasil: NBB<\/h4>\n<div class=\"d-li\">\n<ul>\n<li><span class=\"flag-icon flag-icon-br\"><\/span>\n<p>Paulistano <span>80<\/span><\/p>\n<\/li>\n<li><span class=\"flag-icon flag-icon-br\"><\/span>\n<p>Bauru <span>77<\/span><\/p>\n<\/li>\n<\/ul>\n<\/div>\n<div class=\"timebx\">\n<p><i><\/i> Finalizado<\/p>\n<p><a href=\"https:\/\/www.basketballbets365.com\/predictions\/1346034\/paulistano-vs-bauru\" data-toggle=\"tooltip\" data-placement=\"bottom\" class=\"btn\" title=\"handicap\" rel=\"nofollow noopener\" target=\"_blank\">1 -5.5<\/a><\/div>\n<\/div>\n<p><\/a><\/div>\n<div class=\"col-md-6 masonry-item\"><a href=\"https:\/\/www.basketballbets365.com\/predictions\/1345225\/san-antonio-spurs-vs-portland-trailblazers\" title=\"Previs\u00e3o: San Antonio Spurs - Portland Trail Blazers\" rel=\"nofollow noopener\" target=\"_blank\"><\/p>\n<div class=\"detailbx not-correct\">\n<h4>EUA: NBA<\/h4>\n<div class=\"d-li\">\n<ul>\n<li><span class=\"flag-icon flag-icon-us\"><\/span>\n<p>San Antonio Spurs <span>103<\/span><\/p>\n<\/li>\n<li><span class=\"flag-icon flag-icon-us\"><\/span>\n<p>Portland Trailblazers <span>106<\/span><\/p>\n<\/li>\n<\/ul>\n<\/div>\n<div class=\"timebx\">\n<p><i><\/i> Finalizado<\/p>\n<p><a href=\"https:\/\/www.basketballbets365.com\/predictions\/1345225\/san-antonio-spurs-vs-portland-trailblazers\" data-toggle=\"tooltip\" data-placement=\"bottom\" class=\"btn\" title=\"handicap\" rel=\"nofollow noopener\" target=\"_blank\">1 -11.5<\/a><\/div>\n<\/div>\n<p><\/a><\/div>\n<div class=\"col-md-6 masonry-item\"><a href=\"https:\/\/www.basketballbets365.com\/predictions\/1345924\/boca-juniors-vs-obras-sanitarias\" title=\"Progn\u00f3stico Boca Juniors - Obras Sanitarias\" rel=\"nofollow noopener\" target=\"_blank\"><\/p>\n<div class=\"detailbx correct\">\n<h4>Argentina: LNB<\/h4>\n<div class=\"d-li\">\n<ul>\n<li><span class=\"flag-icon flag-icon-ar\"><\/span>\n<p>Boca Juniors <span>87<\/span><\/p>\n<\/li>\n<li><span class=\"flag-icon flag-icon-ar\"><\/span>\n<p>Obras Sanit\u00e1rias <span>75<\/span><\/p>\n<\/li>\n<\/ul>\n<\/div>\n<div class=\"timebx\">\n<p><i><\/i> Finalizado<\/p>\n<p><a href=\"https:\/\/www.basketballbets365.com\/predictions\/1345924\/boca-juniors-vs-obras-sanitarias\" data-toggle=\"tooltip\" data-placement=\"bottom\" class=\"btn btn-green\" title=\"pontos abaixo-acima\" rel=\"nofollow noopener\" target=\"_blank\">mais de 159,5<\/a><\/div>\n<\/div>\n<p><\/a><\/div>\n<div class=\"col-md-6 masonry-item\"><a href=\"https:\/\/www.basketballbets365.com\/predictions\/1345506\/los-angeles-lakers-vs-houston-rockets\" title=\"Previs\u00e3o: Los Angeles Lakers - Houston Rockets\" rel=\"nofollow noopener\" target=\"_blank\"><\/p>\n<div class=\"detailbx not-correct\">\n<h4>EUA: NBA<\/h4>\n<div class=\"d-li\">\n<ul>\n<li><span class=\"flag-icon flag-icon-us\"><\/span>\n<p>Los Angeles Lakers <span>101<\/span><\/p>\n<\/li>\n<li><span class=\"flag-icon flag-icon-us\"><\/span>\n<p>Houston Rockets <span>94<\/span><\/p>\n<\/li>\n<\/ul>\n<\/div>\n<div class=\"timebx\">\n<p><i><\/i> Finalizado<\/p>\n<p><a href=\"https:\/\/www.basketballbets365.com\/predictions\/1345506\/los-angeles-lakers-vs-houston-rockets\" data-toggle=\"tooltip\" data-placement=\"bottom\" class=\"btn\" title=\"pontos abaixo-acima\" rel=\"nofollow noopener\" target=\"_blank\">mais de 206,5<\/a><\/div>\n<\/div>\n<p><\/a><\/div>\n<div class=\"col-md-6 masonry-item\"><a href=\"https:\/\/www.basketballbets365.com\/predictions\/1345710\/peristeri-vs-aris-thessalonika\" title=\"Progn\u00f3stico Peristeri - Aris Thessalonika\" rel=\"nofollow noopener\" target=\"_blank\"><\/p>\n<div class=\"detailbx not-correct\">\n<h4>Gr\u00e9cia: Liga de Basquete<\/h4>\n<div class=\"d-li\">\n<ul>\n<li><span class=\"flag-icon flag-icon-gr\"><\/span>\n<p>Peristeri <span>78<\/span><\/p>\n<\/li>\n<li><span class=\"flag-icon flag-icon-gr\"><\/span>\n<p>Aris Tessal\u00f4nica <span>75<\/span><\/p>\n<\/li>\n<\/ul>\n<\/div>\n<div class=\"timebx\">\n<p><i><\/i> Finalizado<\/p>\n<p><a href=\"https:\/\/www.basketballbets365.com\/predictions\/1345710\/peristeri-vs-aris-thessalonika\" data-toggle=\"tooltip\" data-placement=\"bottom\" class=\"btn\" title=\"bidirecional\" rel=\"nofollow noopener\" target=\"_blank\">2<\/a><\/div>\n<\/div>\n<p><\/a><\/div>\n<div class=\"col-md-6 masonry-item\"><a href=\"https:\/\/www.basketballbets365.com\/predictions\/1346301\/bc-lietuvos-rytas-vs-bc-jonava\" title=\"Progn\u00f3stico BC Lietuvos Rytas - BC Jonava\" rel=\"nofollow noopener\" target=\"_blank\"><\/p>\n<div class=\"detailbx correct\">\n<h4>Litu\u00e2nia: LKL<\/h4>\n<div class=\"d-li\">\n<ul>\n<li><span class=\"flag-icon flag-icon-lt\"><\/span>\n<p>BC Lietuvos Rytas <span>98<\/span><\/p>\n<\/li>\n<li><span class=\"flag-icon flag-icon-lt\"><\/span>\n<p>BC Jonava <span>81<\/span><\/p>\n<\/li>\n<\/ul>\n<\/div>\n<div class=\"timebx\">\n<p><i><\/i> Finalizado<\/p>\n<p><a href=\"https:\/\/www.basketballbets365.com\/predictions\/1346301\/bc-lietuvos-rytas-vs-bc-jonava\" data-toggle=\"tooltip\" data-placement=\"bottom\" class=\"btn btn-green\" title=\"pontos abaixo-acima\" rel=\"nofollow noopener\" target=\"_blank\">mais de 178,5<\/a><\/div>\n<\/div>\n<p><\/a><\/div>\n<div class=\"col-md-6 masonry-item\"><a href=\"https:\/\/www.basketballbets365.com\/predictions\/1346302\/zalgiris-kaunas-vs-gargzdai\" title=\"Progn\u00f3stico Zalgiris Kaunas - Gargzdai\" rel=\"nofollow noopener\" target=\"_blank\"><\/p>\n<div class=\"detailbx waiting\">\n<h4>Litu\u00e2nia: LKL<\/h4>\n<div class=\"d-li\">\n<ul>\n<li><span class=\"flag-icon flag-icon-lt\"><\/span>\n<p>Zalgiris Kaunas <span>\u2013<\/span><\/p>\n<\/li>\n<li><span class=\"flag-icon flag-icon-lt\"><\/span>\n<p>Gargzdai <span>\u2013<\/span><\/p>\n<\/li>\n<\/ul>\n<\/div>\n<div class=\"timebx\">\n<p><i><\/i> 19:50<\/p>\n<p><a href=\"https:\/\/www.basketballbets365.com\/predictions\/1346302\/zalgiris-kaunas-vs-gargzdai\" data-toggle=\"tooltip\" data-placement=\"bottom\" class=\"btn btn-dark\" title=\"pontos abaixo-acima\" rel=\"nofollow noopener\" target=\"_blank\">abaixo de 165,5<\/a><\/div>\n<\/div>\n<p><\/a><\/div>\n<div class=\"col-md-6 masonry-item\"><a href=\"https:\/\/www.basketballbets365.com\/predictions\/1346130\/nh-ostrava-vs-olomouc\" title=\"Progn\u00f3stico NH Ostrava - Olomouc\" rel=\"nofollow noopener\" target=\"_blank\"><\/p>\n<div class=\"detailbx waiting\">\n<h4>Rep\u00fablica Tcheca: NBL<\/h4>\n<div class=\"d-li\">\n<ul>\n<li><span class=\"flag-icon flag-icon-cz\"><\/span>\n<p>NH Ostrava <span>\u2013<\/span><\/p>\n<\/li>\n<li><span class=\"flag-icon flag-icon-cz\"><\/span>\n<p>Olomouc <span>\u2013<\/span><\/p>\n<\/li>\n<\/ul>\n<\/div>\n<div class=\"timebx\">\n<p><i><\/i> 20:00<\/p>\n<p><a href=\"https:\/\/www.basketballbets365.com\/predictions\/1346130\/nh-ostrava-vs-olomouc\" data-toggle=\"tooltip\" data-placement=\"bottom\" class=\"btn btn-dark\" title=\"pontos abaixo-acima\" rel=\"nofollow noopener\" target=\"_blank\">abaixo de 169,5<\/a><\/div>\n<\/div>\n<p><\/a><\/div>\n<div class=\"col-md-6 masonry-item\"><a href=\"https:\/\/www.basketballbets365.com\/predictions\/1346151\/unics-kazan-vs-nizhny-novgorod\" title=\"Progn\u00f3stico Unics Kazan - Nizhny Novgorod\" rel=\"nofollow noopener\" target=\"_blank\"><\/p>\n<div class=\"detailbx waiting\">\n<h4>Internacional: VTB<\/h4>\n<div class=\"d-li\">\n<ul>\n<li><span class=\"flag-icon flag-icon-wd\"><\/span>\n<p>Unics Kazan <span>\u2013<\/span><\/p>\n<\/li>\n<li><span class=\"flag-icon flag-icon-wd\"><\/span>\n<p>Nizhny Novgorod <span>\u2013<\/span><\/p>\n<\/li>\n<\/ul>\n<\/div>\n<div class=\"timebx\">\n<p><i><\/i> 20:00<\/p>\n<p><a href=\"https:\/\/www.basketballbets365.com\/predictions\/1346151\/unics-kazan-vs-nizhny-novgorod\" data-toggle=\"tooltip\" data-placement=\"bottom\" class=\"btn btn-dark\" title=\"pontos abaixo-acima\" rel=\"nofollow noopener\" target=\"_blank\">mais de 167,5<\/a><\/div>\n<\/div>\n<p><\/a><\/div>\n<div class=\"col-md-6 masonry-item\"><a href=\"https:\/\/www.basketballbets365.com\/predictions\/1345518\/paok-vs-bilbao-basket\" title=\"Progn\u00f3stico PAOK - Bilbao Basket\" rel=\"nofollow noopener\" target=\"_blank\"><\/p>\n<div class=\"detailbx waiting\">\n<h4>Internacional: Copa da Europa<\/h4>\n<div class=\"d-li\">\n<ul>\n<li><span class=\"flag-icon flag-icon-wd\"><\/span>\n<p>PAOK <span>\u2013<\/span><\/p>\n<\/li>\n<li><span class=\"flag-icon flag-icon-wd\"><\/span>\n<p>Bilbao Basket <span>\u2013<\/span><\/p>\n<\/li>\n<\/ul>\n<\/div>\n<div class=\"timebx\">\n<p><i><\/i> 20:15<\/p>\n<p><a href=\"https:\/\/www.basketballbets365.com\/predictions\/1345518\/paok-vs-bilbao-basket\" data-toggle=\"tooltip\" data-placement=\"bottom\" class=\"btn btn-dark\" title=\"handicap\" rel=\"nofollow noopener\" target=\"_blank\">2 4.5<\/a><\/div>\n<\/div>\n<p><\/a><\/div>\n<div class=\"col-md-6 masonry-item\"><a href=\"https:\/\/www.basketballbets365.com\/predictions\/1345748\/zenit-saint-petersburg-vs-cska-moscow\" title=\"Previs\u00e3o Zenit S\u00e3o Petersburgo - CSKA Moscou\" rel=\"nofollow noopener\" target=\"_blank\"><\/p>\n<div class=\"detailbx waiting\">\n<h4>Internacional: VTB<\/h4>\n<div class=\"d-li\">\n<ul>\n<li><span class=\"flag-icon flag-icon-wd\"><\/span>\n<p>Zenit S\u00e3o Petersburgo <span>\u2013<\/span><\/p>\n<\/li>\n<li><span class=\"flag-icon flag-icon-wd\"><\/span>\n<p>CSKA Moscou <span>\u2013<\/span><\/p>\n<\/li>\n<\/ul>\n<\/div>\n<div class=\"timebx\">\n<p><i><\/i> 20:30<\/p>\n<p><a href=\"https:\/\/www.basketballbets365.com\/predictions\/1345748\/zenit-saint-petersburg-vs-cska-moscow\" data-toggle=\"tooltip\" data-placement=\"bottom\" class=\"btn btn-dark\" title=\"bidirecional\" rel=\"nofollow noopener\" target=\"_blank\">2<\/a><\/div>\n<\/div>\n<p><\/a><\/div>\n<div class=\"col-md-6 masonry-item\"><a href=\"https:\/\/www.basketballbets365.com\/predictions\/1346293\/ratiopharm-ulm-vs-alba-berlin\" title=\"Previs\u00e3o Ratiopharm Ulm - Alba Berlin\" rel=\"nofollow noopener\" target=\"_blank\"><\/p>\n<div class=\"detailbx waiting\">\n<h4>Alemanha: BBL<\/h4>\n<div class=\"d-li\">\n<ul>\n<li><span class=\"flag-icon flag-icon-de\"><\/span>\n<p>Ratiopharm Ulm <span>\u2013<\/span><\/p>\n<\/li>\n<li><span class=\"flag-icon flag-icon-de\"><\/span>\n<p>Alba Berlim <span>\u2013<\/span><\/p>\n<\/li>\n<\/ul>\n<\/div>\n<div class=\"timebx\">\n<p><i><\/i> 20:30<\/p>\n<p><a href=\"https:\/\/www.basketballbets365.com\/predictions\/1346293\/ratiopharm-ulm-vs-alba-berlin\" data-toggle=\"tooltip\" data-placement=\"bottom\" class=\"btn btn-dark\" title=\"bidirecional\" rel=\"nofollow noopener\" target=\"_blank\">1<\/a><\/div>\n<\/div>\n<p><\/a><\/div>\n<div class=\"col-md-6 masonry-item\"><a href=\"https:\/\/www.basketballbets365.com\/predictions\/1346155\/allianz-swans-gmunden-vs-oberwart-gunners\" title=\"Progn\u00f3stico Allianz Swans Gmunden - Oberwart Gunners\" rel=\"nofollow noopener\" target=\"_blank\"><\/p>\n<div class=\"detailbx waiting\">\n<h4>\u00c1ustria: Liga dos Almirantes<\/h4>\n<div class=\"d-li\">\n<ul>\n<li><span class=\"flag-icon flag-icon-at\"><\/span>\n<p>Allianz Swans Gmunden <span>\u2013<\/span><\/p>\n<\/li>\n<li><span class=\"flag-icon flag-icon-at\"><\/span>\n<p>Artilheiros de Oberwart <span>\u2013<\/span><\/p>\n<\/li>\n<\/ul>\n<\/div>\n<div class=\"timebx\">\n<p><i><\/i> 21:00<\/p>\n<p><a href=\"https:\/\/www.basketballbets365.com\/predictions\/1346155\/allianz-swans-gmunden-vs-oberwart-gunners\" data-toggle=\"tooltip\" data-placement=\"bottom\" class=\"btn btn-dark\" title=\"pontos abaixo-acima\" rel=\"nofollow noopener\" target=\"_blank\">abaixo de 165,5<\/a><\/div>\n<\/div>\n<p><\/a><\/div>\n<div class=\"col-md-6 masonry-item\"><a href=\"https:\/\/www.basketballbets365.com\/predictions\/1346157\/arkadia-traiskirchen-lions-vs-kapfenberg-bulls\" title=\"Progn\u00f3stico Arkadia Traiskirchen Lions - Kapfenberg Bulls\" rel=\"nofollow noopener\" target=\"_blank\"><\/p>\n<div class=\"detailbx waiting\">\n<h4>\u00c1ustria: Liga dos Almirantes<\/h4>\n<div class=\"d-li\">\n<ul>\n<li><span class=\"flag-icon flag-icon-at\"><\/span>\n<p>Arkadia Traiskirchen L \u2026 <span>\u2013<\/span><\/p>\n<\/li>\n<li><span class=\"flag-icon flag-icon-at\"><\/span>\n<p>Touros de Kapfenberg <span>\u2013<\/span><\/p>\n<\/li>\n<\/ul>\n<\/div>\n<div class=\"timebx\">\n<p><i><\/i> 21:00<\/p>\n<p><a href=\"https:\/\/www.basketballbets365.com\/predictions\/1346157\/arkadia-traiskirchen-lions-vs-kapfenberg-bulls\" data-toggle=\"tooltip\" data-placement=\"bottom\" class=\"btn btn-dark\" title=\"bidirecional\" rel=\"nofollow noopener\" target=\"_blank\">2<\/a><\/div>\n<\/div>\n<p><\/a><\/div>\n<div class=\"col-md-6 masonry-item\"><a href=\"https:\/\/www.basketballbets365.com\/predictions\/1344777\/besiktas-vs-bourg\" title=\"Previs\u00e3o Besiktas - Bourg\" rel=\"nofollow noopener\" target=\"_blank\"><\/p>\n<div class=\"detailbx waiting\">\n<h4>Internacional: Eurocopa<\/h4>\n<div class=\"d-li\">\n<ul>\n<li><span class=\"flag-icon flag-icon-wd\"><\/span>\n<p>Besiktas <span>\u2013<\/span><\/p>\n<\/li>\n<li><span class=\"flag-icon flag-icon-wd\"><\/span>\n<p>Bourg <span>\u2013<\/span><\/p>\n<\/li>\n<\/ul>\n<\/div>\n<div class=\"timebx\">\n<p><i><\/i> 21:00<\/p>\n<p><a href=\"https:\/\/www.basketballbets365.com\/predictions\/1344777\/besiktas-vs-bourg\" data-toggle=\"tooltip\" data-placement=\"bottom\" class=\"btn btn-dark\" title=\"pontos abaixo-acima\" rel=\"nofollow noopener\" target=\"_blank\">abaixo de 167,5<\/a><\/div>\n<\/div>\n<p><\/a><\/div>\n<div class=\"col-md-6 masonry-item\"><a href=\"https:\/\/www.basketballbets365.com\/predictions\/1346292\/hamburg-towers-vs-rostock\" title=\"Previs\u00e3o das Torres de Hamburgo - Rostock\" rel=\"nofollow noopener\" target=\"_blank\"><\/p>\n<div class=\"detailbx waiting\">\n<h4>Alemanha: BBL<\/h4>\n<div class=\"d-li\">\n<ul>\n<li><span class=\"flag-icon flag-icon-de\"><\/span>\n<p>Torres de Hamburgo <span>\u2013<\/span><\/p>\n<\/li>\n<li><span class=\"flag-icon flag-icon-de\"><\/span>\n<p>Rostock <span>\u2013<\/span><\/p>\n<\/li>\n<\/ul>\n<\/div>\n<div class=\"timebx\">\n<p><i><\/i> 22:00<\/p>\n<p><a href=\"https:\/\/www.basketballbets365.com\/predictions\/1346292\/hamburg-towers-vs-rostock\" data-toggle=\"tooltip\" data-placement=\"bottom\" class=\"btn btn-dark\" title=\"pontos abaixo-acima\" rel=\"nofollow noopener\" target=\"_blank\">mais de 171,5<\/a><\/div>\n<\/div>\n<p><\/a><\/div>\n<\/div>\n<h2>Previs\u00f5es de basquete de hoje \u2013 Palpites de especialistas em que voc\u00ea pode confiar.<\/h2>\n<p>No <strong>HoodtrendsPredict<\/strong>, N\u00e3o nos baseamos em palpites. <strong>Previs\u00f5es de basquete para hoje<\/strong> s\u00e3o gerados por meio de uma poderosa combina\u00e7\u00e3o de <strong>algoritmos baseados em IA<\/strong> e an\u00e1lises de especialistas experientes. Acompanhamos tudo, desde percentuais de arremesso e \u00edndices defensivos at\u00e9 relat\u00f3rios de les\u00f5es e cronogramas de viagens. Essa abordagem abrangente garante que cada dica que publicamos tenha sido minuciosamente verificada quanto \u00e0 precis\u00e3o.<\/p>\n<p>Nossa cobertura abrange as principais ligas de basquete do mundo, incluindo a <strong>NBA<\/strong>, <strong>NCAA<\/strong>, <strong>Euroliga<\/strong>, <strong>Liga ACB<\/strong>, e <strong>NBL australiano<\/strong>. N\u00e3o importa qual liga voc\u00ea acompanhe, <strong>HoodtrendsPredict<\/strong> Fornece previs\u00f5es atualizadas diariamente com informa\u00e7\u00f5es em tempo real para lhe dar uma vantagem vencedora.<\/p>\n<h2>Por que escolher o HoodtrendsPredict para dicas de basquete?<\/h2>\n<p>Milhares de f\u00e3s e analistas de basquete escolhem <strong>HoodtrendsPredict<\/strong> Porque entregamos resultados. Nossa plataforma se destaca por meio de <strong>precis\u00e3o baseada em dados<\/strong>, Oferecemos previs\u00f5es para apostas em spreads de pontos, totais (acima\/abaixo), moneyline e apostas em jogadores. Atualizamos nossas previs\u00f5es em tempo real conforme novas informa\u00e7\u00f5es s\u00e3o disponibilizadas, incluindo mudan\u00e7as de \u00faltima hora nas escala\u00e7\u00f5es e atualiza\u00e7\u00f5es sobre les\u00f5es.<\/p>\n<p>Se voc\u00ea est\u00e1 pesquisando <strong>jogos da NBA de hoje \u00e0 noite<\/strong> ou para planejar com anteced\u00eancia os jogos do fim de semana, nosso sistema oferece <strong>Previs\u00f5es de basquete com alta confian\u00e7a<\/strong> que te ajudam a tomar decis\u00f5es informadas. Desde confrontos da temporada regular at\u00e9 jogos decisivos dos playoffs, <strong>HoodtrendsPredict<\/strong> Tem para voc\u00ea as dicas de basquete mais confi\u00e1veis online.<\/p>\n<h2>Previs\u00f5es di\u00e1rias gratuitas de basquete \u2013 Sem taxas ocultas<\/h2>\n<p>Todos <strong>previs\u00f5es de basquete<\/strong> sobre <strong>HoodtrendsPredict.com<\/strong> O acesso \u00e9 totalmente gratuito. N\u00e3o h\u00e1 assinaturas, paywalls ou custos ocultos. Acreditamos que todos merecem ter acesso a an\u00e1lises esportivas de qualidade, e \u00e9 por isso que nosso conte\u00fado \u00e9 t\u00e3o acess\u00edvel. <strong>dicas de basquete de especialistas<\/strong> Est\u00e3o dispon\u00edveis para todos os usu\u00e1rios, sem limites. Basta visitar nossa p\u00e1gina de palpites de basquete diariamente para ver as \u00faltimas previs\u00f5es para os jogos de hoje.<\/p>\n<div class=\"faq-section\">\n<h2>Perguntas frequentes<\/h2>\n<h3>Quais ligas de basquete voc\u00ea cobre?<\/h3>\n<p>N\u00f3s fornecemos <strong>previs\u00f5es de basquete<\/strong> Nossa cobertura abrange todas as principais ligas do mundo, incluindo NBA, NCAA, Euroliga, Liga ACB, Liga Turca (BSL), Liga VTB United e Liga Australiana (NBL). Tamb\u00e9m cobrimos torneios internacionais e amistosos.<\/p>\n<h3>Qu\u00e3o precisas s\u00e3o suas previs\u00f5es para jogos de basquete?<\/h3>\n<p>Nosso <strong>dicas de basquete<\/strong> s\u00e3o alimentados por modelos estat\u00edsticos avan\u00e7ados que analisam o desempenho da equipe, as m\u00e9tricas dos jogadores, dados hist\u00f3ricos e a forma atual. Embora nenhum sistema de previs\u00e3o seja perfeito, nossa abordagem baseada em dados oferece resultados consistentes. <strong>resultados de alta probabilidade<\/strong> que os usu\u00e1rios confiam.<\/p>\n<h3>Quando as previs\u00f5es de basquete de hoje s\u00e3o atualizadas?<\/h3>\n<p>Atualiza\u00e7\u00f5es do nosso sistema <strong>Previs\u00f5es de basquete para hoje<\/strong> Em tempo real. Assim que novas estat\u00edsticas, relat\u00f3rios de les\u00f5es ou confirma\u00e7\u00f5es de escala\u00e7\u00e3o ficam dispon\u00edveis, nossos modelos s\u00e3o atualizados automaticamente para fornecer as dicas mais recentes e precisas.<\/p>\n<h3>As suas previs\u00f5es de basquetebol s\u00e3o gratuitas?<\/h3>\n<p>Sim, todos. <strong>previs\u00f5es de basquete<\/strong> O conte\u00fado do HoodtrendsPredict.com \u00e9 100% gratuito. Voc\u00ea pode acessar todas as dicas, an\u00e1lises e insights sem precisar assinar ou pagar nada.<\/p>\n<h3>Voc\u00eas fornecem palpites para a NBA?<\/h3>\n<p>Com certeza. O <strong>NBA<\/strong> \u00e9 um dos nossos principais focos. Oferecemos previs\u00f5es di\u00e1rias para todos os jogos da NBA, incluindo spreads de pontos, totais de pontos (over\/under) e palpites de moneyline ao longo da temporada regular e dos playoffs.<\/p>\n<\/div>\n<p><strong>HoodtrendsPredict<\/strong> \u2013 Sua fonte confi\u00e1vel para <strong>Previs\u00f5es de basquete para hoje<\/strong>. Fa\u00e7a previs\u00f5es mais inteligentes. Ganhe mais.<\/p>","protected":false},"excerpt":{"rendered":"<p>HoodtrendsPredict is your ultimate destination for basketball predictions for today. Whether you&#8217;re following the NBA, EuroLeague, or international tournaments, our platform delivers accurate basketball tips [&hellip;]<\/p>\n","protected":false},"author":1,"featured_media":0,"parent":0,"menu_order":0,"comment_status":"closed","ping_status":"closed","template":"","meta":{"_monsterinsights_skip_tracking":false,"_monsterinsights_sitenote_active":false,"_monsterinsights_sitenote_note":"","_monsterinsights_sitenote_category":0,"site-sidebar-layout":"default","site-content-layout":"","ast-site-content-layout":"default","site-content-style":"default","site-sidebar-style":"default","ast-global-header-display":"","ast-banner-title-visibility":"","ast-main-header-display":"","ast-hfb-above-header-display":"","ast-hfb-below-header-display":"","ast-hfb-mobile-header-display":"","site-post-title":"","ast-breadcrumbs-content":"","ast-featured-img":"","footer-sml-layout":"","ast-disable-related-posts":"","theme-transparent-header-meta":"","adv-header-id-meta":"","stick-header-meta":"","header-above-stick-meta":"","header-main-stick-meta":"","header-below-stick-meta":"","astra-migrate-meta-layouts":"set","ast-page-background-enabled":"default","ast-page-background-meta":{"desktop":{"background-color":"","background-image":"","background-repeat":"repeat","background-position":"center center","background-size":"auto","background-attachment":"scroll","background-type":"","background-media":"","overlay-type":"","overlay-color":"","overlay-opacity":"","overlay-gradient":""},"tablet":{"background-color":"","background-image":"","background-repeat":"repeat","background-position":"center center","background-size":"auto","background-attachment":"scroll","background-type":"","background-media":"","overlay-type":"","overlay-color":"","overlay-opacity":"","overlay-gradient":""},"mobile":{"background-color":"","background-image":"","background-repeat":"repeat","background-position":"center center","background-size":"auto","background-attachment":"scroll","background-type":"","background-media":"","overlay-type":"","overlay-color":"","overlay-opacity":"","overlay-gradient":""}},"ast-content-background-meta":{"desktop":{"background-color":"var(--ast-global-color-5)","background-image":"","background-repeat":"repeat","background-position":"center center","background-size":"auto","background-attachment":"scroll","background-type":"","background-media":"","overlay-type":"","overlay-color":"","overlay-opacity":"","overlay-gradient":""},"tablet":{"background-color":"var(--ast-global-color-5)","background-image":"","background-repeat":"repeat","background-position":"center center","background-size":"auto","background-attachment":"scroll","background-type":"","background-media":"","overlay-type":"","overlay-color":"","overlay-opacity":"","overlay-gradient":""},"mobile":{"background-color":"var(--ast-global-color-5)","background-image":"","background-repeat":"repeat","background-position":"center center","background-size":"auto","background-attachment":"scroll","background-type":"","background-media":"","overlay-type":"","overlay-color":"","overlay-opacity":"","overlay-gradient":""}},"footnotes":""},"class_list":["post-12784","page","type-page","status-publish","hentry"],"jetpack_sharing_enabled":true,"_links":{"self":[{"href":"https:\/\/hoodtrendspredict.com\/pt\/wp-json\/wp\/v2\/pages\/12784","targetHints":{"allow":["GET"]}}],"collection":[{"href":"https:\/\/hoodtrendspredict.com\/pt\/wp-json\/wp\/v2\/pages"}],"about":[{"href":"https:\/\/hoodtrendspredict.com\/pt\/wp-json\/wp\/v2\/types\/page"}],"author":[{"embeddable":true,"href":"https:\/\/hoodtrendspredict.com\/pt\/wp-json\/wp\/v2\/users\/1"}],"replies":[{"embeddable":true,"href":"https:\/\/hoodtrendspredict.com\/pt\/wp-json\/wp\/v2\/comments?post=12784"}],"version-history":[{"count":32,"href":"https:\/\/hoodtrendspredict.com\/pt\/wp-json\/wp\/v2\/pages\/12784\/revisions"}],"predecessor-version":[{"id":23811,"href":"https:\/\/hoodtrendspredict.com\/pt\/wp-json\/wp\/v2\/pages\/12784\/revisions\/23811"}],"wp:attachment":[{"href":"https:\/\/hoodtrendspredict.com\/pt\/wp-json\/wp\/v2\/media?parent=12784"}],"curies":[{"name":"wp","href":"https:\/\/api.w.org\/{rel}","templated":true}]}}