{"id":13227,"date":"2026-01-17T23:41:04","date_gmt":"2026-01-17T23:41:04","guid":{"rendered":"https:\/\/hoodtrendspredict.com\/away-win-predictions-for-today\/"},"modified":"2026-04-22T19:04:03","modified_gmt":"2026-04-22T18:04:03","slug":"away-win-predictions-for-today","status":"publish","type":"page","link":"https:\/\/hoodtrendspredict.com\/pt\/away-win-predictions-for-today\/","title":{"rendered":"Previs\u00f5es de vit\u00f3ria fora de casa para hoje"},"content":{"rendered":"<p><strong>HoodtrendsPredict<\/strong> oferece conhecimento especializado <strong>Previs\u00f5es de vit\u00f3ria fora de casa para hoje<\/strong> \u2013 Identificar partidas em que a equipe visitante est\u00e1 prestes a conquistar os tr\u00eas pontos fora de casa. Nossa <strong>dicas para o time visitante<\/strong> Jogos-alvo com times fortes fora de casa enfrentando advers\u00e1rios vulner\u00e1veis criam oportunidades para apostadores que buscam odds mais altas e retornos maiores.<\/p>\n<h2>Previs\u00f5es de vit\u00f3ria ou empate fora de casa para hoje<\/h2>\n<table class=\"table table-striped\">\n<thead>\n<tr>\n<th scope=\"col\" style=\"width:10%\">Tempo<\/th>\n<th scope=\"col\" style=\"width:10%\" class=\"\">Liga<\/th>\n<th scope=\"col\" style=\"width:50%\" class=\"\">Corresponder<\/th>\n<th scope=\"col\" style=\"width:20%\" class=\"\">Dica<\/th>\n<th scope=\"col\" style=\"width:10%\">\n                                                                                            Chances\n                                                                                    <\/th>\n<\/tr>\n<\/thead>\n<tbody>\n<tr class=\"text-center\" data-jsone=\"\" onclick=\"if (!window.__cfRLUnblockHandlers) return false; window.location.href='https:\/\/focuspredict.com\/58447-aw\/tammeka-vs-fc-levadia-tallinn'\" data-cf-modified-2717002554aad49f91f4bca8-=\"\">\n<td>17:00<\/p>\n<\/td>\n<td class=\"\"><span style=\"color: #0085f9 !important;\">Est\u00f4nia Meistriliiga<\/span><\/td>\n<td class=\"\">Tammeka \u00a0 <strong>vs<\/strong><br \/>\n                                                \u00a0FC Levadia Tallinn<\/td>\n<td class=\"\"><strong>Fora (2)<\/strong><\/td>\n<td class=\"score\">\n<p>                                                <span><br \/>\n                                                                                                                                                                        <span class=\"blue-tips\"> 1.27 <\/span><br \/>\n                                                                                                                                                            <\/span>\n                                            <\/td>\n<\/tr>\n<tr class=\"text-center\" data-jsone=\"\" onclick=\"if (!window.__cfRLUnblockHandlers) return false; window.location.href='https:\/\/focuspredict.com\/58444-aw\/istra-1961-vs-dinamo-zagreb'\" data-cf-modified-2717002554aad49f91f4bca8-=\"\">\n<td>19:15<\/p>\n<\/td>\n<td class=\"\"><span style=\"color: #0085f9 !important;\">Cro\u00e1cia HNL<\/span><\/td>\n<td class=\"\">\u00cdstria 1961 \u00a0 <strong>vs<\/strong><br \/>\n                                                \u00a0Dinamo Zagreb<\/td>\n<td class=\"\"><strong>Fora (2)<\/strong><\/td>\n<td class=\"score\">\n<p>                                                <span><br \/>\n                                                                                                                                                                        <span class=\"blue-tips\"> 1.25 <\/span><br \/>\n                                                                                                                                                            <\/span>\n                                            <\/td>\n<\/tr>\n<\/tbody>\n<\/table>\n<h3 class=\"pt-3 store_header\"> Resultados das previs\u00f5es de ontem<\/h3>\n<table class=\"table table-striped\">\n<thead>\n<tr>\n<th scope=\"col\" style=\"width:10%\">Data<\/th>\n<th scope=\"col\" style=\"width:10%\" class=\"\">Liga<\/th>\n<th scope=\"col\" style=\"width:60%\" class=\"\">Corresponder<\/th>\n<th scope=\"col\" style=\"width:10%\" class=\"\">Dica<\/th>\n<th scope=\"col\" style=\"\" class=\"testimonial-score\">Pontua\u00e7\u00e3o<\/th>\n<\/tr>\n<\/thead>\n<tbody>\n<tr class=\"text-center\" onclick=\"if (!window.__cfRLUnblockHandlers) return false; window.location.href=' https:\/\/focuspredict.com\/58424-dc\/dunamis-vs-el-nacional'\" data-cf-modified-2717002554aad49f91f4bca8-=\"\">\n<td>21\/04<\/td>\n<td class=\"\"><span style=\"color: #0085f9 !important;\">Copa Equador<\/span><\/td>\n<td class=\"\">Dunamis \u00a0 <strong>vs<\/strong><br \/>\n                                    \u00a0El Nacional<\/td>\n<td class=\"\"><strong><br \/>\n                                                                                    X2<br \/>\n                                                                            <\/strong>\n                                <\/td>\n<td class=\"score rc won\">\n<p>                                    <span>1 \u2013 5<\/p>\n<p>                                    <\/span>\n                                <\/td>\n<\/tr>\n<tr class=\"text-center\" onclick=\"if (!window.__cfRLUnblockHandlers) return false; window.location.href=' https:\/\/focuspredict.com\/58404-15\/girona-vs-real-betis'\" data-cf-modified-2717002554aad49f91f4bca8-=\"\">\n<td>21\/04<\/td>\n<td class=\"\"><span style=\"color: #0085f9 !important;\">La Liga espanhola<\/span><\/td>\n<td class=\"\">Girona \u00a0 <strong>vs<\/strong><br \/>\n                                    \u00a0Real Betis<\/td>\n<td class=\"\"><strong><br \/>\n                                                                                    Mais de 1,5<br \/>\n                                                                            <\/strong>\n                                <\/td>\n<td class=\"score rc won\">\n<p>                                    <span>2 \u2013 3<\/p>\n<p>                                    <\/span>\n                                <\/td>\n<\/tr>\n<tr class=\"text-center\" onclick=\"if (!window.__cfRLUnblockHandlers) return false; window.location.href=' https:\/\/focuspredict.com\/58367-f\/real-madrid-vs-alaves'\" data-cf-modified-2717002554aad49f91f4bca8-=\"\">\n<td>21\/04<\/td>\n<td class=\"\"><span style=\"color: #0085f9 !important;\">La Liga espanhola<\/span><\/td>\n<td class=\"\">Real Madrid \u00a0 <strong>vs<\/strong><br \/>\n                                    \u00a0Alav\u00e9s<\/td>\n<td class=\"\"><strong><br \/>\n                                                                                    1<br \/>\n                                                                            <\/strong>\n                                <\/td>\n<td class=\"score rc won\">\n<p>                                    <span>2 \u2013 1<\/p>\n<p>                                    <\/span>\n                                <\/td>\n<\/tr>\n<tr class=\"text-center\" onclick=\"if (!window.__cfRLUnblockHandlers) return false; window.location.href=' https:\/\/focuspredict.com\/58401-f\/brighton-vs-chelsea'\" data-cf-modified-2717002554aad49f91f4bca8-=\"\">\n<td>21\/04<\/td>\n<td class=\"\"><span style=\"color: #0085f9 !important;\">Premier League inglesa<\/span><\/td>\n<td class=\"\">Brighton \u00a0 <strong>vs<\/strong><br \/>\n                                    \u00a0Chelsea<\/td>\n<td class=\"\"><strong><br \/>\n                                                                                    Mais de 1,5<br \/>\n                                                                            <\/strong>\n                                <\/td>\n<td class=\"score rc won\">\n<p>                                    <span>3 \u2013 0<\/p>\n<p>                                    <\/span>\n                                <\/td>\n<\/tr>\n<tr class=\"text-center\" onclick=\"if (!window.__cfRLUnblockHandlers) return false; window.location.href=' https:\/\/focuspredict.com\/58416-f\/inter-vs-como'\" data-cf-modified-2717002554aad49f91f4bca8-=\"\">\n<td>21\/04<\/td>\n<td class=\"\"><span style=\"color: #0085f9 !important;\">Copa It\u00e1lia<\/span><\/td>\n<td class=\"\">Inter \u00a0 <strong>vs<\/strong><br \/>\n                                    \u00a0Como<\/td>\n<td class=\"\"><strong><br \/>\n                                                                                    Mais de 1,5<br \/>\n                                                                            <\/strong>\n                                <\/td>\n<td class=\"score rc won\">\n<p>                                    <span>3 \u2013 2<\/p>\n<p>                                    <\/span>\n                                <\/td>\n<\/tr>\n<tr class=\"text-center\" onclick=\"if (!window.__cfRLUnblockHandlers) return false; window.location.href=' https:\/\/focuspredict.com\/58419-dc\/genk-vs-charleroi'\" data-cf-modified-2717002554aad49f91f4bca8-=\"\">\n<td>21\/04<\/td>\n<td class=\"\"><span style=\"color: #0085f9 !important;\">Liga Jupiler Pro da B\u00e9lgica<\/span><\/td>\n<td class=\"\">Genk \u00a0 <strong>vs<\/strong><br \/>\n                                    \u00a0Charleroi<\/td>\n<td class=\"\"><strong><br \/>\n                                                                                    1X<br \/>\n                                                                            <\/strong>\n                                <\/td>\n<td class=\"score rc won\">\n<p>                                    <span>1 \u2013 1<\/p>\n<p>                                    <\/span>\n                                <\/td>\n<\/tr>\n<tr class=\"text-center\" onclick=\"if (!window.__cfRLUnblockHandlers) return false; window.location.href=' https:\/\/focuspredict.com\/58420-15\/oh-leuven-vs-kvc-westerlo'\" data-cf-modified-2717002554aad49f91f4bca8-=\"\">\n<td>21\/04<\/td>\n<td class=\"\"><span style=\"color: #0085f9 !important;\">Liga Jupiler Pro da B\u00e9lgica<\/span><\/td>\n<td class=\"\">OH Leuven \u00a0 <strong>vs<\/strong><br \/>\n                                    \u00a0KVC Westerlo<\/td>\n<td class=\"\"><strong><br \/>\n                                                                                    Mais de 1,5<br \/>\n                                                                            <\/strong>\n                                <\/td>\n<td class=\"score rc won\">\n<p>                                    <span>0 \u2013 2<\/p>\n<p>                                    <\/span>\n                                <\/td>\n<\/tr>\n<tr class=\"text-center\" onclick=\"if (!window.__cfRLUnblockHandlers) return false; window.location.href=' https:\/\/focuspredict.com\/58402-dc\/athletic-club-vs-osasuna'\" data-cf-modified-2717002554aad49f91f4bca8-=\"\">\n<td>21\/04<\/td>\n<td class=\"\"><span style=\"color: #0085f9 !important;\">La Liga espanhola<\/span><\/td>\n<td class=\"\">Clube Atl\u00e9tico \u00a0 <strong>vs<\/strong><br \/>\n                                    \u00a0Osasuna<\/td>\n<td class=\"\"><strong><br \/>\n                                                                                    1X<br \/>\n                                                                            <\/strong>\n                                <\/td>\n<td class=\"score rc won\">\n<p>                                    <span>1 \u2013 0<\/p>\n<p>                                    <\/span>\n                                <\/td>\n<\/tr>\n<tr class=\"text-center\" onclick=\"if (!window.__cfRLUnblockHandlers) return false; window.location.href=' https:\/\/focuspredict.com\/58403-d\/mallorca-vs-valencia'\" data-cf-modified-2717002554aad49f91f4bca8-=\"\">\n<td>21\/04<\/td>\n<td class=\"\"><span style=\"color: #0085f9 !important;\">La Liga espanhola<\/span><\/td>\n<td class=\"\">Maiorca \u00a0 <strong>vs<\/strong><br \/>\n                                    \u00a0Val\u00eancia<\/td>\n<td class=\"\"><strong><br \/>\n                                                                                    X<br \/>\n                                                                            <\/strong>\n                                <\/td>\n<td class=\"score rc won\">\n<p>                                    <span>1 \u2013 1<\/p>\n<p>                                    <\/span>\n                                <\/td>\n<\/tr>\n<tr class=\"text-center\" onclick=\"if (!window.__cfRLUnblockHandlers) return false; window.location.href=' https:\/\/focuspredict.com\/58422-dc\/cska-moscow-vs-fc-rostov'\" data-cf-modified-2717002554aad49f91f4bca8-=\"\">\n<td>21\/04<\/td>\n<td class=\"\"><span style=\"color: #0085f9 !important;\">Premier League da R\u00fassia<\/span><\/td>\n<td class=\"\">CSKA Moscou \u00a0 <strong>vs<\/strong><br \/>\n                                    \u00a0FC Rostov<\/td>\n<td class=\"\"><strong><br \/>\n                                                                                    1X<br \/>\n                                                                            <\/strong>\n                                <\/td>\n<td class=\"score rc won\">\n<p>                                    <span>1 \u2013 1<\/p>\n<p>                                    <\/span>\n                                <\/td>\n<\/tr>\n<tr class=\"text-center\" onclick=\"if (!window.__cfRLUnblockHandlers) return false; window.location.href=' https:\/\/focuspredict.com\/58405-dc\/ben-aknoun-vs-mc-alger'\" data-cf-modified-2717002554aad49f91f4bca8-=\"\">\n<td>21\/04<\/td>\n<td class=\"\"><span style=\"color: #0085f9 !important;\">Arg\u00e9lia Ligue 1<\/span><\/td>\n<td class=\"\">Ben Aknoun \u00a0 <strong>vs<\/strong><br \/>\n                                    \u00a0MC Alger<\/td>\n<td class=\"\"><strong><br \/>\n                                                                                    X2<br \/>\n                                                                            <\/strong>\n                                <\/td>\n<td class=\"score rc won\">\n<p>                                    <span>2 \u2013 3<\/p>\n<p>                                    <\/span>\n                                <\/td>\n<\/tr>\n<tr class=\"text-center\" onclick=\"if (!window.__cfRLUnblockHandlers) return false; window.location.href=' https:\/\/focuspredict.com\/58408-d\/mo-constantine-vs-us-chaouia'\" data-cf-modified-2717002554aad49f91f4bca8-=\"\">\n<td>21\/04<\/td>\n<td class=\"\"><span style=\"color: #0085f9 !important;\">Liga 2 da Arg\u00e9lia<\/span><\/td>\n<td class=\"\">MO Constantino \u00a0 <strong>vs<\/strong><br \/>\n                                    \u00a0EUA Chaouia<\/td>\n<td class=\"\"><strong><br \/>\n                                                                                    X<br \/>\n                                                                            <\/strong>\n                                <\/td>\n<td class=\"score rc won\">\n<p>                                    <span>0 \u2013 0<\/p>\n<p>                                    <\/span>\n                                <\/td>\n<\/tr>\n<tr class=\"text-center\" onclick=\"if (!window.__cfRLUnblockHandlers) return false; window.location.href=' https:\/\/focuspredict.com\/58414-f\/dacia-buiucani-vs-sheriff-tiraspol'\" data-cf-modified-2717002554aad49f91f4bca8-=\"\">\n<td>21\/04<\/td>\n<td class=\"\"><span style=\"color: #0085f9 !important;\">Copa da Mold\u00e1via<\/span><\/td>\n<td class=\"\">Dacia-Buiucani \u00a0 <strong>vs<\/strong><br \/>\n                                    \u00a0Xerife Tiraspol<\/td>\n<td class=\"\"><strong><br \/>\n                                                                                    2<br \/>\n                                                                            <\/strong>\n                                <\/td>\n<td class=\"score rc won\">\n<p>                                    <span>1 \u2013 2<\/p>\n<p>                                    <\/span>\n                                <\/td>\n<\/tr>\n<\/tbody>\n<\/table>\n<p><strong>Vit\u00f3rias fora de casa<\/strong> oferecem algumas das melhores op\u00e7\u00f5es em apostas de futebol. Como a vantagem de jogar em casa \u00e9 real, as casas de apostas costumam cotar as vit\u00f3rias fora de casa com odds mais altas \u2013 mas certos times se destacam jogando fora. Em <strong>HoodtrendsPredict<\/strong>, Identificamos quais equipes realmente t\u00eam um bom desempenho fora de casa e quais mandantes s\u00e3o vulner\u00e1veis \u00e0 derrota diante de sua torcida.<\/p>\n<p>Nosso <strong>previs\u00f5es de vit\u00f3ria fora de casa<\/strong> Analisar o desempenho fora de casa, os gols marcados como visitante, a solidez defensiva jogando fora e o desempenho das equipes mandantes em casa. Quando um time visitante forte enfrenta um time mandante fraco, o <strong>vit\u00f3ria fora de casa<\/strong> torna-se uma proposta atraente \u2013 frequentemente com odds generosas.<\/p>\n<h2>Dicas para vencer fora de casa hoje \u2013 Revelados os guerreiros da estrada<\/h2>\n<p>Todo <strong>previs\u00e3o de vit\u00f3ria fora de casa<\/strong> sobre <strong>HoodtrendsPredict.com<\/strong> \u00e9 gerada por meio de modelagem estat\u00edstica rigorosa. Nossos sistemas de IA processam registros fora de casa, desempenho recente como visitante, pontos fracos do advers\u00e1rio em casa, resultados de confrontos diretos e condicionamento f\u00edsico do elenco para calcular a probabilidade de vit\u00f3ria fora de casa. Somente as partidas que atendem aos nossos crit\u00e9rios de confian\u00e7a recebem a classifica\u00e7\u00e3o. <strong>sele\u00e7\u00e3o de vit\u00f3ria fora de casa<\/strong> marca\u00e7\u00e3o.<\/p>\n<p>Somos especialistas em identificar <strong>equipes de guerreiros da estrada<\/strong> \u2013 clubes que consistentemente conquistam pontos fora de casa. Times de ponta no <strong>Premier League<\/strong>, <strong>La Liga<\/strong>, <strong>S\u00e9rie A<\/strong>, <strong>Bundesliga<\/strong>, e <strong>Liga dos Campe\u00f5es<\/strong> Frequentemente, possuem excelentes registros fora de casa, que as casas de apostas nem sempre respeitam totalmente. <strong>HoodtrendsPredict<\/strong> encontra estes <strong>oportunidades de vit\u00f3ria fora de casa<\/strong> di\u00e1rio.<\/p>\n<p>O <strong>mercado de vit\u00f3rias fora de casa<\/strong> \u00c9 particularmente valioso quando equipes de elite visitam times em dificuldades. Embora as odds possam parecer baixas, nossa an\u00e1lise confirma quando apostar nos visitantes \u00e9 estatisticamente justificado \u2013 e quando times visitantes com pouca vantagem oferecem um potencial real de zebra com odds mais altas.<\/p>\n<h2>Previs\u00f5es de vit\u00f3ria fora de casa gr\u00e1tis \u2013 Maiores probabilidades, an\u00e1lise inteligente<\/h2>\n<p>Acesso a tudo <strong>Previs\u00f5es de vit\u00f3ria fora de casa para hoje<\/strong> totalmente gr\u00e1tis em <strong>HoodtrendsPredict.com<\/strong>. Nossa plataforma oferece recursos de n\u00edvel profissional. <strong>an\u00e1lise da equipe visitante<\/strong> Sem barreiras de pagamento ou necessidade de assinatura. Cada previs\u00e3o \u00e9 atualizada em tempo real conforme as condi\u00e7\u00f5es da partida mudam, fornecendo as informa\u00e7\u00f5es mais recentes dispon\u00edveis.<\/p>\n<p>Seja qual for o seu p\u00fablico-alvo <strong>favoritos fora de casa<\/strong> para solteiros ou ca\u00e7adores <strong>fora de casa perturba<\/strong> Para obter pagamentos maiores em apostas acumuladas, nossas dicas di\u00e1rias ajudam voc\u00ea a tomar decis\u00f5es informadas com base em dados.<\/p>\n<div class=\"faq-section\">\n<h2>Perguntas frequentes<\/h2>\n<h3>Por que as vit\u00f3rias fora de casa oferecem probabilidades mais altas?<\/h3>\n<p><strong>Vit\u00f3rias fora de casa<\/strong> As apostas em times que jogam em casa t\u00eam odds mais altas porque a vantagem de jogar em casa \u00e9 estatisticamente significativa. Os times da casa vencem com mais frequ\u00eancia do que os visitantes, ent\u00e3o as casas de apostas precificam as vit\u00f3rias dos visitantes com odds maiores \u2013 criando valor quando voc\u00ea identifica corretamente os times visitantes fortes.<\/p>\n<h3>Como identificar previs\u00f5es de vit\u00f3ria fora de casa?<\/h3>\n<p>Analisamos <strong>registros de formul\u00e1rios fora<\/strong>, gols marcados\/sofridos fora de casa, vulnerabilidades do advers\u00e1rio em casa, hist\u00f3rico de confrontos diretos e condi\u00e7\u00f5es atuais do elenco. Jogos em que os dados favorecem os visitantes se tornam nossa base. <strong>dicas para vit\u00f3ria fora de casa<\/strong>.<\/p>\n<h3>Quais equipes t\u00eam os melhores resultados jogando fora de casa?<\/h3>\n<p>Clubes de elite como <strong>Manchester City<\/strong>, <strong>Real Madrid<\/strong>, <strong>Barcelona<\/strong>, e <strong>Bayern de Munique<\/strong> Tradicionalmente, essas equipes t\u00eam um desempenho excelente fora de casa. Nossa an\u00e1lise tamb\u00e9m identifica times de meio de tabela com um desempenho surpreendentemente forte como visitantes, que oferecem odds mais vantajosas.<\/p>\n<h3>Vit\u00f3rias fora de casa s\u00e3o mais arriscadas do que vit\u00f3rias em casa?<\/h3>\n<p><strong>Vit\u00f3rias fora de casa<\/strong> As vit\u00f3rias fora de casa ocorrem com menos frequ\u00eancia do que as vit\u00f3rias em casa no geral, mas confrontos espec\u00edficos podem tornar as vit\u00f3rias fora de casa altamente prov\u00e1veis. Nossas previs\u00f5es identificam partidas em que a probabilidade de vit\u00f3ria fora de casa \u00e9 alta, apesar das tend\u00eancias estat\u00edsticas gerais.<\/p>\n<h3>Posso usar vit\u00f3rias de times visitantes em apostas acumuladas?<\/h3>\n<p>Sim, <strong>previs\u00f5es de vit\u00f3ria fora de casa<\/strong> S\u00e3o excelentes para apostas acumuladas devido \u00e0s suas odds individuais mais altas. Combinar vit\u00f3rias de times visitantes cuidadosamente selecionadas pode gerar retornos significativos. Nossa plataforma destaca diariamente as sele\u00e7\u00f5es de jogos fora de casa mais confi\u00e1veis.<\/p>\n<\/div>\n<p><strong>HoodtrendsPredict<\/strong> \u2013 Sua fonte confi\u00e1vel para <strong>Previs\u00f5es de vit\u00f3ria fora de casa para hoje<\/strong>. Vit\u00f3rias na estrada. Valor real.<\/p>","protected":false},"excerpt":{"rendered":"<p>HoodtrendsPredict delivers expert away win predictions for today \u2013 identifying matches where the visiting team is poised to claim all three points on the road. [&hellip;]<\/p>\n","protected":false},"author":1,"featured_media":0,"parent":0,"menu_order":0,"comment_status":"closed","ping_status":"closed","template":"","meta":{"_monsterinsights_skip_tracking":false,"_monsterinsights_sitenote_active":false,"_monsterinsights_sitenote_note":"","_monsterinsights_sitenote_category":0,"site-sidebar-layout":"default","site-content-layout":"","ast-site-content-layout":"default","site-content-style":"default","site-sidebar-style":"default","ast-global-header-display":"","ast-banner-title-visibility":"","ast-main-header-display":"","ast-hfb-above-header-display":"","ast-hfb-below-header-display":"","ast-hfb-mobile-header-display":"","site-post-title":"","ast-breadcrumbs-content":"","ast-featured-img":"","footer-sml-layout":"","ast-disable-related-posts":"","theme-transparent-header-meta":"","adv-header-id-meta":"","stick-header-meta":"","header-above-stick-meta":"","header-main-stick-meta":"","header-below-stick-meta":"","astra-migrate-meta-layouts":"set","ast-page-background-enabled":"default","ast-page-background-meta":{"desktop":{"background-color":"","background-image":"","background-repeat":"repeat","background-position":"center center","background-size":"auto","background-attachment":"scroll","background-type":"","background-media":"","overlay-type":"","overlay-color":"","overlay-opacity":"","overlay-gradient":""},"tablet":{"background-color":"","background-image":"","background-repeat":"repeat","background-position":"center center","background-size":"auto","background-attachment":"scroll","background-type":"","background-media":"","overlay-type":"","overlay-color":"","overlay-opacity":"","overlay-gradient":""},"mobile":{"background-color":"","background-image":"","background-repeat":"repeat","background-position":"center center","background-size":"auto","background-attachment":"scroll","background-type":"","background-media":"","overlay-type":"","overlay-color":"","overlay-opacity":"","overlay-gradient":""}},"ast-content-background-meta":{"desktop":{"background-color":"var(--ast-global-color-5)","background-image":"","background-repeat":"repeat","background-position":"center center","background-size":"auto","background-attachment":"scroll","background-type":"","background-media":"","overlay-type":"","overlay-color":"","overlay-opacity":"","overlay-gradient":""},"tablet":{"background-color":"var(--ast-global-color-5)","background-image":"","background-repeat":"repeat","background-position":"center center","background-size":"auto","background-attachment":"scroll","background-type":"","background-media":"","overlay-type":"","overlay-color":"","overlay-opacity":"","overlay-gradient":""},"mobile":{"background-color":"var(--ast-global-color-5)","background-image":"","background-repeat":"repeat","background-position":"center center","background-size":"auto","background-attachment":"scroll","background-type":"","background-media":"","overlay-type":"","overlay-color":"","overlay-opacity":"","overlay-gradient":""}},"footnotes":""},"class_list":["post-13227","page","type-page","status-publish","hentry"],"jetpack_sharing_enabled":true,"_links":{"self":[{"href":"https:\/\/hoodtrendspredict.com\/pt\/wp-json\/wp\/v2\/pages\/13227","targetHints":{"allow":["GET"]}}],"collection":[{"href":"https:\/\/hoodtrendspredict.com\/pt\/wp-json\/wp\/v2\/pages"}],"about":[{"href":"https:\/\/hoodtrendspredict.com\/pt\/wp-json\/wp\/v2\/types\/page"}],"author":[{"embeddable":true,"href":"https:\/\/hoodtrendspredict.com\/pt\/wp-json\/wp\/v2\/users\/1"}],"replies":[{"embeddable":true,"href":"https:\/\/hoodtrendspredict.com\/pt\/wp-json\/wp\/v2\/comments?post=13227"}],"version-history":[{"count":58,"href":"https:\/\/hoodtrendspredict.com\/pt\/wp-json\/wp\/v2\/pages\/13227\/revisions"}],"predecessor-version":[{"id":23809,"href":"https:\/\/hoodtrendspredict.com\/pt\/wp-json\/wp\/v2\/pages\/13227\/revisions\/23809"}],"wp:attachment":[{"href":"https:\/\/hoodtrendspredict.com\/pt\/wp-json\/wp\/v2\/media?parent=13227"}],"curies":[{"name":"wp","href":"https:\/\/api.w.org\/{rel}","templated":true}]}}