{"id":13755,"date":"2026-01-22T16:28:03","date_gmt":"2026-01-22T16:28:03","guid":{"rendered":"https:\/\/hoodtrendspredict.com\/?page_id=13755"},"modified":"2026-01-22T16:28:49","modified_gmt":"2026-01-22T16:28:49","slug":"disclaimer","status":"publish","type":"page","link":"https:\/\/hoodtrendspredict.com\/pt\/disclaimer\/","title":{"rendered":"Isen\u00e7\u00e3o de responsabilidade"},"content":{"rendered":"<p><strong>Aviso Legal para Previs\u00f5es da Hoodtrends<\/strong><\/p>\n\n\n\n<ol class=\"wp-block-list\">\n<li><strong>Finalidade informativa:<\/strong> O conte\u00fado e as previs\u00f5es fornecidas no Hoodtrends Predict t\u00eam fins meramente informativos e de entretenimento. N\u00e3o constituem aconselhamento profissional.<\/li>\n\n\n\n<li><strong>Sem garantias:<\/strong> Embora nos esforcemos para fornecer previs\u00f5es precisas e perspicazes, n\u00e3o garantimos os resultados ou a exatid\u00e3o de quaisquer previs\u00f5es.<\/li>\n\n\n\n<li><strong>N\u00e3o constitui aconselhamento financeiro:<\/strong> As previs\u00f5es e o conte\u00fado do Hoodtrends Predict n\u00e3o devem ser interpretados como aconselhamento financeiro, de investimento ou de apostas. Sempre fa\u00e7a sua pr\u00f3pria pesquisa e consulte profissionais quando necess\u00e1rio.<\/li>\n\n\n\n<li><strong>Participa\u00e7\u00e3o respons\u00e1vel:<\/strong> Incentivamos a participa\u00e7\u00e3o respons\u00e1vel. Certifique-se de que quaisquer a\u00e7\u00f5es tomadas com base em nosso conte\u00fado sejam feitas com plena consci\u00eancia e responsabilidade.<\/li>\n\n\n\n<li><strong>Divulga\u00e7\u00e3o de afilia\u00e7\u00e3o:<\/strong> Alguns dos links no Hoodtrends Predict podem ser links de afiliados, o que significa que podemos receber uma comiss\u00e3o se voc\u00ea clicar e fizer uma compra. Isso n\u00e3o gera nenhum custo adicional para voc\u00ea e ajuda a manter o site.<\/li>\n\n\n\n<li><strong>Restri\u00e7\u00e3o de idade:<\/strong> O Hoodtrends Predict destina-se a usu\u00e1rios com 18 anos ou mais, ou maiores de idade para jogos de azar em seus respectivos pa\u00edses. Se voc\u00ea for menor de 18 anos ou menor de idade para jogos de azar em seu pa\u00eds, por favor, saia do site.<\/li>\n\n\n\n<li><strong>Links de terceiros:<\/strong> O Hoodtrends Predict pode incluir links para sites externos. N\u00e3o controlamos nem somos respons\u00e1veis pelo conte\u00fado desses sites externos.<\/li>\n\n\n\n<li><strong>Contate-nos:<\/strong> Se tiver alguma d\u00favida ou precisar de mais ajuda, n\u00e3o hesite em nos contactar atrav\u00e9s do endere\u00e7o: <strong>hoodtrendspredict@gmail.com<\/strong>.<\/li>\n<\/ol>\n\n\n\n<p>Ao utilizar o Hoodtrends Predict, voc\u00ea concorda com estes termos e reconhece que compreende os riscos envolvidos.<\/p>","protected":false},"excerpt":{"rendered":"<p>Aviso Legal do Hoodtrends Predict: Ao usar o Hoodtrends Predict, voc\u00ea concorda com estes termos e reconhece que compreende os riscos envolvidos.<\/p>","protected":false},"author":1,"featured_media":0,"parent":0,"menu_order":0,"comment_status":"closed","ping_status":"closed","template":"","meta":{"_monsterinsights_skip_tracking":false,"_monsterinsights_sitenote_active":false,"_monsterinsights_sitenote_note":"","_monsterinsights_sitenote_category":0,"site-sidebar-layout":"default","site-content-layout":"","ast-site-content-layout":"default","site-content-style":"default","site-sidebar-style":"default","ast-global-header-display":"","ast-banner-title-visibility":"","ast-main-header-display":"","ast-hfb-above-header-display":"","ast-hfb-below-header-display":"","ast-hfb-mobile-header-display":"","site-post-title":"","ast-breadcrumbs-content":"","ast-featured-img":"","footer-sml-layout":"","ast-disable-related-posts":"","theme-transparent-header-meta":"","adv-header-id-meta":"","stick-header-meta":"","header-above-stick-meta":"","header-main-stick-meta":"","header-below-stick-meta":"","astra-migrate-meta-layouts":"set","ast-page-background-enabled":"default","ast-page-background-meta":{"desktop":{"background-color":"","background-image":"","background-repeat":"repeat","background-position":"center center","background-size":"auto","background-attachment":"scroll","background-type":"","background-media":"","overlay-type":"","overlay-color":"","overlay-opacity":"","overlay-gradient":""},"tablet":{"background-color":"","background-image":"","background-repeat":"repeat","background-position":"center center","background-size":"auto","background-attachment":"scroll","background-type":"","background-media":"","overlay-type":"","overlay-color":"","overlay-opacity":"","overlay-gradient":""},"mobile":{"background-color":"","background-image":"","background-repeat":"repeat","background-position":"center center","background-size":"auto","background-attachment":"scroll","background-type":"","background-media":"","overlay-type":"","overlay-color":"","overlay-opacity":"","overlay-gradient":""}},"ast-content-background-meta":{"desktop":{"background-color":"var(--ast-global-color-5)","background-image":"","background-repeat":"repeat","background-position":"center center","background-size":"auto","background-attachment":"scroll","background-type":"","background-media":"","overlay-type":"","overlay-color":"","overlay-opacity":"","overlay-gradient":""},"tablet":{"background-color":"var(--ast-global-color-5)","background-image":"","background-repeat":"repeat","background-position":"center center","background-size":"auto","background-attachment":"scroll","background-type":"","background-media":"","overlay-type":"","overlay-color":"","overlay-opacity":"","overlay-gradient":""},"mobile":{"background-color":"var(--ast-global-color-5)","background-image":"","background-repeat":"repeat","background-position":"center center","background-size":"auto","background-attachment":"scroll","background-type":"","background-media":"","overlay-type":"","overlay-color":"","overlay-opacity":"","overlay-gradient":""}},"footnotes":""},"class_list":["post-13755","page","type-page","status-publish","hentry"],"jetpack_sharing_enabled":true,"_links":{"self":[{"href":"https:\/\/hoodtrendspredict.com\/pt\/wp-json\/wp\/v2\/pages\/13755","targetHints":{"allow":["GET"]}}],"collection":[{"href":"https:\/\/hoodtrendspredict.com\/pt\/wp-json\/wp\/v2\/pages"}],"about":[{"href":"https:\/\/hoodtrendspredict.com\/pt\/wp-json\/wp\/v2\/types\/page"}],"author":[{"embeddable":true,"href":"https:\/\/hoodtrendspredict.com\/pt\/wp-json\/wp\/v2\/users\/1"}],"replies":[{"embeddable":true,"href":"https:\/\/hoodtrendspredict.com\/pt\/wp-json\/wp\/v2\/comments?post=13755"}],"version-history":[{"count":0,"href":"https:\/\/hoodtrendspredict.com\/pt\/wp-json\/wp\/v2\/pages\/13755\/revisions"}],"wp:attachment":[{"href":"https:\/\/hoodtrendspredict.com\/pt\/wp-json\/wp\/v2\/media?parent=13755"}],"curies":[{"name":"wp","href":"https:\/\/api.w.org\/{rel}","templated":true}]}}