{"id":797,"date":"2024-01-25T10:05:25","date_gmt":"2024-01-25T10:05:25","guid":{"rendered":"https:\/\/hoodtrendspredict.com\/?page_id=797"},"modified":"2024-02-12T09:20:23","modified_gmt":"2024-02-12T09:20:23","slug":"privacy-policy","status":"publish","type":"page","link":"https:\/\/hoodtrendspredict.com\/pt\/privacy-policy\/","title":{"rendered":"pol\u00edtica de Privacidade"},"content":{"rendered":"<h1>pol\u00edtica de Privacidade<\/h1>\n<p>\u00daltima atualiza\u00e7\u00e3o: 12 de fevereiro de 2024<\/p>\n<p>Esta Pol\u00edtica de Privacidade descreve nossas pol\u00edticas e procedimentos relativos \u00e0 coleta, uso e divulga\u00e7\u00e3o de suas informa\u00e7\u00f5es quando voc\u00ea utiliza o Servi\u00e7o, al\u00e9m de informar sobre seus direitos de privacidade e como a lei o protege.<\/p>\n<p>Utilizamos seus dados pessoais para fornecer e aprimorar o Servi\u00e7o. Ao utilizar o Servi\u00e7o, voc\u00ea concorda com a coleta e o uso de informa\u00e7\u00f5es de acordo com esta Pol\u00edtica de Privacidade.<\/p>\n<h2>Interpreta\u00e7\u00e3o e Defini\u00e7\u00f5es<\/h2>\n<h3>Interpreta\u00e7\u00e3o<\/h3>\n<p>As palavras cuja letra inicial \u00e9 mai\u00fascula t\u00eam significados definidos nas seguintes condi\u00e7\u00f5es. As defini\u00e7\u00f5es a seguir ter\u00e3o o mesmo significado, independentemente de aparecerem no singular ou no plural.<\/p>\n<h3>Defini\u00e7\u00f5es<\/h3>\n<p>Para os fins desta Pol\u00edtica de Privacidade:<\/p>\n<ul>\n<li><strong>Conta<\/strong> Significa uma conta exclusiva criada para voc\u00ea acessar nosso Servi\u00e7o ou partes dele.<\/li>\n<li><strong>Afiliado<\/strong> Significa uma entidade que controla, \u00e9 controlada por ou est\u00e1 sob controle comum com uma das partes, onde \u201ccontrole\u201d significa a propriedade de 50% ou mais das a\u00e7\u00f5es, participa\u00e7\u00e3o societ\u00e1ria ou outros t\u00edtulos com direito a voto para a elei\u00e7\u00e3o de diretores ou outra autoridade administrativa.<\/li>\n<li><strong>Empresa<\/strong> (doravante designada como \u201ca Empresa\u201d, \u201cN\u00f3s\u201d, \u201cNos\u201d ou \u201cNosso\u201d neste Contrato) refere-se \u00e0 Hoodtrends.<\/li>\n<li><strong>Cookies<\/strong> S\u00e3o pequenos arquivos que um site coloca no seu computador, dispositivo m\u00f3vel ou qualquer outro dispositivo, contendo detalhes do seu hist\u00f3rico de navega\u00e7\u00e3o nesse site, entre outras informa\u00e7\u00f5es.<\/li>\n<li><strong>Pa\u00eds<\/strong> Refere-se a: Nig\u00e9ria<\/li>\n<li><strong>Dispositivo<\/strong> Significa qualquer dispositivo que possa acessar o Servi\u00e7o, como um computador, um celular ou um tablet.<\/li>\n<li><strong>Dados pessoais<\/strong> \u00c9 qualquer informa\u00e7\u00e3o relacionada a um indiv\u00edduo identificado ou identific\u00e1vel.<\/li>\n<li><strong>Servi\u00e7o<\/strong> Refere-se ao site.<\/li>\n<li><strong>Prestador de Servi\u00e7os<\/strong> Significa qualquer pessoa f\u00edsica ou jur\u00eddica que processe os dados em nome da Empresa. Refere-se a empresas terceirizadas ou indiv\u00edduos contratados pela Empresa para facilitar o Servi\u00e7o, para fornecer o Servi\u00e7o em nome da Empresa, para executar servi\u00e7os relacionados ao Servi\u00e7o ou para auxiliar a Empresa na an\u00e1lise de como o Servi\u00e7o \u00e9 utilizado.<\/li>\n<li><strong>Dados de utiliza\u00e7\u00e3o<\/strong> Refere-se a dados coletados automaticamente, gerados pelo uso do Servi\u00e7o ou pela pr\u00f3pria infraestrutura do Servi\u00e7o (por exemplo, a dura\u00e7\u00e3o da visita a uma p\u00e1gina).<\/li>\n<li><strong>Site<\/strong> refere-se ao Hoodtrends, acess\u00edvel em <a href=\"https:\/\/hoodtrendspredict.com\/pt\/\" target=\"_blank\" rel=\"external nofollow noopener\">https:\/\/hoodtrendspredict.com<\/a><\/li>\n<li><strong>Voc\u00ea<\/strong> Significa o indiv\u00edduo que acessa ou utiliza o Servi\u00e7o, ou a empresa ou outra entidade legal em nome da qual esse indiv\u00edduo est\u00e1 acessando ou utilizando o Servi\u00e7o, conforme o caso.<\/li>\n<\/ul>\n<h2>Coleta e uso de seus dados pessoais<\/h2>\n<h3>Tipos de dados coletados<\/h3>\n<h4>Dados pessoais<\/h4>\n<p>Ao utilizar o nosso Servi\u00e7o, poderemos solicitar que nos forne\u00e7a determinadas informa\u00e7\u00f5es de identifica\u00e7\u00e3o pessoal que podem ser utilizadas para o contactar ou identificar. As informa\u00e7\u00f5es de identifica\u00e7\u00e3o pessoal podem incluir, entre outras:<\/p>\n<ul>\n<li>Endere\u00e7o de email<\/li>\n<li>Nome e sobrenome<\/li>\n<li>Dados de utiliza\u00e7\u00e3o<\/li>\n<\/ul>\n<h4>Dados de utiliza\u00e7\u00e3o<\/h4>\n<p>Os dados de utiliza\u00e7\u00e3o s\u00e3o coletados automaticamente ao usar o Servi\u00e7o.<\/p>\n<p>Os Dados de Utiliza\u00e7\u00e3o podem incluir informa\u00e7\u00f5es como o endere\u00e7o de Protocolo de Internet (IP) do seu dispositivo, tipo de navegador, vers\u00e3o do navegador, as p\u00e1ginas do nosso Servi\u00e7o que voc\u00ea visita, a data e hora da sua visita, o tempo gasto nessas p\u00e1ginas, identificadores exclusivos do dispositivo e outros dados de diagn\u00f3stico.<\/p>\n<p>Ao acessar o Servi\u00e7o por meio de um dispositivo m\u00f3vel, podemos coletar automaticamente certas informa\u00e7\u00f5es, incluindo, entre outras, o tipo de dispositivo m\u00f3vel que voc\u00ea usa, o ID exclusivo do seu dispositivo m\u00f3vel, o endere\u00e7o IP do seu dispositivo m\u00f3vel, seu sistema operacional m\u00f3vel, o tipo de navegador de internet m\u00f3vel que voc\u00ea usa, identificadores exclusivos de dispositivo e outros dados de diagn\u00f3stico.<\/p>\n<p>Tamb\u00e9m podemos coletar informa\u00e7\u00f5es que seu navegador envia sempre que voc\u00ea visita nosso Servi\u00e7o ou quando voc\u00ea acessa o Servi\u00e7o por meio de um dispositivo m\u00f3vel.<\/p>\n<h4>Tecnologias de rastreamento e cookies<\/h4>\n<p>Utilizamos cookies e tecnologias de rastreamento semelhantes para monitorar a atividade em nosso Servi\u00e7o e armazenar determinadas informa\u00e7\u00f5es. As tecnologias de rastreamento utilizadas incluem beacons, tags e scripts para coletar e rastrear informa\u00e7\u00f5es, bem como para aprimorar e analisar nosso Servi\u00e7o. As tecnologias que utilizamos podem incluir:<\/p>\n<ul>\n<li><strong>Cookies ou Cookies do Navegador.<\/strong> Um cookie \u00e9 um pequeno arquivo colocado no seu dispositivo. Voc\u00ea pode configurar seu navegador para recusar todos os cookies ou para indicar quando um cookie est\u00e1 sendo enviado. No entanto, se voc\u00ea n\u00e3o aceitar cookies, poder\u00e1 n\u00e3o conseguir usar algumas partes do nosso servi\u00e7o. A menos que voc\u00ea tenha ajustado as configura\u00e7\u00f5es do seu navegador para recusar cookies, nosso servi\u00e7o poder\u00e1 usar cookies.<\/li>\n<li><strong>Web Beacons.<\/strong> Determinadas se\u00e7\u00f5es do nosso Servi\u00e7o e dos nossos e-mails podem conter pequenos arquivos eletr\u00f4nicos conhecidos como web beacons (tamb\u00e9m chamados de gifs transparentes, pixel tags e gifs de pixel \u00fanico) que permitem \u00e0 Empresa, por exemplo, contar os usu\u00e1rios que visitaram essas p\u00e1ginas ou abriram um e-mail e para outras estat\u00edsticas relacionadas ao site (por exemplo, registrar a popularidade de uma determinada se\u00e7\u00e3o e verificar a integridade do sistema e do servidor).<\/li>\n<\/ul>\n<p>Os cookies podem ser \u201cpersistentes\u201d ou \u201cde sess\u00e3o\u201d. Os cookies persistentes permanecem no seu computador ou dispositivo m\u00f3vel mesmo quando voc\u00ea fica offline, enquanto os cookies de sess\u00e3o s\u00e3o exclu\u00eddos assim que voc\u00ea fecha o navegador. Saiba mais sobre cookies em [link para a pol\u00edtica de cookies]. <a href=\"https:\/\/www.freeprivacypolicy.com\/blog\/sample-privacy-policy-template\/#Use_Of_Cookies_And_Tracking\" target=\"_blank\" rel=\"noopener nofollow\">Pol\u00edtica de Privacidade gratuita<\/a> artigo.<\/p>\n<p>Utilizamos cookies de sess\u00e3o e cookies persistentes para os fins descritos abaixo:<\/p>\n<ul>\n<li><strong>Cookies necess\u00e1rios\/essenciais<\/strong>\n<p>Tipo: Cookies de sess\u00e3o<\/p>\n<p>Administrado por: N\u00f3s<\/p>\n<p>Finalidade: Esses cookies s\u00e3o essenciais para fornecer os servi\u00e7os dispon\u00edveis por meio do site e permitir que voc\u00ea use alguns de seus recursos. Eles ajudam a autenticar usu\u00e1rios e a prevenir o uso fraudulento de contas de usu\u00e1rio. Sem esses cookies, os servi\u00e7os que voc\u00ea solicitou n\u00e3o podem ser fornecidos, e n\u00f3s os utilizamos exclusivamente para fornecer esses servi\u00e7os.<\/li>\n<li><strong>Pol\u00edtica de Cookies \/ Aviso de Aceita\u00e7\u00e3o de Cookies<\/strong>\n<p>Tipo: Cookies persistentes<\/p>\n<p>Administrado por: N\u00f3s<\/p>\n<p>Finalidade: Esses cookies identificam se os usu\u00e1rios aceitaram o uso de cookies no site.<\/li>\n<li><strong>Cookies de funcionalidade<\/strong>\n<p>Tipo: Cookies persistentes<\/p>\n<p>Administrado por: N\u00f3s<\/p>\n<p>Finalidade: Esses cookies nos permitem lembrar as escolhas que voc\u00ea faz ao usar o site, como lembrar seus dados de login ou sua prefer\u00eancia de idioma. O objetivo desses cookies \u00e9 proporcionar uma experi\u00eancia mais personalizada e evitar que voc\u00ea precise inserir suas prefer\u00eancias novamente sempre que usar o site.<\/li>\n<\/ul>\n<p>Para obter mais informa\u00e7\u00f5es sobre os cookies que utilizamos e sobre as suas op\u00e7\u00f5es relativamente aos cookies, consulte a nossa Pol\u00edtica de Cookies ou a sec\u00e7\u00e3o de Cookies da nossa Pol\u00edtica de Privacidade.<\/p>\n<h3>Utiliza\u00e7\u00e3o dos seus dados pessoais<\/h3>\n<p>A Empresa poder\u00e1 utilizar os Dados Pessoais para os seguintes fins:<\/p>\n<ul>\n<li><strong>Para fornecer e manter nosso servi\u00e7o.<\/strong>, incluindo para monitorar o uso do nosso Servi\u00e7o.<\/li>\n<li><strong>Para gerenciar sua conta:<\/strong> Para gerenciar seu cadastro como usu\u00e1rio do Servi\u00e7o. Os Dados Pessoais que voc\u00ea fornece podem lhe dar acesso a diferentes funcionalidades do Servi\u00e7o que est\u00e3o dispon\u00edveis para voc\u00ea como usu\u00e1rio cadastrado.<\/li>\n<li><strong>Para a execu\u00e7\u00e3o de um contrato:<\/strong> o desenvolvimento, cumprimento e execu\u00e7\u00e3o do contrato de compra dos produtos, itens ou servi\u00e7os que voc\u00ea adquiriu ou de qualquer outro contrato conosco por meio do Servi\u00e7o.<\/li>\n<li><strong>Para entrar em contato com voc\u00ea:<\/strong> Para entrar em contato com voc\u00ea por e-mail, telefone, SMS ou outras formas equivalentes de comunica\u00e7\u00e3o eletr\u00f4nica, como notifica\u00e7\u00f5es push de aplicativos m\u00f3veis, referentes a atualiza\u00e7\u00f5es ou comunica\u00e7\u00f5es informativas relacionadas \u00e0s funcionalidades, produtos ou servi\u00e7os contratados, incluindo atualiza\u00e7\u00f5es de seguran\u00e7a, quando necess\u00e1rio ou razo\u00e1vel para sua implementa\u00e7\u00e3o.<\/li>\n<li><strong>Para lhe proporcionar<\/strong> Com not\u00edcias, ofertas especiais e informa\u00e7\u00f5es gerais sobre outros produtos, servi\u00e7os e eventos que oferecemos, semelhantes aos que voc\u00ea j\u00e1 adquiriu ou sobre os quais j\u00e1 demonstrou interesse, a menos que voc\u00ea tenha optado por n\u00e3o receber tais informa\u00e7\u00f5es.<\/li>\n<li><strong>Para gerenciar suas solicita\u00e7\u00f5es:<\/strong> Para atender e gerenciar suas solicita\u00e7\u00f5es.<\/li>\n<li><strong>Para transfer\u00eancias comerciais:<\/strong> Podemos usar suas informa\u00e7\u00f5es para avaliar ou realizar uma fus\u00e3o, aliena\u00e7\u00e3o, reestrutura\u00e7\u00e3o, reorganiza\u00e7\u00e3o, dissolu\u00e7\u00e3o ou outra venda ou transfer\u00eancia de alguns ou todos os nossos ativos, seja como uma empresa em funcionamento ou como parte de um processo de fal\u00eancia, liquida\u00e7\u00e3o ou similar, no qual os Dados Pessoais que mantemos sobre os usu\u00e1rios de nossos Servi\u00e7os estejam entre os ativos transferidos.<\/li>\n<li><strong>Para outros fins<\/strong>Podemos usar suas informa\u00e7\u00f5es para outros fins, como an\u00e1lise de dados, identifica\u00e7\u00e3o de tend\u00eancias de uso, determina\u00e7\u00e3o da efic\u00e1cia de nossas campanhas promocionais e para avaliar e aprimorar nosso Servi\u00e7o, produtos, servi\u00e7os, marketing e sua experi\u00eancia.<\/li>\n<\/ul>\n<p>Podemos compartilhar suas informa\u00e7\u00f5es pessoais nas seguintes situa\u00e7\u00f5es:<\/p>\n<ul>\n<li><strong>Com os prestadores de servi\u00e7os:<\/strong> Podemos compartilhar suas informa\u00e7\u00f5es pessoais com provedores de servi\u00e7os para monitorar e analisar o uso de nosso servi\u00e7o e para entrar em contato com voc\u00ea.<\/li>\n<li><strong>Para transfer\u00eancias comerciais:<\/strong> Podemos compartilhar ou transferir suas informa\u00e7\u00f5es pessoais em conex\u00e3o com, ou durante negocia\u00e7\u00f5es de, qualquer fus\u00e3o, venda de ativos da Empresa, financiamento ou aquisi\u00e7\u00e3o de toda ou parte de nossa empresa por outra empresa.<\/li>\n<li><strong>Com afiliados:<\/strong> Podemos compartilhar suas informa\u00e7\u00f5es com nossas afiliadas, caso em que exigiremos que essas afiliadas respeitem esta Pol\u00edtica de Privacidade. As afiliadas incluem nossa empresa controladora e quaisquer outras subsidi\u00e1rias, parceiros de joint venture ou outras empresas que controlamos ou que est\u00e3o sob controle comum conosco.<\/li>\n<li><strong>Com parceiros comerciais:<\/strong> Podemos compartilhar suas informa\u00e7\u00f5es com nossos parceiros comerciais para oferecer a voc\u00ea determinados produtos, servi\u00e7os ou promo\u00e7\u00f5es.<\/li>\n<li><strong>Com outros usu\u00e1rios:<\/strong> Ao compartilhar informa\u00e7\u00f5es pessoais ou interagir de qualquer outra forma em \u00e1reas p\u00fablicas com outros usu\u00e1rios, essas informa\u00e7\u00f5es podem ser visualizadas por todos os usu\u00e1rios e podem ser distribu\u00eddas publicamente fora da plataforma.<\/li>\n<li><strong>Com o seu consentimento.<\/strong>Podemos divulgar suas informa\u00e7\u00f5es pessoais para qualquer outra finalidade com o seu consentimento.<\/li>\n<\/ul>\n<h3>Reten\u00e7\u00e3o dos seus dados pessoais<\/h3>\n<p>A Empresa reter\u00e1 os seus Dados Pessoais apenas pelo tempo necess\u00e1rio para os fins descritos nesta Pol\u00edtica de Privacidade. Reteremos e utilizaremos os seus Dados Pessoais na medida necess\u00e1ria para cumprir as nossas obriga\u00e7\u00f5es legais (por exemplo, se formos obrigados a reter os seus dados para cumprir as leis aplic\u00e1veis), resolver lit\u00edgios e fazer cumprir os nossos contratos e pol\u00edticas.<\/p>\n<p>A Empresa tamb\u00e9m reter\u00e1 os Dados de Utiliza\u00e7\u00e3o para fins de an\u00e1lise interna. Os Dados de Utiliza\u00e7\u00e3o s\u00e3o geralmente retidos por um per\u00edodo mais curto, exceto quando esses dados s\u00e3o usados para refor\u00e7ar a seguran\u00e7a ou melhorar a funcionalidade do nosso Servi\u00e7o, ou quando somos legalmente obrigados a reter esses dados por per\u00edodos mais longos.<\/p>\n<h3>Transfer\u00eancia dos seus dados pessoais<\/h3>\n<p>Suas informa\u00e7\u00f5es, incluindo Dados Pessoais, s\u00e3o processadas nos escrit\u00f3rios operacionais da Empresa e em quaisquer outros locais onde as partes envolvidas no processamento estejam localizadas. Isso significa que essas informa\u00e7\u00f5es podem ser transferidas para \u2014 e mantidas em \u2014 computadores localizados fora do seu estado, prov\u00edncia, pa\u00eds ou outra jurisdi\u00e7\u00e3o governamental, onde as leis de prote\u00e7\u00e3o de dados podem ser diferentes das da sua jurisdi\u00e7\u00e3o.<\/p>\n<p>Ao aceitar esta Pol\u00edtica de Privacidade e enviar essas informa\u00e7\u00f5es, voc\u00ea concorda com a transfer\u00eancia delas.<\/p>\n<p>A Empresa tomar\u00e1 todas as medidas razoavelmente necess\u00e1rias para garantir que os seus dados sejam tratados de forma segura e em conformidade com esta Pol\u00edtica de Privacidade, e nenhuma transfer\u00eancia dos seus Dados Pessoais ocorrer\u00e1 para uma organiza\u00e7\u00e3o ou pa\u00eds, a menos que existam controles adequados, incluindo a seguran\u00e7a dos seus dados e outras informa\u00e7\u00f5es pessoais.<\/p>\n<h3>Excluir seus dados pessoais<\/h3>\n<p>Voc\u00ea tem o direito de excluir ou solicitar que o ajudemos a excluir os Dados Pessoais que coletamos sobre voc\u00ea.<\/p>\n<p>Nosso Servi\u00e7o pode lhe dar a possibilidade de excluir determinadas informa\u00e7\u00f5es sobre voc\u00ea diretamente do Servi\u00e7o.<\/p>\n<p>Voc\u00ea pode atualizar, alterar ou excluir suas informa\u00e7\u00f5es a qualquer momento acessando sua conta, caso possua uma, e visitando a se\u00e7\u00e3o de configura\u00e7\u00f5es da conta, que permite gerenciar suas informa\u00e7\u00f5es pessoais. Voc\u00ea tamb\u00e9m pode entrar em contato conosco para solicitar acesso, corre\u00e7\u00e3o ou exclus\u00e3o de quaisquer informa\u00e7\u00f5es pessoais que nos tenha fornecido.<\/p>\n<p>Observe, no entanto, que podemos precisar reter certas informa\u00e7\u00f5es quando tivermos uma obriga\u00e7\u00e3o legal ou uma base legal para faz\u00ea-lo.<\/p>\n<h3>Divulga\u00e7\u00e3o dos seus dados pessoais<\/h3>\n<h4>Transa\u00e7\u00f5es comerciais<\/h4>\n<p>Caso a Empresa esteja envolvida em uma fus\u00e3o, aquisi\u00e7\u00e3o ou venda de ativos, seus Dados Pessoais poder\u00e3o ser transferidos. Notificaremos voc\u00ea antes que seus Dados Pessoais sejam transferidos e passem a estar sujeitos a uma Pol\u00edtica de Privacidade diferente.<\/p>\n<h4>aplica\u00e7\u00e3o da lei<\/h4>\n<p>Em determinadas circunst\u00e2ncias, a Empresa poder\u00e1 ser obrigada a divulgar os seus Dados Pessoais se tal for exigido por lei ou em resposta a pedidos v\u00e1lidos de autoridades p\u00fablicas (por exemplo, um tribunal ou uma ag\u00eancia governamental).<\/p>\n<h4>Outros requisitos legais<\/h4>\n<p>A Empresa poder\u00e1 divulgar seus Dados Pessoais de boa-f\u00e9, acreditando que tal a\u00e7\u00e3o seja necess\u00e1ria para:<\/p>\n<ul>\n<li>Cumprir uma obriga\u00e7\u00e3o legal<\/li>\n<li>Proteger e defender os direitos ou a propriedade da empresa.<\/li>\n<li>Prevenir ou investigar poss\u00edveis irregularidades relacionadas ao Servi\u00e7o.<\/li>\n<li>Proteger a seguran\u00e7a pessoal dos Usu\u00e1rios do Servi\u00e7o ou do p\u00fablico.<\/li>\n<li>Prote\u00e7\u00e3o contra responsabilidade legal<\/li>\n<\/ul>\n<h3>Seguran\u00e7a dos seus dados pessoais<\/h3>\n<p>A seguran\u00e7a dos seus dados pessoais \u00e9 importante para n\u00f3s, mas lembre-se de que nenhum m\u00e9todo de transmiss\u00e3o pela Internet ou m\u00e9todo de armazenamento eletr\u00f4nico \u00e9 100% seguro. Embora nos esforcemos para usar meios comercialmente aceit\u00e1veis para proteger seus dados pessoais, n\u00e3o podemos garantir sua seguran\u00e7a absoluta.<\/p>\n<h2>Privacidade das crian\u00e7as<\/h2>\n<p>Nosso servi\u00e7o n\u00e3o se destina a menores de 13 anos. N\u00e3o coletamos intencionalmente informa\u00e7\u00f5es de identifica\u00e7\u00e3o pessoal de menores de 13 anos. Se voc\u00ea for pai\/m\u00e3e ou respons\u00e1vel legal e souber que seu filho(a) nos forneceu dados pessoais, entre em contato conosco. Caso tomemos conhecimento de que coletamos dados pessoais de menores de 13 anos sem a verifica\u00e7\u00e3o do consentimento dos pais, tomaremos as medidas necess\u00e1rias para remover essas informa\u00e7\u00f5es de nossos servidores.<\/p>\n<p>Se precisarmos nos basear no consentimento como fundamento jur\u00eddico para o processamento das suas informa\u00e7\u00f5es e o seu pa\u00eds exigir o consentimento dos pais, poderemos solicitar o consentimento dos seus pais antes de coletarmos e utilizarmos essas informa\u00e7\u00f5es.<\/p>\n<h2>Links para outros sites<\/h2>\n<p>Nosso Servi\u00e7o pode conter links para outros sites que n\u00e3o s\u00e3o operados por n\u00f3s. Se voc\u00ea clicar em um link de terceiros, ser\u00e1 direcionado para o site desse terceiro. Recomendamos fortemente que voc\u00ea revise a Pol\u00edtica de Privacidade de todos os sites que visitar.<\/p>\n<p>N\u00e3o temos controle sobre o conte\u00fado, as pol\u00edticas de privacidade ou as pr\u00e1ticas de quaisquer sites ou servi\u00e7os de terceiros e n\u00e3o assumimos qualquer responsabilidade por eles.<\/p>\n<h2>Altera\u00e7\u00f5es a esta Pol\u00edtica de Privacidade<\/h2>\n<p>Podemos atualizar nossa Pol\u00edtica de Privacidade periodicamente. Notificaremos voc\u00ea sobre quaisquer altera\u00e7\u00f5es publicando a nova Pol\u00edtica de Privacidade nesta p\u00e1gina.<\/p>\n<p>Iremos notific\u00e1-lo por e-mail e\/ou por meio de um aviso em destaque em nosso Servi\u00e7o, antes que a altera\u00e7\u00e3o entre em vigor, e atualizaremos a data de &quot;\u00daltima atualiza\u00e7\u00e3o&quot; no in\u00edcio desta Pol\u00edtica de Privacidade.<\/p>\n<p>Recomenda-se que voc\u00ea revise esta Pol\u00edtica de Privacidade periodicamente para verificar quaisquer altera\u00e7\u00f5es. As altera\u00e7\u00f5es a esta Pol\u00edtica de Privacidade entram em vigor quando publicadas nesta p\u00e1gina.<\/p>\n<h2>Contate-nos<\/h2>\n<p>Caso tenha alguma d\u00favida sobre esta Pol\u00edtica de Privacidade, entre em contato conosco:<\/p>\n<ul>\n<li>Por e-mail: hoodtrendspredict@gmail.com<\/li>\n<li>Ao visitar esta p\u00e1gina em nosso site: <a href=\"https:\/\/hoodtrendspredict.com\/pt\/contact-us\/\" target=\"_blank\" rel=\"external nofollow noopener\">https:\/\/hoodtrendspredict.com\/contact-us<\/a><\/li>\n<\/ul>","protected":false},"excerpt":{"rendered":"<p>Privacy Policy Last updated: February 12, 2024 This Privacy Policy describes Our policies and procedures on the collection, use and disclosure of Your information when [&hellip;]<\/p>\n","protected":false},"author":1,"featured_media":0,"parent":0,"menu_order":0,"comment_status":"closed","ping_status":"closed","template":"","meta":{"_monsterinsights_skip_tracking":false,"_monsterinsights_sitenote_active":false,"_monsterinsights_sitenote_note":"","_monsterinsights_sitenote_category":0,"site-sidebar-layout":"default","site-content-layout":"","ast-site-content-layout":"default","site-content-style":"default","site-sidebar-style":"default","ast-global-header-display":"","ast-banner-title-visibility":"","ast-main-header-display":"","ast-hfb-above-header-display":"","ast-hfb-below-header-display":"","ast-hfb-mobile-header-display":"","site-post-title":"","ast-breadcrumbs-content":"","ast-featured-img":"","footer-sml-layout":"","ast-disable-related-posts":"","theme-transparent-header-meta":"","adv-header-id-meta":"","stick-header-meta":"","header-above-stick-meta":"","header-main-stick-meta":"","header-below-stick-meta":"","astra-migrate-meta-layouts":"default","ast-page-background-enabled":"default","ast-page-background-meta":{"desktop":{"background-color":"","background-image":"","background-repeat":"repeat","background-position":"center center","background-size":"auto","background-attachment":"scroll","background-type":"","background-media":"","overlay-type":"","overlay-color":"","overlay-opacity":"","overlay-gradient":""},"tablet":{"background-color":"","background-image":"","background-repeat":"repeat","background-position":"center center","background-size":"auto","background-attachment":"scroll","background-type":"","background-media":"","overlay-type":"","overlay-color":"","overlay-opacity":"","overlay-gradient":""},"mobile":{"background-color":"","background-image":"","background-repeat":"repeat","background-position":"center center","background-size":"auto","background-attachment":"scroll","background-type":"","background-media":"","overlay-type":"","overlay-color":"","overlay-opacity":"","overlay-gradient":""}},"ast-content-background-meta":{"desktop":{"background-color":"var(--ast-global-color-5)","background-image":"","background-repeat":"repeat","background-position":"center center","background-size":"auto","background-attachment":"scroll","background-type":"","background-media":"","overlay-type":"","overlay-color":"","overlay-opacity":"","overlay-gradient":""},"tablet":{"background-color":"var(--ast-global-color-5)","background-image":"","background-repeat":"repeat","background-position":"center center","background-size":"auto","background-attachment":"scroll","background-type":"","background-media":"","overlay-type":"","overlay-color":"","overlay-opacity":"","overlay-gradient":""},"mobile":{"background-color":"var(--ast-global-color-5)","background-image":"","background-repeat":"repeat","background-position":"center center","background-size":"auto","background-attachment":"scroll","background-type":"","background-media":"","overlay-type":"","overlay-color":"","overlay-opacity":"","overlay-gradient":""}},"footnotes":""},"class_list":["post-797","page","type-page","status-publish","hentry"],"jetpack_sharing_enabled":true,"_links":{"self":[{"href":"https:\/\/hoodtrendspredict.com\/pt\/wp-json\/wp\/v2\/pages\/797","targetHints":{"allow":["GET"]}}],"collection":[{"href":"https:\/\/hoodtrendspredict.com\/pt\/wp-json\/wp\/v2\/pages"}],"about":[{"href":"https:\/\/hoodtrendspredict.com\/pt\/wp-json\/wp\/v2\/types\/page"}],"author":[{"embeddable":true,"href":"https:\/\/hoodtrendspredict.com\/pt\/wp-json\/wp\/v2\/users\/1"}],"replies":[{"embeddable":true,"href":"https:\/\/hoodtrendspredict.com\/pt\/wp-json\/wp\/v2\/comments?post=797"}],"version-history":[{"count":0,"href":"https:\/\/hoodtrendspredict.com\/pt\/wp-json\/wp\/v2\/pages\/797\/revisions"}],"wp:attachment":[{"href":"https:\/\/hoodtrendspredict.com\/pt\/wp-json\/wp\/v2\/media?parent=797"}],"curies":[{"name":"wp","href":"https:\/\/api.w.org\/{rel}","templated":true}]}}