{"id":872,"date":"2024-02-12T08:39:23","date_gmt":"2024-02-12T08:39:23","guid":{"rendered":"https:\/\/hoodtrendspredict.com\/?page_id=872"},"modified":"2024-02-12T09:21:19","modified_gmt":"2024-02-12T09:21:19","slug":"terms-and-conditions","status":"publish","type":"page","link":"https:\/\/hoodtrendspredict.com\/pt\/terms-and-conditions\/","title":{"rendered":"Termos e Condi\u00e7\u00f5es"},"content":{"rendered":"<h2><strong>Termos e Condi\u00e7\u00f5es<\/strong><\/h2>\n<p>Bem-vindo ao Hoodtrends Predict!<\/p>\n<p>Estes termos e condi\u00e7\u00f5es descrevem as regras e regulamentos para o uso do site da Hoodtrends Predict, localizado em https:\/\/hoodtrendspredict.com.<\/p>\n<p>Ao acessar este site, presumimos que voc\u00ea aceita estes termos e condi\u00e7\u00f5es. N\u00e3o continue a usar o Hoodtrends Predict se voc\u00ea n\u00e3o concordar com todos os termos e condi\u00e7\u00f5es aqui apresentados.<\/p>\n<p>A seguinte terminologia aplica-se a estes Termos e Condi\u00e7\u00f5es, \u00e0 Declara\u00e7\u00e3o de Privacidade e ao Aviso de Isen\u00e7\u00e3o de Responsabilidade, bem como a todos os Acordos: \u201cCliente\u201d, \u201cVoc\u00ea\u201d e \u201cSeu\/Sua\u201d referem-se a voc\u00ea, a pessoa que acessa este site e concorda com os termos e condi\u00e7\u00f5es da Empresa. \u201cA Empresa\u201d, \u201cN\u00f3s\u201d, \u201cNosso\/Nossa\u201d e \u201cConosco\u201d referem-se \u00e0 nossa Empresa. \u201cParte\u201d, \u201cPartes\u201d ou \u201cN\u00f3s\u201d referem-se tanto ao Cliente quanto a n\u00f3s mesmos. Todos os termos referem-se \u00e0 oferta, aceita\u00e7\u00e3o e contrapresta\u00e7\u00e3o necess\u00e1rias para a presta\u00e7\u00e3o de nossa assist\u00eancia ao Cliente da maneira mais adequada, com o objetivo expresso de atender \u00e0s suas necessidades em rela\u00e7\u00e3o aos servi\u00e7os declarados pela Empresa, de acordo com e sujeito \u00e0 legisla\u00e7\u00e3o vigente. Qualquer uso da terminologia acima ou de outras palavras no singular, plural, com inicial mai\u00fascula e\/ou ele\/ela ou eles\/elas, \u00e9 considerado intercambi\u00e1vel e, portanto, refere-se ao mesmo.<\/p>\n<h3><strong>Cookies<\/strong><\/h3>\n<p>Utilizamos cookies. Ao acessar o Hoodtrends Predict, voc\u00ea concorda com o uso de cookies de acordo com a Pol\u00edtica de Privacidade do Hoodtrends Predict.<\/p>\n<p>A maioria dos sites interativos usa cookies para recuperar os dados do usu\u00e1rio em cada visita. Nosso site utiliza cookies para habilitar a funcionalidade de certas \u00e1reas e facilitar a navega\u00e7\u00e3o dos visitantes. Alguns de nossos parceiros afiliados\/de publicidade tamb\u00e9m podem usar cookies.<\/p>\n<h3><strong>Licen\u00e7a<\/strong><\/h3>\n<p>Salvo indica\u00e7\u00e3o em contr\u00e1rio, a Hoodtrends Predict e\/ou seus licenciadores det\u00eam os direitos de propriedade intelectual de todo o material presente na Hoodtrends Predict. Todos os direitos de propriedade intelectual s\u00e3o reservados. Voc\u00ea pode acessar este conte\u00fado da Hoodtrends Predict para seu uso pessoal, sujeito \u00e0s restri\u00e7\u00f5es estabelecidas nestes termos e condi\u00e7\u00f5es.<\/p>\n<p>Voc\u00ea n\u00e3o deve:<\/p>\n<ul>\n<li>Republicar material de Hoodtrends Predict<\/li>\n<li>Venda, alugue ou sublicencie material da Hoodtrends Predict.<\/li>\n<li>\u00c9 proibido reproduzir, duplicar ou copiar material do Hoodtrends Predict.<\/li>\n<li>Redistribua o conte\u00fado do Hoodtrends Predict.<\/li>\n<\/ul>\n<p>Algumas partes deste site oferecem aos usu\u00e1rios a oportunidade de publicar e trocar opini\u00f5es e informa\u00e7\u00f5es em determinadas \u00e1reas. A Hoodtrends Predict n\u00e3o filtra, edita, publica ou revisa os coment\u00e1rios antes de sua publica\u00e7\u00e3o no site. Os coment\u00e1rios n\u00e3o refletem as opini\u00f5es da Hoodtrends Predict, seus agentes e\/ou afiliados. Os coment\u00e1rios refletem as opini\u00f5es da pessoa que os publica. Na medida permitida pelas leis aplic\u00e1veis, a Hoodtrends Predict n\u00e3o ser\u00e1 responsabilizada pelos coment\u00e1rios ou por quaisquer responsabilidades, danos ou despesas causados e\/ou sofridos como resultado do uso, publica\u00e7\u00e3o e\/ou exibi\u00e7\u00e3o dos coment\u00e1rios neste site.<\/p>\n<p>A Hoodtrends Predict reserva-se o direito de monitorar todos os coment\u00e1rios e remover quaisquer coment\u00e1rios que possam ser considerados inadequados, ofensivos ou que violem estes Termos e Condi\u00e7\u00f5es.<\/p>\n<p>Voc\u00ea garante e declara que:<\/p>\n<ul>\n<li>Voc\u00ea tem o direito de publicar coment\u00e1rios em nosso site e possui todas as licen\u00e7as e autoriza\u00e7\u00f5es necess\u00e1rias para faz\u00ea-lo;<\/li>\n<li>Os coment\u00e1rios n\u00e3o infringem quaisquer direitos de propriedade intelectual, incluindo, sem limita\u00e7\u00e3o, direitos autorais, patentes ou marcas registradas de terceiros;<\/li>\n<li>Os coment\u00e1rios n\u00e3o cont\u00eam nenhum material difamat\u00f3rio, calunioso, ofensivo, indecente ou de qualquer outra forma ilegal que constitua invas\u00e3o de privacidade.<\/li>\n<li>Os coment\u00e1rios n\u00e3o ser\u00e3o usados para solicitar ou promover neg\u00f3cios ou clientes, nem para apresentar atividades comerciais ou ilegais.<\/li>\n<\/ul>\n<p>Por meio deste, voc\u00ea concede \u00e0 Hoodtrends Predict uma licen\u00e7a n\u00e3o exclusiva para usar, reproduzir, editar e autorizar terceiros a usar, reproduzir e editar quaisquer de seus Coment\u00e1rios em qualquer forma, formato ou m\u00eddia.<\/p>\n<h3><strong>Hiperliga\u00e7\u00f5es para o nosso conte\u00fado<\/strong><\/h3>\n<p>As seguintes organiza\u00e7\u00f5es podem criar links para o nosso site sem aprova\u00e7\u00e3o pr\u00e9via por escrito:<\/p>\n<ul>\n<li>Ag\u00eancias governamentais;<\/li>\n<li>Mecanismos de busca;<\/li>\n<li>Organiza\u00e7\u00f5es de not\u00edcias;<\/li>\n<li>Os distribuidores de diret\u00f3rios online podem criar links para o nosso site da mesma forma que criam links para os sites de outras empresas listadas; e<\/li>\n<li>Empresas credenciadas em todo o sistema, exceto organiza\u00e7\u00f5es sem fins lucrativos, shoppings beneficentes e grupos de arrecada\u00e7\u00e3o de fundos para caridade, que n\u00e3o podem criar hiperlinks para nosso site.<\/li>\n<\/ul>\n<p>Essas organiza\u00e7\u00f5es podem criar links para nossa p\u00e1gina inicial, para publica\u00e7\u00f5es ou para outras informa\u00e7\u00f5es do site, desde que o link: (a) n\u00e3o seja de forma alguma enganoso; (b) n\u00e3o implique falsamente patroc\u00ednio, endosso ou aprova\u00e7\u00e3o da parte que cria o link e seus produtos e\/ou servi\u00e7os; e (c) se encaixe no contexto do site da parte que cria o link.<\/p>\n<p>Podemos considerar e aprovar outras solicita\u00e7\u00f5es de links dos seguintes tipos de organiza\u00e7\u00f5es:<\/p>\n<ul>\n<li>Fontes de informa\u00e7\u00e3o de consumo e\/ou empresariais de conhecimento geral;<\/li>\n<li>Sites comunit\u00e1rios .com;<\/li>\n<li>associa\u00e7\u00f5es ou outros grupos que representam institui\u00e7\u00f5es de caridade;<\/li>\n<li>distribuidores de diret\u00f3rios online;<\/li>\n<li>portais da internet;<\/li>\n<li>escrit\u00f3rios de contabilidade, advocacia e consultoria; e<\/li>\n<li>Institui\u00e7\u00f5es educacionais e associa\u00e7\u00f5es comerciais.<\/li>\n<\/ul>\n<p>Aprovaremos solicita\u00e7\u00f5es de links dessas organiza\u00e7\u00f5es se decidirmos que: (a) o link n\u00e3o nos prejudicaria nem prejudicaria nossos neg\u00f3cios credenciados; (b) a organiza\u00e7\u00e3o n\u00e3o possui registros negativos conosco; (c) o benef\u00edcio para n\u00f3s da visibilidade do hiperlink compensa a aus\u00eancia do Hoodtrends Predict; e (d) o link est\u00e1 no contexto de informa\u00e7\u00f5es gerais de recursos.<\/p>\n<p>Essas organiza\u00e7\u00f5es podem criar links para nossa p\u00e1gina inicial, desde que o link: (a) n\u00e3o seja de forma alguma enganoso; (b) n\u00e3o implique falsamente patroc\u00ednio, endosso ou aprova\u00e7\u00e3o da parte que cria o link e seus produtos ou servi\u00e7os; e (c) esteja de acordo com o contexto do site da parte que cria o link.<\/p>\n<p>Se voc\u00ea representa uma das organiza\u00e7\u00f5es listadas no par\u00e1grafo 2 acima e tem interesse em criar um link para o nosso site, entre em contato conosco enviando um e-mail para Hoodtrends Predict. Inclua seu nome, o nome da sua organiza\u00e7\u00e3o, informa\u00e7\u00f5es de contato, o URL do seu site, uma lista de todos os URLs dos quais voc\u00ea pretende criar links para o nosso site e uma lista dos URLs do nosso site para os quais voc\u00ea gostaria de criar links. Aguarde de 2 a 3 semanas para receber uma resposta.<\/p>\n<p>Organiza\u00e7\u00f5es aprovadas podem criar hiperlinks para nosso site da seguinte forma:<\/p>\n<ul>\n<li>Pelo uso do nome da nossa empresa; ou<\/li>\n<li>Por meio do uso do localizador uniforme de recursos (URL) ao qual est\u00e1 sendo vinculado; ou<\/li>\n<li>Ao utilizar qualquer outra descri\u00e7\u00e3o do nosso site que fa\u00e7a sentido dentro do contexto e formato do conte\u00fado do site da parte que est\u00e1 criando o link.<\/li>\n<\/ul>\n<p>N\u00e3o ser\u00e1 permitido o uso do logotipo ou de outras imagens da Hoodtrends Predict para fins de cria\u00e7\u00e3o de links sem um contrato de licen\u00e7a de marca registrada.<\/p>\n<h3><strong>iFrames<\/strong><\/h3>\n<p>Sem aprova\u00e7\u00e3o pr\u00e9via e permiss\u00e3o por escrito, voc\u00ea n\u00e3o pode criar frames em torno de nossas p\u00e1ginas da Web que alterem de alguma forma a apresenta\u00e7\u00e3o visual ou a apar\u00eancia do nosso site.<\/p>\n<h3><strong>Responsabilidade pelo conte\u00fado<\/strong><\/h3>\n<p>N\u00e3o nos responsabilizamos por qualquer conte\u00fado que apare\u00e7a em seu site. Voc\u00ea concorda em nos proteger e defender contra todas as reivindica\u00e7\u00f5es que surgirem em seu site. Nenhum link deve aparecer em qualquer site que possa ser interpretado como difamat\u00f3rio, obsceno ou criminoso, ou que infrinja, viole ou incentive a viola\u00e7\u00e3o de direitos de terceiros.<\/p>\n<h3><strong>Reserva de Direitos<\/strong><\/h3>\n<p>Reservamo-nos o direito de solicitar que voc\u00ea remova todos os links ou qualquer link espec\u00edfico para o nosso site. Voc\u00ea concorda em remover imediatamente todos os links para o nosso site mediante solicita\u00e7\u00e3o. Tamb\u00e9m nos reservamos o direito de alterar estes termos e condi\u00e7\u00f5es e nossa pol\u00edtica de links a qualquer momento. Ao continuar a criar links para o nosso site, voc\u00ea concorda em estar vinculado a estes termos e condi\u00e7\u00f5es de links e em cumpri-los.<\/p>\n<h3><strong>Remo\u00e7\u00e3o de links do nosso site<\/strong><\/h3>\n<p>Se encontrar algum link em nosso site que seja ofensivo por qualquer motivo, sinta-se \u00e0 vontade para entrar em contato e nos informar a qualquer momento. Analisaremos as solicita\u00e7\u00f5es de remo\u00e7\u00e3o de links, mas n\u00e3o somos obrigados a faz\u00ea-lo nem a responder diretamente a voc\u00ea.<\/p>\n<p>N\u00e3o garantimos que as informa\u00e7\u00f5es neste site estejam corretas, n\u00e3o asseguramos sua integridade ou precis\u00e3o; tampouco prometemos garantir que o site permane\u00e7a dispon\u00edvel ou que o material nele contido seja mantido atualizado.<\/p>\n<h3><strong>Isen\u00e7\u00e3o de responsabilidade<\/strong><\/h3>\n<p>Na m\u00e1xima extens\u00e3o permitida pela legisla\u00e7\u00e3o aplic\u00e1vel, exclu\u00edmos todas as declara\u00e7\u00f5es, garantias e condi\u00e7\u00f5es relativas ao nosso website e \u00e0 utiliza\u00e7\u00e3o deste website. Nada nesta declara\u00e7\u00e3o de exonera\u00e7\u00e3o de responsabilidade ir\u00e1:<\/p>\n<ul>\n<li>limitar ou excluir a nossa ou a sua responsabilidade por morte ou les\u00f5es corporais;<\/li>\n<li>limitar ou excluir a nossa ou a sua responsabilidade por fraude ou deturpa\u00e7\u00e3o fraudulenta;<\/li>\n<li>limitar quaisquer das nossas ou das suas responsabilidades de qualquer forma que n\u00e3o seja permitida pela legisla\u00e7\u00e3o aplic\u00e1vel; ou<\/li>\n<li>Excluir quaisquer responsabilidades nossas ou suas que n\u00e3o possam ser exclu\u00eddas pela legisla\u00e7\u00e3o aplic\u00e1vel.<\/li>\n<\/ul>\n<p>As limita\u00e7\u00f5es e proibi\u00e7\u00f5es de responsabilidade estabelecidas nesta Se\u00e7\u00e3o e em outras partes desta isen\u00e7\u00e3o de responsabilidade: (a) est\u00e3o sujeitas ao par\u00e1grafo anterior; e (b) regem todas as responsabilidades decorrentes da isen\u00e7\u00e3o de responsabilidade, incluindo responsabilidades decorrentes de contrato, ato il\u00edcito e viola\u00e7\u00e3o de dever legal.<\/p>\n<p>Enquanto o site e as informa\u00e7\u00f5es e servi\u00e7os nele contidos forem fornecidos gratuitamente, n\u00e3o seremos respons\u00e1veis por quaisquer perdas ou danos de qualquer natureza.<\/p>","protected":false},"excerpt":{"rendered":"<p>Terms and Conditions Welcome to Hoodtrends Predict! These terms and conditions outline the rules and regulations for the use of Hoodtrends Predict&#8217;s Website, located at [&hellip;]<\/p>\n","protected":false},"author":1,"featured_media":0,"parent":0,"menu_order":0,"comment_status":"closed","ping_status":"closed","template":"","meta":{"_monsterinsights_skip_tracking":false,"_monsterinsights_sitenote_active":false,"_monsterinsights_sitenote_note":"","_monsterinsights_sitenote_category":0,"site-sidebar-layout":"default","site-content-layout":"","ast-site-content-layout":"default","site-content-style":"default","site-sidebar-style":"default","ast-global-header-display":"","ast-banner-title-visibility":"","ast-main-header-display":"","ast-hfb-above-header-display":"","ast-hfb-below-header-display":"","ast-hfb-mobile-header-display":"","site-post-title":"","ast-breadcrumbs-content":"","ast-featured-img":"","footer-sml-layout":"","ast-disable-related-posts":"","theme-transparent-header-meta":"","adv-header-id-meta":"","stick-header-meta":"","header-above-stick-meta":"","header-main-stick-meta":"","header-below-stick-meta":"","astra-migrate-meta-layouts":"default","ast-page-background-enabled":"default","ast-page-background-meta":{"desktop":{"background-color":"","background-image":"","background-repeat":"repeat","background-position":"center center","background-size":"auto","background-attachment":"scroll","background-type":"","background-media":"","overlay-type":"","overlay-color":"","overlay-opacity":"","overlay-gradient":""},"tablet":{"background-color":"","background-image":"","background-repeat":"repeat","background-position":"center center","background-size":"auto","background-attachment":"scroll","background-type":"","background-media":"","overlay-type":"","overlay-color":"","overlay-opacity":"","overlay-gradient":""},"mobile":{"background-color":"","background-image":"","background-repeat":"repeat","background-position":"center center","background-size":"auto","background-attachment":"scroll","background-type":"","background-media":"","overlay-type":"","overlay-color":"","overlay-opacity":"","overlay-gradient":""}},"ast-content-background-meta":{"desktop":{"background-color":"var(--ast-global-color-5)","background-image":"","background-repeat":"repeat","background-position":"center center","background-size":"auto","background-attachment":"scroll","background-type":"","background-media":"","overlay-type":"","overlay-color":"","overlay-opacity":"","overlay-gradient":""},"tablet":{"background-color":"var(--ast-global-color-5)","background-image":"","background-repeat":"repeat","background-position":"center center","background-size":"auto","background-attachment":"scroll","background-type":"","background-media":"","overlay-type":"","overlay-color":"","overlay-opacity":"","overlay-gradient":""},"mobile":{"background-color":"var(--ast-global-color-5)","background-image":"","background-repeat":"repeat","background-position":"center center","background-size":"auto","background-attachment":"scroll","background-type":"","background-media":"","overlay-type":"","overlay-color":"","overlay-opacity":"","overlay-gradient":""}},"footnotes":""},"class_list":["post-872","page","type-page","status-publish","hentry"],"jetpack_sharing_enabled":true,"_links":{"self":[{"href":"https:\/\/hoodtrendspredict.com\/pt\/wp-json\/wp\/v2\/pages\/872","targetHints":{"allow":["GET"]}}],"collection":[{"href":"https:\/\/hoodtrendspredict.com\/pt\/wp-json\/wp\/v2\/pages"}],"about":[{"href":"https:\/\/hoodtrendspredict.com\/pt\/wp-json\/wp\/v2\/types\/page"}],"author":[{"embeddable":true,"href":"https:\/\/hoodtrendspredict.com\/pt\/wp-json\/wp\/v2\/users\/1"}],"replies":[{"embeddable":true,"href":"https:\/\/hoodtrendspredict.com\/pt\/wp-json\/wp\/v2\/comments?post=872"}],"version-history":[{"count":0,"href":"https:\/\/hoodtrendspredict.com\/pt\/wp-json\/wp\/v2\/pages\/872\/revisions"}],"wp:attachment":[{"href":"https:\/\/hoodtrendspredict.com\/pt\/wp-json\/wp\/v2\/media?parent=872"}],"curies":[{"name":"wp","href":"https:\/\/api.w.org\/{rel}","templated":true}]}}